{"id":27,"date":"2023-11-22T08:00:10","date_gmt":"2023-11-22T08:00:10","guid":{"rendered":"http:\/\/www.palletcontroltower.eu\/?page_id=27"},"modified":"2026-02-12T12:55:03","modified_gmt":"2026-02-12T12:55:03","slug":"zwieksza-wydajnosc","status":"publish","type":"page","link":"https:\/\/www.palletcontroltower.eu\/pl\/mijn-voordeel\/vergroot-de-efficientie\/","title":{"rendered":"Unikanie napr\u0119\u017ce\u0144 na paletach"},"content":{"rendered":"<div class=\"wp-block-columns is-layout-flex wp-container-core-columns-is-layout-28f84493 wp-block-columns-is-layout-flex\">\n<div class=\"wp-block-column is-layout-flow wp-block-column-is-layout-flow\">\n<h2 class=\"wp-block-heading\">Online, identyfikowalne, op\u0142acalne<\/h2>\n\n\n\n<p>PCT Online - europejski standard i platforma w poolingu otwartym. Odbi\u00f3r, dostawa i dopasowanie europalet (UIC\/EUR - EPAL) i innych no\u015bnik\u00f3w RTI zapobiega stresowi paletowemu. Zautomatyzowana platforma 24\/7 do kupna, sprzeda\u017cy i wirtualnej wymiany, po\u0142\u0105czona z EUWID, kt\u00f3ra zapewnia uczciw\u0105 materializacj\u0119 przep\u0142yw\u00f3w palet mi\u0119dzy nabywcami i dostawcami. System \u2018chmury\u2019, oparty na kontach firmowych, jest otwarty dla wszystkich zaanga\u017cowanych stron logistycznych i \u0142atwo dost\u0119pny. Mo\u017cna go po\u0142\u0105czy\u0107 z najpopularniejszymi systemami ERP, VMS i WMS. Zam\u00f3wienia na nowe lub u\u017cywane palety s\u0105 sk\u0142adane w kilku magazynach palet lub u preferowanych dostawc\u00f3w. Wystarczy wybra\u0107 najbardziej ekonomiczne lub zr\u00f3wnowa\u017cone rozwi\u0105zanie. Rozliczenie za po\u015brednictwem e-Credit bez VAT; nasza jednostka rozliczeniowa dla Europy i \u015bwiata. Prosty spos\u00f3b na efektywne zarz\u0105dzanie paletami.<\/p>\n\n\n\n<p>System zosta\u0142 zatwierdzony przez wszystkie g\u0142\u00f3wne europejskie stowarzyszenia bran\u017cowe i wi\u0119kszo\u015b\u0107 europejskich magazyn\u00f3w palet jest do niego pod\u0142\u0105czona. Coraz wi\u0119cej podmiot\u00f3w z Azji, USA i Kanady r\u00f3wnie\u017c do\u0142\u0105cza do systemu. <\/p>\n\n\n\n<div class=\"wp-block-buttons is-layout-flex wp-block-buttons-is-layout-flex\">\n<div class=\"wp-block-button\"><a class=\"wp-block-button__link has-white-color has-green-background-color has-text-color has-background has-link-color wp-element-button\" href=\"https:\/\/portal.pct-online.eu\/register\" target=\"_blank\" rel=\"noreferrer noopener\">Aktywacja konta<\/a><\/div>\n<\/div>\n<\/div>\n<\/div>\n\n\n\n<div class=\"wp-block-columns are-vertically-aligned-top is-layout-flex wp-container-core-columns-is-layout-28f84493 wp-block-columns-is-layout-flex\">\n<div class=\"wp-block-column is-vertically-aligned-top is-layout-flow wp-block-column-is-layout-flow\">\n<blockquote class=\"wp-block-quote is-layout-flow wp-block-quote-is-layout-flow\">\n<h2 class=\"wp-block-heading\">Co zapewnia? <\/h2>\n\n\n\n<ul class=\"wp-block-list\">\n<li>W\u0142a\u015bciwa paleta we w\u0142a\u015bciwym miejscu<\/li>\n\n\n\n<li>Redukcja b\u0142\u0119d\u00f3w i konflikt\u00f3w&nbsp;<\/li>\n\n\n\n<li>Wzrost czasu i jako\u015bci&nbsp;<\/li>\n\n\n\n<li>Optymalna cena - poda\u017c i popyt&nbsp;<\/li>\n\n\n\n<li>Lepsza mar\u017ca u\u017cytkownika palet&nbsp;<\/li>\n\n\n\n<li>Zr\u00f3wnowa\u017cony\/odpowiedzialny za \u015brodowisko<\/li>\n\n\n\n<li>Zoptymalizowany logistyczny \u0142a\u0144cuch paletowy<\/li>\n<\/ul>\n<\/blockquote>\n<\/div>\n\n\n\n<div class=\"wp-block-column is-vertically-aligned-top is-layout-flow wp-block-column-is-layout-flow\">\n<h2 class=\"wp-block-heading\">7 filar\u00f3w PCT Online<\/h2>\n\n\n\n<ul class=\"wp-block-list\">\n<li>Kupuj, sprzedawaj, wymieniaj wirtualnie jednym klikni\u0119ciem<\/li>\n\n\n\n<li>Jasne umowy rejestrowane dzi\u0119ki \"logowaniu<\/li>\n\n\n\n<li>Link EUWID gwarantuje warto\u015b\u0107 godziw\u0105<\/li>\n\n\n\n<li>Od jednokierunkowego do wielokierunkowego &gt; 100% okr\u0105g\u0142y<\/li>\n\n\n\n<li>Koniec z czasem oczekiwania dla kierowc\u00f3w<\/li>\n\n\n\n<li>Jedna jednostka rozliczeniowa dla wszystkich stron <\/li>\n\n\n\n<li>Kompatybilno\u015b\u0107 ze wszystkimi popularnymi systemami<\/li>\n<\/ul>\n<\/div>\n<\/div>\n\n\n\n<hr class=\"wp-block-separator has-alpha-channel-opacity\"\/>\n\n\n\n<blockquote class=\"wp-block-quote is-layout-flow wp-block-quote-is-layout-flow\">\n<p class=\"has-text-align-center\">Zapobiegaj napr\u0119\u017ceniom palet! Pallet Control Tower to europejski standard i platforma do odbioru i dostawy przez dopasowanie dla europalet i innych ZAT. U\u0142atwiamy otwarty pooling od A do Z. I sprawiamy, \u017ce logistyka palet zn\u00f3w jest \u0142atwa w zarz\u0105dzaniu. &nbsp;<\/p>\n<\/blockquote>\n\n\n\n<hr class=\"wp-block-separator has-alpha-channel-opacity\"\/>\n\n\n\n<figure class=\"wp-block-image size-full is-style-default\"><img fetchpriority=\"high\" decoding=\"async\" width=\"1600\" height=\"1066\" src=\"http:\/\/www.palletcontroltower.eu\/wp-content\/uploads\/2023\/11\/palletcontroltower-2.jpg\" alt=\"\" class=\"wp-image-207\" style=\"aspect-ratio:16\/9;object-fit:cover\" srcset=\"https:\/\/www.palletcontroltower.eu\/wp-content\/uploads\/2023\/11\/palletcontroltower-2.jpg 1600w, https:\/\/www.palletcontroltower.eu\/wp-content\/uploads\/2023\/11\/palletcontroltower-2-300x200.jpg 300w, https:\/\/www.palletcontroltower.eu\/wp-content\/uploads\/2023\/11\/palletcontroltower-2-1024x682.jpg 1024w, https:\/\/www.palletcontroltower.eu\/wp-content\/uploads\/2023\/11\/palletcontroltower-2-768x512.jpg 768w, https:\/\/www.palletcontroltower.eu\/wp-content\/uploads\/2023\/11\/palletcontroltower-2-1536x1023.jpg 1536w\" sizes=\"(max-width: 1600px) 100vw, 1600px\" \/><\/figure>\n\n\n\n<hr class=\"wp-block-separator has-alpha-channel-opacity\"\/>\n\n\n\n<div class=\"wp-block-columns is-layout-flex wp-container-core-columns-is-layout-28f84493 wp-block-columns-is-layout-flex\"><\/div>","protected":false},"excerpt":{"rendered":"<p>Online, traceerbaar, kosteneffectief PCT Online &#8211; de Europese standaard &amp; platform in open pooling. Collection, Delivery &amp; Matching voor Europallets (UIC\/EUR &#8211; EPAL) europallets en andere RTI-dragers voorkomt palletstress. Een geautomatiseerd 24\/7 platform voor koop, verkoop en virtueel ruilen, gekoppeld aan de EUWID, dat zorgt voor een eerlijke materialisatie van palletstromen tussen afnemers en leveranciers. [&hellip;]<\/p>\n","protected":false},"author":1,"featured_media":0,"parent":25,"menu_order":1,"comment_status":"closed","ping_status":"closed","template":"","meta":{"footnotes":""},"class_list":["post-27","page","type-page","status-publish","hentry"],"yoast_head":"<!-- This site is optimized with the Yoast SEO plugin v27.3 - https:\/\/yoast.com\/product\/yoast-seo-wordpress\/ -->\n<title>Voorkom palletstress - Pallet Control Tower<\/title>\n<meta name=\"description\" content=\"Met PCT Online voorkomt u palletstress. Met het geautomatiseerd proces van Collection, Delivery &amp; Matching van pallets, bent u in control\" \/>\n<meta name=\"robots\" content=\"index, follow, max-snippet:-1, max-image-preview:large, max-video-preview:-1\" \/>\n<link rel=\"canonical\" href=\"https:\/\/www.palletcontroltower.eu\/pl\/moja-przewaga\/zwieksza-wydajnosc\/\" \/>\n<meta property=\"og:locale\" content=\"pl_PL\" \/>\n<meta property=\"og:type\" content=\"article\" \/>\n<meta property=\"og:title\" content=\"Voorkom palletstress - Pallet Control Tower\" \/>\n<meta property=\"og:description\" content=\"Met PCT Online voorkomt u palletstress. Met het geautomatiseerd proces van Collection, Delivery &amp; Matching van pallets, bent u in control\" \/>\n<meta property=\"og:url\" content=\"https:\/\/www.palletcontroltower.eu\/pl\/moja-przewaga\/zwieksza-wydajnosc\/\" \/>\n<meta property=\"og:site_name\" content=\"Pallet Control Tower\" \/>\n<meta property=\"article:modified_time\" content=\"2026-02-12T12:55:03+00:00\" \/>\n<meta property=\"og:image\" content=\"https:\/\/www.palletcontroltower.eu\/wp-content\/uploads\/2023\/11\/palletcontroltower-2.jpg\" \/>\n\t<meta property=\"og:image:width\" content=\"1600\" \/>\n\t<meta property=\"og:image:height\" content=\"1066\" \/>\n\t<meta property=\"og:image:type\" content=\"image\/jpeg\" \/>\n<meta name=\"twitter:card\" content=\"summary_large_image\" \/>\n<meta name=\"twitter:label1\" content=\"Szacowany czas czytania\" \/>\n\t<meta name=\"twitter:data1\" content=\"2 minuty\" \/>\n<script type=\"application\/ld+json\" class=\"yoast-schema-graph\">{\"@context\":\"https:\\\/\\\/schema.org\",\"@graph\":[{\"@type\":\"WebPage\",\"@id\":\"https:\\\/\\\/www.palletcontroltower.eu\\\/mijn-voordeel\\\/vergroot-de-efficientie\\\/\",\"url\":\"https:\\\/\\\/www.palletcontroltower.eu\\\/mijn-voordeel\\\/vergroot-de-efficientie\\\/\",\"name\":\"Voorkom palletstress - Pallet Control Tower\",\"isPartOf\":{\"@id\":\"https:\\\/\\\/www.palletcontroltower.eu\\\/#website\"},\"primaryImageOfPage\":{\"@id\":\"https:\\\/\\\/www.palletcontroltower.eu\\\/mijn-voordeel\\\/vergroot-de-efficientie\\\/#primaryimage\"},\"image\":{\"@id\":\"https:\\\/\\\/www.palletcontroltower.eu\\\/mijn-voordeel\\\/vergroot-de-efficientie\\\/#primaryimage\"},\"thumbnailUrl\":\"http:\\\/\\\/www.palletcontroltower.eu\\\/wp-content\\\/uploads\\\/2023\\\/11\\\/palletcontroltower-2.jpg\",\"datePublished\":\"2023-11-22T08:00:10+00:00\",\"dateModified\":\"2026-02-12T12:55:03+00:00\",\"description\":\"Met PCT Online voorkomt u palletstress. Met het geautomatiseerd proces van Collection, Delivery & Matching van pallets, bent u in control\",\"breadcrumb\":{\"@id\":\"https:\\\/\\\/www.palletcontroltower.eu\\\/mijn-voordeel\\\/vergroot-de-efficientie\\\/#breadcrumb\"},\"inLanguage\":\"pl-PL\",\"potentialAction\":[{\"@type\":\"ReadAction\",\"target\":[\"https:\\\/\\\/www.palletcontroltower.eu\\\/mijn-voordeel\\\/vergroot-de-efficientie\\\/\"]}]},{\"@type\":\"ImageObject\",\"inLanguage\":\"pl-PL\",\"@id\":\"https:\\\/\\\/www.palletcontroltower.eu\\\/mijn-voordeel\\\/vergroot-de-efficientie\\\/#primaryimage\",\"url\":\"http:\\\/\\\/www.palletcontroltower.eu\\\/wp-content\\\/uploads\\\/2023\\\/11\\\/palletcontroltower-2.jpg\",\"contentUrl\":\"http:\\\/\\\/www.palletcontroltower.eu\\\/wp-content\\\/uploads\\\/2023\\\/11\\\/palletcontroltower-2.jpg\"},{\"@type\":\"BreadcrumbList\",\"@id\":\"https:\\\/\\\/www.palletcontroltower.eu\\\/mijn-voordeel\\\/vergroot-de-efficientie\\\/#breadcrumb\",\"itemListElement\":[{\"@type\":\"ListItem\",\"position\":1,\"name\":\"Home\",\"item\":\"https:\\\/\\\/www.palletcontroltower.eu\\\/\"},{\"@type\":\"ListItem\",\"position\":2,\"name\":\"Mijn voordeel\",\"item\":\"https:\\\/\\\/www.palletcontroltower.eu\\\/pl\\\/mijn-voordeel\\\/\"},{\"@type\":\"ListItem\",\"position\":3,\"name\":\"Voorkom palletstress\"}]},{\"@type\":\"WebSite\",\"@id\":\"https:\\\/\\\/www.palletcontroltower.eu\\\/#website\",\"url\":\"https:\\\/\\\/www.palletcontroltower.eu\\\/\",\"name\":\"Pallet Control Tower\",\"description\":\"\",\"publisher\":{\"@id\":\"https:\\\/\\\/www.palletcontroltower.eu\\\/#organization\"},\"potentialAction\":[{\"@type\":\"SearchAction\",\"target\":{\"@type\":\"EntryPoint\",\"urlTemplate\":\"https:\\\/\\\/www.palletcontroltower.eu\\\/?s={search_term_string}\"},\"query-input\":{\"@type\":\"PropertyValueSpecification\",\"valueRequired\":true,\"valueName\":\"search_term_string\"}}],\"inLanguage\":\"pl-PL\"},{\"@type\":\"Organization\",\"@id\":\"https:\\\/\\\/www.palletcontroltower.eu\\\/#organization\",\"name\":\"Pallet Control Tower\",\"url\":\"https:\\\/\\\/www.palletcontroltower.eu\\\/\",\"logo\":{\"@type\":\"ImageObject\",\"inLanguage\":\"pl-PL\",\"@id\":\"https:\\\/\\\/www.palletcontroltower.eu\\\/#\\\/schema\\\/logo\\\/image\\\/\",\"url\":\"https:\\\/\\\/www.palletcontroltower.eu\\\/wp-content\\\/uploads\\\/2023\\\/10\\\/logo.svg\",\"contentUrl\":\"https:\\\/\\\/www.palletcontroltower.eu\\\/wp-content\\\/uploads\\\/2023\\\/10\\\/logo.svg\",\"width\":290,\"height\":87,\"caption\":\"Pallet Control Tower\"},\"image\":{\"@id\":\"https:\\\/\\\/www.palletcontroltower.eu\\\/#\\\/schema\\\/logo\\\/image\\\/\"}}]}<\/script>\n<!-- \/ Yoast SEO plugin. -->","yoast_head_json":{"title":"Zapobieganie napr\u0119\u017ceniom palet - wie\u017ca kontroli palet","description":"PCT Online pozwala unikn\u0105\u0107 stresu zwi\u0105zanego z paletami. Dzi\u0119ki zautomatyzowanemu procesowi odbierania, dostarczania i dopasowywania palet masz kontrol\u0119 nad sytuacj\u0105.","robots":{"index":"index","follow":"follow","max-snippet":"max-snippet:-1","max-image-preview":"max-image-preview:large","max-video-preview":"max-video-preview:-1"},"canonical":"https:\/\/www.palletcontroltower.eu\/pl\/moja-przewaga\/zwieksza-wydajnosc\/","og_locale":"pl_PL","og_type":"article","og_title":"Voorkom palletstress - Pallet Control Tower","og_description":"Met PCT Online voorkomt u palletstress. Met het geautomatiseerd proces van Collection, Delivery & Matching van pallets, bent u in control","og_url":"https:\/\/www.palletcontroltower.eu\/pl\/moja-przewaga\/zwieksza-wydajnosc\/","og_site_name":"Pallet Control Tower","article_modified_time":"2026-02-12T12:55:03+00:00","og_image":[{"width":1600,"height":1066,"url":"https:\/\/www.palletcontroltower.eu\/wp-content\/uploads\/2023\/11\/palletcontroltower-2.jpg","type":"image\/jpeg"}],"twitter_card":"summary_large_image","twitter_misc":{"Szacowany czas czytania":"2 minuty"},"schema":{"@context":"https:\/\/schema.org","@graph":[{"@type":"WebPage","@id":"https:\/\/www.palletcontroltower.eu\/mijn-voordeel\/vergroot-de-efficientie\/","url":"https:\/\/www.palletcontroltower.eu\/mijn-voordeel\/vergroot-de-efficientie\/","name":"Zapobieganie napr\u0119\u017ceniom palet - wie\u017ca kontroli palet","isPartOf":{"@id":"https:\/\/www.palletcontroltower.eu\/#website"},"primaryImageOfPage":{"@id":"https:\/\/www.palletcontroltower.eu\/mijn-voordeel\/vergroot-de-efficientie\/#primaryimage"},"image":{"@id":"https:\/\/www.palletcontroltower.eu\/mijn-voordeel\/vergroot-de-efficientie\/#primaryimage"},"thumbnailUrl":"http:\/\/www.palletcontroltower.eu\/wp-content\/uploads\/2023\/11\/palletcontroltower-2.jpg","datePublished":"2023-11-22T08:00:10+00:00","dateModified":"2026-02-12T12:55:03+00:00","description":"PCT Online pozwala unikn\u0105\u0107 stresu zwi\u0105zanego z paletami. Dzi\u0119ki zautomatyzowanemu procesowi odbierania, dostarczania i dopasowywania palet masz kontrol\u0119 nad sytuacj\u0105.","breadcrumb":{"@id":"https:\/\/www.palletcontroltower.eu\/mijn-voordeel\/vergroot-de-efficientie\/#breadcrumb"},"inLanguage":"pl-PL","potentialAction":[{"@type":"ReadAction","target":["https:\/\/www.palletcontroltower.eu\/mijn-voordeel\/vergroot-de-efficientie\/"]}]},{"@type":"ImageObject","inLanguage":"pl-PL","@id":"https:\/\/www.palletcontroltower.eu\/mijn-voordeel\/vergroot-de-efficientie\/#primaryimage","url":"http:\/\/www.palletcontroltower.eu\/wp-content\/uploads\/2023\/11\/palletcontroltower-2.jpg","contentUrl":"http:\/\/www.palletcontroltower.eu\/wp-content\/uploads\/2023\/11\/palletcontroltower-2.jpg"},{"@type":"BreadcrumbList","@id":"https:\/\/www.palletcontroltower.eu\/mijn-voordeel\/vergroot-de-efficientie\/#breadcrumb","itemListElement":[{"@type":"ListItem","position":1,"name":"Home","item":"https:\/\/www.palletcontroltower.eu\/"},{"@type":"ListItem","position":2,"name":"Mijn voordeel","item":"https:\/\/www.palletcontroltower.eu\/pl\/mijn-voordeel\/"},{"@type":"ListItem","position":3,"name":"Voorkom palletstress"}]},{"@type":"WebSite","@id":"https:\/\/www.palletcontroltower.eu\/#website","url":"https:\/\/www.palletcontroltower.eu\/","name":"Wie\u017ca kontroli palet","description":"","publisher":{"@id":"https:\/\/www.palletcontroltower.eu\/#organization"},"potentialAction":[{"@type":"SearchAction","target":{"@type":"EntryPoint","urlTemplate":"https:\/\/www.palletcontroltower.eu\/?s={search_term_string}"},"query-input":{"@type":"PropertyValueSpecification","valueRequired":true,"valueName":"search_term_string"}}],"inLanguage":"pl-PL"},{"@type":"Organization","@id":"https:\/\/www.palletcontroltower.eu\/#organization","name":"Wie\u017ca kontroli palet","url":"https:\/\/www.palletcontroltower.eu\/","logo":{"@type":"ImageObject","inLanguage":"pl-PL","@id":"https:\/\/www.palletcontroltower.eu\/#\/schema\/logo\/image\/","url":"https:\/\/www.palletcontroltower.eu\/wp-content\/uploads\/2023\/10\/logo.svg","contentUrl":"https:\/\/www.palletcontroltower.eu\/wp-content\/uploads\/2023\/10\/logo.svg","width":290,"height":87,"caption":"Pallet Control Tower"},"image":{"@id":"https:\/\/www.palletcontroltower.eu\/#\/schema\/logo\/image\/"}}]}},"_links":{"self":[{"href":"https:\/\/www.palletcontroltower.eu\/pl\/wp-json\/wp\/v2\/pages\/27","targetHints":{"allow":["GET"]}}],"collection":[{"href":"https:\/\/www.palletcontroltower.eu\/pl\/wp-json\/wp\/v2\/pages"}],"about":[{"href":"https:\/\/www.palletcontroltower.eu\/pl\/wp-json\/wp\/v2\/types\/page"}],"author":[{"embeddable":true,"href":"https:\/\/www.palletcontroltower.eu\/pl\/wp-json\/wp\/v2\/users\/1"}],"replies":[{"embeddable":true,"href":"https:\/\/www.palletcontroltower.eu\/pl\/wp-json\/wp\/v2\/comments?post=27"}],"version-history":[{"count":26,"href":"https:\/\/www.palletcontroltower.eu\/pl\/wp-json\/wp\/v2\/pages\/27\/revisions"}],"predecessor-version":[{"id":1243,"href":"https:\/\/www.palletcontroltower.eu\/pl\/wp-json\/wp\/v2\/pages\/27\/revisions\/1243"}],"up":[{"embeddable":true,"href":"https:\/\/www.palletcontroltower.eu\/pl\/wp-json\/wp\/v2\/pages\/25"}],"wp:attachment":[{"href":"https:\/\/www.palletcontroltower.eu\/pl\/wp-json\/wp\/v2\/media?parent=27"}],"curies":[{"name":"wp","href":"https:\/\/api.w.org\/{rel}","templated":true}]}}