{"id":29,"date":"2023-11-22T08:00:20","date_gmt":"2023-11-22T08:00:20","guid":{"rendered":"http:\/\/www.palletcontroltower.eu\/?page_id=29"},"modified":"2024-01-08T14:21:13","modified_gmt":"2024-01-08T14:21:13","slug":"dla-uzytkownikow-palet","status":"publish","type":"page","link":"https:\/\/www.palletcontroltower.eu\/pl\/mijn-voordeel\/voor-palletgebruikers\/","title":{"rendered":"Dla u\u017cytkownik\u00f3w palet"},"content":{"rendered":"<div class=\"wp-block-columns is-layout-flex wp-container-core-columns-is-layout-28f84493 wp-block-columns-is-layout-flex\">\n<div class=\"wp-block-column is-layout-flow wp-block-column-is-layout-flow\">\n<h2 class=\"wp-block-heading\">Zr\u00f3wnowa\u017cone i oszcz\u0119dne<\/h2>\n\n\n\n<p>Jeste\u015b jedn\u0105 z tych (mi\u0119dzy)narodowych firm z bran\u017cy przemys\u0142owej, produkcyjnej lub handlowej, kt\u00f3re wykorzystuj\u0105 europalety i RTI do transportu produkt\u00f3w na du\u017c\u0105 skal\u0119.<\/p>\n\n\n\n<p>PCT mo\u017cna znale\u017a\u0107 we wszystkich ga\u0142\u0119ziach przemys\u0142u i dlatego sprawdza si\u0119 na wszystkich rynkach. Nie ma znaczenia, czy jeste\u015b w\u0142a\u015bcicielem palet lub innych RTI. Chodzi o przejrzysto\u015b\u0107 \u0142a\u0144cucha i bardziej zr\u00f3wnowa\u017cone wykorzystanie wszystkich u\u017cywanych no\u015bnik\u00f3w \u0142adunku. Op\u0142acalnie i odpowiedzialnie. U\u0142atwiamy \u017cycie w logistyce palet. <\/p>\n\n\n\n<p><\/p>\n\n\n\n<div class=\"wp-block-buttons is-layout-flex wp-block-buttons-is-layout-flex\">\n<div class=\"wp-block-button\"><a class=\"wp-block-button__link has-white-color has-green-background-color has-text-color has-background has-link-color wp-element-button\" href=\"https:\/\/portal.pct-online.eu\/register\" target=\"_blank\" rel=\"noreferrer noopener\">Aktywacja konta<\/a><\/div>\n<\/div>\n<\/div>\n<\/div>\n\n\n\n<hr class=\"wp-block-separator has-alpha-channel-opacity\"\/>\n\n\n\n<div class=\"wp-block-columns are-vertically-aligned-center is-layout-flex wp-container-core-columns-is-layout-28f84493 wp-block-columns-is-layout-flex\">\n<div class=\"wp-block-column is-vertically-aligned-center is-layout-flow wp-block-column-is-layout-flow\">\n<figure class=\"wp-block-image size-full\"><img fetchpriority=\"high\" decoding=\"async\" width=\"2560\" height=\"1345\" src=\"http:\/\/www.palletcontroltower.eu\/wp-content\/uploads\/2023\/12\/PalletControlTower_busy_industrial_warehouse-scaled.jpeg\" alt=\"Przechowywanie i przenoszenie w magazynach musi odbywa\u0107 si\u0119 na europaletach, aby unikn\u0105\u0107 napr\u0119\u017ce\u0144 paletowych.\" class=\"wp-image-809\" style=\"aspect-ratio:3\/4;object-fit:cover\" srcset=\"https:\/\/www.palletcontroltower.eu\/wp-content\/uploads\/2023\/12\/PalletControlTower_busy_industrial_warehouse-scaled.jpeg 2560w, https:\/\/www.palletcontroltower.eu\/wp-content\/uploads\/2023\/12\/PalletControlTower_busy_industrial_warehouse-300x158.jpeg 300w, https:\/\/www.palletcontroltower.eu\/wp-content\/uploads\/2023\/12\/PalletControlTower_busy_industrial_warehouse-1024x538.jpeg 1024w, https:\/\/www.palletcontroltower.eu\/wp-content\/uploads\/2023\/12\/PalletControlTower_busy_industrial_warehouse-768x403.jpeg 768w, https:\/\/www.palletcontroltower.eu\/wp-content\/uploads\/2023\/12\/PalletControlTower_busy_industrial_warehouse-1536x807.jpeg 1536w, https:\/\/www.palletcontroltower.eu\/wp-content\/uploads\/2023\/12\/PalletControlTower_busy_industrial_warehouse-2048x1076.jpeg 2048w, https:\/\/www.palletcontroltower.eu\/wp-content\/uploads\/2023\/12\/PalletControlTower_busy_industrial_warehouse-18x9.jpeg 18w\" sizes=\"(max-width: 2560px) 100vw, 2560px\" \/><\/figure>\n<\/div>\n\n\n\n<div class=\"wp-block-column is-vertically-aligned-center is-layout-flow wp-block-column-is-layout-flow\">\n<h2 class=\"wp-block-heading\">Skuteczne i wydajne zarz\u0105dzanie paletami<\/h2>\n\n\n\n<ol class=\"wp-block-list\">\n<li><strong>Jasne umowy<\/strong> - Koniec z niejasnymi umowami i skomplikowan\u0105, czasoch\u0142onn\u0105 i r\u0119czn\u0105 administracj\u0105. Dzi\u0119ki PCT e-Credit mo\u017cna \u0142atwo i szybko odbiera\u0107 lub dostarcza\u0107 palety z jasnymi wzajemnymi umowami - kto za co p\u0142aci. Koniec z dyskusjami na temat sald wzajemnych rozlicze\u0144. Wszystko jest rejestrowane automatycznie.<\/li>\n\n\n\n<li><strong>Cena oparta na warto\u015bci godziwej<\/strong> - Nigdy wi\u0119cej spor\u00f3w o warto\u015b\u0107 u\u017cywanej palety. Na podstawie indeksu EUWID, PCT okre\u015bla warto\u015b\u0107 ka\u017cdej palety - jej stan i jako\u015b\u0107. Dzi\u0119ki temu mo\u017cesz mie\u0107 pewno\u015b\u0107, \u017ce odbi\u00f3r i dostawa odbywa si\u0119 po najuczciwszej cenie. Nasz modu\u0142 fotograficzny jest do tego przydatnym narz\u0119dziem.<\/li>\n\n\n\n<li><strong>Tylko palety wysokiej jako\u015bci<\/strong> - Zautomatyzowane magazyny wymagaj\u0105 znormalizowanych palet klasy A lub nowych. Zapewniamy, \u017ce wszystkie palety spe\u0142niaj\u0105 standardy EPAL, zapewniaj\u0105c p\u0142ynne dzia\u0142anie w ca\u0142ym \u0142a\u0144cuchu logistycznym.<\/li>\n\n\n\n<li><strong>Kierowca odci\u0105\u017cony<\/strong> - Kierowcy cz\u0119sto nie maj\u0105 czasu i wiedzy, aby sprawdzi\u0107 jako\u015b\u0107 palet. PCT im w tym pomaga. Zamiana na miejscu nie jest konieczna. Brak pustych palet w ci\u0119\u017car\u00f3wce. Brak czasu oczekiwania i kosztownych op\u00f3\u017anie\u0144. Transfery s\u0105 zdigitalizowane, co minimalizuje ryzyko b\u0142\u0119d\u00f3w. Zapewnia to p\u0142ynny \u0142a\u0144cuch logistyczny.<\/li>\n\n\n\n<li><strong>Wytrzyma\u0142y system<\/strong> - Dzi\u0119ki PCT Online nie musisz ju\u017c martwi\u0107 si\u0119 o drogie ci\u0119\u017car\u00f3wki przewo\u017c\u0105ce puste palety. Nasza platforma pomaga oszcz\u0119dza\u0107 koszty poprzez optymalizacj\u0119 zapas\u00f3w i oferuje \u0142atwy spos\u00f3b odbioru i dostawy poprzez dopasowanie, przygotowany do przysz\u0142ych przepis\u00f3w brukselskich (PPWD).<\/li>\n\n\n\n<li><strong>Szybkie, \u0142atwe i bezpieczne<\/strong> - PCT Online jest bezpieczn\u0105 platform\u0105 dla wszystkich transakcji i dok\u0142adnie rejestruje ka\u017cd\u0105 wymian\u0119. Oferujemy przyjazny dla u\u017cytkownika interfejs o minimalnej z\u0142o\u017cono\u015bci. PCT Online mo\u017cna po\u0142\u0105czy\u0107 z dowolnym systemem zarz\u0105dzania logistyk\u0105 i transportem bez wi\u0119kszego wysi\u0142ku.<\/li>\n<\/ol>\n<\/div>\n<\/div>\n\n\n\n<div class=\"wp-block-buttons is-content-justification-right is-layout-flex wp-container-core-buttons-is-layout-d445cf74 wp-block-buttons-is-layout-flex\">\n<div class=\"wp-block-button\"><a class=\"wp-block-button__link has-white-color has-mint-background-color has-text-color has-background has-link-color wp-element-button\" href=\"http:\/\/www.palletcontroltower.eu\/wp-content\/uploads\/2024\/01\/PCT_Leaflet_Eindklant_NL_PR4.pdf\" target=\"_blank\" rel=\"noreferrer noopener\">Pobierz ulotk\u0119<\/a><\/div>\n<\/div>\n\n\n\n<hr class=\"wp-block-separator has-alpha-channel-opacity\"\/>\n\n\n\n<blockquote class=\"wp-block-quote is-layout-flow wp-block-quote-is-layout-flow\">\n<p class=\"has-text-align-center\">Zapobiegaj napr\u0119\u017ceniom palet! Pallet Control Tower to europejski standard i platforma do odbioru i dostawy przez dopasowanie dla europalet i innych RTI. U\u0142atwiamy otwarty pooling od A do Z. I sprawiamy, \u017ce logistyka palet zn\u00f3w jest \u0142atwa w zarz\u0105dzaniu.<\/p>\n<\/blockquote>\n\n\n\n<hr class=\"wp-block-separator has-alpha-channel-opacity\"\/>\n\n\n\n<figure class=\"wp-block-image size-full\"><img decoding=\"async\" width=\"1600\" height=\"1066\" src=\"http:\/\/www.palletcontroltower.eu\/wp-content\/uploads\/2023\/11\/palletcontroltower-2.jpg\" alt=\"\" class=\"wp-image-207\" style=\"aspect-ratio:16\/9;object-fit:cover\" srcset=\"https:\/\/www.palletcontroltower.eu\/wp-content\/uploads\/2023\/11\/palletcontroltower-2.jpg 1600w, https:\/\/www.palletcontroltower.eu\/wp-content\/uploads\/2023\/11\/palletcontroltower-2-300x200.jpg 300w, https:\/\/www.palletcontroltower.eu\/wp-content\/uploads\/2023\/11\/palletcontroltower-2-1024x682.jpg 1024w, https:\/\/www.palletcontroltower.eu\/wp-content\/uploads\/2023\/11\/palletcontroltower-2-768x512.jpg 768w, https:\/\/www.palletcontroltower.eu\/wp-content\/uploads\/2023\/11\/palletcontroltower-2-1536x1023.jpg 1536w\" sizes=\"(max-width: 1600px) 100vw, 1600px\" \/><\/figure>\n\n\n\n<hr class=\"wp-block-separator has-alpha-channel-opacity\"\/>","protected":false},"excerpt":{"rendered":"<p>Duurzaam en kostenbewust U bent een van die (inter)nationale bedrijven binnen de industrie, productie of handel die op grote schaal europallets en RTI\u2019s gebruikt om producten mee te transporteren. PCT is te vinden in alle soorten van industrie\u00ebn en is daarmee van alle markten thuis. Het is hierbij niet van belang of u wel of [&hellip;]<\/p>\n","protected":false},"author":1,"featured_media":0,"parent":25,"menu_order":2,"comment_status":"closed","ping_status":"closed","template":"","meta":{"footnotes":""},"class_list":["post-29","page","type-page","status-publish","hentry"],"yoast_head":"<!-- This site is optimized with the Yoast SEO plugin v27.3 - https:\/\/yoast.com\/product\/yoast-seo-wordpress\/ -->\n<title>Voor palletgebruikers - Pallet Control Tower<\/title>\n<meta name=\"description\" content=\"De voordelen voor palletgebruikers zijn o.a.: heldere afspraken, op re\u00eble waarde gebaseerde prijs, hoogwaardige pallets, chauffeurs ontlast\" \/>\n<meta name=\"robots\" content=\"index, follow, max-snippet:-1, max-image-preview:large, max-video-preview:-1\" \/>\n<link rel=\"canonical\" href=\"https:\/\/www.palletcontroltower.eu\/pl\/moja-przewaga\/dla-uzytkownikow-palet\/\" \/>\n<meta property=\"og:locale\" content=\"pl_PL\" \/>\n<meta property=\"og:type\" content=\"article\" \/>\n<meta property=\"og:title\" content=\"Voor palletgebruikers - Pallet Control Tower\" \/>\n<meta property=\"og:description\" content=\"De voordelen voor palletgebruikers zijn o.a.: heldere afspraken, op re\u00eble waarde gebaseerde prijs, hoogwaardige pallets, chauffeurs ontlast\" \/>\n<meta property=\"og:url\" content=\"https:\/\/www.palletcontroltower.eu\/pl\/moja-przewaga\/dla-uzytkownikow-palet\/\" \/>\n<meta property=\"og:site_name\" content=\"Pallet Control Tower\" \/>\n<meta property=\"article:modified_time\" content=\"2024-01-08T14:21:13+00:00\" \/>\n<meta property=\"og:image\" content=\"http:\/\/www.palletcontroltower.eu\/wp-content\/uploads\/2023\/12\/PalletControlTower_busy_industrial_warehouse-scaled.jpeg\" \/>\n<meta name=\"twitter:card\" content=\"summary_large_image\" \/>\n<meta name=\"twitter:label1\" content=\"Szacowany czas czytania\" \/>\n\t<meta name=\"twitter:data1\" content=\"3 minuty\" \/>\n<script type=\"application\/ld+json\" class=\"yoast-schema-graph\">{\"@context\":\"https:\\\/\\\/schema.org\",\"@graph\":[{\"@type\":\"WebPage\",\"@id\":\"https:\\\/\\\/www.palletcontroltower.eu\\\/pl\\\/mijn-voordeel\\\/dla-uzytkownikow-palet\\\/\",\"url\":\"https:\\\/\\\/www.palletcontroltower.eu\\\/pl\\\/mijn-voordeel\\\/dla-uzytkownikow-palet\\\/\",\"name\":\"Voor palletgebruikers - Pallet Control Tower\",\"isPartOf\":{\"@id\":\"https:\\\/\\\/www.palletcontroltower.eu\\\/#website\"},\"primaryImageOfPage\":{\"@id\":\"https:\\\/\\\/www.palletcontroltower.eu\\\/pl\\\/mijn-voordeel\\\/dla-uzytkownikow-palet\\\/#primaryimage\"},\"image\":{\"@id\":\"https:\\\/\\\/www.palletcontroltower.eu\\\/pl\\\/mijn-voordeel\\\/dla-uzytkownikow-palet\\\/#primaryimage\"},\"thumbnailUrl\":\"http:\\\/\\\/www.palletcontroltower.eu\\\/wp-content\\\/uploads\\\/2023\\\/12\\\/PalletControlTower_busy_industrial_warehouse-scaled.jpeg\",\"datePublished\":\"2023-11-22T08:00:20+00:00\",\"dateModified\":\"2024-01-08T14:21:13+00:00\",\"description\":\"De voordelen voor palletgebruikers zijn o.a.: heldere afspraken, op re\u00eble waarde gebaseerde prijs, hoogwaardige pallets, chauffeurs ontlast\",\"breadcrumb\":{\"@id\":\"https:\\\/\\\/www.palletcontroltower.eu\\\/pl\\\/mijn-voordeel\\\/dla-uzytkownikow-palet\\\/#breadcrumb\"},\"inLanguage\":\"pl-PL\",\"potentialAction\":[{\"@type\":\"ReadAction\",\"target\":[\"https:\\\/\\\/www.palletcontroltower.eu\\\/pl\\\/mijn-voordeel\\\/dla-uzytkownikow-palet\\\/\"]}]},{\"@type\":\"ImageObject\",\"inLanguage\":\"pl-PL\",\"@id\":\"https:\\\/\\\/www.palletcontroltower.eu\\\/pl\\\/mijn-voordeel\\\/dla-uzytkownikow-palet\\\/#primaryimage\",\"url\":\"http:\\\/\\\/www.palletcontroltower.eu\\\/wp-content\\\/uploads\\\/2023\\\/12\\\/PalletControlTower_busy_industrial_warehouse-scaled.jpeg\",\"contentUrl\":\"http:\\\/\\\/www.palletcontroltower.eu\\\/wp-content\\\/uploads\\\/2023\\\/12\\\/PalletControlTower_busy_industrial_warehouse-scaled.jpeg\"},{\"@type\":\"BreadcrumbList\",\"@id\":\"https:\\\/\\\/www.palletcontroltower.eu\\\/pl\\\/mijn-voordeel\\\/dla-uzytkownikow-palet\\\/#breadcrumb\",\"itemListElement\":[{\"@type\":\"ListItem\",\"position\":1,\"name\":\"Home\",\"item\":\"https:\\\/\\\/www.palletcontroltower.eu\\\/\"},{\"@type\":\"ListItem\",\"position\":2,\"name\":\"Mijn voordeel\",\"item\":\"https:\\\/\\\/www.palletcontroltower.eu\\\/pl\\\/mijn-voordeel\\\/\"},{\"@type\":\"ListItem\",\"position\":3,\"name\":\"Voor palletgebruikers\"}]},{\"@type\":\"WebSite\",\"@id\":\"https:\\\/\\\/www.palletcontroltower.eu\\\/#website\",\"url\":\"https:\\\/\\\/www.palletcontroltower.eu\\\/\",\"name\":\"Pallet Control Tower\",\"description\":\"\",\"publisher\":{\"@id\":\"https:\\\/\\\/www.palletcontroltower.eu\\\/#organization\"},\"potentialAction\":[{\"@type\":\"SearchAction\",\"target\":{\"@type\":\"EntryPoint\",\"urlTemplate\":\"https:\\\/\\\/www.palletcontroltower.eu\\\/?s={search_term_string}\"},\"query-input\":{\"@type\":\"PropertyValueSpecification\",\"valueRequired\":true,\"valueName\":\"search_term_string\"}}],\"inLanguage\":\"pl-PL\"},{\"@type\":\"Organization\",\"@id\":\"https:\\\/\\\/www.palletcontroltower.eu\\\/#organization\",\"name\":\"Pallet Control Tower\",\"url\":\"https:\\\/\\\/www.palletcontroltower.eu\\\/\",\"logo\":{\"@type\":\"ImageObject\",\"inLanguage\":\"pl-PL\",\"@id\":\"https:\\\/\\\/www.palletcontroltower.eu\\\/#\\\/schema\\\/logo\\\/image\\\/\",\"url\":\"https:\\\/\\\/www.palletcontroltower.eu\\\/wp-content\\\/uploads\\\/2023\\\/10\\\/logo.svg\",\"contentUrl\":\"https:\\\/\\\/www.palletcontroltower.eu\\\/wp-content\\\/uploads\\\/2023\\\/10\\\/logo.svg\",\"width\":290,\"height\":87,\"caption\":\"Pallet Control Tower\"},\"image\":{\"@id\":\"https:\\\/\\\/www.palletcontroltower.eu\\\/#\\\/schema\\\/logo\\\/image\\\/\"}}]}<\/script>\n<!-- \/ Yoast SEO plugin. -->","yoast_head_json":{"title":"Dla u\u017cytkownik\u00f3w palet - wie\u017ca kontroli palet","description":"Korzy\u015bci dla u\u017cytkownik\u00f3w palet obejmuj\u0105: jasne umowy, uczciw\u0105 cen\u0119 opart\u0105 na warto\u015bci, wysokiej jako\u015bci palety, odci\u0105\u017cenie kierowc\u00f3w.","robots":{"index":"index","follow":"follow","max-snippet":"max-snippet:-1","max-image-preview":"max-image-preview:large","max-video-preview":"max-video-preview:-1"},"canonical":"https:\/\/www.palletcontroltower.eu\/pl\/moja-przewaga\/dla-uzytkownikow-palet\/","og_locale":"pl_PL","og_type":"article","og_title":"Voor palletgebruikers - Pallet Control Tower","og_description":"De voordelen voor palletgebruikers zijn o.a.: heldere afspraken, op re\u00eble waarde gebaseerde prijs, hoogwaardige pallets, chauffeurs ontlast","og_url":"https:\/\/www.palletcontroltower.eu\/pl\/moja-przewaga\/dla-uzytkownikow-palet\/","og_site_name":"Pallet Control Tower","article_modified_time":"2024-01-08T14:21:13+00:00","og_image":[{"url":"http:\/\/www.palletcontroltower.eu\/wp-content\/uploads\/2023\/12\/PalletControlTower_busy_industrial_warehouse-scaled.jpeg","type":"","width":"","height":""}],"twitter_card":"summary_large_image","twitter_misc":{"Szacowany czas czytania":"3 minuty"},"schema":{"@context":"https:\/\/schema.org","@graph":[{"@type":"WebPage","@id":"https:\/\/www.palletcontroltower.eu\/pl\/mijn-voordeel\/dla-uzytkownikow-palet\/","url":"https:\/\/www.palletcontroltower.eu\/pl\/mijn-voordeel\/dla-uzytkownikow-palet\/","name":"Dla u\u017cytkownik\u00f3w palet - wie\u017ca kontroli palet","isPartOf":{"@id":"https:\/\/www.palletcontroltower.eu\/#website"},"primaryImageOfPage":{"@id":"https:\/\/www.palletcontroltower.eu\/pl\/mijn-voordeel\/dla-uzytkownikow-palet\/#primaryimage"},"image":{"@id":"https:\/\/www.palletcontroltower.eu\/pl\/mijn-voordeel\/dla-uzytkownikow-palet\/#primaryimage"},"thumbnailUrl":"http:\/\/www.palletcontroltower.eu\/wp-content\/uploads\/2023\/12\/PalletControlTower_busy_industrial_warehouse-scaled.jpeg","datePublished":"2023-11-22T08:00:20+00:00","dateModified":"2024-01-08T14:21:13+00:00","description":"Korzy\u015bci dla u\u017cytkownik\u00f3w palet obejmuj\u0105: jasne umowy, uczciw\u0105 cen\u0119 opart\u0105 na warto\u015bci, wysokiej jako\u015bci palety, odci\u0105\u017cenie kierowc\u00f3w.","breadcrumb":{"@id":"https:\/\/www.palletcontroltower.eu\/pl\/mijn-voordeel\/dla-uzytkownikow-palet\/#breadcrumb"},"inLanguage":"pl-PL","potentialAction":[{"@type":"ReadAction","target":["https:\/\/www.palletcontroltower.eu\/pl\/mijn-voordeel\/dla-uzytkownikow-palet\/"]}]},{"@type":"ImageObject","inLanguage":"pl-PL","@id":"https:\/\/www.palletcontroltower.eu\/pl\/mijn-voordeel\/dla-uzytkownikow-palet\/#primaryimage","url":"http:\/\/www.palletcontroltower.eu\/wp-content\/uploads\/2023\/12\/PalletControlTower_busy_industrial_warehouse-scaled.jpeg","contentUrl":"http:\/\/www.palletcontroltower.eu\/wp-content\/uploads\/2023\/12\/PalletControlTower_busy_industrial_warehouse-scaled.jpeg"},{"@type":"BreadcrumbList","@id":"https:\/\/www.palletcontroltower.eu\/pl\/mijn-voordeel\/dla-uzytkownikow-palet\/#breadcrumb","itemListElement":[{"@type":"ListItem","position":1,"name":"Home","item":"https:\/\/www.palletcontroltower.eu\/"},{"@type":"ListItem","position":2,"name":"Mijn voordeel","item":"https:\/\/www.palletcontroltower.eu\/pl\/mijn-voordeel\/"},{"@type":"ListItem","position":3,"name":"Voor palletgebruikers"}]},{"@type":"WebSite","@id":"https:\/\/www.palletcontroltower.eu\/#website","url":"https:\/\/www.palletcontroltower.eu\/","name":"Wie\u017ca kontroli palet","description":"","publisher":{"@id":"https:\/\/www.palletcontroltower.eu\/#organization"},"potentialAction":[{"@type":"SearchAction","target":{"@type":"EntryPoint","urlTemplate":"https:\/\/www.palletcontroltower.eu\/?s={search_term_string}"},"query-input":{"@type":"PropertyValueSpecification","valueRequired":true,"valueName":"search_term_string"}}],"inLanguage":"pl-PL"},{"@type":"Organization","@id":"https:\/\/www.palletcontroltower.eu\/#organization","name":"Wie\u017ca kontroli palet","url":"https:\/\/www.palletcontroltower.eu\/","logo":{"@type":"ImageObject","inLanguage":"pl-PL","@id":"https:\/\/www.palletcontroltower.eu\/#\/schema\/logo\/image\/","url":"https:\/\/www.palletcontroltower.eu\/wp-content\/uploads\/2023\/10\/logo.svg","contentUrl":"https:\/\/www.palletcontroltower.eu\/wp-content\/uploads\/2023\/10\/logo.svg","width":290,"height":87,"caption":"Pallet Control Tower"},"image":{"@id":"https:\/\/www.palletcontroltower.eu\/#\/schema\/logo\/image\/"}}]}},"_links":{"self":[{"href":"https:\/\/www.palletcontroltower.eu\/pl\/wp-json\/wp\/v2\/pages\/29","targetHints":{"allow":["GET"]}}],"collection":[{"href":"https:\/\/www.palletcontroltower.eu\/pl\/wp-json\/wp\/v2\/pages"}],"about":[{"href":"https:\/\/www.palletcontroltower.eu\/pl\/wp-json\/wp\/v2\/types\/page"}],"author":[{"embeddable":true,"href":"https:\/\/www.palletcontroltower.eu\/pl\/wp-json\/wp\/v2\/users\/1"}],"replies":[{"embeddable":true,"href":"https:\/\/www.palletcontroltower.eu\/pl\/wp-json\/wp\/v2\/comments?post=29"}],"version-history":[{"count":18,"href":"https:\/\/www.palletcontroltower.eu\/pl\/wp-json\/wp\/v2\/pages\/29\/revisions"}],"predecessor-version":[{"id":1076,"href":"https:\/\/www.palletcontroltower.eu\/pl\/wp-json\/wp\/v2\/pages\/29\/revisions\/1076"}],"up":[{"embeddable":true,"href":"https:\/\/www.palletcontroltower.eu\/pl\/wp-json\/wp\/v2\/pages\/25"}],"wp:attachment":[{"href":"https:\/\/www.palletcontroltower.eu\/pl\/wp-json\/wp\/v2\/media?parent=29"}],"curies":[{"name":"wp","href":"https:\/\/api.w.org\/{rel}","templated":true}]}}