{"id":31,"date":"2023-11-22T08:00:36","date_gmt":"2023-11-22T08:00:36","guid":{"rendered":"http:\/\/www.palletcontroltower.eu\/?page_id=31"},"modified":"2026-01-30T09:47:49","modified_gmt":"2026-01-30T09:47:49","slug":"dla-przewoznikow-dcs","status":"publish","type":"page","link":"https:\/\/www.palletcontroltower.eu\/pl\/mijn-voordeel\/voor-vervoerders-dcs\/","title":{"rendered":"Dla przewo\u017anik\u00f3w\/DC"},"content":{"rendered":"<div class=\"wp-block-columns is-layout-flex wp-container-core-columns-is-layout-28f84493 wp-block-columns-is-layout-flex\">\n<div class=\"wp-block-column is-layout-flow wp-block-column-is-layout-flow\">\n<h2 class=\"wp-block-heading\">Czas i jako\u015b\u0107<\/h2>\n\n\n\n<p>Jeste\u015b firm\u0105 transportow\u0105, przewo\u017anikiem lub dostawc\u0105 us\u0142ug logistycznych z w\u0142asnym centrum dystrybucyjnym lub bez niego. Twoim rynkiem jest Europa, Azja, USA i\/lub Kanada. Wymiana palet przez kierowc\u00f3w na miejscu zazwyczaj nie wchodzi w gr\u0119. W ko\u0144cu czas to pieni\u0105dz. Jednak jako\u015b\u0107 palet ma r\u00f3wnie\u017c kluczowe znaczenie dla zautomatyzowanego centrum dystrybucyjnego.<\/p>\n\n\n\n<p>PCT mo\u017cna znale\u017a\u0107 we wszystkich ga\u0142\u0119ziach przemys\u0142u i dlatego sprawdza si\u0119 na wszystkich rynkach. Nie ma znaczenia, czy jeste\u015b w\u0142a\u015bcicielem palet lub innych RTI. Chodzi o wydajno\u015b\u0107, jako\u015b\u0107 w \u0142a\u0144cuchu logistycznym i bardziej zr\u00f3wnowa\u017cone wykorzystanie wszystkich u\u017cywanych no\u015bnik\u00f3w \u0142adunku.<\/p>\n\n\n\n<div class=\"wp-block-buttons is-layout-flex wp-block-buttons-is-layout-flex\">\n<div class=\"wp-block-button\"><a class=\"wp-block-button__link has-white-color has-green-background-color has-text-color has-background has-link-color wp-element-button\" href=\"https:\/\/portal.pct-online.eu\/register\" target=\"_blank\" rel=\"noreferrer noopener\">Aktywacja konta<\/a><\/div>\n<\/div>\n<\/div>\n<\/div>\n\n\n\n<hr class=\"wp-block-separator has-alpha-channel-opacity\"\/>\n\n\n\n<div class=\"wp-block-columns are-vertically-aligned-center is-layout-flex wp-container-core-columns-is-layout-28f84493 wp-block-columns-is-layout-flex\">\n<div class=\"wp-block-column is-vertically-aligned-center is-layout-flow wp-block-column-is-layout-flow\">\n<figure class=\"wp-block-image size-full\"><img fetchpriority=\"high\" decoding=\"async\" width=\"579\" height=\"298\" src=\"http:\/\/www.palletcontroltower.eu\/wp-content\/uploads\/2023\/12\/PCT_unloading.jpg\" alt=\"Brak czasu oczekiwania dla kierowc\u00f3w dzi\u0119ki wirtualnej wymianie w PCTO\" class=\"wp-image-808\" style=\"aspect-ratio:3\/4;object-fit:cover\" srcset=\"https:\/\/www.palletcontroltower.eu\/wp-content\/uploads\/2023\/12\/PCT_unloading.jpg 579w, https:\/\/www.palletcontroltower.eu\/wp-content\/uploads\/2023\/12\/PCT_unloading-300x154.jpg 300w, https:\/\/www.palletcontroltower.eu\/wp-content\/uploads\/2023\/12\/PCT_unloading-18x9.jpg 18w\" sizes=\"(max-width: 579px) 100vw, 579px\" \/><\/figure>\n<\/div>\n\n\n\n<div class=\"wp-block-column is-vertically-aligned-center is-layout-flow wp-block-column-is-layout-flow\">\n<h2 class=\"wp-block-heading\">Skuteczne i wydajne zarz\u0105dzanie paletami<\/h2>\n\n\n\n<ol class=\"wp-block-list\">\n<li><strong>Kierowca odci\u0105\u017cony<\/strong> - Wiemy lepiej ni\u017c ktokolwiek inny, jak du\u017ca jest presja na \u0142a\u0144cuch logistyczny w Europie i jak napi\u0119te s\u0105 harmonogramy. Wiemy r\u00f3wnie\u017c, \u017ce w zwi\u0105zku z tym prawie nie ma czasu na wymian\u0119 palet i innych RTI na miejscu. Opr\u00f3cz wiedzy i umiej\u0119tno\u015bci, kt\u00f3re kierowcy musz\u0105 posiada\u0107 na temat realizacji i jako\u015bci. Korzystanie z PCT Online rozwi\u0105zuje wiele problem\u00f3w. &nbsp;<\/li>\n\n\n\n<li><strong>Op\u0142acalno\u015b\u0107<\/strong> - Dzi\u0119ki naszemu tak zwanemu systemowi e-Credit, palety mog\u0105 by\u0107 \"wymieniane\" cyfrowo w ca\u0142ej Europie. Dla Ciebie oznacza to brak ci\u0119\u017car\u00f3wek pe\u0142nych pustych palet. A tym samym zawsze zwrot \u0142adunku z cennym towarem. Zu\u017cyte palety s\u0105 sortowane i wyceniane oddzielnie. Warto\u015b\u0107 ta reprezentuje liczb\u0119 e-Kredyt\u00f3w. Warto\u015b\u0107 e-kredytu jest powi\u0105zana z tak zwanym indeksem EUWID; standardem powszechnie akceptowanym w Europie.<\/li>\n\n\n\n<li><strong>Palety wysokiej jako\u015bci<\/strong> - Nawiasem m\u00f3wi\u0105c, w naszym systemie u\u017cywamy tylko europalet i RTI. Gwarantuje to jako\u015b\u0107 i wykonanie. Zw\u0142aszcza, \u017ce zautomatyzowane magazyny wymagaj\u0105 znormalizowanych palet jako\u015bci A lub nowych. Koniec ze sporami i niepotrzebn\u0105 strat\u0105 czasu. A w przypadku sporu, nasi opiekunowie klienta sprawdz\u0105 go p\u00f3\u017aniej.<\/li>\n\n\n\n<li><strong>Przegl\u0105d<\/strong> - Dzi\u0119ki PCT Online zasadniczo redukujesz liczb\u0119 relacji administracyjnych do jednej, jednocze\u015bnie zwi\u0119kszaj\u0105c swoj\u0105 sie\u0107 o wiele dziesi\u0105tek. To Ty decydujesz, kt\u00f3re lokalizacje klient\u00f3w, dostawc\u00f3w i innych relacji maj\u0105 zosta\u0107 w\u0142\u0105czone do standardowej administracji. Pozwala to na zarz\u0105dzanie zapytaniami i zam\u00f3wieniami w dowolny spos\u00f3b. Masz ju\u017c sta\u0142ego klienta paletowego? W takim razie uczy\u0144 go swoim preferowanym dostawc\u0105.<\/li>\n\n\n\n<li><strong>Szybko, bezpiecznie i \u0142atwo<\/strong> - Platforma dzia\u0142a w chmurze i dzia\u0142a na komputerze stacjonarnym, laptopie, tablecie i smartfonie. Ekrany s\u0105 proste i \u0142atwe w obs\u0142udze w kilku j\u0119zykach, w tym angielskim, niemieckim, francuskim i polskim. Platforma jest bezpieczna, a ka\u017cda zmiana jest rejestrowana. Mo\u017cna j\u0105 r\u00f3wnie\u017c po\u0142\u0105czy\u0107 z dowolnym popularnym systemem ERP, VMS i WMS. Dzi\u0119ki PCT Online mo\u017cna unikn\u0105\u0107 niepotrzebnych dyskusji na temat jako\u015bci, ilo\u015bci i sald.<\/li>\n\n\n\n<li><strong>Dodatkowe opcje<\/strong> - Nie tylko korzystaj z PCT Online, ale u\u017cywaj go m\u0105drze, aby odci\u0105\u017cy\u0107 swoich klient\u00f3w. Organizuj odbiory i dostawy w ca\u0142ej Europie z pomoc\u0105 wsp\u00f3\u0142pracuj\u0105cych firm. Unikaj niepotrzebnych kosztownych podr\u00f3\u017cy i sk\u0142adaj zam\u00f3wienia za po\u015brednictwem platformy. E-Kredyty umo\u017cliwiaj\u0105 \u0142atwe dokonywanie zakup\u00f3w tam, gdzie klienci potrzebuj\u0105 palet.<\/li>\n<\/ol>\n<\/div>\n<\/div>\n\n\n\n<div class=\"wp-block-buttons is-content-justification-right is-layout-flex wp-container-core-buttons-is-layout-d445cf74 wp-block-buttons-is-layout-flex\">\n<div class=\"wp-block-button\"><a class=\"wp-block-button__link has-white-color has-mint-background-color has-text-color has-background has-link-color wp-element-button\" href=\"http:\/\/www.palletcontroltower.eu\/wp-content\/uploads\/2024\/01\/PCT_Leaflet_Chauffeur_NL_PR8.pdf\" target=\"_blank\" rel=\"noreferrer noopener\">Pobierz ulotk\u0119<\/a><\/div>\n<\/div>\n\n\n\n<hr class=\"wp-block-separator has-alpha-channel-opacity\"\/>\n\n\n\n<blockquote class=\"wp-block-quote is-layout-flow wp-block-quote-is-layout-flow\">\n<p class=\"has-text-align-center\">Zapobiegaj napr\u0119\u017ceniom palet! Pallet Control Tower to europejski standard i platforma do odbioru i dostawy przez dopasowanie dla europalet i innych ZAT. U\u0142atwiamy otwarty pooling od A do Z. I sprawiamy, \u017ce logistyka palet zn\u00f3w jest \u0142atwa w zarz\u0105dzaniu. <\/p>\n<\/blockquote>\n\n\n\n<hr class=\"wp-block-separator has-alpha-channel-opacity\"\/>\n\n\n\n<figure class=\"wp-block-image size-full\"><img decoding=\"async\" width=\"1600\" height=\"1066\" src=\"http:\/\/www.palletcontroltower.eu\/wp-content\/uploads\/2023\/11\/palletcontroltower-2.jpg\" alt=\"\" class=\"wp-image-207\" style=\"aspect-ratio:16\/9;object-fit:cover\" srcset=\"https:\/\/www.palletcontroltower.eu\/wp-content\/uploads\/2023\/11\/palletcontroltower-2.jpg 1600w, https:\/\/www.palletcontroltower.eu\/wp-content\/uploads\/2023\/11\/palletcontroltower-2-300x200.jpg 300w, https:\/\/www.palletcontroltower.eu\/wp-content\/uploads\/2023\/11\/palletcontroltower-2-1024x682.jpg 1024w, https:\/\/www.palletcontroltower.eu\/wp-content\/uploads\/2023\/11\/palletcontroltower-2-768x512.jpg 768w, https:\/\/www.palletcontroltower.eu\/wp-content\/uploads\/2023\/11\/palletcontroltower-2-1536x1023.jpg 1536w\" sizes=\"(max-width: 1600px) 100vw, 1600px\" \/><\/figure>\n\n\n\n<hr class=\"wp-block-separator has-alpha-channel-opacity\"\/>\n\n\n\n<div class=\"wp-block-columns is-layout-flex wp-container-core-columns-is-layout-28f84493 wp-block-columns-is-layout-flex\"><\/div>","protected":false},"excerpt":{"rendered":"<p>Tijd \u00e9n kwaliteit U bent een transportbedrijf, vervoerder of logistieke dienstverlener al dan niet met een eigen DC. Europa, Azi\u00eb, VS en\/of Canada is uw markt. Palletruil door chauffeurs ter plekke is veelal geen optie. Tijd is immers geld. Maar de kwaliteit van de pallet is ook kritisch voor een geautomatiseerd DC. PCT is te [&hellip;]<\/p>\n","protected":false},"author":1,"featured_media":0,"parent":25,"menu_order":4,"comment_status":"closed","ping_status":"closed","template":"","meta":{"footnotes":""},"class_list":["post-31","page","type-page","status-publish","hentry"],"yoast_head":"<!-- This site is optimized with the Yoast SEO plugin v27.3 - https:\/\/yoast.com\/product\/yoast-seo-wordpress\/ -->\n<title>Voor vervoerders\/DC&#039;s - Pallet Control Tower<\/title>\n<meta name=\"description\" content=\"De voordelen voor vervoerders en dc&#039;s zijn o.a.: chauffeurs ontlast, kosteneffectief, kwaliteitspallets, overzicht, snel-veilig-gemakkelijk\" \/>\n<meta name=\"robots\" content=\"index, follow, max-snippet:-1, max-image-preview:large, max-video-preview:-1\" \/>\n<link rel=\"canonical\" href=\"https:\/\/www.palletcontroltower.eu\/pl\/moja-przewaga\/dla-przewoznikow-dcs\/\" \/>\n<meta property=\"og:locale\" content=\"pl_PL\" \/>\n<meta property=\"og:type\" content=\"article\" \/>\n<meta property=\"og:title\" content=\"Voor vervoerders\/DC&#039;s - Pallet Control Tower\" \/>\n<meta property=\"og:description\" content=\"De voordelen voor vervoerders en dc&#039;s zijn o.a.: chauffeurs ontlast, kosteneffectief, kwaliteitspallets, overzicht, snel-veilig-gemakkelijk\" \/>\n<meta property=\"og:url\" content=\"https:\/\/www.palletcontroltower.eu\/pl\/moja-przewaga\/dla-przewoznikow-dcs\/\" \/>\n<meta property=\"og:site_name\" content=\"Pallet Control Tower\" \/>\n<meta property=\"article:modified_time\" content=\"2026-01-30T09:47:49+00:00\" \/>\n<meta property=\"og:image\" content=\"https:\/\/www.palletcontroltower.eu\/wp-content\/uploads\/2023\/12\/PCT_unloading.jpg\" \/>\n\t<meta property=\"og:image:width\" content=\"579\" \/>\n\t<meta property=\"og:image:height\" content=\"298\" \/>\n\t<meta property=\"og:image:type\" content=\"image\/jpeg\" \/>\n<meta name=\"twitter:card\" content=\"summary_large_image\" \/>\n<meta name=\"twitter:label1\" content=\"Szacowany czas czytania\" \/>\n\t<meta name=\"twitter:data1\" content=\"3 minuty\" \/>\n<script type=\"application\/ld+json\" class=\"yoast-schema-graph\">{\"@context\":\"https:\\\/\\\/schema.org\",\"@graph\":[{\"@type\":\"WebPage\",\"@id\":\"https:\\\/\\\/www.palletcontroltower.eu\\\/mijn-voordeel\\\/voor-vervoerders-dcs\\\/\",\"url\":\"https:\\\/\\\/www.palletcontroltower.eu\\\/mijn-voordeel\\\/voor-vervoerders-dcs\\\/\",\"name\":\"Voor vervoerders\\\/DC's - Pallet Control Tower\",\"isPartOf\":{\"@id\":\"https:\\\/\\\/www.palletcontroltower.eu\\\/#website\"},\"primaryImageOfPage\":{\"@id\":\"https:\\\/\\\/www.palletcontroltower.eu\\\/mijn-voordeel\\\/voor-vervoerders-dcs\\\/#primaryimage\"},\"image\":{\"@id\":\"https:\\\/\\\/www.palletcontroltower.eu\\\/mijn-voordeel\\\/voor-vervoerders-dcs\\\/#primaryimage\"},\"thumbnailUrl\":\"http:\\\/\\\/www.palletcontroltower.eu\\\/wp-content\\\/uploads\\\/2023\\\/12\\\/PCT_unloading.jpg\",\"datePublished\":\"2023-11-22T08:00:36+00:00\",\"dateModified\":\"2026-01-30T09:47:49+00:00\",\"description\":\"De voordelen voor vervoerders en dc's zijn o.a.: chauffeurs ontlast, kosteneffectief, kwaliteitspallets, overzicht, snel-veilig-gemakkelijk\",\"breadcrumb\":{\"@id\":\"https:\\\/\\\/www.palletcontroltower.eu\\\/mijn-voordeel\\\/voor-vervoerders-dcs\\\/#breadcrumb\"},\"inLanguage\":\"pl-PL\",\"potentialAction\":[{\"@type\":\"ReadAction\",\"target\":[\"https:\\\/\\\/www.palletcontroltower.eu\\\/mijn-voordeel\\\/voor-vervoerders-dcs\\\/\"]}]},{\"@type\":\"ImageObject\",\"inLanguage\":\"pl-PL\",\"@id\":\"https:\\\/\\\/www.palletcontroltower.eu\\\/mijn-voordeel\\\/voor-vervoerders-dcs\\\/#primaryimage\",\"url\":\"http:\\\/\\\/www.palletcontroltower.eu\\\/wp-content\\\/uploads\\\/2023\\\/12\\\/PCT_unloading.jpg\",\"contentUrl\":\"http:\\\/\\\/www.palletcontroltower.eu\\\/wp-content\\\/uploads\\\/2023\\\/12\\\/PCT_unloading.jpg\"},{\"@type\":\"BreadcrumbList\",\"@id\":\"https:\\\/\\\/www.palletcontroltower.eu\\\/mijn-voordeel\\\/voor-vervoerders-dcs\\\/#breadcrumb\",\"itemListElement\":[{\"@type\":\"ListItem\",\"position\":1,\"name\":\"Home\",\"item\":\"https:\\\/\\\/www.palletcontroltower.eu\\\/\"},{\"@type\":\"ListItem\",\"position\":2,\"name\":\"Mijn voordeel\",\"item\":\"https:\\\/\\\/www.palletcontroltower.eu\\\/pl\\\/mijn-voordeel\\\/\"},{\"@type\":\"ListItem\",\"position\":3,\"name\":\"Voor vervoerders\\\/DC&#8217;s\"}]},{\"@type\":\"WebSite\",\"@id\":\"https:\\\/\\\/www.palletcontroltower.eu\\\/#website\",\"url\":\"https:\\\/\\\/www.palletcontroltower.eu\\\/\",\"name\":\"Pallet Control Tower\",\"description\":\"\",\"publisher\":{\"@id\":\"https:\\\/\\\/www.palletcontroltower.eu\\\/#organization\"},\"potentialAction\":[{\"@type\":\"SearchAction\",\"target\":{\"@type\":\"EntryPoint\",\"urlTemplate\":\"https:\\\/\\\/www.palletcontroltower.eu\\\/?s={search_term_string}\"},\"query-input\":{\"@type\":\"PropertyValueSpecification\",\"valueRequired\":true,\"valueName\":\"search_term_string\"}}],\"inLanguage\":\"pl-PL\"},{\"@type\":\"Organization\",\"@id\":\"https:\\\/\\\/www.palletcontroltower.eu\\\/#organization\",\"name\":\"Pallet Control Tower\",\"url\":\"https:\\\/\\\/www.palletcontroltower.eu\\\/\",\"logo\":{\"@type\":\"ImageObject\",\"inLanguage\":\"pl-PL\",\"@id\":\"https:\\\/\\\/www.palletcontroltower.eu\\\/#\\\/schema\\\/logo\\\/image\\\/\",\"url\":\"https:\\\/\\\/www.palletcontroltower.eu\\\/wp-content\\\/uploads\\\/2023\\\/10\\\/logo.svg\",\"contentUrl\":\"https:\\\/\\\/www.palletcontroltower.eu\\\/wp-content\\\/uploads\\\/2023\\\/10\\\/logo.svg\",\"width\":290,\"height\":87,\"caption\":\"Pallet Control Tower\"},\"image\":{\"@id\":\"https:\\\/\\\/www.palletcontroltower.eu\\\/#\\\/schema\\\/logo\\\/image\\\/\"}}]}<\/script>\n<!-- \/ Yoast SEO plugin. -->","yoast_head_json":{"title":"Dla przewo\u017anik\u00f3w\/DC - wie\u017ca kontroli palet","description":"Korzy\u015bci dla przewo\u017anik\u00f3w i centr\u00f3w dystrybucyjnych obejmuj\u0105: odci\u0105\u017cenie kierowc\u00f3w, op\u0142acalno\u015b\u0107, wysokiej jako\u015bci palety, przegl\u0105d, szybko\u015b\u0107, bezpiecze\u0144stwo i \u0142atwo\u015b\u0107 obs\u0142ugi.","robots":{"index":"index","follow":"follow","max-snippet":"max-snippet:-1","max-image-preview":"max-image-preview:large","max-video-preview":"max-video-preview:-1"},"canonical":"https:\/\/www.palletcontroltower.eu\/pl\/moja-przewaga\/dla-przewoznikow-dcs\/","og_locale":"pl_PL","og_type":"article","og_title":"Voor vervoerders\/DC's - Pallet Control Tower","og_description":"De voordelen voor vervoerders en dc's zijn o.a.: chauffeurs ontlast, kosteneffectief, kwaliteitspallets, overzicht, snel-veilig-gemakkelijk","og_url":"https:\/\/www.palletcontroltower.eu\/pl\/moja-przewaga\/dla-przewoznikow-dcs\/","og_site_name":"Pallet Control Tower","article_modified_time":"2026-01-30T09:47:49+00:00","og_image":[{"width":579,"height":298,"url":"https:\/\/www.palletcontroltower.eu\/wp-content\/uploads\/2023\/12\/PCT_unloading.jpg","type":"image\/jpeg"}],"twitter_card":"summary_large_image","twitter_misc":{"Szacowany czas czytania":"3 minuty"},"schema":{"@context":"https:\/\/schema.org","@graph":[{"@type":"WebPage","@id":"https:\/\/www.palletcontroltower.eu\/mijn-voordeel\/voor-vervoerders-dcs\/","url":"https:\/\/www.palletcontroltower.eu\/mijn-voordeel\/voor-vervoerders-dcs\/","name":"Dla przewo\u017anik\u00f3w\/DC - wie\u017ca kontroli palet","isPartOf":{"@id":"https:\/\/www.palletcontroltower.eu\/#website"},"primaryImageOfPage":{"@id":"https:\/\/www.palletcontroltower.eu\/mijn-voordeel\/voor-vervoerders-dcs\/#primaryimage"},"image":{"@id":"https:\/\/www.palletcontroltower.eu\/mijn-voordeel\/voor-vervoerders-dcs\/#primaryimage"},"thumbnailUrl":"http:\/\/www.palletcontroltower.eu\/wp-content\/uploads\/2023\/12\/PCT_unloading.jpg","datePublished":"2023-11-22T08:00:36+00:00","dateModified":"2026-01-30T09:47:49+00:00","description":"Korzy\u015bci dla przewo\u017anik\u00f3w i centr\u00f3w dystrybucyjnych obejmuj\u0105: odci\u0105\u017cenie kierowc\u00f3w, op\u0142acalno\u015b\u0107, wysokiej jako\u015bci palety, przegl\u0105d, szybko\u015b\u0107, bezpiecze\u0144stwo i \u0142atwo\u015b\u0107 obs\u0142ugi.","breadcrumb":{"@id":"https:\/\/www.palletcontroltower.eu\/mijn-voordeel\/voor-vervoerders-dcs\/#breadcrumb"},"inLanguage":"pl-PL","potentialAction":[{"@type":"ReadAction","target":["https:\/\/www.palletcontroltower.eu\/mijn-voordeel\/voor-vervoerders-dcs\/"]}]},{"@type":"ImageObject","inLanguage":"pl-PL","@id":"https:\/\/www.palletcontroltower.eu\/mijn-voordeel\/voor-vervoerders-dcs\/#primaryimage","url":"http:\/\/www.palletcontroltower.eu\/wp-content\/uploads\/2023\/12\/PCT_unloading.jpg","contentUrl":"http:\/\/www.palletcontroltower.eu\/wp-content\/uploads\/2023\/12\/PCT_unloading.jpg"},{"@type":"BreadcrumbList","@id":"https:\/\/www.palletcontroltower.eu\/mijn-voordeel\/voor-vervoerders-dcs\/#breadcrumb","itemListElement":[{"@type":"ListItem","position":1,"name":"Home","item":"https:\/\/www.palletcontroltower.eu\/"},{"@type":"ListItem","position":2,"name":"Mijn voordeel","item":"https:\/\/www.palletcontroltower.eu\/pl\/mijn-voordeel\/"},{"@type":"ListItem","position":3,"name":"Voor vervoerders\/DC&#8217;s"}]},{"@type":"WebSite","@id":"https:\/\/www.palletcontroltower.eu\/#website","url":"https:\/\/www.palletcontroltower.eu\/","name":"Wie\u017ca kontroli palet","description":"","publisher":{"@id":"https:\/\/www.palletcontroltower.eu\/#organization"},"potentialAction":[{"@type":"SearchAction","target":{"@type":"EntryPoint","urlTemplate":"https:\/\/www.palletcontroltower.eu\/?s={search_term_string}"},"query-input":{"@type":"PropertyValueSpecification","valueRequired":true,"valueName":"search_term_string"}}],"inLanguage":"pl-PL"},{"@type":"Organization","@id":"https:\/\/www.palletcontroltower.eu\/#organization","name":"Wie\u017ca kontroli palet","url":"https:\/\/www.palletcontroltower.eu\/","logo":{"@type":"ImageObject","inLanguage":"pl-PL","@id":"https:\/\/www.palletcontroltower.eu\/#\/schema\/logo\/image\/","url":"https:\/\/www.palletcontroltower.eu\/wp-content\/uploads\/2023\/10\/logo.svg","contentUrl":"https:\/\/www.palletcontroltower.eu\/wp-content\/uploads\/2023\/10\/logo.svg","width":290,"height":87,"caption":"Pallet Control Tower"},"image":{"@id":"https:\/\/www.palletcontroltower.eu\/#\/schema\/logo\/image\/"}}]}},"_links":{"self":[{"href":"https:\/\/www.palletcontroltower.eu\/pl\/wp-json\/wp\/v2\/pages\/31","targetHints":{"allow":["GET"]}}],"collection":[{"href":"https:\/\/www.palletcontroltower.eu\/pl\/wp-json\/wp\/v2\/pages"}],"about":[{"href":"https:\/\/www.palletcontroltower.eu\/pl\/wp-json\/wp\/v2\/types\/page"}],"author":[{"embeddable":true,"href":"https:\/\/www.palletcontroltower.eu\/pl\/wp-json\/wp\/v2\/users\/1"}],"replies":[{"embeddable":true,"href":"https:\/\/www.palletcontroltower.eu\/pl\/wp-json\/wp\/v2\/comments?post=31"}],"version-history":[{"count":13,"href":"https:\/\/www.palletcontroltower.eu\/pl\/wp-json\/wp\/v2\/pages\/31\/revisions"}],"predecessor-version":[{"id":1231,"href":"https:\/\/www.palletcontroltower.eu\/pl\/wp-json\/wp\/v2\/pages\/31\/revisions\/1231"}],"up":[{"embeddable":true,"href":"https:\/\/www.palletcontroltower.eu\/pl\/wp-json\/wp\/v2\/pages\/25"}],"wp:attachment":[{"href":"https:\/\/www.palletcontroltower.eu\/pl\/wp-json\/wp\/v2\/media?parent=31"}],"curies":[{"name":"wp","href":"https:\/\/api.w.org\/{rel}","templated":true}]}}