{"id":33,"date":"2023-11-22T08:01:30","date_gmt":"2023-11-22T08:01:30","guid":{"rendered":"http:\/\/www.palletcontroltower.eu\/?page_id=33"},"modified":"2026-01-30T09:46:29","modified_gmt":"2026-01-30T09:46:29","slug":"dla-magazynow-palet","status":"publish","type":"page","link":"https:\/\/www.palletcontroltower.eu\/pl\/mijn-voordeel\/voor-palletdepots\/","title":{"rendered":"Dla magazyn\u00f3w palet"},"content":{"rendered":"<div class=\"wp-block-columns is-layout-flex wp-container-core-columns-is-layout-28f84493 wp-block-columns-is-layout-flex\">\n<div class=\"wp-block-column is-layout-flow wp-block-column-is-layout-flow\">\n<h2 class=\"wp-block-heading\">Obs\u0142uga rynku w inteligentny spos\u00f3b<\/h2>\n\n\n\n<p>Jeste\u015b sprzedawc\u0105 palet - producentem palet - magazynem palet w Europie, Azji lub Ameryce\/Kanadzie. PCT Online poszerzy i powi\u0119kszy Tw\u00f3j rynek.<\/p>\n\n\n\n<p>PCT Online mo\u017cna znale\u017a\u0107 we wszystkich ga\u0142\u0119ziach przemys\u0142u, dzi\u0119ki czemu sprawdza si\u0119 na wszystkich rynkach. Z naszej platformy korzystaj\u0105 najwi\u0119ksi u\u017cytkownicy palet z ca\u0142ego \u015bwiata. Poszukuj\u0105 oni przejrzysto\u015bci w \u0142a\u0144cuchu dostaw i bardziej zr\u00f3wnowa\u017conego wykorzystania wszystkich u\u017cywanych no\u015bnik\u00f3w \u0142adunku. <\/p>\n\n\n\n<p>Obs\u0142uguj swoich mi\u0119dzynarodowych lub globalnych klient\u00f3w i wsp\u00f3\u0142pracuj z kolegami w Europie lub za granic\u0105. Zam\u00f3w wymagane palety lokalnie za po\u015brednictwem zam\u00f3wienia Deliver i unikaj niepotrzebnych koszt\u00f3w transportu ci\u0119\u017car\u00f3wek lub kontener\u00f3w z samymi paletami. B\u0105d\u017a zr\u00f3wnowa\u017cony i inteligentny! <\/p>\n\n\n\n<div class=\"wp-block-buttons is-layout-flex wp-block-buttons-is-layout-flex\">\n<div class=\"wp-block-button\"><a class=\"wp-block-button__link has-white-color has-green-background-color has-text-color has-background has-link-color wp-element-button\" href=\"https:\/\/portal.pct-online.eu\/register\" target=\"_blank\" rel=\"noreferrer noopener\">Aktywacja konta<\/a><\/div>\n<\/div>\n<\/div>\n<\/div>\n\n\n\n<hr class=\"wp-block-separator has-alpha-channel-opacity\"\/>\n\n\n\n<div class=\"wp-block-columns are-vertically-aligned-center is-layout-flex wp-container-core-columns-is-layout-28f84493 wp-block-columns-is-layout-flex\">\n<div class=\"wp-block-column is-vertically-aligned-center is-layout-flow wp-block-column-is-layout-flow\">\n<figure class=\"wp-block-image size-full\"><img fetchpriority=\"high\" decoding=\"async\" width=\"1000\" height=\"667\" src=\"http:\/\/www.palletcontroltower.eu\/wp-content\/uploads\/2023\/12\/PCT_EPAL_storage.jpg\" alt=\"Optymalna wydajno\u015b\u0107 magazynowania dzi\u0119ki europaletom EPAL\" class=\"wp-image-807\" style=\"aspect-ratio:3\/4;object-fit:cover\" srcset=\"https:\/\/www.palletcontroltower.eu\/wp-content\/uploads\/2023\/12\/PCT_EPAL_storage.jpg 1000w, https:\/\/www.palletcontroltower.eu\/wp-content\/uploads\/2023\/12\/PCT_EPAL_storage-300x200.jpg 300w, https:\/\/www.palletcontroltower.eu\/wp-content\/uploads\/2023\/12\/PCT_EPAL_storage-768x512.jpg 768w, https:\/\/www.palletcontroltower.eu\/wp-content\/uploads\/2023\/12\/PCT_EPAL_storage-18x12.jpg 18w\" sizes=\"(max-width: 1000px) 100vw, 1000px\" \/><\/figure>\n<\/div>\n\n\n\n<div class=\"wp-block-column is-vertically-aligned-center is-layout-flow wp-block-column-is-layout-flow\">\n<h2 class=\"wp-block-heading\">Skuteczne i wydajne zarz\u0105dzanie paletami<\/h2>\n\n\n\n<ol class=\"wp-block-list\">\n<li><strong>Zintegrowany \u0142a\u0144cuch logistyczny<\/strong> - Przep\u0142ywy palet w Europie staj\u0105 si\u0119 coraz bardziej z\u0142o\u017cone, a tym samym bardziej interesuj\u0105ce dla sprzedawc\u00f3w palet i magazyn\u00f3w. Pallet Control Tower Online (PCTO) zapewnia przejrzysto\u015b\u0107 i rozszerza sieci.<\/li>\n\n\n\n<li><strong>Wi\u0119cej handlu<\/strong> - PCT Online u\u0142atwia odbi\u00f3r, dostaw\u0119 i dopasowanie w inteligentny spos\u00f3b. Dzi\u0119ki naszemu autorskiemu systemowi e-Credit, europalety i inne RTI mog\u0105 by\u0107 kupowane, sprzedawane lub wirtualnie dopasowywane. Klienci sk\u0142adaj\u0105 zam\u00f3wienie, a system wysy\u0142a je do Ciebie, po\u0142\u0105czonego dostawcy palet. Klient automatycznie widzi Twoj\u0105 ofert\u0119 i dokonuje wyboru w oparciu o cen\u0119, zr\u00f3wnowa\u017cony rozw\u00f3j (\u015blad CO2) lub \u2018preferowanego dostawc\u0119\u2019. Aktywuj\u0105c swoje konto w PCT Online, zwi\u0119kszasz swoj\u0105 sie\u0107, a tym samym szans\u0119 na dodatkow\u0105 sprzeda\u017c.<\/li>\n\n\n\n<li><strong>Jasne umowy<\/strong> - Coraz wi\u0119cej firm do\u015bwiadcza stresu paletowego zwi\u0105zanego z zestawieniami tworzonymi r\u0119cznie i w Excelu. Chc\u0105 odzyska\u0107 \"kontrol\u0119\". Kt\u00f3re i ile palet znajduje si\u0119 gdzie i w jakich umowach? Zw\u0142aszcza przy wahaniach ilo\u015bci i cen palet, koszty i przychody staj\u0105 si\u0119 wa\u017cnymi elementami dla wszystkich u\u017cytkownik\u00f3w palet.<\/li>\n\n\n\n<li><strong>Warto\u015b\u0107 zu\u017cytych palet<\/strong> - Nigdy wi\u0119cej spor\u00f3w o warto\u015b\u0107 u\u017cywanej palety. Palety s\u0105 sortowane i wyceniane przez u\u017cytkownika po odbiorze. Dla klienta warto\u015b\u0107 ta stanowi liczb\u0119 e-Kredyt\u00f3w. Warto\u015b\u0107 e-kredytu jest powi\u0105zana z tak zwanym indeksem EUWID; powszechnie akceptowanym standardem w Europie. Je\u015bli pojawi si\u0119 dyskusja, nasi opiekunowie klienta przyjad\u0105 i oceni\u0105 spraw\u0119.<\/li>\n\n\n\n<li><strong>Szybko, \u0142atwo i bezpiecznie<\/strong> - Po uzgodnieniu i prawid\u0142owym wykonaniu zam\u00f3wienia otrzymasz zap\u0142at\u0119 w ci\u0105gu 8 dni dzi\u0119ki naszemu systemowi \"samofakturowania\". Platforma jest bezpieczna dla wszystkich transakcji i dok\u0142adnie rejestruje ka\u017cd\u0105 wymian\u0119. Oferujemy, w kilku j\u0119zykach, przyjazny dla u\u017cytkownika interfejs o minimalnej z\u0142o\u017cono\u015bci. PCT Online mo\u017cna po\u0142\u0105czy\u0107 z dowolnym popularnym systemem ERP, VMS i WMS.<\/li>\n\n\n\n<li><strong>Us\u0142ugi mi\u0119dzynarodowe<\/strong> - Je\u015bli masz mi\u0119dzynarodowych klient\u00f3w, PCT Online jest r\u00f3wnie\u017c idealnym rozwi\u0105zaniem. Rozszerz swoje konto \"dostawcy\" o \"u\u017cytkownika\" i wybierz innego dostawc\u0119 palet w Europie, aby zrealizowa\u0107 zlecenie odbioru lub dostawy. Pozwala to unikn\u0105\u0107 niepotrzebnych podr\u00f3\u017cy po Europie z ci\u0119\u017car\u00f3wkami pe\u0142nymi pustych palet. P\u0142atno\u015b\u0107 jest dokonywana w e-kredytach bez podatku VAT. To rozwi\u0105zanie jest zar\u00f3wno bardziej op\u0142acalne, jak i bardziej zr\u00f3wnowa\u017cone.<\/li>\n<\/ol>\n\n\n\n<div class=\"wp-block-buttons is-content-justification-right is-layout-flex wp-container-core-buttons-is-layout-d445cf74 wp-block-buttons-is-layout-flex\"><\/div>\n<\/div>\n<\/div>\n\n\n\n<div class=\"wp-block-buttons is-content-justification-right is-layout-flex wp-container-core-buttons-is-layout-d445cf74 wp-block-buttons-is-layout-flex\">\n<div class=\"wp-block-button\"><a class=\"wp-block-button__link has-white-color has-mint-background-color has-text-color has-background has-link-color wp-element-button\" href=\"http:\/\/www.palletcontroltower.eu\/wp-content\/uploads\/2024\/01\/PCT_Leaflet_Depot_NL_PR8.pdf\" target=\"_blank\" rel=\"noreferrer noopener\">Pobierz ulotk\u0119<\/a><\/div>\n<\/div>\n\n\n\n<hr class=\"wp-block-separator has-alpha-channel-opacity\"\/>\n\n\n\n<blockquote class=\"wp-block-quote is-layout-flow wp-block-quote-is-layout-flow\">\n<p class=\"has-text-align-center\">Zapobiegaj napr\u0119\u017ceniom palet! Pallet Control Tower to europejski standard i platforma do odbioru i dostawy przez dopasowanie dla europalet i innych RTI. U\u0142atwiamy otwarty pooling od A do Z. I sprawiamy, \u017ce logistyka palet zn\u00f3w jest \u0142atwa w zarz\u0105dzaniu.<\/p>\n<\/blockquote>\n\n\n\n<hr class=\"wp-block-separator has-alpha-channel-opacity\"\/>\n\n\n\n<figure class=\"wp-block-image size-full\"><img decoding=\"async\" width=\"1600\" height=\"1066\" src=\"http:\/\/www.palletcontroltower.eu\/wp-content\/uploads\/2023\/11\/palletcontroltower-2.jpg\" alt=\"\" class=\"wp-image-207\" style=\"aspect-ratio:16\/9;object-fit:cover\" srcset=\"https:\/\/www.palletcontroltower.eu\/wp-content\/uploads\/2023\/11\/palletcontroltower-2.jpg 1600w, https:\/\/www.palletcontroltower.eu\/wp-content\/uploads\/2023\/11\/palletcontroltower-2-300x200.jpg 300w, https:\/\/www.palletcontroltower.eu\/wp-content\/uploads\/2023\/11\/palletcontroltower-2-1024x682.jpg 1024w, https:\/\/www.palletcontroltower.eu\/wp-content\/uploads\/2023\/11\/palletcontroltower-2-768x512.jpg 768w, https:\/\/www.palletcontroltower.eu\/wp-content\/uploads\/2023\/11\/palletcontroltower-2-1536x1023.jpg 1536w\" sizes=\"(max-width: 1600px) 100vw, 1600px\" \/><\/figure>\n\n\n\n<hr class=\"wp-block-separator has-alpha-channel-opacity\"\/>\n\n\n\n<div class=\"wp-block-columns is-layout-flex wp-container-core-columns-is-layout-28f84493 wp-block-columns-is-layout-flex\"><\/div>","protected":false},"excerpt":{"rendered":"<p>Service uw markt op een slimme manier U bent pallethandelaar &#8211; palletproducent &#8211; palletdepot binnen Europa, Azi\u00eb of Amerika\/Canada. Dan is PCT Online een verbreding en vergroting van uw markt. PCT Online is te vinden in alle soorten van industrie\u00ebn en is daarmee van alle markten thuis. Grote palletgebruikers van over de hele wereld maken [&hellip;]<\/p>\n","protected":false},"author":1,"featured_media":0,"parent":25,"menu_order":3,"comment_status":"closed","ping_status":"closed","template":"","meta":{"footnotes":""},"class_list":["post-33","page","type-page","status-publish","hentry"],"yoast_head":"<!-- This site is optimized with the Yoast SEO plugin v27.6 - https:\/\/yoast.com\/product\/yoast-seo-wordpress\/ -->\n<title>Voor palletdepots - Pallet Control Tower<\/title>\n<meta name=\"description\" content=\"Voor palletdepots zijn de voordelen o.a.: integrale logistieke keten, meer handel, heldere afspraken, waarde gebruikte pallets\" \/>\n<meta name=\"robots\" content=\"index, follow, max-snippet:-1, max-image-preview:large, max-video-preview:-1\" \/>\n<link rel=\"canonical\" href=\"https:\/\/www.palletcontroltower.eu\/pl\/moja-przewaga\/dla-magazynow-palet\/\" \/>\n<meta property=\"og:locale\" content=\"pl_PL\" \/>\n<meta property=\"og:type\" content=\"article\" \/>\n<meta property=\"og:title\" content=\"Voor palletdepots - Pallet Control Tower\" \/>\n<meta property=\"og:description\" content=\"Voor palletdepots zijn de voordelen o.a.: integrale logistieke keten, meer handel, heldere afspraken, waarde gebruikte pallets\" \/>\n<meta property=\"og:url\" content=\"https:\/\/www.palletcontroltower.eu\/pl\/moja-przewaga\/dla-magazynow-palet\/\" \/>\n<meta property=\"og:site_name\" content=\"Pallet Control Tower\" \/>\n<meta property=\"article:modified_time\" content=\"2026-01-30T09:46:29+00:00\" \/>\n<meta property=\"og:image\" content=\"https:\/\/www.palletcontroltower.eu\/wp-content\/uploads\/2023\/12\/PCT_EPAL_storage.jpg\" \/>\n\t<meta property=\"og:image:width\" content=\"1000\" \/>\n\t<meta property=\"og:image:height\" content=\"667\" \/>\n\t<meta property=\"og:image:type\" content=\"image\/jpeg\" \/>\n<meta name=\"twitter:card\" content=\"summary_large_image\" \/>\n<meta name=\"twitter:label1\" content=\"Szacowany czas czytania\" \/>\n\t<meta name=\"twitter:data1\" content=\"3 minuty\" \/>\n<script type=\"application\/ld+json\" class=\"yoast-schema-graph\">{\"@context\":\"https:\\\/\\\/schema.org\",\"@graph\":[{\"@type\":\"WebPage\",\"@id\":\"https:\\\/\\\/www.palletcontroltower.eu\\\/mijn-voordeel\\\/voor-palletdepots\\\/\",\"url\":\"https:\\\/\\\/www.palletcontroltower.eu\\\/mijn-voordeel\\\/voor-palletdepots\\\/\",\"name\":\"Voor palletdepots - Pallet Control Tower\",\"isPartOf\":{\"@id\":\"https:\\\/\\\/www.palletcontroltower.eu\\\/#website\"},\"primaryImageOfPage\":{\"@id\":\"https:\\\/\\\/www.palletcontroltower.eu\\\/mijn-voordeel\\\/voor-palletdepots\\\/#primaryimage\"},\"image\":{\"@id\":\"https:\\\/\\\/www.palletcontroltower.eu\\\/mijn-voordeel\\\/voor-palletdepots\\\/#primaryimage\"},\"thumbnailUrl\":\"http:\\\/\\\/www.palletcontroltower.eu\\\/wp-content\\\/uploads\\\/2023\\\/12\\\/PCT_EPAL_storage.jpg\",\"datePublished\":\"2023-11-22T08:01:30+00:00\",\"dateModified\":\"2026-01-30T09:46:29+00:00\",\"description\":\"Voor palletdepots zijn de voordelen o.a.: integrale logistieke keten, meer handel, heldere afspraken, waarde gebruikte pallets\",\"breadcrumb\":{\"@id\":\"https:\\\/\\\/www.palletcontroltower.eu\\\/mijn-voordeel\\\/voor-palletdepots\\\/#breadcrumb\"},\"inLanguage\":\"pl-PL\",\"potentialAction\":[{\"@type\":\"ReadAction\",\"target\":[\"https:\\\/\\\/www.palletcontroltower.eu\\\/mijn-voordeel\\\/voor-palletdepots\\\/\"]}]},{\"@type\":\"ImageObject\",\"inLanguage\":\"pl-PL\",\"@id\":\"https:\\\/\\\/www.palletcontroltower.eu\\\/mijn-voordeel\\\/voor-palletdepots\\\/#primaryimage\",\"url\":\"http:\\\/\\\/www.palletcontroltower.eu\\\/wp-content\\\/uploads\\\/2023\\\/12\\\/PCT_EPAL_storage.jpg\",\"contentUrl\":\"http:\\\/\\\/www.palletcontroltower.eu\\\/wp-content\\\/uploads\\\/2023\\\/12\\\/PCT_EPAL_storage.jpg\"},{\"@type\":\"BreadcrumbList\",\"@id\":\"https:\\\/\\\/www.palletcontroltower.eu\\\/mijn-voordeel\\\/voor-palletdepots\\\/#breadcrumb\",\"itemListElement\":[{\"@type\":\"ListItem\",\"position\":1,\"name\":\"Home\",\"item\":\"https:\\\/\\\/www.palletcontroltower.eu\\\/\"},{\"@type\":\"ListItem\",\"position\":2,\"name\":\"Mijn voordeel\",\"item\":\"https:\\\/\\\/www.palletcontroltower.eu\\\/pl\\\/mijn-voordeel\\\/\"},{\"@type\":\"ListItem\",\"position\":3,\"name\":\"Voor palletdepots\"}]},{\"@type\":\"WebSite\",\"@id\":\"https:\\\/\\\/www.palletcontroltower.eu\\\/#website\",\"url\":\"https:\\\/\\\/www.palletcontroltower.eu\\\/\",\"name\":\"Pallet Control Tower\",\"description\":\"\",\"publisher\":{\"@id\":\"https:\\\/\\\/www.palletcontroltower.eu\\\/#organization\"},\"potentialAction\":[{\"@type\":\"SearchAction\",\"target\":{\"@type\":\"EntryPoint\",\"urlTemplate\":\"https:\\\/\\\/www.palletcontroltower.eu\\\/?s={search_term_string}\"},\"query-input\":{\"@type\":\"PropertyValueSpecification\",\"valueRequired\":true,\"valueName\":\"search_term_string\"}}],\"inLanguage\":\"pl-PL\"},{\"@type\":\"Organization\",\"@id\":\"https:\\\/\\\/www.palletcontroltower.eu\\\/#organization\",\"name\":\"Pallet Control Tower\",\"url\":\"https:\\\/\\\/www.palletcontroltower.eu\\\/\",\"logo\":{\"@type\":\"ImageObject\",\"inLanguage\":\"pl-PL\",\"@id\":\"https:\\\/\\\/www.palletcontroltower.eu\\\/#\\\/schema\\\/logo\\\/image\\\/\",\"url\":\"https:\\\/\\\/www.palletcontroltower.eu\\\/wp-content\\\/uploads\\\/2023\\\/10\\\/logo.svg\",\"contentUrl\":\"https:\\\/\\\/www.palletcontroltower.eu\\\/wp-content\\\/uploads\\\/2023\\\/10\\\/logo.svg\",\"width\":290,\"height\":87,\"caption\":\"Pallet Control Tower\"},\"image\":{\"@id\":\"https:\\\/\\\/www.palletcontroltower.eu\\\/#\\\/schema\\\/logo\\\/image\\\/\"}}]}<\/script>\n<!-- \/ Yoast SEO plugin. -->","yoast_head_json":{"title":"Dla magazyn\u00f3w palet - wie\u017ca kontroli palet","description":"W przypadku magazyn\u00f3w palet korzy\u015bci obejmuj\u0105: zintegrowany \u0142a\u0144cuch logistyczny, zwi\u0119kszony handel, przejrzyste umowy, warto\u015b\u0107 u\u017cywanych palet.","robots":{"index":"index","follow":"follow","max-snippet":"max-snippet:-1","max-image-preview":"max-image-preview:large","max-video-preview":"max-video-preview:-1"},"canonical":"https:\/\/www.palletcontroltower.eu\/pl\/moja-przewaga\/dla-magazynow-palet\/","og_locale":"pl_PL","og_type":"article","og_title":"Voor palletdepots - Pallet Control Tower","og_description":"Voor palletdepots zijn de voordelen o.a.: integrale logistieke keten, meer handel, heldere afspraken, waarde gebruikte pallets","og_url":"https:\/\/www.palletcontroltower.eu\/pl\/moja-przewaga\/dla-magazynow-palet\/","og_site_name":"Pallet Control Tower","article_modified_time":"2026-01-30T09:46:29+00:00","og_image":[{"width":1000,"height":667,"url":"https:\/\/www.palletcontroltower.eu\/wp-content\/uploads\/2023\/12\/PCT_EPAL_storage.jpg","type":"image\/jpeg"}],"twitter_card":"summary_large_image","twitter_misc":{"Szacowany czas czytania":"3 minuty"},"schema":{"@context":"https:\/\/schema.org","@graph":[{"@type":"WebPage","@id":"https:\/\/www.palletcontroltower.eu\/mijn-voordeel\/voor-palletdepots\/","url":"https:\/\/www.palletcontroltower.eu\/mijn-voordeel\/voor-palletdepots\/","name":"Dla magazyn\u00f3w palet - wie\u017ca kontroli palet","isPartOf":{"@id":"https:\/\/www.palletcontroltower.eu\/#website"},"primaryImageOfPage":{"@id":"https:\/\/www.palletcontroltower.eu\/mijn-voordeel\/voor-palletdepots\/#primaryimage"},"image":{"@id":"https:\/\/www.palletcontroltower.eu\/mijn-voordeel\/voor-palletdepots\/#primaryimage"},"thumbnailUrl":"http:\/\/www.palletcontroltower.eu\/wp-content\/uploads\/2023\/12\/PCT_EPAL_storage.jpg","datePublished":"2023-11-22T08:01:30+00:00","dateModified":"2026-01-30T09:46:29+00:00","description":"W przypadku magazyn\u00f3w palet korzy\u015bci obejmuj\u0105: zintegrowany \u0142a\u0144cuch logistyczny, zwi\u0119kszony handel, przejrzyste umowy, warto\u015b\u0107 u\u017cywanych palet.","breadcrumb":{"@id":"https:\/\/www.palletcontroltower.eu\/mijn-voordeel\/voor-palletdepots\/#breadcrumb"},"inLanguage":"pl-PL","potentialAction":[{"@type":"ReadAction","target":["https:\/\/www.palletcontroltower.eu\/mijn-voordeel\/voor-palletdepots\/"]}]},{"@type":"ImageObject","inLanguage":"pl-PL","@id":"https:\/\/www.palletcontroltower.eu\/mijn-voordeel\/voor-palletdepots\/#primaryimage","url":"http:\/\/www.palletcontroltower.eu\/wp-content\/uploads\/2023\/12\/PCT_EPAL_storage.jpg","contentUrl":"http:\/\/www.palletcontroltower.eu\/wp-content\/uploads\/2023\/12\/PCT_EPAL_storage.jpg"},{"@type":"BreadcrumbList","@id":"https:\/\/www.palletcontroltower.eu\/mijn-voordeel\/voor-palletdepots\/#breadcrumb","itemListElement":[{"@type":"ListItem","position":1,"name":"Home","item":"https:\/\/www.palletcontroltower.eu\/"},{"@type":"ListItem","position":2,"name":"Mijn voordeel","item":"https:\/\/www.palletcontroltower.eu\/pl\/mijn-voordeel\/"},{"@type":"ListItem","position":3,"name":"Voor palletdepots"}]},{"@type":"WebSite","@id":"https:\/\/www.palletcontroltower.eu\/#website","url":"https:\/\/www.palletcontroltower.eu\/","name":"Wie\u017ca kontroli palet","description":"","publisher":{"@id":"https:\/\/www.palletcontroltower.eu\/#organization"},"potentialAction":[{"@type":"SearchAction","target":{"@type":"EntryPoint","urlTemplate":"https:\/\/www.palletcontroltower.eu\/?s={search_term_string}"},"query-input":{"@type":"PropertyValueSpecification","valueRequired":true,"valueName":"search_term_string"}}],"inLanguage":"pl-PL"},{"@type":"Organization","@id":"https:\/\/www.palletcontroltower.eu\/#organization","name":"Wie\u017ca kontroli palet","url":"https:\/\/www.palletcontroltower.eu\/","logo":{"@type":"ImageObject","inLanguage":"pl-PL","@id":"https:\/\/www.palletcontroltower.eu\/#\/schema\/logo\/image\/","url":"https:\/\/www.palletcontroltower.eu\/wp-content\/uploads\/2023\/10\/logo.svg","contentUrl":"https:\/\/www.palletcontroltower.eu\/wp-content\/uploads\/2023\/10\/logo.svg","width":290,"height":87,"caption":"Pallet Control Tower"},"image":{"@id":"https:\/\/www.palletcontroltower.eu\/#\/schema\/logo\/image\/"}}]}},"_links":{"self":[{"href":"https:\/\/www.palletcontroltower.eu\/pl\/wp-json\/wp\/v2\/pages\/33","targetHints":{"allow":["GET"]}}],"collection":[{"href":"https:\/\/www.palletcontroltower.eu\/pl\/wp-json\/wp\/v2\/pages"}],"about":[{"href":"https:\/\/www.palletcontroltower.eu\/pl\/wp-json\/wp\/v2\/types\/page"}],"author":[{"embeddable":true,"href":"https:\/\/www.palletcontroltower.eu\/pl\/wp-json\/wp\/v2\/users\/1"}],"replies":[{"embeddable":true,"href":"https:\/\/www.palletcontroltower.eu\/pl\/wp-json\/wp\/v2\/comments?post=33"}],"version-history":[{"count":24,"href":"https:\/\/www.palletcontroltower.eu\/pl\/wp-json\/wp\/v2\/pages\/33\/revisions"}],"predecessor-version":[{"id":1230,"href":"https:\/\/www.palletcontroltower.eu\/pl\/wp-json\/wp\/v2\/pages\/33\/revisions\/1230"}],"up":[{"embeddable":true,"href":"https:\/\/www.palletcontroltower.eu\/pl\/wp-json\/wp\/v2\/pages\/25"}],"wp:attachment":[{"href":"https:\/\/www.palletcontroltower.eu\/pl\/wp-json\/wp\/v2\/media?parent=33"}],"curies":[{"name":"wp","href":"https:\/\/api.w.org\/{rel}","templated":true}]}}