{"id":36,"date":"2023-11-22T08:01:41","date_gmt":"2023-11-22T08:01:41","guid":{"rendered":"http:\/\/www.palletcontroltower.eu\/?page_id=36"},"modified":"2026-01-30T09:48:28","modified_gmt":"2026-01-30T09:48:28","slug":"dla-nastepnej-generacji","status":"publish","type":"page","link":"https:\/\/www.palletcontroltower.eu\/pl\/mijn-voordeel\/voor-de-volgende-generatie\/","title":{"rendered":"Dla nast\u0119pnej generacji"},"content":{"rendered":"<div class=\"wp-block-columns is-layout-flex wp-container-core-columns-is-layout-28f84493 wp-block-columns-is-layout-flex\">\n<div class=\"wp-block-column is-layout-flow wp-block-column-is-layout-flow\">\n<h2 class=\"wp-block-heading\">Naprawa, ponowne u\u017cycie, recykling<\/h2>\n\n\n\n<p>Dzi\u015b zaczynamy zostawia\u0107 planet\u0119 we w\u0142a\u015bciwy spos\u00f3b dla nast\u0119pnego pokolenia. W tym celu Komisja Europejska podj\u0119\u0142a kolejny krok w postaci nowej inicjatywy: <strong><a href=\"https:\/\/environment.ec.europa.eu\/topics\/waste-and-recycling\/packaging-waste_en\" target=\"_blank\" rel=\"noreferrer noopener\">\"Dyrektywa w sprawie opakowa\u0144 i odpad\u00f3w opakowaniowych<\/a> <\/strong>w kt\u00f3rym naprawa, ponowne u\u017cycie i recykling s\u0105 zasadami przewodnimi. Korzystaj\u0105c z Pallet Control Tower Online wraz z partnerami w \u0142a\u0144cuchu logistycznym, mo\u017cna osi\u0105gn\u0105\u0107 te cele zr\u00f3wnowa\u017conego rozwoju. Od palet jednokierunkowych do wielokierunkowych i ponowne wykorzystanie wi\u0119kszej liczby palet, po naprawie lub nie. Wykorzystuj palety, kt\u00f3re znajduj\u0105 si\u0119 w Twoim magazynie. Kupuj u\u017cywane palety. Nasz system opiera si\u0119 na europaletach zar\u00f3wno nowych, jak i u\u017cywanych.<\/p>\n\n\n\n<div class=\"wp-block-buttons is-layout-flex wp-block-buttons-is-layout-flex\">\n<div class=\"wp-block-button\"><a class=\"wp-block-button__link has-white-color has-green-background-color has-text-color has-background has-link-color wp-element-button\" href=\"https:\/\/portal.pct-online.eu\/register\" target=\"_blank\" rel=\"noreferrer noopener\">Aktywacja konta<\/a><\/div>\n<\/div>\n<\/div>\n<\/div>\n\n\n\n<hr class=\"wp-block-separator has-alpha-channel-opacity\"\/>\n\n\n\n<div class=\"wp-block-columns are-vertically-aligned-center is-layout-flex wp-container-core-columns-is-layout-28f84493 wp-block-columns-is-layout-flex\">\n<div class=\"wp-block-column is-vertically-aligned-center is-layout-flow wp-block-column-is-layout-flow\">\n<figure class=\"wp-block-image aligncenter size-full is-resized\"><img fetchpriority=\"high\" decoding=\"async\" width=\"1310\" height=\"1124\" src=\"http:\/\/www.palletcontroltower.eu\/wp-content\/uploads\/2024\/01\/E_SDG_logo_UN_emblem_square_trans_WEB.png\" alt=\"\" class=\"wp-image-998\" style=\"aspect-ratio:1.3333333333333333;object-fit:cover;width:296px;height:auto\" srcset=\"https:\/\/www.palletcontroltower.eu\/wp-content\/uploads\/2024\/01\/E_SDG_logo_UN_emblem_square_trans_WEB.png 1310w, https:\/\/www.palletcontroltower.eu\/wp-content\/uploads\/2024\/01\/E_SDG_logo_UN_emblem_square_trans_WEB-300x257.png 300w, https:\/\/www.palletcontroltower.eu\/wp-content\/uploads\/2024\/01\/E_SDG_logo_UN_emblem_square_trans_WEB-1024x879.png 1024w, https:\/\/www.palletcontroltower.eu\/wp-content\/uploads\/2024\/01\/E_SDG_logo_UN_emblem_square_trans_WEB-768x659.png 768w, https:\/\/www.palletcontroltower.eu\/wp-content\/uploads\/2024\/01\/E_SDG_logo_UN_emblem_square_trans_WEB-14x12.png 14w\" sizes=\"(max-width: 1310px) 100vw, 1310px\" \/><\/figure>\n<\/div>\n\n\n\n<div class=\"wp-block-column is-vertically-aligned-center is-layout-flow wp-block-column-is-layout-flow\">\n<h2 class=\"wp-block-heading\">Cele zr\u00f3wnowa\u017conego rozwoju<\/h2>\n\n\n\n<p>Ju\u017c teraz du\u017ce firmy musz\u0105 przestrzega\u0107 nast\u0119puj\u0105cych zasad <a href=\"https:\/\/sdgs.un.org\/goals\" target=\"_blank\" rel=\"noreferrer noopener\">Cele zr\u00f3wnowa\u017conego rozwoju Organizacji Narod\u00f3w Zjednoczonych<\/a>. Dodatkowe wyzwanie dla wielu dzia\u0142\u00f3w logistyki i zarz\u0105dzania \u0142a\u0144cuchem dostaw, aby przyczyni\u0107 si\u0119 do realizacji cel\u00f3w korporacyjnych. Producenci europalet musz\u0105 spe\u0142nia\u0107 surowe wymagania, takie jak wykorzystanie drewna pochodz\u0105cego ze zr\u00f3wnowa\u017conych \u017ar\u00f3de\u0142 - PEFC. Dzi\u0119ki PCT Online spe\u0142niasz co najmniej pi\u0119\u0107 cel\u00f3w zr\u00f3wnowa\u017conego rozwoju:<\/p>\n\n\n\n<ul class=\"wp-block-list\">\n<li>8 - Godna praca i wzrost gospodarczy<\/li>\n\n\n\n<li>9 - Przemys\u0142, innowacje i infrastruktura<\/li>\n\n\n\n<li>12 - Odpowiedzialna konsumpcja i produkcja<\/li>\n\n\n\n<li>13 - Dzia\u0142ania w dziedzinie klimatu<\/li>\n\n\n\n<li>17 - Partnerstwo w osi\u0105ganiu cel\u00f3w. <\/li>\n<\/ul>\n\n\n\n<div style=\"height:30px\" aria-hidden=\"true\" class=\"wp-block-spacer\"><\/div>\n\n\n\n<figure class=\"wp-block-gallery has-nested-images columns-5 is-cropped wp-block-gallery-1 is-layout-flex wp-block-gallery-is-layout-flex\">\n<figure class=\"wp-block-image size-large\"><img decoding=\"async\" width=\"1024\" height=\"1024\" data-id=\"999\" src=\"http:\/\/www.palletcontroltower.eu\/wp-content\/uploads\/2024\/01\/E_WEB_08-1024x1024.png\" alt=\"\" class=\"wp-image-999\" srcset=\"https:\/\/www.palletcontroltower.eu\/wp-content\/uploads\/2024\/01\/E_WEB_08-1024x1024.png 1024w, https:\/\/www.palletcontroltower.eu\/wp-content\/uploads\/2024\/01\/E_WEB_08-300x300.png 300w, https:\/\/www.palletcontroltower.eu\/wp-content\/uploads\/2024\/01\/E_WEB_08-150x150.png 150w, https:\/\/www.palletcontroltower.eu\/wp-content\/uploads\/2024\/01\/E_WEB_08-768x768.png 768w, https:\/\/www.palletcontroltower.eu\/wp-content\/uploads\/2024\/01\/E_WEB_08-12x12.png 12w, https:\/\/www.palletcontroltower.eu\/wp-content\/uploads\/2024\/01\/E_WEB_08.png 1500w\" sizes=\"(max-width: 1024px) 100vw, 1024px\" \/><\/figure>\n\n\n\n<figure class=\"wp-block-image size-large\"><img decoding=\"async\" width=\"1024\" height=\"1024\" data-id=\"1000\" src=\"http:\/\/www.palletcontroltower.eu\/wp-content\/uploads\/2024\/01\/E_WEB_09-1024x1024.png\" alt=\"\" class=\"wp-image-1000\" srcset=\"https:\/\/www.palletcontroltower.eu\/wp-content\/uploads\/2024\/01\/E_WEB_09-1024x1024.png 1024w, https:\/\/www.palletcontroltower.eu\/wp-content\/uploads\/2024\/01\/E_WEB_09-300x300.png 300w, https:\/\/www.palletcontroltower.eu\/wp-content\/uploads\/2024\/01\/E_WEB_09-150x150.png 150w, https:\/\/www.palletcontroltower.eu\/wp-content\/uploads\/2024\/01\/E_WEB_09-768x768.png 768w, https:\/\/www.palletcontroltower.eu\/wp-content\/uploads\/2024\/01\/E_WEB_09-12x12.png 12w, https:\/\/www.palletcontroltower.eu\/wp-content\/uploads\/2024\/01\/E_WEB_09.png 1500w\" sizes=\"(max-width: 1024px) 100vw, 1024px\" \/><\/figure>\n\n\n\n<figure class=\"wp-block-image size-large\"><img loading=\"lazy\" decoding=\"async\" width=\"1024\" height=\"1024\" data-id=\"1001\" src=\"http:\/\/www.palletcontroltower.eu\/wp-content\/uploads\/2024\/01\/E_WEB_12-1024x1024.png\" alt=\"\" class=\"wp-image-1001\" srcset=\"https:\/\/www.palletcontroltower.eu\/wp-content\/uploads\/2024\/01\/E_WEB_12-1024x1024.png 1024w, https:\/\/www.palletcontroltower.eu\/wp-content\/uploads\/2024\/01\/E_WEB_12-300x300.png 300w, https:\/\/www.palletcontroltower.eu\/wp-content\/uploads\/2024\/01\/E_WEB_12-150x150.png 150w, https:\/\/www.palletcontroltower.eu\/wp-content\/uploads\/2024\/01\/E_WEB_12-768x768.png 768w, https:\/\/www.palletcontroltower.eu\/wp-content\/uploads\/2024\/01\/E_WEB_12-12x12.png 12w, https:\/\/www.palletcontroltower.eu\/wp-content\/uploads\/2024\/01\/E_WEB_12.png 1500w\" sizes=\"(max-width: 1024px) 100vw, 1024px\" \/><\/figure>\n\n\n\n<figure class=\"wp-block-image size-large\"><img loading=\"lazy\" decoding=\"async\" width=\"1024\" height=\"1024\" data-id=\"1002\" src=\"http:\/\/www.palletcontroltower.eu\/wp-content\/uploads\/2024\/01\/E_WEB_13-1024x1024.png\" alt=\"\" class=\"wp-image-1002\" srcset=\"https:\/\/www.palletcontroltower.eu\/wp-content\/uploads\/2024\/01\/E_WEB_13-1024x1024.png 1024w, https:\/\/www.palletcontroltower.eu\/wp-content\/uploads\/2024\/01\/E_WEB_13-300x300.png 300w, https:\/\/www.palletcontroltower.eu\/wp-content\/uploads\/2024\/01\/E_WEB_13-150x150.png 150w, https:\/\/www.palletcontroltower.eu\/wp-content\/uploads\/2024\/01\/E_WEB_13-768x768.png 768w, https:\/\/www.palletcontroltower.eu\/wp-content\/uploads\/2024\/01\/E_WEB_13-12x12.png 12w, https:\/\/www.palletcontroltower.eu\/wp-content\/uploads\/2024\/01\/E_WEB_13.png 1500w\" sizes=\"(max-width: 1024px) 100vw, 1024px\" \/><\/figure>\n\n\n\n<figure class=\"wp-block-image size-large\"><img loading=\"lazy\" decoding=\"async\" width=\"1024\" height=\"1024\" data-id=\"1003\" src=\"http:\/\/www.palletcontroltower.eu\/wp-content\/uploads\/2024\/01\/E_WEB_17-1024x1024.png\" alt=\"\" class=\"wp-image-1003\" srcset=\"https:\/\/www.palletcontroltower.eu\/wp-content\/uploads\/2024\/01\/E_WEB_17-1024x1024.png 1024w, https:\/\/www.palletcontroltower.eu\/wp-content\/uploads\/2024\/01\/E_WEB_17-300x300.png 300w, https:\/\/www.palletcontroltower.eu\/wp-content\/uploads\/2024\/01\/E_WEB_17-150x150.png 150w, https:\/\/www.palletcontroltower.eu\/wp-content\/uploads\/2024\/01\/E_WEB_17-768x768.png 768w, https:\/\/www.palletcontroltower.eu\/wp-content\/uploads\/2024\/01\/E_WEB_17-12x12.png 12w, https:\/\/www.palletcontroltower.eu\/wp-content\/uploads\/2024\/01\/E_WEB_17.png 1500w\" sizes=\"(max-width: 1024px) 100vw, 1024px\" \/><\/figure>\n<\/figure>\n<\/div>\n<\/div>\n\n\n\n<hr class=\"wp-block-separator has-alpha-channel-opacity\"\/>\n\n\n\n<blockquote class=\"wp-block-quote is-layout-flow wp-block-quote-is-layout-flow\">\n<p class=\"has-text-align-center\">Zapobiegaj napr\u0119\u017ceniom palet! Pallet Control Tower to europejski standard i platforma do odbioru i dostawy przez dopasowanie dla europalet i innych ZAT. U\u0142atwiamy otwarty pooling od A do Z. I sprawiamy, \u017ce logistyka palet zn\u00f3w jest \u0142atwa w zarz\u0105dzaniu. &nbsp;<\/p>\n<\/blockquote>\n\n\n\n<hr class=\"wp-block-separator has-alpha-channel-opacity\"\/>\n\n\n\n<figure class=\"wp-block-image size-full\"><img loading=\"lazy\" decoding=\"async\" width=\"2119\" height=\"1414\" src=\"http:\/\/www.palletcontroltower.eu\/wp-content\/uploads\/2023\/12\/PalletControlTower_Kids-running-sustainable.jpeg\" alt=\"\" class=\"wp-image-843\" style=\"aspect-ratio:16\/9;object-fit:cover\" srcset=\"https:\/\/www.palletcontroltower.eu\/wp-content\/uploads\/2023\/12\/PalletControlTower_Kids-running-sustainable.jpeg 2119w, https:\/\/www.palletcontroltower.eu\/wp-content\/uploads\/2023\/12\/PalletControlTower_Kids-running-sustainable-300x200.jpeg 300w, https:\/\/www.palletcontroltower.eu\/wp-content\/uploads\/2023\/12\/PalletControlTower_Kids-running-sustainable-1024x683.jpeg 1024w, https:\/\/www.palletcontroltower.eu\/wp-content\/uploads\/2023\/12\/PalletControlTower_Kids-running-sustainable-768x512.jpeg 768w, https:\/\/www.palletcontroltower.eu\/wp-content\/uploads\/2023\/12\/PalletControlTower_Kids-running-sustainable-1536x1025.jpeg 1536w, https:\/\/www.palletcontroltower.eu\/wp-content\/uploads\/2023\/12\/PalletControlTower_Kids-running-sustainable-2048x1367.jpeg 2048w, https:\/\/www.palletcontroltower.eu\/wp-content\/uploads\/2023\/12\/PalletControlTower_Kids-running-sustainable-18x12.jpeg 18w\" sizes=\"(max-width: 2119px) 100vw, 2119px\" \/><\/figure>\n\n\n\n<hr class=\"wp-block-separator has-alpha-channel-opacity\"\/>","protected":false},"excerpt":{"rendered":"<p>Repair, Re-use, Recycle Vandaag beginnen we met de planeet op de juiste manier achter te laten voor de volgende generatie. De Europese Commissie heeft daartoe een volgende stap gezet met de nieuwe: &#8216;Packaging &amp; Packaging Waste Directive&#8217; waarin Repair, Re-use en Recycle de uitgangspunten zijn. Door samen met uw logistieke ketenpartners gebruik te maken van [&hellip;]<\/p>\n","protected":false},"author":1,"featured_media":0,"parent":25,"menu_order":5,"comment_status":"closed","ping_status":"closed","template":"","meta":{"footnotes":""},"class_list":["post-36","page","type-page","status-publish","hentry"],"yoast_head":"<!-- This site is optimized with the Yoast SEO plugin v27.3 - https:\/\/yoast.com\/product\/yoast-seo-wordpress\/ -->\n<title>Voor de volgende generatie - Pallet Control Tower<\/title>\n<meta name=\"description\" content=\"Pallet Control Tower Online is een duurzame oplossing voor palletmanagement. Het platform is gebaseerd op: re-use, recycle, repair - PPWD\" \/>\n<meta name=\"robots\" content=\"index, follow, max-snippet:-1, max-image-preview:large, max-video-preview:-1\" \/>\n<link rel=\"canonical\" href=\"https:\/\/www.palletcontroltower.eu\/pl\/moja-przewaga\/dla-nastepnej-generacji\/\" \/>\n<meta property=\"og:locale\" content=\"pl_PL\" \/>\n<meta property=\"og:type\" content=\"article\" \/>\n<meta property=\"og:title\" content=\"Voor de volgende generatie - Pallet Control Tower\" \/>\n<meta property=\"og:description\" content=\"Pallet Control Tower Online is een duurzame oplossing voor palletmanagement. Het platform is gebaseerd op: re-use, recycle, repair - PPWD\" \/>\n<meta property=\"og:url\" content=\"https:\/\/www.palletcontroltower.eu\/pl\/moja-przewaga\/dla-nastepnej-generacji\/\" \/>\n<meta property=\"og:site_name\" content=\"Pallet Control Tower\" \/>\n<meta property=\"article:modified_time\" content=\"2026-01-30T09:48:28+00:00\" \/>\n<meta property=\"og:image\" content=\"https:\/\/www.palletcontroltower.eu\/wp-content\/uploads\/2024\/01\/E_SDG_logo_UN_emblem_square_trans_WEB.png\" \/>\n\t<meta property=\"og:image:width\" content=\"1310\" \/>\n\t<meta property=\"og:image:height\" content=\"1124\" \/>\n\t<meta property=\"og:image:type\" content=\"image\/png\" \/>\n<meta name=\"twitter:card\" content=\"summary_large_image\" \/>\n<meta name=\"twitter:label1\" content=\"Szacowany czas czytania\" \/>\n\t<meta name=\"twitter:data1\" content=\"3 minuty\" \/>\n<script type=\"application\/ld+json\" class=\"yoast-schema-graph\">{\"@context\":\"https:\\\/\\\/schema.org\",\"@graph\":[{\"@type\":\"WebPage\",\"@id\":\"https:\\\/\\\/www.palletcontroltower.eu\\\/mijn-voordeel\\\/voor-de-volgende-generatie\\\/\",\"url\":\"https:\\\/\\\/www.palletcontroltower.eu\\\/mijn-voordeel\\\/voor-de-volgende-generatie\\\/\",\"name\":\"Voor de volgende generatie - Pallet Control Tower\",\"isPartOf\":{\"@id\":\"https:\\\/\\\/www.palletcontroltower.eu\\\/#website\"},\"primaryImageOfPage\":{\"@id\":\"https:\\\/\\\/www.palletcontroltower.eu\\\/mijn-voordeel\\\/voor-de-volgende-generatie\\\/#primaryimage\"},\"image\":{\"@id\":\"https:\\\/\\\/www.palletcontroltower.eu\\\/mijn-voordeel\\\/voor-de-volgende-generatie\\\/#primaryimage\"},\"thumbnailUrl\":\"http:\\\/\\\/www.palletcontroltower.eu\\\/wp-content\\\/uploads\\\/2024\\\/01\\\/E_SDG_logo_UN_emblem_square_trans_WEB.png\",\"datePublished\":\"2023-11-22T08:01:41+00:00\",\"dateModified\":\"2026-01-30T09:48:28+00:00\",\"description\":\"Pallet Control Tower Online is een duurzame oplossing voor palletmanagement. Het platform is gebaseerd op: re-use, recycle, repair - PPWD\",\"breadcrumb\":{\"@id\":\"https:\\\/\\\/www.palletcontroltower.eu\\\/mijn-voordeel\\\/voor-de-volgende-generatie\\\/#breadcrumb\"},\"inLanguage\":\"pl-PL\",\"potentialAction\":[{\"@type\":\"ReadAction\",\"target\":[\"https:\\\/\\\/www.palletcontroltower.eu\\\/mijn-voordeel\\\/voor-de-volgende-generatie\\\/\"]}]},{\"@type\":\"ImageObject\",\"inLanguage\":\"pl-PL\",\"@id\":\"https:\\\/\\\/www.palletcontroltower.eu\\\/mijn-voordeel\\\/voor-de-volgende-generatie\\\/#primaryimage\",\"url\":\"http:\\\/\\\/www.palletcontroltower.eu\\\/wp-content\\\/uploads\\\/2024\\\/01\\\/E_SDG_logo_UN_emblem_square_trans_WEB.png\",\"contentUrl\":\"http:\\\/\\\/www.palletcontroltower.eu\\\/wp-content\\\/uploads\\\/2024\\\/01\\\/E_SDG_logo_UN_emblem_square_trans_WEB.png\"},{\"@type\":\"BreadcrumbList\",\"@id\":\"https:\\\/\\\/www.palletcontroltower.eu\\\/mijn-voordeel\\\/voor-de-volgende-generatie\\\/#breadcrumb\",\"itemListElement\":[{\"@type\":\"ListItem\",\"position\":1,\"name\":\"Home\",\"item\":\"https:\\\/\\\/www.palletcontroltower.eu\\\/\"},{\"@type\":\"ListItem\",\"position\":2,\"name\":\"Mijn voordeel\",\"item\":\"https:\\\/\\\/www.palletcontroltower.eu\\\/pl\\\/mijn-voordeel\\\/\"},{\"@type\":\"ListItem\",\"position\":3,\"name\":\"Voor de volgende generatie\"}]},{\"@type\":\"WebSite\",\"@id\":\"https:\\\/\\\/www.palletcontroltower.eu\\\/#website\",\"url\":\"https:\\\/\\\/www.palletcontroltower.eu\\\/\",\"name\":\"Pallet Control Tower\",\"description\":\"\",\"publisher\":{\"@id\":\"https:\\\/\\\/www.palletcontroltower.eu\\\/#organization\"},\"potentialAction\":[{\"@type\":\"SearchAction\",\"target\":{\"@type\":\"EntryPoint\",\"urlTemplate\":\"https:\\\/\\\/www.palletcontroltower.eu\\\/?s={search_term_string}\"},\"query-input\":{\"@type\":\"PropertyValueSpecification\",\"valueRequired\":true,\"valueName\":\"search_term_string\"}}],\"inLanguage\":\"pl-PL\"},{\"@type\":\"Organization\",\"@id\":\"https:\\\/\\\/www.palletcontroltower.eu\\\/#organization\",\"name\":\"Pallet Control Tower\",\"url\":\"https:\\\/\\\/www.palletcontroltower.eu\\\/\",\"logo\":{\"@type\":\"ImageObject\",\"inLanguage\":\"pl-PL\",\"@id\":\"https:\\\/\\\/www.palletcontroltower.eu\\\/#\\\/schema\\\/logo\\\/image\\\/\",\"url\":\"https:\\\/\\\/www.palletcontroltower.eu\\\/wp-content\\\/uploads\\\/2023\\\/10\\\/logo.svg\",\"contentUrl\":\"https:\\\/\\\/www.palletcontroltower.eu\\\/wp-content\\\/uploads\\\/2023\\\/10\\\/logo.svg\",\"width\":290,\"height\":87,\"caption\":\"Pallet Control Tower\"},\"image\":{\"@id\":\"https:\\\/\\\/www.palletcontroltower.eu\\\/#\\\/schema\\\/logo\\\/image\\\/\"}}]}<\/script>\n<!-- \/ Yoast SEO plugin. -->","yoast_head_json":{"title":"Dla nast\u0119pnej generacji - wie\u017ca kontroli palet","description":"Pallet Control Tower Online to zr\u00f3wnowa\u017cone rozwi\u0105zanie do zarz\u0105dzania paletami. Platforma opiera si\u0119 na: ponownym u\u017cyciu, recyklingu, naprawie - PPWD","robots":{"index":"index","follow":"follow","max-snippet":"max-snippet:-1","max-image-preview":"max-image-preview:large","max-video-preview":"max-video-preview:-1"},"canonical":"https:\/\/www.palletcontroltower.eu\/pl\/moja-przewaga\/dla-nastepnej-generacji\/","og_locale":"pl_PL","og_type":"article","og_title":"Voor de volgende generatie - Pallet Control Tower","og_description":"Pallet Control Tower Online is een duurzame oplossing voor palletmanagement. Het platform is gebaseerd op: re-use, recycle, repair - PPWD","og_url":"https:\/\/www.palletcontroltower.eu\/pl\/moja-przewaga\/dla-nastepnej-generacji\/","og_site_name":"Pallet Control Tower","article_modified_time":"2026-01-30T09:48:28+00:00","og_image":[{"width":1310,"height":1124,"url":"https:\/\/www.palletcontroltower.eu\/wp-content\/uploads\/2024\/01\/E_SDG_logo_UN_emblem_square_trans_WEB.png","type":"image\/png"}],"twitter_card":"summary_large_image","twitter_misc":{"Szacowany czas czytania":"3 minuty"},"schema":{"@context":"https:\/\/schema.org","@graph":[{"@type":"WebPage","@id":"https:\/\/www.palletcontroltower.eu\/mijn-voordeel\/voor-de-volgende-generatie\/","url":"https:\/\/www.palletcontroltower.eu\/mijn-voordeel\/voor-de-volgende-generatie\/","name":"Dla nast\u0119pnej generacji - wie\u017ca kontroli palet","isPartOf":{"@id":"https:\/\/www.palletcontroltower.eu\/#website"},"primaryImageOfPage":{"@id":"https:\/\/www.palletcontroltower.eu\/mijn-voordeel\/voor-de-volgende-generatie\/#primaryimage"},"image":{"@id":"https:\/\/www.palletcontroltower.eu\/mijn-voordeel\/voor-de-volgende-generatie\/#primaryimage"},"thumbnailUrl":"http:\/\/www.palletcontroltower.eu\/wp-content\/uploads\/2024\/01\/E_SDG_logo_UN_emblem_square_trans_WEB.png","datePublished":"2023-11-22T08:01:41+00:00","dateModified":"2026-01-30T09:48:28+00:00","description":"Pallet Control Tower Online to zr\u00f3wnowa\u017cone rozwi\u0105zanie do zarz\u0105dzania paletami. Platforma opiera si\u0119 na: ponownym u\u017cyciu, recyklingu, naprawie - PPWD","breadcrumb":{"@id":"https:\/\/www.palletcontroltower.eu\/mijn-voordeel\/voor-de-volgende-generatie\/#breadcrumb"},"inLanguage":"pl-PL","potentialAction":[{"@type":"ReadAction","target":["https:\/\/www.palletcontroltower.eu\/mijn-voordeel\/voor-de-volgende-generatie\/"]}]},{"@type":"ImageObject","inLanguage":"pl-PL","@id":"https:\/\/www.palletcontroltower.eu\/mijn-voordeel\/voor-de-volgende-generatie\/#primaryimage","url":"http:\/\/www.palletcontroltower.eu\/wp-content\/uploads\/2024\/01\/E_SDG_logo_UN_emblem_square_trans_WEB.png","contentUrl":"http:\/\/www.palletcontroltower.eu\/wp-content\/uploads\/2024\/01\/E_SDG_logo_UN_emblem_square_trans_WEB.png"},{"@type":"BreadcrumbList","@id":"https:\/\/www.palletcontroltower.eu\/mijn-voordeel\/voor-de-volgende-generatie\/#breadcrumb","itemListElement":[{"@type":"ListItem","position":1,"name":"Home","item":"https:\/\/www.palletcontroltower.eu\/"},{"@type":"ListItem","position":2,"name":"Mijn voordeel","item":"https:\/\/www.palletcontroltower.eu\/pl\/mijn-voordeel\/"},{"@type":"ListItem","position":3,"name":"Voor de volgende generatie"}]},{"@type":"WebSite","@id":"https:\/\/www.palletcontroltower.eu\/#website","url":"https:\/\/www.palletcontroltower.eu\/","name":"Wie\u017ca kontroli palet","description":"","publisher":{"@id":"https:\/\/www.palletcontroltower.eu\/#organization"},"potentialAction":[{"@type":"SearchAction","target":{"@type":"EntryPoint","urlTemplate":"https:\/\/www.palletcontroltower.eu\/?s={search_term_string}"},"query-input":{"@type":"PropertyValueSpecification","valueRequired":true,"valueName":"search_term_string"}}],"inLanguage":"pl-PL"},{"@type":"Organization","@id":"https:\/\/www.palletcontroltower.eu\/#organization","name":"Wie\u017ca kontroli palet","url":"https:\/\/www.palletcontroltower.eu\/","logo":{"@type":"ImageObject","inLanguage":"pl-PL","@id":"https:\/\/www.palletcontroltower.eu\/#\/schema\/logo\/image\/","url":"https:\/\/www.palletcontroltower.eu\/wp-content\/uploads\/2023\/10\/logo.svg","contentUrl":"https:\/\/www.palletcontroltower.eu\/wp-content\/uploads\/2023\/10\/logo.svg","width":290,"height":87,"caption":"Pallet Control Tower"},"image":{"@id":"https:\/\/www.palletcontroltower.eu\/#\/schema\/logo\/image\/"}}]}},"_links":{"self":[{"href":"https:\/\/www.palletcontroltower.eu\/pl\/wp-json\/wp\/v2\/pages\/36","targetHints":{"allow":["GET"]}}],"collection":[{"href":"https:\/\/www.palletcontroltower.eu\/pl\/wp-json\/wp\/v2\/pages"}],"about":[{"href":"https:\/\/www.palletcontroltower.eu\/pl\/wp-json\/wp\/v2\/types\/page"}],"author":[{"embeddable":true,"href":"https:\/\/www.palletcontroltower.eu\/pl\/wp-json\/wp\/v2\/users\/1"}],"replies":[{"embeddable":true,"href":"https:\/\/www.palletcontroltower.eu\/pl\/wp-json\/wp\/v2\/comments?post=36"}],"version-history":[{"count":22,"href":"https:\/\/www.palletcontroltower.eu\/pl\/wp-json\/wp\/v2\/pages\/36\/revisions"}],"predecessor-version":[{"id":1232,"href":"https:\/\/www.palletcontroltower.eu\/pl\/wp-json\/wp\/v2\/pages\/36\/revisions\/1232"}],"up":[{"embeddable":true,"href":"https:\/\/www.palletcontroltower.eu\/pl\/wp-json\/wp\/v2\/pages\/25"}],"wp:attachment":[{"href":"https:\/\/www.palletcontroltower.eu\/pl\/wp-json\/wp\/v2\/media?parent=36"}],"curies":[{"name":"wp","href":"https:\/\/api.w.org\/{rel}","templated":true}]}}