{"id":42,"date":"2023-11-22T08:02:12","date_gmt":"2023-11-22T08:02:12","guid":{"rendered":"http:\/\/www.palletcontroltower.eu\/?page_id=42"},"modified":"2026-01-30T09:41:33","modified_gmt":"2026-01-30T09:41:33","slug":"pooling-jest-zrownowazony","status":"publish","type":"page","link":"https:\/\/www.palletcontroltower.eu\/pl\/duurzaamheid\/poolen-is-duurzaam\/","title":{"rendered":"Pooling jest zr\u00f3wnowa\u017cony"},"content":{"rendered":"<div class=\"wp-block-columns is-layout-flex wp-container-core-columns-is-layout-28f84493 wp-block-columns-is-layout-flex\">\n<div class=\"wp-block-column is-layout-flow wp-block-column-is-layout-flow\">\n<h2 class=\"wp-block-heading\">Zr\u00f3wnowa\u017cony rozw\u00f3j<\/h2>\n\n\n\n<p>PCT zmniejsza liczb\u0119 palet jednorazowych i daje mo\u017cliwo\u015b\u0107 przej\u015bcia na palety wielorazowe. Robimy to za pomoc\u0105 naszej platformy PCT Online: Collection &amp; Delivery - Matching, po\u0142\u0105czonej z e-Credits. Nasza platforma umo\u017cliwia u\u017cytkownikom palet utworzenie w\u0142asnej \"puli palet\" wraz z dostawcami i klientami, promuj\u0105c w ten spos\u00f3b zr\u00f3wnowa\u017cone wykorzystanie palet. <\/p>\n\n\n\n<p><strong>Prawodawstwo<\/strong>&nbsp;<\/p>\n\n\n\n<p>PCT spodziewa si\u0119 nowych zmian legislacyjnych w Brukseli dla przemys\u0142u opakowaniowego; zmniejszenie \u015bladu CO2 i wi\u0119kszy nacisk na gospodark\u0119 o obiegu zamkni\u0119tym.  Ponowne u\u017cycie, naprawa, recykling to zasady nowego brukselskiego porozumienia w sprawie opakowa\u0144. <a href=\"https:\/\/environment.ec.europa.eu\/topics\/waste-and-recycling\/packaging-waste_en\" target=\"_blank\" rel=\"noreferrer noopener\">PPWD<\/a>. Ponadto spe\u0142niasz co najmniej 5 z nast\u0119puj\u0105cych warunk\u00f3w <a href=\"https:\/\/sdgs.un.org\/goals\" target=\"_blank\" rel=\"noreferrer noopener\">Cele zr\u00f3wnowa\u017conego rozwoju (SDGs)<\/a> Organizacji Narod\u00f3w Zjednoczonych. <\/p>\n\n\n\n<div class=\"wp-block-buttons is-layout-flex wp-block-buttons-is-layout-flex\">\n<div class=\"wp-block-button\"><a class=\"wp-block-button__link has-white-color has-green-background-color has-text-color has-background has-link-color wp-element-button\" href=\"http:\/\/www.palletcontroltower.eu\/pl\/jak-to-dziala\/co-robimy\/\" target=\"_blank\" rel=\"noreferrer noopener\">Zobacz, jak to dzia\u0142a tutaj<\/a><\/div>\n<\/div>\n<\/div>\n<\/div>\n\n\n\n<hr class=\"wp-block-separator has-alpha-channel-opacity\"\/>\n\n\n\n<div class=\"wp-block-columns are-vertically-aligned-center is-layout-flex wp-container-core-columns-is-layout-28f84493 wp-block-columns-is-layout-flex\">\n<div class=\"wp-block-column is-vertically-aligned-center is-layout-flow wp-block-column-is-layout-flow\">\n<figure class=\"wp-block-image size-full\"><img fetchpriority=\"high\" decoding=\"async\" width=\"1000\" height=\"671\" src=\"https:\/\/www.palletcontroltower.eu\/wp-content\/uploads\/2025\/05\/eur_pallet.jpg\" alt=\"\" class=\"wp-image-1223\" style=\"aspect-ratio:16\/9;object-fit:cover\" srcset=\"https:\/\/www.palletcontroltower.eu\/wp-content\/uploads\/2025\/05\/eur_pallet.jpg 1000w, https:\/\/www.palletcontroltower.eu\/wp-content\/uploads\/2025\/05\/eur_pallet-300x201.jpg 300w, https:\/\/www.palletcontroltower.eu\/wp-content\/uploads\/2025\/05\/eur_pallet-768x515.jpg 768w, https:\/\/www.palletcontroltower.eu\/wp-content\/uploads\/2025\/05\/eur_pallet-18x12.jpg 18w\" sizes=\"(max-width: 1000px) 100vw, 1000px\" \/><\/figure>\n<\/div>\n\n\n\n<div class=\"wp-block-column is-vertically-aligned-center is-layout-flow wp-block-column-is-layout-flow\">\n<h2 class=\"wp-block-heading\">EUR I PCT<\/h2>\n\n\n\n<p>Jeste\u015bmy blisko zwi\u0105zani z organizacj\u0105 EUR i korzystamy z repozytori\u00f3w dzia\u0142aj\u0105cych na licencji EUR. Wsp\u00f3lnie stawiamy sobie za cel promowanie systemu otwartego poolingu. Dzi\u0119ki sieci EUR International, a tak\u017ce naszej w\u0142asnej sieci PCT, istniej\u0105 setki magazyn\u00f3w i punkt\u00f3w zrzutu. Dlatego zawsze mo\u017cliwe jest uzyskanie dobrego po\u0142\u0105czenia z procesem dopasowania z odbiorem i dostaw\u0105.\u00a0<\/p>\n\n\n\n<p>Je\u015bli zwr\u00f3ci\u0142e\u015b palety jednorazowe z us\u0142ug\u0105 Collection i zamierzasz wykorzysta\u0107 otrzymane e-Kredyty, aby zacz\u0105\u0107 korzysta\u0107 z palet wielorazowych, przyniesie to korzy\u015bci ca\u0142ej sieci. Opr\u00f3cz w\u0142asnego u\u017cytku, mo\u017cesz r\u00f3wnie\u017c udost\u0119pni\u0107 e-Kredyty w swoich saldach stronom trzecim.&nbsp;<\/p>\n\n\n\n<p>PCTO umo\u017cliwia cyfrowe rejestrowanie wszystkich krok\u00f3w. Fakturowanie (samofakturowanie) i ca\u0142a pozosta\u0142a komunikacja r\u00f3wnie\u017c odbywa si\u0119 w chmurze. Jest to widoczne i przejrzyste dla ka\u017cdego u\u017cytkownika w dowolnym momencie.&nbsp;<\/p>\n<\/div>\n<\/div>\n\n\n\n<hr class=\"wp-block-separator has-alpha-channel-opacity\"\/>\n\n\n\n<h3 class=\"wp-block-heading\">Europaleta = zr\u00f3wnowa\u017cony rozw\u00f3j: ka\u017cdego roku dwa miliony odnowionych palet jest wykorzystywanych kilka razy.  <br><\/h3>\n\n\n\n<p>Drewniane europalety mog\u0105 by\u0107 u\u017cywane oko\u0142o 7 do 8 razy! Ostatecznie zu\u017cyta paleta jest wykorzystywana jako energia np. do ogrzewania. Palety s\u0105 gromadzone w centralnych magazynach sk\u0142ad\u00f3w palet, handlu i przemys\u0142u, a nast\u0119pnie transportowane do miejsca przetwarzania. Cz\u0119sto linia robot\u00f3w pomaga sortowa\u0107 palety, ale czasami jest to nadal praca r\u0119czna. Po sortowaniu palety, kt\u00f3re mo\u017cna naprawi\u0107, s\u0105 naprawiane i przechowywane. Palety, kt\u00f3rych nie mo\u017cna naprawi\u0107, s\u0105 poddawane recyklingowi, np. jako zr\u0119bki drzewne do produkcji paliwa energetycznego. Klient mo\u017ce wybiera\u0107 spo\u015br\u00f3d oko\u0142o 50 r\u00f3\u017cnych typ\u00f3w palet, z kt\u00f3rych europaleta jest najbardziej powszechna i jedna z najbardziej zr\u00f3wnowa\u017conych.<\/p>\n\n\n\n<p><em>Fakt. Do wyprodukowania 22 nowych europalet potrzeba jednego metra sze\u015bciennego drewna, jednak jeden metr sze\u015bcienny drewna mo\u017ce zosta\u0107 wykorzystany do naprawy 150 europalet pochodz\u0105cych z recyklingu.<\/em><\/p>\n\n\n\n<div class=\"wp-block-buttons is-content-justification-left is-layout-flex wp-container-core-buttons-is-layout-fc4fd283 wp-block-buttons-is-layout-flex\">\n<div class=\"wp-block-button\"><a class=\"wp-block-button__link has-white-color has-green-background-color has-text-color has-background has-link-color wp-element-button\" href=\"https:\/\/portal.pct-online.eu\/register\" target=\"_blank\" rel=\"noreferrer noopener\">Aktywacja konta<\/a><\/div>\n<\/div>\n\n\n\n<hr class=\"wp-block-separator has-alpha-channel-opacity\"\/>\n\n\n\n<blockquote class=\"wp-block-quote is-layout-flow wp-block-quote-is-layout-flow\">\n<p class=\"has-text-align-center\">Zapobiegaj napr\u0119\u017ceniom palet! Pallet Control Tower to europejski standard i platforma do odbioru i dostawy przez dopasowanie dla europalet i innych RTI. U\u0142atwiamy otwarty pooling od A do Z. I sprawiamy, \u017ce logistyka palet zn\u00f3w jest \u0142atwa w zarz\u0105dzaniu. <\/p>\n<\/blockquote>\n\n\n\n<hr class=\"wp-block-separator has-alpha-channel-opacity\"\/>\n\n\n\n<figure class=\"wp-block-image size-full\"><img decoding=\"async\" width=\"1600\" height=\"1066\" src=\"http:\/\/www.palletcontroltower.eu\/wp-content\/uploads\/2023\/11\/palletcontroltower-2.jpg\" alt=\"\" class=\"wp-image-207\" style=\"aspect-ratio:16\/9;object-fit:cover\" srcset=\"https:\/\/www.palletcontroltower.eu\/wp-content\/uploads\/2023\/11\/palletcontroltower-2.jpg 1600w, https:\/\/www.palletcontroltower.eu\/wp-content\/uploads\/2023\/11\/palletcontroltower-2-300x200.jpg 300w, https:\/\/www.palletcontroltower.eu\/wp-content\/uploads\/2023\/11\/palletcontroltower-2-1024x682.jpg 1024w, https:\/\/www.palletcontroltower.eu\/wp-content\/uploads\/2023\/11\/palletcontroltower-2-768x512.jpg 768w, https:\/\/www.palletcontroltower.eu\/wp-content\/uploads\/2023\/11\/palletcontroltower-2-1536x1023.jpg 1536w\" sizes=\"(max-width: 1600px) 100vw, 1600px\" \/><\/figure>\n\n\n\n<hr class=\"wp-block-separator has-alpha-channel-opacity\"\/>\n\n\n\n<div class=\"wp-block-columns is-layout-flex wp-container-core-columns-is-layout-28f84493 wp-block-columns-is-layout-flex\">\n<div class=\"wp-block-column is-layout-flow wp-block-column-is-layout-flow\">\n<h3 class=\"wp-block-heading\">Zalety<\/h3>\n\n\n\n<p><strong>Zmniejsz sw\u00f3j \u015blad CO2<\/strong>&nbsp;<\/p>\n\n\n\n<p>Dzi\u0119ki PCT Online wiele staje si\u0119 widocznych, w tym tak zwane koszty ukryte, kt\u00f3rych nie mo\u017cna bezpo\u015brednio okre\u015bli\u0107 ilo\u015bciowo, ale kt\u00f3re s\u0105 coraz wa\u017cniejsze w nowoczesnych operacjach biznesowych. Zaprzestanie niepotrzebnego przesuwania palet tam i z powrotem. <\/p>\n\n\n\n<p><strong>Lepsza wsp\u00f3\u0142praca w \u0142a\u0144cuchu dostaw<\/strong>&nbsp;<\/p>\n\n\n\n<p>System \u0142a\u0144cucha dostaw, kt\u00f3ry \u0142\u0105czy partner\u00f3w, dostawc\u00f3w i us\u0142ugodawc\u00f3w logistycznych, u\u0142atwia organizacjom wsp\u00f3\u0142prac\u0119. Kiedy problemy s\u0105 rozwi\u0105zywane bezpo\u015brednio z partnerami, rozwi\u0105zujesz je szybciej, koszty s\u0105 ni\u017csze, masz zadowolonych klient\u00f3w i mniej os\u00f3b odchodzi. We\u017a odpowiedzialno\u015b\u0107 za sw\u00f3j \u0142a\u0144cuch logistyczny!&nbsp;<\/p>\n\n\n\n<p><strong>Kompleksowy wgl\u0105d w \u0142a\u0144cuch dostaw<\/strong>&nbsp;<\/p>\n\n\n\n<p>Dzi\u0119ki widoczno\u015bci ca\u0142ego \u0142a\u0144cucha dostaw, w tym dostawc\u00f3w, producent\u00f3w, przewo\u017anik\u00f3w, magazyn\u00f3w i zewn\u0119trznych partner\u00f3w logistycznych (3PL), firmy mog\u0105 proaktywnie zarz\u0105dza\u0107 swoimi \u0142a\u0144cuchami dostaw, zmniejszaj\u0105c ryzyko i koszty. I zapewniaj\u0105c wi\u0119kszy zr\u00f3wnowa\u017cony rozw\u00f3j. &nbsp;&nbsp;<\/p>\n\n\n\n<p><strong>Dok\u0142adniejsze prognozowanie i podejmowanie decyzji<\/strong>&nbsp;<\/p>\n\n\n\n<p>Dane mog\u0105 by\u0107 agregowane, \u0142\u0105czone i rozszerzane za pomoc\u0105 \"analizy predykcyjnej\". Prowadzi to do lepszego, bardziej zautomatyzowanego podejmowania decyzji i autokorekty. Ostatecznie skutkuje to bardziej wydajnymi procesami i mniejsz\u0105 ilo\u015bci\u0105 odpad\u00f3w. Kolejna redukcja \u015bladu w\u0119glowego.&nbsp;&nbsp;<\/p>\n\n\n\n<p><strong>Wi\u0119ksza elastyczno\u015b\u0107 w \u0142a\u0144cuchu dostaw<\/strong>&nbsp;<\/p>\n\n\n\n<p>Elastyczne \u0142a\u0144cuchy dostaw przemieszczaj\u0105 si\u0119 wraz z Tob\u0105, gdy dzieje si\u0119 co\u015b nieoczekiwanego. Elastyczno\u015b\u0107 ta zapewnia lepsz\u0105 obs\u0142ug\u0119 klienta, szybszy czas reakcji i og\u00f3lnie bardziej wydajny \u0142a\u0144cuch dostaw. Zw\u0142aszcza w czasach, gdy zasoby ludzkie staj\u0105 si\u0119 coraz rzadsze i dro\u017csze. <\/p>\n\n\n\n<p><strong>Optymalne poziomy zapas\u00f3w<\/strong>&nbsp;<\/p>\n\n\n\n<p>PCTO zapewnia wgl\u0105d w zapasy w ca\u0142ej sieci, umo\u017cliwiaj\u0105c firmom posiadanie tego, czego potrzebuj\u0105, gdzie tego potrzebuj\u0105 i kiedy tego potrzebuj\u0105. Zwi\u0119kszaj\u0105 zyski i wska\u017aniki rotacji zapas\u00f3w oraz zmniejszaj\u0105 niedobory zapas\u00f3w i materia\u0142\u00f3w.&nbsp;<\/p>\n\n\n\n<p><strong>Gotowy na przysz\u0142o\u015b\u0107 poolingu palet?<\/strong>&nbsp;<\/p>\n\n\n\n<div class=\"wp-block-buttons is-layout-flex wp-block-buttons-is-layout-flex\">\n<div class=\"wp-block-button\"><a class=\"wp-block-button__link has-white-color has-blue-background-color has-text-color has-background has-link-color wp-element-button\" href=\"https:\/\/portal.pct-online.eu\/register\" target=\"_blank\" rel=\"noreferrer noopener\">Aktywacja konta<\/a><\/div>\n<\/div>\n<\/div>\n<\/div>","protected":false},"excerpt":{"rendered":"<p>Duurzaamheid PCT dringt het eenmalige gebruik van pallets terug en geeft u de kans om over te schakelen naar pallets voor meermalig gebruik. Dat doen wij met ons PCT Online-platform: Collection &amp; Delivery &#8211; Matching, gekoppeld aan e-Credits.&nbsp;Met ons platform kunnen palletgebruikers samen met hun toeleveranciers en klanten een eigen &#8216;palletpool&#8217; opzetten en zo het [&hellip;]<\/p>\n","protected":false},"author":1,"featured_media":0,"parent":40,"menu_order":0,"comment_status":"closed","ping_status":"closed","template":"","meta":{"footnotes":""},"class_list":["post-42","page","type-page","status-publish","hentry"],"yoast_head":"<!-- This site is optimized with the Yoast SEO plugin v27.3 - https:\/\/yoast.com\/product\/yoast-seo-wordpress\/ -->\n<title>Poolen is duurzaam - Pallet Control Tower<\/title>\n<meta name=\"description\" content=\"Palletpooling is een duurzame oplossing voor palletmanagement ingegeven door de nieuwe PPWD uit Brussel. PCT Online voldoet hieraan.\" \/>\n<meta name=\"robots\" content=\"index, follow, max-snippet:-1, max-image-preview:large, max-video-preview:-1\" \/>\n<link rel=\"canonical\" href=\"https:\/\/www.palletcontroltower.eu\/pl\/zrownowazony-rozwoj\/pooling-jest-zrownowazony\/\" \/>\n<meta property=\"og:locale\" content=\"pl_PL\" \/>\n<meta property=\"og:type\" content=\"article\" \/>\n<meta property=\"og:title\" content=\"Poolen is duurzaam - Pallet Control Tower\" \/>\n<meta property=\"og:description\" content=\"Palletpooling is een duurzame oplossing voor palletmanagement ingegeven door de nieuwe PPWD uit Brussel. PCT Online voldoet hieraan.\" \/>\n<meta property=\"og:url\" content=\"https:\/\/www.palletcontroltower.eu\/pl\/zrownowazony-rozwoj\/pooling-jest-zrownowazony\/\" \/>\n<meta property=\"og:site_name\" content=\"Pallet Control Tower\" \/>\n<meta property=\"article:modified_time\" content=\"2026-01-30T09:41:33+00:00\" \/>\n<meta property=\"og:image\" content=\"https:\/\/www.palletcontroltower.eu\/wp-content\/uploads\/2025\/05\/eur_pallet.jpg\" \/>\n\t<meta property=\"og:image:width\" content=\"1000\" \/>\n\t<meta property=\"og:image:height\" content=\"671\" \/>\n\t<meta property=\"og:image:type\" content=\"image\/jpeg\" \/>\n<meta name=\"twitter:card\" content=\"summary_large_image\" \/>\n<meta name=\"twitter:label1\" content=\"Szacowany czas czytania\" \/>\n\t<meta name=\"twitter:data1\" content=\"4 minuty\" \/>\n<script type=\"application\/ld+json\" class=\"yoast-schema-graph\">{\"@context\":\"https:\\\/\\\/schema.org\",\"@graph\":[{\"@type\":\"WebPage\",\"@id\":\"https:\\\/\\\/www.palletcontroltower.eu\\\/duurzaamheid\\\/poolen-is-duurzaam\\\/\",\"url\":\"https:\\\/\\\/www.palletcontroltower.eu\\\/duurzaamheid\\\/poolen-is-duurzaam\\\/\",\"name\":\"Poolen is duurzaam - Pallet Control Tower\",\"isPartOf\":{\"@id\":\"https:\\\/\\\/www.palletcontroltower.eu\\\/#website\"},\"primaryImageOfPage\":{\"@id\":\"https:\\\/\\\/www.palletcontroltower.eu\\\/duurzaamheid\\\/poolen-is-duurzaam\\\/#primaryimage\"},\"image\":{\"@id\":\"https:\\\/\\\/www.palletcontroltower.eu\\\/duurzaamheid\\\/poolen-is-duurzaam\\\/#primaryimage\"},\"thumbnailUrl\":\"https:\\\/\\\/www.palletcontroltower.eu\\\/wp-content\\\/uploads\\\/2025\\\/05\\\/eur_pallet.jpg\",\"datePublished\":\"2023-11-22T08:02:12+00:00\",\"dateModified\":\"2026-01-30T09:41:33+00:00\",\"description\":\"Palletpooling is een duurzame oplossing voor palletmanagement ingegeven door de nieuwe PPWD uit Brussel. PCT Online voldoet hieraan.\",\"breadcrumb\":{\"@id\":\"https:\\\/\\\/www.palletcontroltower.eu\\\/duurzaamheid\\\/poolen-is-duurzaam\\\/#breadcrumb\"},\"inLanguage\":\"pl-PL\",\"potentialAction\":[{\"@type\":\"ReadAction\",\"target\":[\"https:\\\/\\\/www.palletcontroltower.eu\\\/duurzaamheid\\\/poolen-is-duurzaam\\\/\"]}]},{\"@type\":\"ImageObject\",\"inLanguage\":\"pl-PL\",\"@id\":\"https:\\\/\\\/www.palletcontroltower.eu\\\/duurzaamheid\\\/poolen-is-duurzaam\\\/#primaryimage\",\"url\":\"https:\\\/\\\/www.palletcontroltower.eu\\\/wp-content\\\/uploads\\\/2025\\\/05\\\/eur_pallet.jpg\",\"contentUrl\":\"https:\\\/\\\/www.palletcontroltower.eu\\\/wp-content\\\/uploads\\\/2025\\\/05\\\/eur_pallet.jpg\"},{\"@type\":\"BreadcrumbList\",\"@id\":\"https:\\\/\\\/www.palletcontroltower.eu\\\/duurzaamheid\\\/poolen-is-duurzaam\\\/#breadcrumb\",\"itemListElement\":[{\"@type\":\"ListItem\",\"position\":1,\"name\":\"Home\",\"item\":\"https:\\\/\\\/www.palletcontroltower.eu\\\/\"},{\"@type\":\"ListItem\",\"position\":2,\"name\":\"Duurzaamheid\",\"item\":\"https:\\\/\\\/www.palletcontroltower.eu\\\/pl\\\/duurzaamheid\\\/\"},{\"@type\":\"ListItem\",\"position\":3,\"name\":\"Poolen is duurzaam\"}]},{\"@type\":\"WebSite\",\"@id\":\"https:\\\/\\\/www.palletcontroltower.eu\\\/#website\",\"url\":\"https:\\\/\\\/www.palletcontroltower.eu\\\/\",\"name\":\"Pallet Control Tower\",\"description\":\"\",\"publisher\":{\"@id\":\"https:\\\/\\\/www.palletcontroltower.eu\\\/#organization\"},\"potentialAction\":[{\"@type\":\"SearchAction\",\"target\":{\"@type\":\"EntryPoint\",\"urlTemplate\":\"https:\\\/\\\/www.palletcontroltower.eu\\\/?s={search_term_string}\"},\"query-input\":{\"@type\":\"PropertyValueSpecification\",\"valueRequired\":true,\"valueName\":\"search_term_string\"}}],\"inLanguage\":\"pl-PL\"},{\"@type\":\"Organization\",\"@id\":\"https:\\\/\\\/www.palletcontroltower.eu\\\/#organization\",\"name\":\"Pallet Control Tower\",\"url\":\"https:\\\/\\\/www.palletcontroltower.eu\\\/\",\"logo\":{\"@type\":\"ImageObject\",\"inLanguage\":\"pl-PL\",\"@id\":\"https:\\\/\\\/www.palletcontroltower.eu\\\/#\\\/schema\\\/logo\\\/image\\\/\",\"url\":\"https:\\\/\\\/www.palletcontroltower.eu\\\/wp-content\\\/uploads\\\/2023\\\/10\\\/logo.svg\",\"contentUrl\":\"https:\\\/\\\/www.palletcontroltower.eu\\\/wp-content\\\/uploads\\\/2023\\\/10\\\/logo.svg\",\"width\":290,\"height\":87,\"caption\":\"Pallet Control Tower\"},\"image\":{\"@id\":\"https:\\\/\\\/www.palletcontroltower.eu\\\/#\\\/schema\\\/logo\\\/image\\\/\"}}]}<\/script>\n<!-- \/ Yoast SEO plugin. -->","yoast_head_json":{"title":"Pooling jest zr\u00f3wnowa\u017cony - Pallet Control Tower","description":"Pooling palet to zr\u00f3wnowa\u017cone rozwi\u0105zanie w zakresie zarz\u0105dzania paletami, kt\u00f3re zosta\u0142o zainicjowane przez now\u0105 dyrektyw\u0119 PPWD z Brukseli. PCT Online spe\u0142nia te wymagania.","robots":{"index":"index","follow":"follow","max-snippet":"max-snippet:-1","max-image-preview":"max-image-preview:large","max-video-preview":"max-video-preview:-1"},"canonical":"https:\/\/www.palletcontroltower.eu\/pl\/zrownowazony-rozwoj\/pooling-jest-zrownowazony\/","og_locale":"pl_PL","og_type":"article","og_title":"Poolen is duurzaam - Pallet Control Tower","og_description":"Palletpooling is een duurzame oplossing voor palletmanagement ingegeven door de nieuwe PPWD uit Brussel. PCT Online voldoet hieraan.","og_url":"https:\/\/www.palletcontroltower.eu\/pl\/zrownowazony-rozwoj\/pooling-jest-zrownowazony\/","og_site_name":"Pallet Control Tower","article_modified_time":"2026-01-30T09:41:33+00:00","og_image":[{"width":1000,"height":671,"url":"https:\/\/www.palletcontroltower.eu\/wp-content\/uploads\/2025\/05\/eur_pallet.jpg","type":"image\/jpeg"}],"twitter_card":"summary_large_image","twitter_misc":{"Szacowany czas czytania":"4 minuty"},"schema":{"@context":"https:\/\/schema.org","@graph":[{"@type":"WebPage","@id":"https:\/\/www.palletcontroltower.eu\/duurzaamheid\/poolen-is-duurzaam\/","url":"https:\/\/www.palletcontroltower.eu\/duurzaamheid\/poolen-is-duurzaam\/","name":"Pooling jest zr\u00f3wnowa\u017cony - Pallet Control Tower","isPartOf":{"@id":"https:\/\/www.palletcontroltower.eu\/#website"},"primaryImageOfPage":{"@id":"https:\/\/www.palletcontroltower.eu\/duurzaamheid\/poolen-is-duurzaam\/#primaryimage"},"image":{"@id":"https:\/\/www.palletcontroltower.eu\/duurzaamheid\/poolen-is-duurzaam\/#primaryimage"},"thumbnailUrl":"https:\/\/www.palletcontroltower.eu\/wp-content\/uploads\/2025\/05\/eur_pallet.jpg","datePublished":"2023-11-22T08:02:12+00:00","dateModified":"2026-01-30T09:41:33+00:00","description":"Pooling palet to zr\u00f3wnowa\u017cone rozwi\u0105zanie w zakresie zarz\u0105dzania paletami, kt\u00f3re zosta\u0142o zainicjowane przez now\u0105 dyrektyw\u0119 PPWD z Brukseli. PCT Online spe\u0142nia te wymagania.","breadcrumb":{"@id":"https:\/\/www.palletcontroltower.eu\/duurzaamheid\/poolen-is-duurzaam\/#breadcrumb"},"inLanguage":"pl-PL","potentialAction":[{"@type":"ReadAction","target":["https:\/\/www.palletcontroltower.eu\/duurzaamheid\/poolen-is-duurzaam\/"]}]},{"@type":"ImageObject","inLanguage":"pl-PL","@id":"https:\/\/www.palletcontroltower.eu\/duurzaamheid\/poolen-is-duurzaam\/#primaryimage","url":"https:\/\/www.palletcontroltower.eu\/wp-content\/uploads\/2025\/05\/eur_pallet.jpg","contentUrl":"https:\/\/www.palletcontroltower.eu\/wp-content\/uploads\/2025\/05\/eur_pallet.jpg"},{"@type":"BreadcrumbList","@id":"https:\/\/www.palletcontroltower.eu\/duurzaamheid\/poolen-is-duurzaam\/#breadcrumb","itemListElement":[{"@type":"ListItem","position":1,"name":"Home","item":"https:\/\/www.palletcontroltower.eu\/"},{"@type":"ListItem","position":2,"name":"Duurzaamheid","item":"https:\/\/www.palletcontroltower.eu\/pl\/duurzaamheid\/"},{"@type":"ListItem","position":3,"name":"Poolen is duurzaam"}]},{"@type":"WebSite","@id":"https:\/\/www.palletcontroltower.eu\/#website","url":"https:\/\/www.palletcontroltower.eu\/","name":"Wie\u017ca kontroli palet","description":"","publisher":{"@id":"https:\/\/www.palletcontroltower.eu\/#organization"},"potentialAction":[{"@type":"SearchAction","target":{"@type":"EntryPoint","urlTemplate":"https:\/\/www.palletcontroltower.eu\/?s={search_term_string}"},"query-input":{"@type":"PropertyValueSpecification","valueRequired":true,"valueName":"search_term_string"}}],"inLanguage":"pl-PL"},{"@type":"Organization","@id":"https:\/\/www.palletcontroltower.eu\/#organization","name":"Wie\u017ca kontroli palet","url":"https:\/\/www.palletcontroltower.eu\/","logo":{"@type":"ImageObject","inLanguage":"pl-PL","@id":"https:\/\/www.palletcontroltower.eu\/#\/schema\/logo\/image\/","url":"https:\/\/www.palletcontroltower.eu\/wp-content\/uploads\/2023\/10\/logo.svg","contentUrl":"https:\/\/www.palletcontroltower.eu\/wp-content\/uploads\/2023\/10\/logo.svg","width":290,"height":87,"caption":"Pallet Control Tower"},"image":{"@id":"https:\/\/www.palletcontroltower.eu\/#\/schema\/logo\/image\/"}}]}},"_links":{"self":[{"href":"https:\/\/www.palletcontroltower.eu\/pl\/wp-json\/wp\/v2\/pages\/42","targetHints":{"allow":["GET"]}}],"collection":[{"href":"https:\/\/www.palletcontroltower.eu\/pl\/wp-json\/wp\/v2\/pages"}],"about":[{"href":"https:\/\/www.palletcontroltower.eu\/pl\/wp-json\/wp\/v2\/types\/page"}],"author":[{"embeddable":true,"href":"https:\/\/www.palletcontroltower.eu\/pl\/wp-json\/wp\/v2\/users\/1"}],"replies":[{"embeddable":true,"href":"https:\/\/www.palletcontroltower.eu\/pl\/wp-json\/wp\/v2\/comments?post=42"}],"version-history":[{"count":36,"href":"https:\/\/www.palletcontroltower.eu\/pl\/wp-json\/wp\/v2\/pages\/42\/revisions"}],"predecessor-version":[{"id":1228,"href":"https:\/\/www.palletcontroltower.eu\/pl\/wp-json\/wp\/v2\/pages\/42\/revisions\/1228"}],"up":[{"embeddable":true,"href":"https:\/\/www.palletcontroltower.eu\/pl\/wp-json\/wp\/v2\/pages\/40"}],"wp:attachment":[{"href":"https:\/\/www.palletcontroltower.eu\/pl\/wp-json\/wp\/v2\/media?parent=42"}],"curies":[{"name":"wp","href":"https:\/\/api.w.org\/{rel}","templated":true}]}}