{"id":66,"date":"2023-11-22T08:05:50","date_gmt":"2023-11-22T08:05:50","guid":{"rendered":"http:\/\/www.palletcontroltower.eu\/?page_id=66"},"modified":"2026-02-12T13:02:54","modified_gmt":"2026-02-12T13:02:54","slug":"kim-jest-pct","status":"publish","type":"page","link":"https:\/\/www.palletcontroltower.eu\/pl\/over-ons\/wie-is-pct\/","title":{"rendered":"Kim jest PCT?"},"content":{"rendered":"<div class=\"wp-block-columns is-layout-flex wp-container-core-columns-is-layout-28f84493 wp-block-columns-is-layout-flex\">\n<div class=\"wp-block-column is-layout-flow wp-block-column-is-layout-flow\">\n<h2 class=\"wp-block-heading\">Co robimy<\/h2>\n\n\n\n<p>PCT by\u0142o \u015bwiadkiem rozwoju i zmian w zakresie poolingu palet i innych zwrotnych artyku\u0142\u00f3w transportowych (ZAT) na przestrzeni ostatnich dziesi\u0119cioleci. Widzieli\u015bmy liczne problemy i b\u0142\u0119dy. Wiemy te\u017c, \u017ce nie s\u0105 one rozwi\u0105zywane lub s\u0105 rozwi\u0105zywane tylko cz\u0119\u015bciowo. Skutkuje to frustracj\u0105 i niewypowiedzianymi (ukrytymi) kosztami.&nbsp;&nbsp;<\/p>\n\n\n\n<p>Dzi\u0119ki naszemu nowemu standardowi jeste\u015bmy przekonani, \u017ce wnosimy znacz\u0105cy wk\u0142ad w optymalizacj\u0119 system\u00f3w basenowych, kt\u00f3rych jest wiele w Europie i na \u015bwiecie.&nbsp;&nbsp;<\/p>\n\n\n\n<div class=\"wp-block-buttons is-layout-flex wp-block-buttons-is-layout-flex\">\n<div class=\"wp-block-button\"><a class=\"wp-block-button__link has-white-color has-green-background-color has-text-color has-background has-link-color wp-element-button\" href=\"http:\/\/www.palletcontroltower.eu\/pl\/jak-to-dziala\/co-robimy\/\" target=\"_blank\" rel=\"noreferrer noopener\">Zobacz, jak to robimy tutaj<\/a><\/div>\n<\/div>\n<\/div>\n<\/div>\n\n\n\n<hr class=\"wp-block-separator has-alpha-channel-opacity\"\/>\n\n\n\n<div class=\"wp-block-columns are-vertically-aligned-center is-layout-flex wp-container-core-columns-is-layout-28f84493 wp-block-columns-is-layout-flex\">\n<div class=\"wp-block-column is-vertically-aligned-center is-layout-flow wp-block-column-is-layout-flow\">\n<figure class=\"wp-block-image size-full\"><img fetchpriority=\"high\" decoding=\"async\" width=\"1800\" height=\"380\" src=\"http:\/\/www.palletcontroltower.eu\/wp-content\/uploads\/2023\/12\/headerbeeld_0011_PalletControlTower_EPAL_forklift_handling_europallets.jpg\" alt=\"\" class=\"wp-image-646\" style=\"aspect-ratio:4\/3;object-fit:cover\" srcset=\"https:\/\/www.palletcontroltower.eu\/wp-content\/uploads\/2023\/12\/headerbeeld_0011_PalletControlTower_EPAL_forklift_handling_europallets.jpg 1800w, https:\/\/www.palletcontroltower.eu\/wp-content\/uploads\/2023\/12\/headerbeeld_0011_PalletControlTower_EPAL_forklift_handling_europallets-300x63.jpg 300w, https:\/\/www.palletcontroltower.eu\/wp-content\/uploads\/2023\/12\/headerbeeld_0011_PalletControlTower_EPAL_forklift_handling_europallets-1024x216.jpg 1024w, https:\/\/www.palletcontroltower.eu\/wp-content\/uploads\/2023\/12\/headerbeeld_0011_PalletControlTower_EPAL_forklift_handling_europallets-768x162.jpg 768w, https:\/\/www.palletcontroltower.eu\/wp-content\/uploads\/2023\/12\/headerbeeld_0011_PalletControlTower_EPAL_forklift_handling_europallets-1536x324.jpg 1536w, https:\/\/www.palletcontroltower.eu\/wp-content\/uploads\/2023\/12\/headerbeeld_0011_PalletControlTower_EPAL_forklift_handling_europallets-18x4.jpg 18w\" sizes=\"(max-width: 1800px) 100vw, 1800px\" \/><\/figure>\n<\/div>\n\n\n\n<div class=\"wp-block-column is-vertically-aligned-center is-layout-flow wp-block-column-is-layout-flow\">\n<h2 class=\"wp-block-heading\">Matching, Collection y Delivery.<\/h2>\n\n\n\n<p>PCTO rozwi\u0105zuje problemy zwi\u0105zane z paletami. Poprzez Matching, nasza platforma online reguluje proces odbioru i dostawy europalet i innych ZAT w ca\u0142ej Europie, Azji i Ameryce\/Kanadzie. Robimy to mi\u0119dzy innymi za pomoc\u0105 naszego systemu e-Credit, \u015bledz\u0105c niezale\u017cny indeks EUWID w celu uzyskania najbardziej aktualnych trend\u00f3w cenowych.<\/p>\n\n\n\n<p>Posiadamy r\u00f3wnie\u017c sie\u0107 mened\u017cer\u00f3w ds. obs\u0142ugi klienta i jako\u015bci w Europie, kt\u00f3rzy rozwi\u0105zuj\u0105 problemy w przypadku spor\u00f3w. Sprawdzaj\u0105 oni jako\u015b\u0107 palet na miejscu, zar\u00f3wno w magazynach, jak i u odbiorc\u00f3w.<\/p>\n\n\n\n<p>Dzi\u0119ki e-kredytom nasi uczestnicy s\u0105 w stanie optymalnie wdra\u017ca\u0107 europalety (UIC\/EUR - EPAL) i inne RTI. Wszystko po to, aby uzyska\u0107 bardziej zr\u00f3wnowa\u017cony \u0142a\u0144cuch dostaw.<\/p>\n\n\n\n<div class=\"wp-block-buttons is-layout-flex wp-block-buttons-is-layout-flex\">\n<div class=\"wp-block-button\"><a class=\"wp-block-button__link has-white-color has-green-background-color has-text-color has-background has-link-color wp-element-button\" href=\"https:\/\/portal.pct-online.eu\/register\" target=\"_blank\" rel=\"noreferrer noopener\">Aktywacja konta<\/a><\/div>\n<\/div>\n<\/div>\n<\/div>\n\n\n\n<hr class=\"wp-block-separator has-alpha-channel-opacity\"\/>\n\n\n\n<blockquote class=\"wp-block-quote is-layout-flow wp-block-quote-is-layout-flow\">\n<p class=\"has-text-align-center\">Zapobiegaj napr\u0119\u017ceniom palet! Pallet Control Tower to europejski standard i platforma do odbioru i dostawy przez dopasowanie dla europalet i innych RTI. U\u0142atwiamy otwarty pooling od A do Z. I sprawiamy, \u017ce logistyka palet zn\u00f3w jest \u0142atwa w zarz\u0105dzaniu.<\/p>\n<\/blockquote>\n\n\n\n<hr class=\"wp-block-separator has-alpha-channel-opacity\"\/>\n\n\n\n<figure class=\"wp-block-image size-full\"><img decoding=\"async\" width=\"1600\" height=\"1066\" src=\"http:\/\/www.palletcontroltower.eu\/wp-content\/uploads\/2023\/11\/palletcontroltower-2.jpg\" alt=\"\" class=\"wp-image-207\" style=\"aspect-ratio:16\/9;object-fit:cover\" srcset=\"https:\/\/www.palletcontroltower.eu\/wp-content\/uploads\/2023\/11\/palletcontroltower-2.jpg 1600w, https:\/\/www.palletcontroltower.eu\/wp-content\/uploads\/2023\/11\/palletcontroltower-2-300x200.jpg 300w, https:\/\/www.palletcontroltower.eu\/wp-content\/uploads\/2023\/11\/palletcontroltower-2-1024x682.jpg 1024w, https:\/\/www.palletcontroltower.eu\/wp-content\/uploads\/2023\/11\/palletcontroltower-2-768x512.jpg 768w, https:\/\/www.palletcontroltower.eu\/wp-content\/uploads\/2023\/11\/palletcontroltower-2-1536x1023.jpg 1536w\" sizes=\"(max-width: 1600px) 100vw, 1600px\" \/><\/figure>\n\n\n\n<hr class=\"wp-block-separator has-alpha-channel-opacity\"\/>\n\n\n\n<div class=\"wp-block-columns is-layout-flex wp-container-core-columns-is-layout-28f84493 wp-block-columns-is-layout-flex\">\n<div class=\"wp-block-column is-layout-flow wp-block-column-is-layout-flow\">\n<h3 class=\"wp-block-heading\">Dla kogo i dlaczego? <\/h3>\n\n\n\n<p>Dzi\u0119ki PCTO ka\u017cda firma, a jeszcze lepiej sie\u0107 firm - \u0142a\u0144cuch dostaw - b\u0119dzie mia\u0142a mo\u017cliwo\u015b\u0107 przej\u015bcia z palet jednorazowych i innych RTI na wielorazowe europalety i inne RTI. <\/p>\n\n\n\n<p>Platforma PCTO jest przeznaczona dla ka\u017cdej firmy przemys\u0142owej, produkcyjnej lub handlowej, kt\u00f3ra wykorzystuje europalety i RTI do transportu produkt\u00f3w na du\u017c\u0105 skal\u0119. Ale tak\u017ce dla przewo\u017anik\u00f3w i centr\u00f3w dystrybucyjnych, a tak\u017ce sprzedawc\u00f3w palet\/depot\u00f3w\/producent\u00f3w. <\/p>\n\n\n\n<div class=\"wp-block-buttons is-layout-flex wp-block-buttons-is-layout-flex\">\n<div class=\"wp-block-button\"><a class=\"wp-block-button__link has-white-color has-blue-background-color has-text-color has-background has-link-color wp-element-button\" href=\"https:\/\/portal.pct-online.eu\/register\" target=\"_blank\" rel=\"noreferrer noopener\">Aktywacja konta<\/a><\/div>\n<\/div>\n<\/div>\n\n\n\n<div class=\"wp-block-column is-layout-flow wp-block-column-is-layout-flow\">\n<h3 class=\"wp-block-heading\">Jak to zrobi\u0107? <\/h3>\n\n\n\n<p>PCTO oferuje prosty spos\u00f3b na przej\u015bcie z jednorazowego u\u017cytku na wielorazowy. Dzi\u0119ki funkcjom odbioru i dostawy, dopasowywaniu zam\u00f3wie\u0144 oraz e-kredytowi, wszyscy uczestnicy \u0142a\u0144cucha logistycznego odnosz\u0105 korzy\u015bci. <\/p>\n\n\n\n<p>Obs\u0142uga transakcji staje si\u0119 \u0142atwiejsza, a przejrzysto\u015b\u0107 oznacza mniej dyskusji ze wszystkimi zaanga\u017cowanymi stronami. Wzajemne salda mo\u017cna \u0142atwo rozlicza\u0107 za pomoc\u0105 e-Kredyt\u00f3w. W przypadku dyskusji nasi regionalni mened\u017cerowie ds. kont i jako\u015bci mog\u0105 zapewni\u0107 rozwi\u0105zanie.<\/p>\n\n\n\n<div class=\"wp-block-buttons is-layout-flex wp-block-buttons-is-layout-flex\">\n<div class=\"wp-block-button\"><a class=\"wp-block-button__link has-white-color has-mint-background-color has-text-color has-background has-link-color wp-element-button\" href=\"https:\/\/portal.pct-online.eu\/register\" target=\"_blank\" rel=\"noreferrer noopener\">Aktywacja konta<\/a><\/div>\n<\/div>\n<\/div>\n<\/div>","protected":false},"excerpt":{"rendered":"<p>Wat wij doen PCT heeft de afgelopen decennia de pooling van pallets en andere Returnable Transport Items (RTI) zien opkomen en veranderen. We hebben tal van problemen en fouten zien ontstaan. En we weten dat ze niet, of maar deels, worden opgelost. Met frustratie en onoverzichtelijke (verborgen) kosten tot gevolg.&nbsp;&nbsp; Met onze nieuwe standaard zijn [&hellip;]<\/p>\n","protected":false},"author":1,"featured_media":0,"parent":64,"menu_order":0,"comment_status":"closed","ping_status":"closed","template":"","meta":{"footnotes":""},"class_list":["post-66","page","type-page","status-publish","hentry"],"yoast_head":"<!-- This site is optimized with the Yoast SEO plugin v27.3 - https:\/\/yoast.com\/product\/yoast-seo-wordpress\/ -->\n<title>Wie is PCT? - Pallet Control Tower<\/title>\n<meta name=\"robots\" content=\"index, follow, max-snippet:-1, max-image-preview:large, max-video-preview:-1\" \/>\n<link rel=\"canonical\" href=\"https:\/\/www.palletcontroltower.eu\/pl\/o-nas\/kim-jest-pct\/\" \/>\n<meta property=\"og:locale\" content=\"pl_PL\" \/>\n<meta property=\"og:type\" content=\"article\" \/>\n<meta property=\"og:title\" content=\"Wie is PCT? - Pallet Control Tower\" \/>\n<meta property=\"og:description\" content=\"Wat wij doen PCT heeft de afgelopen decennia de pooling van pallets en andere Returnable Transport Items (RTI) zien opkomen en veranderen. We hebben tal van problemen en fouten zien ontstaan. En we weten dat ze niet, of maar deels, worden opgelost. Met frustratie en onoverzichtelijke (verborgen) kosten tot gevolg.&nbsp;&nbsp; Met onze nieuwe standaard zijn [&hellip;]\" \/>\n<meta property=\"og:url\" content=\"https:\/\/www.palletcontroltower.eu\/pl\/o-nas\/kim-jest-pct\/\" \/>\n<meta property=\"og:site_name\" content=\"Pallet Control Tower\" \/>\n<meta property=\"article:modified_time\" content=\"2026-02-12T13:02:54+00:00\" \/>\n<meta property=\"og:image\" content=\"https:\/\/www.palletcontroltower.eu\/wp-content\/uploads\/2023\/12\/headerbeeld_0011_PalletControlTower_EPAL_forklift_handling_europallets.jpg\" \/>\n\t<meta property=\"og:image:width\" content=\"1800\" \/>\n\t<meta property=\"og:image:height\" content=\"380\" \/>\n\t<meta property=\"og:image:type\" content=\"image\/jpeg\" \/>\n<meta name=\"twitter:card\" content=\"summary_large_image\" \/>\n<meta name=\"twitter:label1\" content=\"Szacowany czas czytania\" \/>\n\t<meta name=\"twitter:data1\" content=\"3 minuty\" \/>\n<script type=\"application\/ld+json\" class=\"yoast-schema-graph\">{\"@context\":\"https:\\\/\\\/schema.org\",\"@graph\":[{\"@type\":\"WebPage\",\"@id\":\"https:\\\/\\\/www.palletcontroltower.eu\\\/over-ons\\\/wie-is-pct\\\/\",\"url\":\"https:\\\/\\\/www.palletcontroltower.eu\\\/over-ons\\\/wie-is-pct\\\/\",\"name\":\"Wie is PCT? - Pallet Control Tower\",\"isPartOf\":{\"@id\":\"https:\\\/\\\/www.palletcontroltower.eu\\\/#website\"},\"primaryImageOfPage\":{\"@id\":\"https:\\\/\\\/www.palletcontroltower.eu\\\/over-ons\\\/wie-is-pct\\\/#primaryimage\"},\"image\":{\"@id\":\"https:\\\/\\\/www.palletcontroltower.eu\\\/over-ons\\\/wie-is-pct\\\/#primaryimage\"},\"thumbnailUrl\":\"http:\\\/\\\/www.palletcontroltower.eu\\\/wp-content\\\/uploads\\\/2023\\\/12\\\/headerbeeld_0011_PalletControlTower_EPAL_forklift_handling_europallets.jpg\",\"datePublished\":\"2023-11-22T08:05:50+00:00\",\"dateModified\":\"2026-02-12T13:02:54+00:00\",\"breadcrumb\":{\"@id\":\"https:\\\/\\\/www.palletcontroltower.eu\\\/over-ons\\\/wie-is-pct\\\/#breadcrumb\"},\"inLanguage\":\"pl-PL\",\"potentialAction\":[{\"@type\":\"ReadAction\",\"target\":[\"https:\\\/\\\/www.palletcontroltower.eu\\\/over-ons\\\/wie-is-pct\\\/\"]}]},{\"@type\":\"ImageObject\",\"inLanguage\":\"pl-PL\",\"@id\":\"https:\\\/\\\/www.palletcontroltower.eu\\\/over-ons\\\/wie-is-pct\\\/#primaryimage\",\"url\":\"http:\\\/\\\/www.palletcontroltower.eu\\\/wp-content\\\/uploads\\\/2023\\\/12\\\/headerbeeld_0011_PalletControlTower_EPAL_forklift_handling_europallets.jpg\",\"contentUrl\":\"http:\\\/\\\/www.palletcontroltower.eu\\\/wp-content\\\/uploads\\\/2023\\\/12\\\/headerbeeld_0011_PalletControlTower_EPAL_forklift_handling_europallets.jpg\"},{\"@type\":\"BreadcrumbList\",\"@id\":\"https:\\\/\\\/www.palletcontroltower.eu\\\/over-ons\\\/wie-is-pct\\\/#breadcrumb\",\"itemListElement\":[{\"@type\":\"ListItem\",\"position\":1,\"name\":\"Home\",\"item\":\"https:\\\/\\\/www.palletcontroltower.eu\\\/\"},{\"@type\":\"ListItem\",\"position\":2,\"name\":\"Over ons\",\"item\":\"https:\\\/\\\/www.palletcontroltower.eu\\\/over-ons\\\/\"},{\"@type\":\"ListItem\",\"position\":3,\"name\":\"Wie is PCT?\"}]},{\"@type\":\"WebSite\",\"@id\":\"https:\\\/\\\/www.palletcontroltower.eu\\\/#website\",\"url\":\"https:\\\/\\\/www.palletcontroltower.eu\\\/\",\"name\":\"Pallet Control Tower\",\"description\":\"\",\"publisher\":{\"@id\":\"https:\\\/\\\/www.palletcontroltower.eu\\\/#organization\"},\"potentialAction\":[{\"@type\":\"SearchAction\",\"target\":{\"@type\":\"EntryPoint\",\"urlTemplate\":\"https:\\\/\\\/www.palletcontroltower.eu\\\/?s={search_term_string}\"},\"query-input\":{\"@type\":\"PropertyValueSpecification\",\"valueRequired\":true,\"valueName\":\"search_term_string\"}}],\"inLanguage\":\"pl-PL\"},{\"@type\":\"Organization\",\"@id\":\"https:\\\/\\\/www.palletcontroltower.eu\\\/#organization\",\"name\":\"Pallet Control Tower\",\"url\":\"https:\\\/\\\/www.palletcontroltower.eu\\\/\",\"logo\":{\"@type\":\"ImageObject\",\"inLanguage\":\"pl-PL\",\"@id\":\"https:\\\/\\\/www.palletcontroltower.eu\\\/#\\\/schema\\\/logo\\\/image\\\/\",\"url\":\"https:\\\/\\\/www.palletcontroltower.eu\\\/wp-content\\\/uploads\\\/2023\\\/10\\\/logo.svg\",\"contentUrl\":\"https:\\\/\\\/www.palletcontroltower.eu\\\/wp-content\\\/uploads\\\/2023\\\/10\\\/logo.svg\",\"width\":290,\"height\":87,\"caption\":\"Pallet Control Tower\"},\"image\":{\"@id\":\"https:\\\/\\\/www.palletcontroltower.eu\\\/#\\\/schema\\\/logo\\\/image\\\/\"}}]}<\/script>\n<!-- \/ Yoast SEO plugin. -->","yoast_head_json":{"title":"Kim jest PCT? - Pallet Control Tower","robots":{"index":"index","follow":"follow","max-snippet":"max-snippet:-1","max-image-preview":"max-image-preview:large","max-video-preview":"max-video-preview:-1"},"canonical":"https:\/\/www.palletcontroltower.eu\/pl\/o-nas\/kim-jest-pct\/","og_locale":"pl_PL","og_type":"article","og_title":"Wie is PCT? - Pallet Control Tower","og_description":"Wat wij doen PCT heeft de afgelopen decennia de pooling van pallets en andere Returnable Transport Items (RTI) zien opkomen en veranderen. We hebben tal van problemen en fouten zien ontstaan. En we weten dat ze niet, of maar deels, worden opgelost. Met frustratie en onoverzichtelijke (verborgen) kosten tot gevolg.&nbsp;&nbsp; Met onze nieuwe standaard zijn [&hellip;]","og_url":"https:\/\/www.palletcontroltower.eu\/pl\/o-nas\/kim-jest-pct\/","og_site_name":"Pallet Control Tower","article_modified_time":"2026-02-12T13:02:54+00:00","og_image":[{"width":1800,"height":380,"url":"https:\/\/www.palletcontroltower.eu\/wp-content\/uploads\/2023\/12\/headerbeeld_0011_PalletControlTower_EPAL_forklift_handling_europallets.jpg","type":"image\/jpeg"}],"twitter_card":"summary_large_image","twitter_misc":{"Szacowany czas czytania":"3 minuty"},"schema":{"@context":"https:\/\/schema.org","@graph":[{"@type":"WebPage","@id":"https:\/\/www.palletcontroltower.eu\/over-ons\/wie-is-pct\/","url":"https:\/\/www.palletcontroltower.eu\/over-ons\/wie-is-pct\/","name":"Kim jest PCT? - Pallet Control Tower","isPartOf":{"@id":"https:\/\/www.palletcontroltower.eu\/#website"},"primaryImageOfPage":{"@id":"https:\/\/www.palletcontroltower.eu\/over-ons\/wie-is-pct\/#primaryimage"},"image":{"@id":"https:\/\/www.palletcontroltower.eu\/over-ons\/wie-is-pct\/#primaryimage"},"thumbnailUrl":"http:\/\/www.palletcontroltower.eu\/wp-content\/uploads\/2023\/12\/headerbeeld_0011_PalletControlTower_EPAL_forklift_handling_europallets.jpg","datePublished":"2023-11-22T08:05:50+00:00","dateModified":"2026-02-12T13:02:54+00:00","breadcrumb":{"@id":"https:\/\/www.palletcontroltower.eu\/over-ons\/wie-is-pct\/#breadcrumb"},"inLanguage":"pl-PL","potentialAction":[{"@type":"ReadAction","target":["https:\/\/www.palletcontroltower.eu\/over-ons\/wie-is-pct\/"]}]},{"@type":"ImageObject","inLanguage":"pl-PL","@id":"https:\/\/www.palletcontroltower.eu\/over-ons\/wie-is-pct\/#primaryimage","url":"http:\/\/www.palletcontroltower.eu\/wp-content\/uploads\/2023\/12\/headerbeeld_0011_PalletControlTower_EPAL_forklift_handling_europallets.jpg","contentUrl":"http:\/\/www.palletcontroltower.eu\/wp-content\/uploads\/2023\/12\/headerbeeld_0011_PalletControlTower_EPAL_forklift_handling_europallets.jpg"},{"@type":"BreadcrumbList","@id":"https:\/\/www.palletcontroltower.eu\/over-ons\/wie-is-pct\/#breadcrumb","itemListElement":[{"@type":"ListItem","position":1,"name":"Home","item":"https:\/\/www.palletcontroltower.eu\/"},{"@type":"ListItem","position":2,"name":"Over ons","item":"https:\/\/www.palletcontroltower.eu\/over-ons\/"},{"@type":"ListItem","position":3,"name":"Wie is PCT?"}]},{"@type":"WebSite","@id":"https:\/\/www.palletcontroltower.eu\/#website","url":"https:\/\/www.palletcontroltower.eu\/","name":"Wie\u017ca kontroli palet","description":"","publisher":{"@id":"https:\/\/www.palletcontroltower.eu\/#organization"},"potentialAction":[{"@type":"SearchAction","target":{"@type":"EntryPoint","urlTemplate":"https:\/\/www.palletcontroltower.eu\/?s={search_term_string}"},"query-input":{"@type":"PropertyValueSpecification","valueRequired":true,"valueName":"search_term_string"}}],"inLanguage":"pl-PL"},{"@type":"Organization","@id":"https:\/\/www.palletcontroltower.eu\/#organization","name":"Wie\u017ca kontroli palet","url":"https:\/\/www.palletcontroltower.eu\/","logo":{"@type":"ImageObject","inLanguage":"pl-PL","@id":"https:\/\/www.palletcontroltower.eu\/#\/schema\/logo\/image\/","url":"https:\/\/www.palletcontroltower.eu\/wp-content\/uploads\/2023\/10\/logo.svg","contentUrl":"https:\/\/www.palletcontroltower.eu\/wp-content\/uploads\/2023\/10\/logo.svg","width":290,"height":87,"caption":"Pallet Control Tower"},"image":{"@id":"https:\/\/www.palletcontroltower.eu\/#\/schema\/logo\/image\/"}}]}},"_links":{"self":[{"href":"https:\/\/www.palletcontroltower.eu\/pl\/wp-json\/wp\/v2\/pages\/66","targetHints":{"allow":["GET"]}}],"collection":[{"href":"https:\/\/www.palletcontroltower.eu\/pl\/wp-json\/wp\/v2\/pages"}],"about":[{"href":"https:\/\/www.palletcontroltower.eu\/pl\/wp-json\/wp\/v2\/types\/page"}],"author":[{"embeddable":true,"href":"https:\/\/www.palletcontroltower.eu\/pl\/wp-json\/wp\/v2\/users\/1"}],"replies":[{"embeddable":true,"href":"https:\/\/www.palletcontroltower.eu\/pl\/wp-json\/wp\/v2\/comments?post=66"}],"version-history":[{"count":25,"href":"https:\/\/www.palletcontroltower.eu\/pl\/wp-json\/wp\/v2\/pages\/66\/revisions"}],"predecessor-version":[{"id":1245,"href":"https:\/\/www.palletcontroltower.eu\/pl\/wp-json\/wp\/v2\/pages\/66\/revisions\/1245"}],"up":[{"embeddable":true,"href":"https:\/\/www.palletcontroltower.eu\/pl\/wp-json\/wp\/v2\/pages\/64"}],"wp:attachment":[{"href":"https:\/\/www.palletcontroltower.eu\/pl\/wp-json\/wp\/v2\/media?parent=66"}],"curies":[{"name":"wp","href":"https:\/\/api.w.org\/{rel}","templated":true}]}}