{"id":68,"date":"2023-11-22T08:05:58","date_gmt":"2023-11-22T08:05:58","guid":{"rendered":"http:\/\/www.palletcontroltower.eu\/?page_id=68"},"modified":"2026-01-30T09:52:36","modified_gmt":"2026-01-30T09:52:36","slug":"misja-i-wizja","status":"publish","type":"page","link":"https:\/\/www.palletcontroltower.eu\/pl\/over-ons\/missie-en-visie\/","title":{"rendered":"Misja i wizja"},"content":{"rendered":"<div class=\"wp-block-columns is-layout-flex wp-container-core-columns-is-layout-28f84493 wp-block-columns-is-layout-flex\">\n<div class=\"wp-block-column is-layout-flow wp-block-column-is-layout-flow\">\n<h2 class=\"wp-block-heading\">Wizja: bierzemy na siebie odpowiedzialno\u015b\u0107<\/h2>\n\n\n\n<p>Automatyzacja, koszty, ale przede wszystkim zr\u00f3wnowa\u017cony rozw\u00f3j zyska\u0142y na znaczeniu we wszystkich obszarach w ostatnich latach. \u015awiat palet i innych zwrotnych artyku\u0142\u00f3w transportowych (RTI) r\u00f3wnie\u017c musi za tym nad\u0105\u017ca\u0107, aby nie straci\u0107 na znaczeniu. Ponowne u\u017cycie, recykling i naprawa to s\u0142owa kluczowe. <\/p>\n\n\n\n<p>Korzystaj\u0105c z PCT Online, firmy s\u0105 w stanie zmieni\u0107 dzisiejsze spo\u0142ecze\u0144stwo w kilku obszarach. Pomy\u015bl o zr\u00f3wnowa\u017conym biznesie, redukcji emisji CO2, \u015bwiadomo\u015bci koszt\u00f3w, optymalizacji wydajno\u015bci, jednocze\u015bnie otwieraj\u0105c nowe mo\u017cliwo\u015bci w logistyce.<\/p>\n\n\n\n<h2 class=\"wp-block-heading\">Misja: the Easy Way&nbsp;<\/h2>\n\n\n\n<p>Pomagamy firmom w \u0142atwy spos\u00f3b przej\u015b\u0107 od jednorazowej do wielokrotnej p\u0142atno\u015bci. Oferujemy wszystkie wymagane do tego kroki w przejrzysty spos\u00f3b na platformie PCT Online. Wa\u017cnym pierwszym krokiem jest przekazanie niestandardowych palet i innych RTI i zast\u0105pienie ich wariantem wielokrotnego u\u017cytku: w tym europalet\u0105 EUR. Drugim wa\u017cnym krokiem jest \u2018rejestrowanie\u2019: wiedza o tym, kt\u00f3re palety s\u0105 gdzie i przy jakich umowach cenowych.\u00a0\u00a0<\/p>\n\n\n\n<p>Przej\u015bcie z opakowa\u0144 jednorazowych na wielorazowe przyniesie korzy\u015bci finansowe dla ca\u0142ego \u0142a\u0144cucha logistycznego - opr\u00f3cz zr\u00f3wnowa\u017conego rozwoju - w perspektywie kr\u00f3tko-, ale z pewno\u015bci\u0105 d\u0142ugoterminowej.&nbsp;<\/p>\n\n\n\n<p><strong>Czy jeste\u015b gotowy na przysz\u0142o\u015b\u0107 poolingu palet?<\/strong>&nbsp;<\/p>\n\n\n\n<div class=\"wp-block-buttons is-layout-flex wp-block-buttons-is-layout-flex\">\n<div class=\"wp-block-button\"><a class=\"wp-block-button__link has-white-color has-green-background-color has-text-color has-background has-link-color wp-element-button\" href=\"https:\/\/portal.pct-online.eu\/register\" target=\"_blank\" rel=\"noreferrer noopener\">Aktywacja konta<\/a><\/div>\n<\/div>\n<\/div>\n<\/div>\n\n\n\n<hr class=\"wp-block-separator has-alpha-channel-opacity\"\/>\n\n\n\n<figure class=\"wp-block-image size-large\"><img fetchpriority=\"high\" decoding=\"async\" width=\"1024\" height=\"216\" src=\"http:\/\/www.palletcontroltower.eu\/wp-content\/uploads\/2023\/12\/headerbeeld_0007_PalletControlTower_Large_distribution_center-1024x216.jpg\" alt=\"\" class=\"wp-image-642\" srcset=\"https:\/\/www.palletcontroltower.eu\/wp-content\/uploads\/2023\/12\/headerbeeld_0007_PalletControlTower_Large_distribution_center-1024x216.jpg 1024w, https:\/\/www.palletcontroltower.eu\/wp-content\/uploads\/2023\/12\/headerbeeld_0007_PalletControlTower_Large_distribution_center-300x63.jpg 300w, https:\/\/www.palletcontroltower.eu\/wp-content\/uploads\/2023\/12\/headerbeeld_0007_PalletControlTower_Large_distribution_center-768x162.jpg 768w, https:\/\/www.palletcontroltower.eu\/wp-content\/uploads\/2023\/12\/headerbeeld_0007_PalletControlTower_Large_distribution_center-1536x324.jpg 1536w, https:\/\/www.palletcontroltower.eu\/wp-content\/uploads\/2023\/12\/headerbeeld_0007_PalletControlTower_Large_distribution_center-18x4.jpg 18w, https:\/\/www.palletcontroltower.eu\/wp-content\/uploads\/2023\/12\/headerbeeld_0007_PalletControlTower_Large_distribution_center.jpg 1800w\" sizes=\"(max-width: 1024px) 100vw, 1024px\" \/><\/figure>\n\n\n\n<hr class=\"wp-block-separator has-alpha-channel-opacity\"\/>\n\n\n\n<blockquote class=\"wp-block-quote is-layout-flow wp-block-quote-is-layout-flow\">\n<p class=\"has-text-align-center\">Uniknij stresu zwi\u0105zanego z paletami! Pallet Control Tower to europejski standard i platforma do odbioru i dostawy poprzez dopasowanie dla europalet i innych zwrotnych artyku\u0142\u00f3w transportowych. U\u0142atwiamy otwarty pooling od A do Z. I sprawiamy, \u017ce logistyka palet zn\u00f3w jest \u0142atwa w zarz\u0105dzaniu.<\/p>\n<\/blockquote>\n\n\n\n<hr class=\"wp-block-separator has-alpha-channel-opacity\"\/>\n\n\n\n<div class=\"wp-block-columns is-layout-flex wp-container-core-columns-is-layout-28f84493 wp-block-columns-is-layout-flex\"><\/div>","protected":false},"excerpt":{"rendered":"<p>Visie: we nemen onze verantwoordelijkheid Automatisering, kosten maar vooral duurzaamheid hebben de laatste jaren op alle vlakken een vlucht genomen. Ook de wereld van pallets en andere Returnable Transport Items (RTI\u2019s) moet hierin mee om niet de aansluiting te verliezen. Re-use, recycle en repair zijn de kernwoorden. Door gebruik te maken van PCT Online zijn [&hellip;]<\/p>\n","protected":false},"author":1,"featured_media":0,"parent":64,"menu_order":0,"comment_status":"closed","ping_status":"closed","template":"","meta":{"footnotes":""},"class_list":["post-68","page","type-page","status-publish","hentry"],"yoast_head":"<!-- This site is optimized with the Yoast SEO plugin v27.3 - https:\/\/yoast.com\/product\/yoast-seo-wordpress\/ -->\n<title>Missie en visie - Pallet Control Tower<\/title>\n<meta name=\"description\" content=\"De missie en visie van Pallet Control Tower: een meer duurzame manier van pallet logistiek - op een zo eenvoudige wijze geoperationaliseerd\" \/>\n<meta name=\"robots\" content=\"index, follow, max-snippet:-1, max-image-preview:large, max-video-preview:-1\" \/>\n<link rel=\"canonical\" href=\"https:\/\/www.palletcontroltower.eu\/pl\/o-nas\/misja-i-wizja\/\" \/>\n<meta property=\"og:locale\" content=\"pl_PL\" \/>\n<meta property=\"og:type\" content=\"article\" \/>\n<meta property=\"og:title\" content=\"Missie en visie - Pallet Control Tower\" \/>\n<meta property=\"og:description\" content=\"De missie en visie van Pallet Control Tower: een meer duurzame manier van pallet logistiek - op een zo eenvoudige wijze geoperationaliseerd\" \/>\n<meta property=\"og:url\" content=\"https:\/\/www.palletcontroltower.eu\/pl\/o-nas\/misja-i-wizja\/\" \/>\n<meta property=\"og:site_name\" content=\"Pallet Control Tower\" \/>\n<meta property=\"article:modified_time\" content=\"2026-01-30T09:52:36+00:00\" \/>\n<meta property=\"og:image\" content=\"https:\/\/www.palletcontroltower.eu\/wp-content\/uploads\/2023\/12\/headerbeeld_0007_PalletControlTower_Large_distribution_center.jpg\" \/>\n\t<meta property=\"og:image:width\" content=\"1800\" \/>\n\t<meta property=\"og:image:height\" content=\"380\" \/>\n\t<meta property=\"og:image:type\" content=\"image\/jpeg\" \/>\n<meta name=\"twitter:card\" content=\"summary_large_image\" \/>\n<meta name=\"twitter:label1\" content=\"Szacowany czas czytania\" \/>\n\t<meta name=\"twitter:data1\" content=\"2 minuty\" \/>\n<script type=\"application\/ld+json\" class=\"yoast-schema-graph\">{\"@context\":\"https:\\\/\\\/schema.org\",\"@graph\":[{\"@type\":\"WebPage\",\"@id\":\"https:\\\/\\\/www.palletcontroltower.eu\\\/over-ons\\\/missie-en-visie\\\/\",\"url\":\"https:\\\/\\\/www.palletcontroltower.eu\\\/over-ons\\\/missie-en-visie\\\/\",\"name\":\"Missie en visie - Pallet Control Tower\",\"isPartOf\":{\"@id\":\"https:\\\/\\\/www.palletcontroltower.eu\\\/#website\"},\"primaryImageOfPage\":{\"@id\":\"https:\\\/\\\/www.palletcontroltower.eu\\\/over-ons\\\/missie-en-visie\\\/#primaryimage\"},\"image\":{\"@id\":\"https:\\\/\\\/www.palletcontroltower.eu\\\/over-ons\\\/missie-en-visie\\\/#primaryimage\"},\"thumbnailUrl\":\"http:\\\/\\\/www.palletcontroltower.eu\\\/wp-content\\\/uploads\\\/2023\\\/12\\\/headerbeeld_0007_PalletControlTower_Large_distribution_center-1024x216.jpg\",\"datePublished\":\"2023-11-22T08:05:58+00:00\",\"dateModified\":\"2026-01-30T09:52:36+00:00\",\"description\":\"De missie en visie van Pallet Control Tower: een meer duurzame manier van pallet logistiek - op een zo eenvoudige wijze geoperationaliseerd\",\"breadcrumb\":{\"@id\":\"https:\\\/\\\/www.palletcontroltower.eu\\\/over-ons\\\/missie-en-visie\\\/#breadcrumb\"},\"inLanguage\":\"pl-PL\",\"potentialAction\":[{\"@type\":\"ReadAction\",\"target\":[\"https:\\\/\\\/www.palletcontroltower.eu\\\/over-ons\\\/missie-en-visie\\\/\"]}]},{\"@type\":\"ImageObject\",\"inLanguage\":\"pl-PL\",\"@id\":\"https:\\\/\\\/www.palletcontroltower.eu\\\/over-ons\\\/missie-en-visie\\\/#primaryimage\",\"url\":\"http:\\\/\\\/www.palletcontroltower.eu\\\/wp-content\\\/uploads\\\/2023\\\/12\\\/headerbeeld_0007_PalletControlTower_Large_distribution_center-1024x216.jpg\",\"contentUrl\":\"http:\\\/\\\/www.palletcontroltower.eu\\\/wp-content\\\/uploads\\\/2023\\\/12\\\/headerbeeld_0007_PalletControlTower_Large_distribution_center-1024x216.jpg\"},{\"@type\":\"BreadcrumbList\",\"@id\":\"https:\\\/\\\/www.palletcontroltower.eu\\\/over-ons\\\/missie-en-visie\\\/#breadcrumb\",\"itemListElement\":[{\"@type\":\"ListItem\",\"position\":1,\"name\":\"Home\",\"item\":\"https:\\\/\\\/www.palletcontroltower.eu\\\/\"},{\"@type\":\"ListItem\",\"position\":2,\"name\":\"Over ons\",\"item\":\"https:\\\/\\\/www.palletcontroltower.eu\\\/over-ons\\\/\"},{\"@type\":\"ListItem\",\"position\":3,\"name\":\"Missie en visie\"}]},{\"@type\":\"WebSite\",\"@id\":\"https:\\\/\\\/www.palletcontroltower.eu\\\/#website\",\"url\":\"https:\\\/\\\/www.palletcontroltower.eu\\\/\",\"name\":\"Pallet Control Tower\",\"description\":\"\",\"publisher\":{\"@id\":\"https:\\\/\\\/www.palletcontroltower.eu\\\/#organization\"},\"potentialAction\":[{\"@type\":\"SearchAction\",\"target\":{\"@type\":\"EntryPoint\",\"urlTemplate\":\"https:\\\/\\\/www.palletcontroltower.eu\\\/?s={search_term_string}\"},\"query-input\":{\"@type\":\"PropertyValueSpecification\",\"valueRequired\":true,\"valueName\":\"search_term_string\"}}],\"inLanguage\":\"pl-PL\"},{\"@type\":\"Organization\",\"@id\":\"https:\\\/\\\/www.palletcontroltower.eu\\\/#organization\",\"name\":\"Pallet Control Tower\",\"url\":\"https:\\\/\\\/www.palletcontroltower.eu\\\/\",\"logo\":{\"@type\":\"ImageObject\",\"inLanguage\":\"pl-PL\",\"@id\":\"https:\\\/\\\/www.palletcontroltower.eu\\\/#\\\/schema\\\/logo\\\/image\\\/\",\"url\":\"https:\\\/\\\/www.palletcontroltower.eu\\\/wp-content\\\/uploads\\\/2023\\\/10\\\/logo.svg\",\"contentUrl\":\"https:\\\/\\\/www.palletcontroltower.eu\\\/wp-content\\\/uploads\\\/2023\\\/10\\\/logo.svg\",\"width\":290,\"height\":87,\"caption\":\"Pallet Control Tower\"},\"image\":{\"@id\":\"https:\\\/\\\/www.palletcontroltower.eu\\\/#\\\/schema\\\/logo\\\/image\\\/\"}}]}<\/script>\n<!-- \/ Yoast SEO plugin. -->","yoast_head_json":{"title":"Misja i wizja - wie\u017ca kontroli palet","description":"Misja i wizja Pallet Control Tower: bardziej zr\u00f3wnowa\u017cony spos\u00f3b logistyki palet - realizowany w najprostszy mo\u017cliwy spos\u00f3b.","robots":{"index":"index","follow":"follow","max-snippet":"max-snippet:-1","max-image-preview":"max-image-preview:large","max-video-preview":"max-video-preview:-1"},"canonical":"https:\/\/www.palletcontroltower.eu\/pl\/o-nas\/misja-i-wizja\/","og_locale":"pl_PL","og_type":"article","og_title":"Missie en visie - Pallet Control Tower","og_description":"De missie en visie van Pallet Control Tower: een meer duurzame manier van pallet logistiek - op een zo eenvoudige wijze geoperationaliseerd","og_url":"https:\/\/www.palletcontroltower.eu\/pl\/o-nas\/misja-i-wizja\/","og_site_name":"Pallet Control Tower","article_modified_time":"2026-01-30T09:52:36+00:00","og_image":[{"width":1800,"height":380,"url":"https:\/\/www.palletcontroltower.eu\/wp-content\/uploads\/2023\/12\/headerbeeld_0007_PalletControlTower_Large_distribution_center.jpg","type":"image\/jpeg"}],"twitter_card":"summary_large_image","twitter_misc":{"Szacowany czas czytania":"2 minuty"},"schema":{"@context":"https:\/\/schema.org","@graph":[{"@type":"WebPage","@id":"https:\/\/www.palletcontroltower.eu\/over-ons\/missie-en-visie\/","url":"https:\/\/www.palletcontroltower.eu\/over-ons\/missie-en-visie\/","name":"Misja i wizja - wie\u017ca kontroli palet","isPartOf":{"@id":"https:\/\/www.palletcontroltower.eu\/#website"},"primaryImageOfPage":{"@id":"https:\/\/www.palletcontroltower.eu\/over-ons\/missie-en-visie\/#primaryimage"},"image":{"@id":"https:\/\/www.palletcontroltower.eu\/over-ons\/missie-en-visie\/#primaryimage"},"thumbnailUrl":"http:\/\/www.palletcontroltower.eu\/wp-content\/uploads\/2023\/12\/headerbeeld_0007_PalletControlTower_Large_distribution_center-1024x216.jpg","datePublished":"2023-11-22T08:05:58+00:00","dateModified":"2026-01-30T09:52:36+00:00","description":"Misja i wizja Pallet Control Tower: bardziej zr\u00f3wnowa\u017cony spos\u00f3b logistyki palet - realizowany w najprostszy mo\u017cliwy spos\u00f3b.","breadcrumb":{"@id":"https:\/\/www.palletcontroltower.eu\/over-ons\/missie-en-visie\/#breadcrumb"},"inLanguage":"pl-PL","potentialAction":[{"@type":"ReadAction","target":["https:\/\/www.palletcontroltower.eu\/over-ons\/missie-en-visie\/"]}]},{"@type":"ImageObject","inLanguage":"pl-PL","@id":"https:\/\/www.palletcontroltower.eu\/over-ons\/missie-en-visie\/#primaryimage","url":"http:\/\/www.palletcontroltower.eu\/wp-content\/uploads\/2023\/12\/headerbeeld_0007_PalletControlTower_Large_distribution_center-1024x216.jpg","contentUrl":"http:\/\/www.palletcontroltower.eu\/wp-content\/uploads\/2023\/12\/headerbeeld_0007_PalletControlTower_Large_distribution_center-1024x216.jpg"},{"@type":"BreadcrumbList","@id":"https:\/\/www.palletcontroltower.eu\/over-ons\/missie-en-visie\/#breadcrumb","itemListElement":[{"@type":"ListItem","position":1,"name":"Home","item":"https:\/\/www.palletcontroltower.eu\/"},{"@type":"ListItem","position":2,"name":"Over ons","item":"https:\/\/www.palletcontroltower.eu\/over-ons\/"},{"@type":"ListItem","position":3,"name":"Missie en visie"}]},{"@type":"WebSite","@id":"https:\/\/www.palletcontroltower.eu\/#website","url":"https:\/\/www.palletcontroltower.eu\/","name":"Wie\u017ca kontroli palet","description":"","publisher":{"@id":"https:\/\/www.palletcontroltower.eu\/#organization"},"potentialAction":[{"@type":"SearchAction","target":{"@type":"EntryPoint","urlTemplate":"https:\/\/www.palletcontroltower.eu\/?s={search_term_string}"},"query-input":{"@type":"PropertyValueSpecification","valueRequired":true,"valueName":"search_term_string"}}],"inLanguage":"pl-PL"},{"@type":"Organization","@id":"https:\/\/www.palletcontroltower.eu\/#organization","name":"Wie\u017ca kontroli palet","url":"https:\/\/www.palletcontroltower.eu\/","logo":{"@type":"ImageObject","inLanguage":"pl-PL","@id":"https:\/\/www.palletcontroltower.eu\/#\/schema\/logo\/image\/","url":"https:\/\/www.palletcontroltower.eu\/wp-content\/uploads\/2023\/10\/logo.svg","contentUrl":"https:\/\/www.palletcontroltower.eu\/wp-content\/uploads\/2023\/10\/logo.svg","width":290,"height":87,"caption":"Pallet Control Tower"},"image":{"@id":"https:\/\/www.palletcontroltower.eu\/#\/schema\/logo\/image\/"}}]}},"_links":{"self":[{"href":"https:\/\/www.palletcontroltower.eu\/pl\/wp-json\/wp\/v2\/pages\/68","targetHints":{"allow":["GET"]}}],"collection":[{"href":"https:\/\/www.palletcontroltower.eu\/pl\/wp-json\/wp\/v2\/pages"}],"about":[{"href":"https:\/\/www.palletcontroltower.eu\/pl\/wp-json\/wp\/v2\/types\/page"}],"author":[{"embeddable":true,"href":"https:\/\/www.palletcontroltower.eu\/pl\/wp-json\/wp\/v2\/users\/1"}],"replies":[{"embeddable":true,"href":"https:\/\/www.palletcontroltower.eu\/pl\/wp-json\/wp\/v2\/comments?post=68"}],"version-history":[{"count":20,"href":"https:\/\/www.palletcontroltower.eu\/pl\/wp-json\/wp\/v2\/pages\/68\/revisions"}],"predecessor-version":[{"id":1235,"href":"https:\/\/www.palletcontroltower.eu\/pl\/wp-json\/wp\/v2\/pages\/68\/revisions\/1235"}],"up":[{"embeddable":true,"href":"https:\/\/www.palletcontroltower.eu\/pl\/wp-json\/wp\/v2\/pages\/64"}],"wp:attachment":[{"href":"https:\/\/www.palletcontroltower.eu\/pl\/wp-json\/wp\/v2\/media?parent=68"}],"curies":[{"name":"wp","href":"https:\/\/api.w.org\/{rel}","templated":true}]}}