{"id":70,"date":"2023-11-22T08:06:06","date_gmt":"2023-11-22T08:06:06","guid":{"rendered":"http:\/\/www.palletcontroltower.eu\/?page_id=70"},"modified":"2024-01-22T12:49:45","modified_gmt":"2024-01-22T12:49:45","slug":"wakaty","status":"publish","type":"page","link":"https:\/\/www.palletcontroltower.eu\/pl\/vacatures\/","title":{"rendered":"Wakaty"},"content":{"rendered":"<div class=\"wp-block-columns is-layout-flex wp-container-core-columns-is-layout-28f84493 wp-block-columns-is-layout-flex\">\n<div class=\"wp-block-column is-layout-flow wp-block-column-is-layout-flow\">\n<h2 class=\"wp-block-heading\">Zastosuj<\/h2>\n\n\n\n<p>PCT jest m\u0142od\u0105, ale rozwijaj\u0105c\u0105 si\u0119 na arenie mi\u0119dzynarodowej firm\u0105. Dlatego w kr\u00f3tkim czasie poszukujemy nowych pracownik\u00f3w w ca\u0142ej Europie. Aktualne oferty pracy mo\u017cna znale\u017a\u0107 na tej stronie. Przyk\u0142adowo, wkr\u00f3tce rozpoczniemy poszukiwania m.in. account manager\u00f3w i pracownik\u00f3w obs\u0142ugi klienta. Praca w Pallet Control Tower oznacza wi\u0119c prac\u0119 w wymagaj\u0105cym \u015brodowisku, w kt\u00f3rym wymagana jest niezale\u017cno\u015b\u0107. Wszystkie stanowiska s\u0105 hybrydowe, a praca w biurze domowym jest oczywisto\u015bci\u0105. <\/p>\n<\/div>\n<\/div>\n\n\n\n<hr class=\"wp-block-separator has-alpha-channel-opacity\"\/>\n\n\n\n<div class=\"wp-block-columns are-vertically-aligned-center is-layout-flex wp-container-core-columns-is-layout-28f84493 wp-block-columns-is-layout-flex\">\n<div class=\"wp-block-column is-layout-flow wp-block-column-is-layout-flow\">\n<div class=\"wp-block-pb-accordion-item c-accordion__item js-accordion-item no-js\" data-initially-open=\"false\" data-click-to-close=\"true\" data-auto-close=\"true\" data-scroll=\"false\" data-scroll-offset=\"0\"><h2 id=\"at-700\" class=\"c-accordion__title js-accordion-controller\" role=\"button\">Account Manager w r\u00f3\u017cnych krajach europejskich - pe\u0142ny etat \/ p\u00f3\u0142 etatu<\/h2><div id=\"ac-700\" class=\"c-accordion__content\">\n<p>Masz kilkuletnie do\u015bwiadczenie w logistyce i\/lub handlu mi\u0119dzynarodowym i chcia\u0142by\u015b zrobi\u0107 kolejny krok w swojej karierze?<\/p>\n\n\n\n<p>Skorzystaj z okazji i rozwijaj si\u0119 razem z nami jako account manager w jednym z naszych europejskich region\u00f3w operacyjnych. <\/p>\n\n\n\n<div class=\"wp-block-buttons is-layout-flex wp-block-buttons-is-layout-flex\">\n<div class=\"wp-block-button\"><a class=\"wp-block-button__link has-white-color has-blue-background-color has-text-color has-background has-link-color wp-element-button\" href=\"https:\/\/www.palletcontroltower.eu\/pl\/wakaty\/menedzer-konta\/\" target=\"_blank\" rel=\"noreferrer noopener\">Zobacz ofert\u0119 pracy<\/a><\/div>\n<\/div>\n<\/div><\/div>\n\n\n\n<div class=\"wp-block-pb-accordion-item c-accordion__item js-accordion-item no-js\" data-initially-open=\"false\" data-click-to-close=\"true\" data-auto-close=\"true\" data-scroll=\"false\" data-scroll-offset=\"0\"><h2 id=\"at-701\" class=\"c-accordion__title js-accordion-controller\" role=\"button\">(M\u0142odszy) Asystent biurowy \/ marketingowy - p\u00f3\u0142 etatu \/ ca\u0142y etat<\/h2><div id=\"ac-701\" class=\"c-accordion__content\">\n<p>Czy jeste\u015b na pocz\u0105tku swojej kariery lub masz ju\u017c pierwsze do\u015bwiadczenie zawodowe w biurze i\/lub na stanowisku zwi\u0105zanym z marketingiem\/komunikacj\u0105 i chcia\u0142by\u015b zrobi\u0107 kolejny krok w swojej karierze?<\/p>\n\n\n\n<p>Wykorzystaj swoj\u0105 szans\u0119 i rozwijaj si\u0119 z nami jako asystent biurowy i marketingowy!<\/p>\n\n\n\n<div class=\"wp-block-buttons is-layout-flex wp-block-buttons-is-layout-flex\">\n<div class=\"wp-block-button\"><a class=\"wp-block-button__link has-white-color has-blue-background-color has-text-color has-background has-link-color wp-element-button\" href=\"https:\/\/www.palletcontroltower.eu\/pl\/wakaty\/mlodszy-asystent-ds-marketingu-biurowego\/\" target=\"_blank\" rel=\"noreferrer noopener\">Zobacz ofert\u0119 pracy<\/a><\/div>\n<\/div>\n<\/div><\/div>\n<\/div>\n<\/div>\n\n\n\n<hr class=\"wp-block-separator has-alpha-channel-opacity\"\/>\n\n\n\n<blockquote class=\"wp-block-quote is-layout-flow wp-block-quote-is-layout-flow\">\n<p class=\"has-text-align-center\">Zapobieganie napr\u0119\u017ceniom palet. Pallet Control Tower to europejski standard i platforma do odbioru i dostawy przez dopasowanie dla europalet i innych RTI. U\u0142atwiamy otwarty pooling od A do Z. I sprawiamy, \u017ce logistyka palet zn\u00f3w jest \u0142atwa w zarz\u0105dzaniu.<\/p>\n<\/blockquote>\n\n\n\n<hr class=\"wp-block-separator has-alpha-channel-opacity\"\/>\n\n\n\n<figure class=\"wp-block-image size-full\"><img fetchpriority=\"high\" decoding=\"async\" width=\"2121\" height=\"1414\" src=\"http:\/\/www.palletcontroltower.eu\/wp-content\/uploads\/2024\/01\/Coworkers_hybridmeeting.jpg\" alt=\"Wsp\u00f3\u0142praca w ramach spotkania hybrydowego\" class=\"wp-image-1171\" style=\"aspect-ratio:16\/9;object-fit:cover\" srcset=\"https:\/\/www.palletcontroltower.eu\/wp-content\/uploads\/2024\/01\/Coworkers_hybridmeeting.jpg 2121w, https:\/\/www.palletcontroltower.eu\/wp-content\/uploads\/2024\/01\/Coworkers_hybridmeeting-300x200.jpg 300w, https:\/\/www.palletcontroltower.eu\/wp-content\/uploads\/2024\/01\/Coworkers_hybridmeeting-1024x683.jpg 1024w, https:\/\/www.palletcontroltower.eu\/wp-content\/uploads\/2024\/01\/Coworkers_hybridmeeting-768x512.jpg 768w, https:\/\/www.palletcontroltower.eu\/wp-content\/uploads\/2024\/01\/Coworkers_hybridmeeting-1536x1024.jpg 1536w, https:\/\/www.palletcontroltower.eu\/wp-content\/uploads\/2024\/01\/Coworkers_hybridmeeting-2048x1365.jpg 2048w, https:\/\/www.palletcontroltower.eu\/wp-content\/uploads\/2024\/01\/Coworkers_hybridmeeting-18x12.jpg 18w\" sizes=\"(max-width: 2121px) 100vw, 2121px\" \/><\/figure>\n\n\n\n<hr class=\"wp-block-separator has-alpha-channel-opacity\"\/>","protected":false},"excerpt":{"rendered":"<p>Solliciteer PCT is een jong maar internationaal groeiend bedrijf. Daarom zijn we op korte termijn op zoek naar nieuwe medewerkers door heel Europa. Hou deze pagina in de gaten voor de actuele vacatures. Zo starten we binnenkort de zoektocht naar o.a. accountmanagers en customer support medewerkers. Werken bij Pallet Control Tower betekent dus werken in [&hellip;]<\/p>\n","protected":false},"author":1,"featured_media":0,"parent":0,"menu_order":0,"comment_status":"closed","ping_status":"closed","template":"","meta":{"footnotes":""},"class_list":["post-70","page","type-page","status-publish","hentry"],"yoast_head":"<!-- This site is optimized with the Yoast SEO plugin v27.3 - https:\/\/yoast.com\/product\/yoast-seo-wordpress\/ -->\n<title>Vacatures - Pallet Control Tower<\/title>\n<meta name=\"description\" content=\"Een overzicht van de actuele vacatures die Pallet Control Tower internationaal en Europees heeft uitstaan om de groei te faciliteren.\" \/>\n<meta name=\"robots\" content=\"index, follow, max-snippet:-1, max-image-preview:large, max-video-preview:-1\" \/>\n<link rel=\"canonical\" href=\"https:\/\/www.palletcontroltower.eu\/pl\/wakaty\/\" \/>\n<meta property=\"og:locale\" content=\"pl_PL\" \/>\n<meta property=\"og:type\" content=\"article\" \/>\n<meta property=\"og:title\" content=\"Vacatures - Pallet Control Tower\" \/>\n<meta property=\"og:description\" content=\"Een overzicht van de actuele vacatures die Pallet Control Tower internationaal en Europees heeft uitstaan om de groei te faciliteren.\" \/>\n<meta property=\"og:url\" content=\"https:\/\/www.palletcontroltower.eu\/pl\/wakaty\/\" \/>\n<meta property=\"og:site_name\" content=\"Pallet Control Tower\" \/>\n<meta property=\"article:modified_time\" content=\"2024-01-22T12:49:45+00:00\" \/>\n<meta property=\"og:image\" content=\"http:\/\/www.palletcontroltower.eu\/wp-content\/uploads\/2024\/01\/Coworkers_hybridmeeting.jpg\" \/>\n<meta name=\"twitter:card\" content=\"summary_large_image\" \/>\n<meta name=\"twitter:label1\" content=\"Szacowany czas czytania\" \/>\n\t<meta name=\"twitter:data1\" content=\"2 minuty\" \/>\n<script type=\"application\/ld+json\" class=\"yoast-schema-graph\">{\"@context\":\"https:\\\/\\\/schema.org\",\"@graph\":[{\"@type\":\"WebPage\",\"@id\":\"https:\\\/\\\/www.palletcontroltower.eu\\\/vacatures\\\/\",\"url\":\"https:\\\/\\\/www.palletcontroltower.eu\\\/vacatures\\\/\",\"name\":\"Vacatures - Pallet Control Tower\",\"isPartOf\":{\"@id\":\"https:\\\/\\\/www.palletcontroltower.eu\\\/#website\"},\"primaryImageOfPage\":{\"@id\":\"https:\\\/\\\/www.palletcontroltower.eu\\\/vacatures\\\/#primaryimage\"},\"image\":{\"@id\":\"https:\\\/\\\/www.palletcontroltower.eu\\\/vacatures\\\/#primaryimage\"},\"thumbnailUrl\":\"http:\\\/\\\/www.palletcontroltower.eu\\\/wp-content\\\/uploads\\\/2024\\\/01\\\/Coworkers_hybridmeeting.jpg\",\"datePublished\":\"2023-11-22T08:06:06+00:00\",\"dateModified\":\"2024-01-22T12:49:45+00:00\",\"description\":\"Een overzicht van de actuele vacatures die Pallet Control Tower internationaal en Europees heeft uitstaan om de groei te faciliteren.\",\"breadcrumb\":{\"@id\":\"https:\\\/\\\/www.palletcontroltower.eu\\\/vacatures\\\/#breadcrumb\"},\"inLanguage\":\"pl-PL\",\"potentialAction\":[{\"@type\":\"ReadAction\",\"target\":[\"https:\\\/\\\/www.palletcontroltower.eu\\\/vacatures\\\/\"]}]},{\"@type\":\"ImageObject\",\"inLanguage\":\"pl-PL\",\"@id\":\"https:\\\/\\\/www.palletcontroltower.eu\\\/vacatures\\\/#primaryimage\",\"url\":\"http:\\\/\\\/www.palletcontroltower.eu\\\/wp-content\\\/uploads\\\/2024\\\/01\\\/Coworkers_hybridmeeting.jpg\",\"contentUrl\":\"http:\\\/\\\/www.palletcontroltower.eu\\\/wp-content\\\/uploads\\\/2024\\\/01\\\/Coworkers_hybridmeeting.jpg\"},{\"@type\":\"BreadcrumbList\",\"@id\":\"https:\\\/\\\/www.palletcontroltower.eu\\\/vacatures\\\/#breadcrumb\",\"itemListElement\":[{\"@type\":\"ListItem\",\"position\":1,\"name\":\"Home\",\"item\":\"https:\\\/\\\/www.palletcontroltower.eu\\\/\"},{\"@type\":\"ListItem\",\"position\":2,\"name\":\"Vacatures\"}]},{\"@type\":\"WebSite\",\"@id\":\"https:\\\/\\\/www.palletcontroltower.eu\\\/#website\",\"url\":\"https:\\\/\\\/www.palletcontroltower.eu\\\/\",\"name\":\"Pallet Control Tower\",\"description\":\"\",\"publisher\":{\"@id\":\"https:\\\/\\\/www.palletcontroltower.eu\\\/#organization\"},\"potentialAction\":[{\"@type\":\"SearchAction\",\"target\":{\"@type\":\"EntryPoint\",\"urlTemplate\":\"https:\\\/\\\/www.palletcontroltower.eu\\\/?s={search_term_string}\"},\"query-input\":{\"@type\":\"PropertyValueSpecification\",\"valueRequired\":true,\"valueName\":\"search_term_string\"}}],\"inLanguage\":\"pl-PL\"},{\"@type\":\"Organization\",\"@id\":\"https:\\\/\\\/www.palletcontroltower.eu\\\/#organization\",\"name\":\"Pallet Control Tower\",\"url\":\"https:\\\/\\\/www.palletcontroltower.eu\\\/\",\"logo\":{\"@type\":\"ImageObject\",\"inLanguage\":\"pl-PL\",\"@id\":\"https:\\\/\\\/www.palletcontroltower.eu\\\/#\\\/schema\\\/logo\\\/image\\\/\",\"url\":\"https:\\\/\\\/www.palletcontroltower.eu\\\/wp-content\\\/uploads\\\/2023\\\/10\\\/logo.svg\",\"contentUrl\":\"https:\\\/\\\/www.palletcontroltower.eu\\\/wp-content\\\/uploads\\\/2023\\\/10\\\/logo.svg\",\"width\":290,\"height\":87,\"caption\":\"Pallet Control Tower\"},\"image\":{\"@id\":\"https:\\\/\\\/www.palletcontroltower.eu\\\/#\\\/schema\\\/logo\\\/image\\\/\"}}]}<\/script>\n<!-- \/ Yoast SEO plugin. -->","yoast_head_json":{"title":"Wakaty - Wie\u017ca kontroli palet","description":"Przegl\u0105d aktualnych wakat\u00f3w Pallet Control Tower wyr\u00f3\u017cnia si\u0119 na arenie mi\u0119dzynarodowej i europejskiej, aby u\u0142atwi\u0107 rozw\u00f3j.","robots":{"index":"index","follow":"follow","max-snippet":"max-snippet:-1","max-image-preview":"max-image-preview:large","max-video-preview":"max-video-preview:-1"},"canonical":"https:\/\/www.palletcontroltower.eu\/pl\/wakaty\/","og_locale":"pl_PL","og_type":"article","og_title":"Vacatures - Pallet Control Tower","og_description":"Een overzicht van de actuele vacatures die Pallet Control Tower internationaal en Europees heeft uitstaan om de groei te faciliteren.","og_url":"https:\/\/www.palletcontroltower.eu\/pl\/wakaty\/","og_site_name":"Pallet Control Tower","article_modified_time":"2024-01-22T12:49:45+00:00","og_image":[{"url":"http:\/\/www.palletcontroltower.eu\/wp-content\/uploads\/2024\/01\/Coworkers_hybridmeeting.jpg","type":"","width":"","height":""}],"twitter_card":"summary_large_image","twitter_misc":{"Szacowany czas czytania":"2 minuty"},"schema":{"@context":"https:\/\/schema.org","@graph":[{"@type":"WebPage","@id":"https:\/\/www.palletcontroltower.eu\/vacatures\/","url":"https:\/\/www.palletcontroltower.eu\/vacatures\/","name":"Wakaty - Wie\u017ca kontroli palet","isPartOf":{"@id":"https:\/\/www.palletcontroltower.eu\/#website"},"primaryImageOfPage":{"@id":"https:\/\/www.palletcontroltower.eu\/vacatures\/#primaryimage"},"image":{"@id":"https:\/\/www.palletcontroltower.eu\/vacatures\/#primaryimage"},"thumbnailUrl":"http:\/\/www.palletcontroltower.eu\/wp-content\/uploads\/2024\/01\/Coworkers_hybridmeeting.jpg","datePublished":"2023-11-22T08:06:06+00:00","dateModified":"2024-01-22T12:49:45+00:00","description":"Przegl\u0105d aktualnych wakat\u00f3w Pallet Control Tower wyr\u00f3\u017cnia si\u0119 na arenie mi\u0119dzynarodowej i europejskiej, aby u\u0142atwi\u0107 rozw\u00f3j.","breadcrumb":{"@id":"https:\/\/www.palletcontroltower.eu\/vacatures\/#breadcrumb"},"inLanguage":"pl-PL","potentialAction":[{"@type":"ReadAction","target":["https:\/\/www.palletcontroltower.eu\/vacatures\/"]}]},{"@type":"ImageObject","inLanguage":"pl-PL","@id":"https:\/\/www.palletcontroltower.eu\/vacatures\/#primaryimage","url":"http:\/\/www.palletcontroltower.eu\/wp-content\/uploads\/2024\/01\/Coworkers_hybridmeeting.jpg","contentUrl":"http:\/\/www.palletcontroltower.eu\/wp-content\/uploads\/2024\/01\/Coworkers_hybridmeeting.jpg"},{"@type":"BreadcrumbList","@id":"https:\/\/www.palletcontroltower.eu\/vacatures\/#breadcrumb","itemListElement":[{"@type":"ListItem","position":1,"name":"Home","item":"https:\/\/www.palletcontroltower.eu\/"},{"@type":"ListItem","position":2,"name":"Vacatures"}]},{"@type":"WebSite","@id":"https:\/\/www.palletcontroltower.eu\/#website","url":"https:\/\/www.palletcontroltower.eu\/","name":"Wie\u017ca kontroli palet","description":"","publisher":{"@id":"https:\/\/www.palletcontroltower.eu\/#organization"},"potentialAction":[{"@type":"SearchAction","target":{"@type":"EntryPoint","urlTemplate":"https:\/\/www.palletcontroltower.eu\/?s={search_term_string}"},"query-input":{"@type":"PropertyValueSpecification","valueRequired":true,"valueName":"search_term_string"}}],"inLanguage":"pl-PL"},{"@type":"Organization","@id":"https:\/\/www.palletcontroltower.eu\/#organization","name":"Wie\u017ca kontroli palet","url":"https:\/\/www.palletcontroltower.eu\/","logo":{"@type":"ImageObject","inLanguage":"pl-PL","@id":"https:\/\/www.palletcontroltower.eu\/#\/schema\/logo\/image\/","url":"https:\/\/www.palletcontroltower.eu\/wp-content\/uploads\/2023\/10\/logo.svg","contentUrl":"https:\/\/www.palletcontroltower.eu\/wp-content\/uploads\/2023\/10\/logo.svg","width":290,"height":87,"caption":"Pallet Control Tower"},"image":{"@id":"https:\/\/www.palletcontroltower.eu\/#\/schema\/logo\/image\/"}}]}},"_links":{"self":[{"href":"https:\/\/www.palletcontroltower.eu\/pl\/wp-json\/wp\/v2\/pages\/70","targetHints":{"allow":["GET"]}}],"collection":[{"href":"https:\/\/www.palletcontroltower.eu\/pl\/wp-json\/wp\/v2\/pages"}],"about":[{"href":"https:\/\/www.palletcontroltower.eu\/pl\/wp-json\/wp\/v2\/types\/page"}],"author":[{"embeddable":true,"href":"https:\/\/www.palletcontroltower.eu\/pl\/wp-json\/wp\/v2\/users\/1"}],"replies":[{"embeddable":true,"href":"https:\/\/www.palletcontroltower.eu\/pl\/wp-json\/wp\/v2\/comments?post=70"}],"version-history":[{"count":14,"href":"https:\/\/www.palletcontroltower.eu\/pl\/wp-json\/wp\/v2\/pages\/70\/revisions"}],"predecessor-version":[{"id":1191,"href":"https:\/\/www.palletcontroltower.eu\/pl\/wp-json\/wp\/v2\/pages\/70\/revisions\/1191"}],"wp:attachment":[{"href":"https:\/\/www.palletcontroltower.eu\/pl\/wp-json\/wp\/v2\/media?parent=70"}],"curies":[{"name":"wp","href":"https:\/\/api.w.org\/{rel}","templated":true}]}}