{"id":755,"date":"2023-12-27T14:57:05","date_gmt":"2023-12-27T14:57:05","guid":{"rendered":"http:\/\/www.palletcontroltower.eu\/over-ons\/wie-is-pct-copy\/"},"modified":"2026-01-30T09:53:28","modified_gmt":"2026-01-30T09:53:28","slug":"inteligentniejsze-zarzadzanie-paletami","status":"publish","type":"page","link":"https:\/\/www.palletcontroltower.eu\/pl\/over-ons\/slimmer-palletmanagement\/","title":{"rendered":"Inteligentniejsze zarz\u0105dzanie paletami"},"content":{"rendered":"<div class=\"wp-block-columns is-layout-flex wp-container-core-columns-is-layout-28f84493 wp-block-columns-is-layout-flex\">\n<div class=\"wp-block-column is-layout-flow wp-block-column-is-layout-flow\">\n<h2 class=\"wp-block-heading\">\u0141atwy jak 1-2-3<\/h2>\n\n\n\n<p>Przesta\u0144 marnowa\u0107 czas. Znamy problemy na otwartym basenie, poniewa\u017c wszyscy ich do\u015bwiadczamy. PCT Online rozwi\u0105\u017ce je za Ciebie!&nbsp;<\/p>\n\n\n\n<p>Pallet Control Tower (PCT) to europejski standard i platforma w otwartym poolingu dla europalet EUR i innych RTI. Platforma PCTO zosta\u0142a opracowana w celu zapewnienia bezpiecznej, op\u0142acalnej i wysokiej jako\u015bci wymiany palet dla wszystkich stron logistycznych zaanga\u017cowanych w pooling palet. PCT Online pomaga sta\u0107 si\u0119 bardziej zr\u00f3wnowa\u017conym, przewiduje nowe brukselskie PPWD i przyczynia si\u0119 do realizacji Cel\u00f3w Zr\u00f3wnowa\u017conego Rozwoju ONZ (SDG).<\/p>\n\n\n\n<div class=\"wp-block-buttons is-layout-flex wp-block-buttons-is-layout-flex\">\n<div class=\"wp-block-button\"><a class=\"wp-block-button__link has-white-color has-green-background-color has-text-color has-background has-link-color wp-element-button\" href=\"http:\/\/www.palletcontroltower.eu\/pl\/jak-to-dziala\/co-robimy\/\" target=\"_blank\" rel=\"noreferrer noopener\">Zobacz, jak to dzia\u0142a tutaj<\/a><\/div>\n<\/div>\n<\/div>\n<\/div>\n\n\n\n<hr class=\"wp-block-separator has-alpha-channel-opacity\"\/>\n\n\n\n<div class=\"wp-block-columns are-vertically-aligned-center is-layout-flex wp-container-core-columns-is-layout-28f84493 wp-block-columns-is-layout-flex\">\n<div class=\"wp-block-column is-vertically-aligned-center is-layout-flow wp-block-column-is-layout-flow\">\n<figure class=\"wp-block-image size-full\"><img fetchpriority=\"high\" decoding=\"async\" width=\"1800\" height=\"380\" src=\"http:\/\/www.palletcontroltower.eu\/wp-content\/uploads\/2023\/12\/headerbeeld_0003_PalletControlTower_Transport_delivery_warehouse.jpg\" alt=\"\" class=\"wp-image-638\" style=\"aspect-ratio:1;object-fit:cover\" srcset=\"https:\/\/www.palletcontroltower.eu\/wp-content\/uploads\/2023\/12\/headerbeeld_0003_PalletControlTower_Transport_delivery_warehouse.jpg 1800w, https:\/\/www.palletcontroltower.eu\/wp-content\/uploads\/2023\/12\/headerbeeld_0003_PalletControlTower_Transport_delivery_warehouse-300x63.jpg 300w, https:\/\/www.palletcontroltower.eu\/wp-content\/uploads\/2023\/12\/headerbeeld_0003_PalletControlTower_Transport_delivery_warehouse-1024x216.jpg 1024w, https:\/\/www.palletcontroltower.eu\/wp-content\/uploads\/2023\/12\/headerbeeld_0003_PalletControlTower_Transport_delivery_warehouse-768x162.jpg 768w, https:\/\/www.palletcontroltower.eu\/wp-content\/uploads\/2023\/12\/headerbeeld_0003_PalletControlTower_Transport_delivery_warehouse-1536x324.jpg 1536w, https:\/\/www.palletcontroltower.eu\/wp-content\/uploads\/2023\/12\/headerbeeld_0003_PalletControlTower_Transport_delivery_warehouse-18x4.jpg 18w\" sizes=\"(max-width: 1800px) 100vw, 1800px\" \/><\/figure>\n<\/div>\n\n\n\n<div class=\"wp-block-column is-vertically-aligned-center is-layout-flow wp-block-column-is-layout-flow\">\n<h2 class=\"wp-block-heading\">Aktywno\u015b\u0107 w r\u00f3\u017cnych bran\u017cach<\/h2>\n\n\n\n<p>PCT mo\u017cna znale\u017a\u0107 we wszystkich rodzajach firm, a zatem sprawdza si\u0119 na wszystkich rynkach. Nie ma znaczenia, czy jeste\u015b w\u0142a\u015bcicielem europalet lub innych RTI. Szukasz rozwi\u0105zania, przejrzysto\u015bci w \u0142a\u0144cuchu i bardziej zr\u00f3wnowa\u017conego wykorzystania wszystkich u\u017cywanych no\u015bnik\u00f3w \u0142adunku.&nbsp;<\/p>\n\n\n\n<ul class=\"wp-block-list\">\n<li>Firmy z bran\u017cy przemys\u0142owej, produkcyjnej lub handlowej, kt\u00f3re wykorzystuj\u0105 europalety i RTI na du\u017c\u0105 skal\u0119 do transportu produkt\u00f3w.&nbsp;<\/li>\n\n\n\n<li>Wszystkie europejskie firmy transportowe i logistyczne, w tym centra dystrybucyjne.&nbsp;&nbsp;<\/li>\n\n\n\n<li>Sprzedawcy palet, producenci palet i magazyny europalet. <\/li>\n<\/ul>\n\n\n\n<div style=\"height:30px\" aria-hidden=\"true\" class=\"wp-block-spacer\"><\/div>\n\n\n\n<h3 class=\"wp-block-heading\">Mened\u017cerowie kont i jako\u015bci<\/h3>\n\n\n\n<p>Nasi kierownicy ds. obs\u0142ugi klienta i jako\u015bci, kt\u00f3rzy dzia\u0142aj\u0105 w r\u00f3\u017cnych regionach Europy, sprawdzaj\u0105 palety na miejscu w magazynach i u dostawc\u00f3w, a tak\u017ce rozstrzygaj\u0105 spory.<\/p>\n<\/div>\n<\/div>\n\n\n\n<hr class=\"wp-block-separator has-alpha-channel-opacity\"\/>\n\n\n\n<div class=\"wp-block-columns is-layout-flex wp-container-core-columns-is-layout-28f84493 wp-block-columns-is-layout-flex\">\n<div class=\"wp-block-column is-vertically-aligned-center is-layout-flow wp-block-column-is-layout-flow\">\n<h3 class=\"wp-block-heading\">Podzielony na 7 obszar\u00f3w dzia\u0142ania<\/h3>\n\n\n\n<ol start=\"1\" class=\"wp-block-list\">\n<li>Holandia, Belgia, Luksemburg, Niemcy, Austria, Szwajcaria, Dania&nbsp;<\/li>\n<\/ol>\n\n\n\n<ol start=\"2\" class=\"wp-block-list\">\n<li>Wielka Brytania&nbsp;<\/li>\n<\/ol>\n\n\n\n<ol start=\"3\" class=\"wp-block-list\">\n<li>Francja&nbsp;<\/li>\n<\/ol>\n\n\n\n<ol start=\"4\" class=\"wp-block-list\">\n<li>Hiszpania i Portugalia&nbsp;<\/li>\n<\/ol>\n\n\n\n<ol start=\"5\" class=\"wp-block-list\">\n<li>W\u0142ochy&nbsp;<\/li>\n<\/ol>\n\n\n\n<ol start=\"6\" class=\"wp-block-list\">\n<li>Norwegia, Szwecja, Finalandia&nbsp;<\/li>\n<\/ol>\n\n\n\n<ol start=\"7\" class=\"wp-block-list\">\n<li>Estonia, \u0141otwa, Litwa, Polska, Czechy, S\u0142owacja, W\u0119gry, Serbia i Czarnog\u00f3ra, Rumunia, Bu\u0142garia, Grecja<\/li>\n<\/ol>\n\n\n\n<div style=\"height:30px\" aria-hidden=\"true\" class=\"wp-block-spacer\"><\/div>\n\n\n\n<div class=\"wp-block-buttons is-layout-flex wp-block-buttons-is-layout-flex\">\n<div class=\"wp-block-button\"><a class=\"wp-block-button__link has-white-color has-green-background-color has-text-color has-background has-link-color wp-element-button\" href=\"https:\/\/portal.pct-online.eu\/register\" target=\"_blank\" rel=\"noreferrer noopener\">Aktywacja konta<\/a><\/div>\n<\/div>\n<\/div>\n\n\n\n<div class=\"wp-block-column is-vertically-aligned-center is-layout-flow wp-block-column-is-layout-flow\">\n<figure class=\"wp-block-image size-full\"><img decoding=\"async\" width=\"800\" height=\"800\" src=\"http:\/\/www.palletcontroltower.eu\/wp-content\/uploads\/2024\/01\/pct-kaart.jpg\" alt=\"\" class=\"wp-image-1024\" srcset=\"https:\/\/www.palletcontroltower.eu\/wp-content\/uploads\/2024\/01\/pct-kaart.jpg 800w, https:\/\/www.palletcontroltower.eu\/wp-content\/uploads\/2024\/01\/pct-kaart-300x300.jpg 300w, https:\/\/www.palletcontroltower.eu\/wp-content\/uploads\/2024\/01\/pct-kaart-150x150.jpg 150w, https:\/\/www.palletcontroltower.eu\/wp-content\/uploads\/2024\/01\/pct-kaart-768x768.jpg 768w, https:\/\/www.palletcontroltower.eu\/wp-content\/uploads\/2024\/01\/pct-kaart-12x12.jpg 12w\" sizes=\"(max-width: 800px) 100vw, 800px\" \/><\/figure>\n<\/div>\n<\/div>\n\n\n\n<hr class=\"wp-block-separator has-alpha-channel-opacity\"\/>\n\n\n\n<blockquote class=\"wp-block-quote is-layout-flow wp-block-quote-is-layout-flow\">\n<p class=\"has-text-align-center\">Uniknij stresu zwi\u0105zanego z paletami! Pallet Control Tower to europejski standard i platforma do odbioru i dostawy poprzez dopasowanie dla europalet i innych zwrotnych artyku\u0142\u00f3w transportowych. U\u0142atwiamy otwarty pooling od A do Z. I sprawiamy, \u017ce logistyka palet zn\u00f3w jest \u0142atwa w zarz\u0105dzaniu.<\/p>\n<\/blockquote>\n\n\n\n<hr class=\"wp-block-separator has-alpha-channel-opacity\"\/>\n\n\n\n<figure class=\"wp-block-image size-full\"><img decoding=\"async\" width=\"1600\" height=\"1066\" src=\"http:\/\/www.palletcontroltower.eu\/wp-content\/uploads\/2023\/11\/palletcontroltower-2.jpg\" alt=\"\" class=\"wp-image-207\" style=\"aspect-ratio:16\/9;object-fit:cover\" srcset=\"https:\/\/www.palletcontroltower.eu\/wp-content\/uploads\/2023\/11\/palletcontroltower-2.jpg 1600w, https:\/\/www.palletcontroltower.eu\/wp-content\/uploads\/2023\/11\/palletcontroltower-2-300x200.jpg 300w, https:\/\/www.palletcontroltower.eu\/wp-content\/uploads\/2023\/11\/palletcontroltower-2-1024x682.jpg 1024w, https:\/\/www.palletcontroltower.eu\/wp-content\/uploads\/2023\/11\/palletcontroltower-2-768x512.jpg 768w, https:\/\/www.palletcontroltower.eu\/wp-content\/uploads\/2023\/11\/palletcontroltower-2-1536x1023.jpg 1536w\" sizes=\"(max-width: 1600px) 100vw, 1600px\" \/><\/figure>\n\n\n\n<hr class=\"wp-block-separator has-alpha-channel-opacity\"\/>\n\n\n\n<div class=\"wp-block-columns is-layout-flex wp-container-core-columns-is-layout-28f84493 wp-block-columns-is-layout-flex\">\n<div class=\"wp-block-column is-layout-flow wp-block-column-is-layout-flow\">\n<h3 class=\"wp-block-heading\">Dla kogo i dlaczego? <\/h3>\n\n\n\n<p>Dzi\u0119ki PCTO ka\u017cda firma, a jeszcze lepiej sie\u0107 firm - \u0142a\u0144cuch dostaw - b\u0119dzie mia\u0142a mo\u017cliwo\u015b\u0107 przej\u015bcia z palet jednorazowych i innych RTI na wielorazowe europalety i inne RTI. <\/p>\n\n\n\n<p>Platforma PCTO jest przeznaczona dla ka\u017cdej firmy przemys\u0142owej, produkcyjnej lub handlowej, kt\u00f3ra wykorzystuje europalety i RTI do transportu produkt\u00f3w na du\u017c\u0105 skal\u0119. Ale tak\u017ce dla przewo\u017anik\u00f3w i centr\u00f3w dystrybucyjnych, a tak\u017ce sprzedawc\u00f3w palet\/depot\u00f3w\/producent\u00f3w. <\/p>\n\n\n\n<div class=\"wp-block-buttons is-layout-flex wp-block-buttons-is-layout-flex\">\n<div class=\"wp-block-button\"><a class=\"wp-block-button__link has-white-color has-blue-background-color has-text-color has-background has-link-color wp-element-button\" href=\"https:\/\/portal.pct-online.eu\/register\" target=\"_blank\" rel=\"noreferrer noopener\">Aktywacja konta<\/a><\/div>\n<\/div>\n<\/div>\n\n\n\n<div class=\"wp-block-column is-layout-flow wp-block-column-is-layout-flow\">\n<h3 class=\"wp-block-heading\">Jak to zrobi\u0107? <\/h3>\n\n\n\n<p>PCTO oferuje prosty spos\u00f3b na przej\u015bcie od jednorazowego do wielokrotnego u\u017cytku. Dzi\u0119ki us\u0142ugom odbioru i dostawy, dopasowywaniu zam\u00f3wie\u0144 i naszemu e-kredytowi wszyscy uczestnicy \u0142a\u0144cucha logistycznego czerpi\u0105 z tego korzy\u015bci. <\/p>\n\n\n\n<p>Obs\u0142uga transakcji staje si\u0119 \u0142atwiejsza, a przejrzysto\u015b\u0107 oznacza mniej dyskusji ze wszystkimi zaanga\u017cowanymi stronami. Wzajemne salda mo\u017cna \u0142atwo rozlicza\u0107 za pomoc\u0105 e-Kredyt\u00f3w. W przypadku dyskusji nasi regionalni mened\u017cerowie ds. kont i jako\u015bci mog\u0105 zapewni\u0107 rozwi\u0105zanie.<\/p>\n\n\n\n<div class=\"wp-block-buttons is-layout-flex wp-block-buttons-is-layout-flex\">\n<div class=\"wp-block-button\"><a class=\"wp-block-button__link has-white-color has-mint-background-color has-text-color has-background has-link-color wp-element-button\" href=\"https:\/\/portal.pct-online.eu\/register\" target=\"_blank\" rel=\"noreferrer noopener\">Aktywacja konta<\/a><\/div>\n<\/div>\n<\/div>\n<\/div>","protected":false},"excerpt":{"rendered":"<p>Easy as 1-2-3 Stop met het verspillen van uw tijd. We kennen de problemen in de open pool zoals we die allemaal ervaren. PCT Online lost ze voor u op!&nbsp; Pallet Control Tower (PCT) is de Europese standaard &amp; h\u00e9t platform in open pooling voor EUR Europallets en andere RTI&#8217;s. Het PCTO-platform is ontwikkeld om [&hellip;]<\/p>\n","protected":false},"author":3,"featured_media":0,"parent":64,"menu_order":0,"comment_status":"closed","ping_status":"closed","template":"","meta":{"footnotes":""},"class_list":["post-755","page","type-page","status-publish","hentry"],"yoast_head":"<!-- This site is optimized with the Yoast SEO plugin v27.6 - https:\/\/yoast.com\/product\/yoast-seo-wordpress\/ -->\n<title>Slimmer palletmanagement - Pallet Control Tower<\/title>\n<meta name=\"description\" content=\"De basis van PCT Online is slimmer palletmanagement voor iedere logistieke dienstverlener en\/of supply chain afdeling\" \/>\n<meta name=\"robots\" content=\"index, follow, max-snippet:-1, max-image-preview:large, max-video-preview:-1\" \/>\n<link rel=\"canonical\" href=\"https:\/\/www.palletcontroltower.eu\/pl\/o-nas\/inteligentniejsze-zarzadzanie-paletami\/\" \/>\n<meta property=\"og:locale\" content=\"pl_PL\" \/>\n<meta property=\"og:type\" content=\"article\" \/>\n<meta property=\"og:title\" content=\"Slimmer palletmanagement - Pallet Control Tower\" \/>\n<meta property=\"og:description\" content=\"De basis van PCT Online is slimmer palletmanagement voor iedere logistieke dienstverlener en\/of supply chain afdeling\" \/>\n<meta property=\"og:url\" content=\"https:\/\/www.palletcontroltower.eu\/pl\/o-nas\/inteligentniejsze-zarzadzanie-paletami\/\" \/>\n<meta property=\"og:site_name\" content=\"Pallet Control Tower\" \/>\n<meta property=\"article:modified_time\" content=\"2026-01-30T09:53:28+00:00\" \/>\n<meta property=\"og:image\" content=\"https:\/\/www.palletcontroltower.eu\/wp-content\/uploads\/2023\/12\/headerbeeld_0003_PalletControlTower_Transport_delivery_warehouse.jpg\" \/>\n\t<meta property=\"og:image:width\" content=\"1800\" \/>\n\t<meta property=\"og:image:height\" content=\"380\" \/>\n\t<meta property=\"og:image:type\" content=\"image\/jpeg\" \/>\n<meta name=\"twitter:card\" content=\"summary_large_image\" \/>\n<meta name=\"twitter:label1\" content=\"Szacowany czas czytania\" \/>\n\t<meta name=\"twitter:data1\" content=\"3 minuty\" \/>\n<script type=\"application\/ld+json\" class=\"yoast-schema-graph\">{\"@context\":\"https:\\\/\\\/schema.org\",\"@graph\":[{\"@type\":\"WebPage\",\"@id\":\"https:\\\/\\\/www.palletcontroltower.eu\\\/over-ons\\\/slimmer-palletmanagement\\\/\",\"url\":\"https:\\\/\\\/www.palletcontroltower.eu\\\/over-ons\\\/slimmer-palletmanagement\\\/\",\"name\":\"Slimmer palletmanagement - Pallet Control Tower\",\"isPartOf\":{\"@id\":\"https:\\\/\\\/www.palletcontroltower.eu\\\/#website\"},\"primaryImageOfPage\":{\"@id\":\"https:\\\/\\\/www.palletcontroltower.eu\\\/over-ons\\\/slimmer-palletmanagement\\\/#primaryimage\"},\"image\":{\"@id\":\"https:\\\/\\\/www.palletcontroltower.eu\\\/over-ons\\\/slimmer-palletmanagement\\\/#primaryimage\"},\"thumbnailUrl\":\"http:\\\/\\\/www.palletcontroltower.eu\\\/wp-content\\\/uploads\\\/2023\\\/12\\\/headerbeeld_0003_PalletControlTower_Transport_delivery_warehouse.jpg\",\"datePublished\":\"2023-12-27T14:57:05+00:00\",\"dateModified\":\"2026-01-30T09:53:28+00:00\",\"description\":\"De basis van PCT Online is slimmer palletmanagement voor iedere logistieke dienstverlener en\\\/of supply chain afdeling\",\"breadcrumb\":{\"@id\":\"https:\\\/\\\/www.palletcontroltower.eu\\\/over-ons\\\/slimmer-palletmanagement\\\/#breadcrumb\"},\"inLanguage\":\"pl-PL\",\"potentialAction\":[{\"@type\":\"ReadAction\",\"target\":[\"https:\\\/\\\/www.palletcontroltower.eu\\\/over-ons\\\/slimmer-palletmanagement\\\/\"]}]},{\"@type\":\"ImageObject\",\"inLanguage\":\"pl-PL\",\"@id\":\"https:\\\/\\\/www.palletcontroltower.eu\\\/over-ons\\\/slimmer-palletmanagement\\\/#primaryimage\",\"url\":\"http:\\\/\\\/www.palletcontroltower.eu\\\/wp-content\\\/uploads\\\/2023\\\/12\\\/headerbeeld_0003_PalletControlTower_Transport_delivery_warehouse.jpg\",\"contentUrl\":\"http:\\\/\\\/www.palletcontroltower.eu\\\/wp-content\\\/uploads\\\/2023\\\/12\\\/headerbeeld_0003_PalletControlTower_Transport_delivery_warehouse.jpg\"},{\"@type\":\"BreadcrumbList\",\"@id\":\"https:\\\/\\\/www.palletcontroltower.eu\\\/over-ons\\\/slimmer-palletmanagement\\\/#breadcrumb\",\"itemListElement\":[{\"@type\":\"ListItem\",\"position\":1,\"name\":\"Home\",\"item\":\"https:\\\/\\\/www.palletcontroltower.eu\\\/\"},{\"@type\":\"ListItem\",\"position\":2,\"name\":\"Over ons\",\"item\":\"https:\\\/\\\/www.palletcontroltower.eu\\\/over-ons\\\/\"},{\"@type\":\"ListItem\",\"position\":3,\"name\":\"Slimmer palletmanagement\"}]},{\"@type\":\"WebSite\",\"@id\":\"https:\\\/\\\/www.palletcontroltower.eu\\\/#website\",\"url\":\"https:\\\/\\\/www.palletcontroltower.eu\\\/\",\"name\":\"Pallet Control Tower\",\"description\":\"\",\"publisher\":{\"@id\":\"https:\\\/\\\/www.palletcontroltower.eu\\\/#organization\"},\"potentialAction\":[{\"@type\":\"SearchAction\",\"target\":{\"@type\":\"EntryPoint\",\"urlTemplate\":\"https:\\\/\\\/www.palletcontroltower.eu\\\/?s={search_term_string}\"},\"query-input\":{\"@type\":\"PropertyValueSpecification\",\"valueRequired\":true,\"valueName\":\"search_term_string\"}}],\"inLanguage\":\"pl-PL\"},{\"@type\":\"Organization\",\"@id\":\"https:\\\/\\\/www.palletcontroltower.eu\\\/#organization\",\"name\":\"Pallet Control Tower\",\"url\":\"https:\\\/\\\/www.palletcontroltower.eu\\\/\",\"logo\":{\"@type\":\"ImageObject\",\"inLanguage\":\"pl-PL\",\"@id\":\"https:\\\/\\\/www.palletcontroltower.eu\\\/#\\\/schema\\\/logo\\\/image\\\/\",\"url\":\"https:\\\/\\\/www.palletcontroltower.eu\\\/wp-content\\\/uploads\\\/2023\\\/10\\\/logo.svg\",\"contentUrl\":\"https:\\\/\\\/www.palletcontroltower.eu\\\/wp-content\\\/uploads\\\/2023\\\/10\\\/logo.svg\",\"width\":290,\"height\":87,\"caption\":\"Pallet Control Tower\"},\"image\":{\"@id\":\"https:\\\/\\\/www.palletcontroltower.eu\\\/#\\\/schema\\\/logo\\\/image\\\/\"}}]}<\/script>\n<!-- \/ Yoast SEO plugin. -->","yoast_head_json":{"title":"Inteligentniejsze zarz\u0105dzanie paletami - Pallet Control Tower","description":"Podstaw\u0105 PCT Online jest inteligentniejsze zarz\u0105dzanie paletami dla ka\u017cdego dostawcy us\u0142ug logistycznych i\/lub dzia\u0142u \u0142a\u0144cucha dostaw","robots":{"index":"index","follow":"follow","max-snippet":"max-snippet:-1","max-image-preview":"max-image-preview:large","max-video-preview":"max-video-preview:-1"},"canonical":"https:\/\/www.palletcontroltower.eu\/pl\/o-nas\/inteligentniejsze-zarzadzanie-paletami\/","og_locale":"pl_PL","og_type":"article","og_title":"Slimmer palletmanagement - Pallet Control Tower","og_description":"De basis van PCT Online is slimmer palletmanagement voor iedere logistieke dienstverlener en\/of supply chain afdeling","og_url":"https:\/\/www.palletcontroltower.eu\/pl\/o-nas\/inteligentniejsze-zarzadzanie-paletami\/","og_site_name":"Pallet Control Tower","article_modified_time":"2026-01-30T09:53:28+00:00","og_image":[{"width":1800,"height":380,"url":"https:\/\/www.palletcontroltower.eu\/wp-content\/uploads\/2023\/12\/headerbeeld_0003_PalletControlTower_Transport_delivery_warehouse.jpg","type":"image\/jpeg"}],"twitter_card":"summary_large_image","twitter_misc":{"Szacowany czas czytania":"3 minuty"},"schema":{"@context":"https:\/\/schema.org","@graph":[{"@type":"WebPage","@id":"https:\/\/www.palletcontroltower.eu\/over-ons\/slimmer-palletmanagement\/","url":"https:\/\/www.palletcontroltower.eu\/over-ons\/slimmer-palletmanagement\/","name":"Inteligentniejsze zarz\u0105dzanie paletami - Pallet Control Tower","isPartOf":{"@id":"https:\/\/www.palletcontroltower.eu\/#website"},"primaryImageOfPage":{"@id":"https:\/\/www.palletcontroltower.eu\/over-ons\/slimmer-palletmanagement\/#primaryimage"},"image":{"@id":"https:\/\/www.palletcontroltower.eu\/over-ons\/slimmer-palletmanagement\/#primaryimage"},"thumbnailUrl":"http:\/\/www.palletcontroltower.eu\/wp-content\/uploads\/2023\/12\/headerbeeld_0003_PalletControlTower_Transport_delivery_warehouse.jpg","datePublished":"2023-12-27T14:57:05+00:00","dateModified":"2026-01-30T09:53:28+00:00","description":"Podstaw\u0105 PCT Online jest inteligentniejsze zarz\u0105dzanie paletami dla ka\u017cdego dostawcy us\u0142ug logistycznych i\/lub dzia\u0142u \u0142a\u0144cucha dostaw","breadcrumb":{"@id":"https:\/\/www.palletcontroltower.eu\/over-ons\/slimmer-palletmanagement\/#breadcrumb"},"inLanguage":"pl-PL","potentialAction":[{"@type":"ReadAction","target":["https:\/\/www.palletcontroltower.eu\/over-ons\/slimmer-palletmanagement\/"]}]},{"@type":"ImageObject","inLanguage":"pl-PL","@id":"https:\/\/www.palletcontroltower.eu\/over-ons\/slimmer-palletmanagement\/#primaryimage","url":"http:\/\/www.palletcontroltower.eu\/wp-content\/uploads\/2023\/12\/headerbeeld_0003_PalletControlTower_Transport_delivery_warehouse.jpg","contentUrl":"http:\/\/www.palletcontroltower.eu\/wp-content\/uploads\/2023\/12\/headerbeeld_0003_PalletControlTower_Transport_delivery_warehouse.jpg"},{"@type":"BreadcrumbList","@id":"https:\/\/www.palletcontroltower.eu\/over-ons\/slimmer-palletmanagement\/#breadcrumb","itemListElement":[{"@type":"ListItem","position":1,"name":"Home","item":"https:\/\/www.palletcontroltower.eu\/"},{"@type":"ListItem","position":2,"name":"Over ons","item":"https:\/\/www.palletcontroltower.eu\/over-ons\/"},{"@type":"ListItem","position":3,"name":"Slimmer palletmanagement"}]},{"@type":"WebSite","@id":"https:\/\/www.palletcontroltower.eu\/#website","url":"https:\/\/www.palletcontroltower.eu\/","name":"Wie\u017ca kontroli palet","description":"","publisher":{"@id":"https:\/\/www.palletcontroltower.eu\/#organization"},"potentialAction":[{"@type":"SearchAction","target":{"@type":"EntryPoint","urlTemplate":"https:\/\/www.palletcontroltower.eu\/?s={search_term_string}"},"query-input":{"@type":"PropertyValueSpecification","valueRequired":true,"valueName":"search_term_string"}}],"inLanguage":"pl-PL"},{"@type":"Organization","@id":"https:\/\/www.palletcontroltower.eu\/#organization","name":"Wie\u017ca kontroli palet","url":"https:\/\/www.palletcontroltower.eu\/","logo":{"@type":"ImageObject","inLanguage":"pl-PL","@id":"https:\/\/www.palletcontroltower.eu\/#\/schema\/logo\/image\/","url":"https:\/\/www.palletcontroltower.eu\/wp-content\/uploads\/2023\/10\/logo.svg","contentUrl":"https:\/\/www.palletcontroltower.eu\/wp-content\/uploads\/2023\/10\/logo.svg","width":290,"height":87,"caption":"Pallet Control Tower"},"image":{"@id":"https:\/\/www.palletcontroltower.eu\/#\/schema\/logo\/image\/"}}]}},"_links":{"self":[{"href":"https:\/\/www.palletcontroltower.eu\/pl\/wp-json\/wp\/v2\/pages\/755","targetHints":{"allow":["GET"]}}],"collection":[{"href":"https:\/\/www.palletcontroltower.eu\/pl\/wp-json\/wp\/v2\/pages"}],"about":[{"href":"https:\/\/www.palletcontroltower.eu\/pl\/wp-json\/wp\/v2\/types\/page"}],"author":[{"embeddable":true,"href":"https:\/\/www.palletcontroltower.eu\/pl\/wp-json\/wp\/v2\/users\/3"}],"replies":[{"embeddable":true,"href":"https:\/\/www.palletcontroltower.eu\/pl\/wp-json\/wp\/v2\/comments?post=755"}],"version-history":[{"count":31,"href":"https:\/\/www.palletcontroltower.eu\/pl\/wp-json\/wp\/v2\/pages\/755\/revisions"}],"predecessor-version":[{"id":1236,"href":"https:\/\/www.palletcontroltower.eu\/pl\/wp-json\/wp\/v2\/pages\/755\/revisions\/1236"}],"up":[{"embeddable":true,"href":"https:\/\/www.palletcontroltower.eu\/pl\/wp-json\/wp\/v2\/pages\/64"}],"wp:attachment":[{"href":"https:\/\/www.palletcontroltower.eu\/pl\/wp-json\/wp\/v2\/media?parent=755"}],"curies":[{"name":"wp","href":"https:\/\/api.w.org\/{rel}","templated":true}]}}