{"id":1175,"date":"2024-01-17T07:59:51","date_gmt":"2024-01-17T07:59:51","guid":{"rendered":"https:\/\/www.palletcontroltower.eu\/?page_id=1175"},"modified":"2024-01-22T12:59:29","modified_gmt":"2024-01-22T12:59:29","slug":"gestor-de-conta","status":"publish","type":"page","link":"https:\/\/www.palletcontroltower.eu\/pt\/vacatures\/accountmanager\/","title":{"rendered":"Gestor de contas em v\u00e1rios pa\u00edses europeus - a tempo inteiro \/ a tempo parcial"},"content":{"rendered":"<p><strong>Tem v\u00e1rios anos de experi\u00eancia em log\u00edstica e\/ou com\u00e9rcio internacional e gostaria de dar o pr\u00f3ximo passo na sua carreira?<\/strong><\/p>\n\n\n\n<p>Ent\u00e3o agarre agora a sua oportunidade de crescer connosco como gestor de conta numa das nossas regi\u00f5es operacionais europeias:<\/p>\n\n\n\n<ul class=\"wp-block-list\">\n<li>Pa\u00edses Baixos, B\u00e9lgica e Luxemburgo,<\/li>\n\n\n\n<li>Alemanha, \u00c1ustria e Su\u00ed\u00e7a,<\/li>\n\n\n\n<li>Reino Unido<\/li>\n\n\n\n<li>Fran\u00e7a<\/li>\n\n\n\n<li>Espanha e Portugal<\/li>\n\n\n\n<li>It\u00e1lia<\/li>\n\n\n\n<li>Dinamarca, Noruega, Su\u00e9cia, Finaland<\/li>\n\n\n\n<li>Est\u00f3nia, Let\u00f3nia, Litu\u00e2nia e Pol\u00f3nia,<\/li>\n\n\n\n<li>Rep\u00fablica Checa, Eslov\u00e1quia, Hungria e Rom\u00e9nia,<\/li>\n\n\n\n<li>S\u00e9rvia, Montenegro, Bulg\u00e1ria, Gr\u00e9cia<\/li>\n<\/ul>\n\n\n\n<h3 class=\"wp-block-heading\"><strong>Quem \u00e9 a Torre de Controlo de Paletes (PCT)?<\/strong><\/h3>\n\n\n\n<p>Somos uma empresa internacional que trabalha no sector das Europaletes e outros \"Itens de Transporte Retorn\u00e1veis\". Desenvolvemos uma plataforma online 24\/7 onde a compra e venda de Europaletes \u00e9 mais r\u00e1pida, mais f\u00e1cil, mais inteligente e mais sustent\u00e1vel do que atrav\u00e9s dos m\u00e9todos tradicionais. Os nossos clientes est\u00e3o localizados na Europa, bem como na Am\u00e9rica\/Canad\u00e1 e \u00c1sia. Pode contar com um trabalho cheio de variedade e desafios.<\/p>\n\n\n\n<p>Na fun\u00e7\u00e3o de gestor de conta, trabalhar\u00e1 em estreita colabora\u00e7\u00e3o com o nosso CEO, os outros gestores de conta europeus e os nossos clientes. A log\u00edstica internacional e o com\u00e9rcio de paletes \u00e9 um sector din\u00e2mico e exigente. Sabe isso melhor do que ningu\u00e9m. Por isso, vai viajar muito para visitar os nossos clientes e potenciais clientes. Est\u00e1 orientado para as solu\u00e7\u00f5es e tem um forte sentido comercial. Se est\u00e1 entusiasmado e curioso em rela\u00e7\u00e3o a esta posi\u00e7\u00e3o, continue a ler rapidamente!<\/p>\n\n\n\n<h3 class=\"wp-block-heading\"><strong>O que \u00e9 que lhe oferecemos?<\/strong><\/h3>\n\n\n\n<ul class=\"wp-block-list\">\n<li>Um trabalho estimulante numa empresa simp\u00e1tica e em crescimento<\/li>\n\n\n\n<li>Independ\u00eancia com muita margem de manobra para fazer o seu pr\u00f3prio hor\u00e1rio di\u00e1rio<\/li>\n\n\n\n<li>Montagem completa de um escrit\u00f3rio em casa<\/li>\n\n\n\n<li>Sal\u00e1rio competitivo, sendo a experi\u00eancia relevante um fator importante<\/li>\n\n\n\n<li>Aluguer de autom\u00f3vel, IPad e telem\u00f3vel<\/li>\n\n\n\n<li>25 dias de f\u00e9rias e possibilidade de comprar dias suplementares<\/li>\n\n\n\n<li>Sistema de b\u00f3nus<\/li>\n<\/ul>\n\n\n\n<h3 class=\"wp-block-heading\"><strong>De quem estamos \u00e0 procura?<\/strong><\/h3>\n\n\n\n<p>\u00c9 pr\u00e1tico, cheio de energia e gosta de assumir a lideran\u00e7a. \u00c9 ativo, empenhado e tem um esp\u00edrito empreendedor. As chamadas telef\u00f3nicas e o contacto direto com os clientes s\u00e3o para si um dado adquirido. Embora trabalhar de forma independente n\u00e3o seja um problema, tamb\u00e9m \u00e9 capaz de trabalhar bem em equipa e \u00e9 soci\u00e1vel.<\/p>\n\n\n\n<ul class=\"wp-block-list\">\n<li>Vive num dos pa\u00edses e est\u00e1 disposto a viajar uma parte significativa (&gt; 50%) do seu tempo<\/li>\n\n\n\n<li>Trabalhar\u00e1 a partir de casa e, de vez em quando, ser\u00e1 visto na sede da empresa, nos Pa\u00edses Baixos<\/li>\n\n\n\n<li>Pragmatismo, pr\u00f3-atividade e orienta\u00e7\u00e3o para a solu\u00e7\u00e3o<\/li>\n\n\n\n<li>Experi\u00eancia em com\u00e9rcio internacional e\/ou log\u00edstica<\/li>\n\n\n\n<li>Forma\u00e7\u00e3o de n\u00edvel MBO+\/HBO<\/li>\n\n\n\n<li>Fala e escreve ingl\u00eas e a sua pr\u00f3pria l\u00edngua a um n\u00edvel profissional<\/li>\n\n\n\n<li>O conhecimento de outras l\u00ednguas \u00e9 uma vantagem<\/li>\n\n\n\n<li>Trabalhamos com a HubSpot e o Office 365, entre outros<\/li>\n<\/ul>\n\n\n\n<p>Trata-se de um posto de trabalho a tempo inteiro (40 horas por semana), sendo poss\u00edvel trabalhar a tempo parcial por m\u00fatuo acordo.<\/p>\n\n\n\n<h3 class=\"wp-block-heading\"><strong>Aplica\u00e7\u00e3o<\/strong><\/h3>\n\n\n\n<p>Ainda est\u00e1 entusiasmado! N\u00f3s compreendemos! Ent\u00e3o escreva a sua carta de apresenta\u00e7\u00e3o e<br>Envie este formul\u00e1rio juntamente com o seu CV para Bart Meijnen \uf0e0 info@palletcontroltower.eu. Pode tamb\u00e9m enviar um e-mail ou telefonar-lhe para quest\u00f5es \/ mais informa\u00e7\u00f5es: +31 620530869.<\/p>\n\n\n\n<p><em>A aquisi\u00e7\u00e3o em resposta a esta posi\u00e7\u00e3o n\u00e3o \u00e9 apreciada.<\/em><\/p>","protected":false},"excerpt":{"rendered":"<p>U heeft meerdere jaren ervaring in de logistieke sector en\/of internationale handel en u zou graag een volgende stap in uw carri\u00e8re willen zetten? Grijp dan nu uw kans om verder te groeien bij ons als account manager in een van onze Europese werkgebieden: Wie is Pallet Control Tower (PCT)? Wij zijn een internationaal bedrijf [&hellip;]<\/p>\n","protected":false},"author":3,"featured_media":0,"parent":70,"menu_order":0,"comment_status":"closed","ping_status":"closed","template":"","meta":{"footnotes":""},"class_list":["post-1175","page","type-page","status-publish","hentry"],"yoast_head":"<!-- This site is optimized with the Yoast SEO plugin v27.3 - https:\/\/yoast.com\/product\/yoast-seo-wordpress\/ -->\n<title>Account manager diverse Europese landen \u2013 fulltime \/ parttime - Pallet Control Tower<\/title>\n<meta name=\"description\" content=\"Pallet Control Tower is op zoek naar een ervaren account manager, internationale handel of supply chain, voor een van onze werkgebieden\" \/>\n<meta name=\"robots\" content=\"index, follow, max-snippet:-1, max-image-preview:large, max-video-preview:-1\" \/>\n<link rel=\"canonical\" href=\"https:\/\/www.palletcontroltower.eu\/pt\/vagas\/exemplo-de-vaga-1\/\" \/>\n<meta property=\"og:locale\" content=\"pt_PT\" \/>\n<meta property=\"og:type\" content=\"article\" \/>\n<meta property=\"og:title\" content=\"Account manager diverse Europese landen \u2013 fulltime \/ parttime - Pallet Control Tower\" \/>\n<meta property=\"og:description\" content=\"Pallet Control Tower is op zoek naar een ervaren account manager, internationale handel of supply chain, voor een van onze werkgebieden\" \/>\n<meta property=\"og:url\" content=\"https:\/\/www.palletcontroltower.eu\/pt\/vagas\/exemplo-de-vaga-1\/\" \/>\n<meta property=\"og:site_name\" content=\"Pallet Control Tower\" \/>\n<meta property=\"article:modified_time\" content=\"2024-01-22T12:59:29+00:00\" \/>\n<meta name=\"twitter:card\" content=\"summary_large_image\" \/>\n<meta name=\"twitter:label1\" content=\"Tempo estimado de leitura\" \/>\n\t<meta name=\"twitter:data1\" content=\"3 minutos\" \/>\n<script type=\"application\/ld+json\" class=\"yoast-schema-graph\">{\"@context\":\"https:\\\/\\\/schema.org\",\"@graph\":[{\"@type\":\"WebPage\",\"@id\":\"https:\\\/\\\/www.palletcontroltower.eu\\\/hu\\\/allasajanlatok\\\/pelda-ures-allashely-1\\\/\",\"url\":\"https:\\\/\\\/www.palletcontroltower.eu\\\/hu\\\/allasajanlatok\\\/pelda-ures-allashely-1\\\/\",\"name\":\"Account manager diverse Europese landen \u2013 fulltime \\\/ parttime - Pallet Control Tower\",\"isPartOf\":{\"@id\":\"https:\\\/\\\/www.palletcontroltower.eu\\\/#website\"},\"datePublished\":\"2024-01-17T07:59:51+00:00\",\"dateModified\":\"2024-01-22T12:59:29+00:00\",\"description\":\"Pallet Control Tower is op zoek naar een ervaren account manager, internationale handel of supply chain, voor een van onze werkgebieden\",\"breadcrumb\":{\"@id\":\"https:\\\/\\\/www.palletcontroltower.eu\\\/hu\\\/allasajanlatok\\\/pelda-ures-allashely-1\\\/#breadcrumb\"},\"inLanguage\":\"pt-PT\",\"potentialAction\":[{\"@type\":\"ReadAction\",\"target\":[\"https:\\\/\\\/www.palletcontroltower.eu\\\/hu\\\/allasajanlatok\\\/pelda-ures-allashely-1\\\/\"]}]},{\"@type\":\"BreadcrumbList\",\"@id\":\"https:\\\/\\\/www.palletcontroltower.eu\\\/hu\\\/allasajanlatok\\\/pelda-ures-allashely-1\\\/#breadcrumb\",\"itemListElement\":[{\"@type\":\"ListItem\",\"position\":1,\"name\":\"Home\",\"item\":\"https:\\\/\\\/www.palletcontroltower.eu\\\/\"},{\"@type\":\"ListItem\",\"position\":2,\"name\":\"Vacatures\",\"item\":\"https:\\\/\\\/www.palletcontroltower.eu\\\/vacatures\\\/\"},{\"@type\":\"ListItem\",\"position\":3,\"name\":\"Account manager diverse Europese landen \u2013 fulltime \\\/ parttime\"}]},{\"@type\":\"WebSite\",\"@id\":\"https:\\\/\\\/www.palletcontroltower.eu\\\/#website\",\"url\":\"https:\\\/\\\/www.palletcontroltower.eu\\\/\",\"name\":\"Pallet Control Tower\",\"description\":\"\",\"publisher\":{\"@id\":\"https:\\\/\\\/www.palletcontroltower.eu\\\/#organization\"},\"potentialAction\":[{\"@type\":\"SearchAction\",\"target\":{\"@type\":\"EntryPoint\",\"urlTemplate\":\"https:\\\/\\\/www.palletcontroltower.eu\\\/?s={search_term_string}\"},\"query-input\":{\"@type\":\"PropertyValueSpecification\",\"valueRequired\":true,\"valueName\":\"search_term_string\"}}],\"inLanguage\":\"pt-PT\"},{\"@type\":\"Organization\",\"@id\":\"https:\\\/\\\/www.palletcontroltower.eu\\\/#organization\",\"name\":\"Pallet Control Tower\",\"url\":\"https:\\\/\\\/www.palletcontroltower.eu\\\/\",\"logo\":{\"@type\":\"ImageObject\",\"inLanguage\":\"pt-PT\",\"@id\":\"https:\\\/\\\/www.palletcontroltower.eu\\\/#\\\/schema\\\/logo\\\/image\\\/\",\"url\":\"https:\\\/\\\/www.palletcontroltower.eu\\\/wp-content\\\/uploads\\\/2023\\\/10\\\/logo.svg\",\"contentUrl\":\"https:\\\/\\\/www.palletcontroltower.eu\\\/wp-content\\\/uploads\\\/2023\\\/10\\\/logo.svg\",\"width\":290,\"height\":87,\"caption\":\"Pallet Control Tower\"},\"image\":{\"@id\":\"https:\\\/\\\/www.palletcontroltower.eu\\\/#\\\/schema\\\/logo\\\/image\\\/\"}}]}<\/script>\n<!-- \/ Yoast SEO plugin. -->","yoast_head_json":{"title":"Gestor de contas em v\u00e1rios pa\u00edses europeus - tempo inteiro \/ tempo parcial - Torre de Controlo de Paletes","description":"A Pallet Control Tower est\u00e1 \u00e0 procura de um gestor de conta experiente, de com\u00e9rcio internacional ou de cadeia de abastecimento, para uma das nossas \u00e1reas de opera\u00e7\u00e3o","robots":{"index":"index","follow":"follow","max-snippet":"max-snippet:-1","max-image-preview":"max-image-preview:large","max-video-preview":"max-video-preview:-1"},"canonical":"https:\/\/www.palletcontroltower.eu\/pt\/vagas\/exemplo-de-vaga-1\/","og_locale":"pt_PT","og_type":"article","og_title":"Account manager diverse Europese landen \u2013 fulltime \/ parttime - Pallet Control Tower","og_description":"Pallet Control Tower is op zoek naar een ervaren account manager, internationale handel of supply chain, voor een van onze werkgebieden","og_url":"https:\/\/www.palletcontroltower.eu\/pt\/vagas\/exemplo-de-vaga-1\/","og_site_name":"Pallet Control Tower","article_modified_time":"2024-01-22T12:59:29+00:00","twitter_card":"summary_large_image","twitter_misc":{"Tempo estimado de leitura":"3 minutos"},"schema":{"@context":"https:\/\/schema.org","@graph":[{"@type":"WebPage","@id":"https:\/\/www.palletcontroltower.eu\/hu\/allasajanlatok\/pelda-ures-allashely-1\/","url":"https:\/\/www.palletcontroltower.eu\/hu\/allasajanlatok\/pelda-ures-allashely-1\/","name":"Gestor de contas em v\u00e1rios pa\u00edses europeus - tempo inteiro \/ tempo parcial - Torre de Controlo de Paletes","isPartOf":{"@id":"https:\/\/www.palletcontroltower.eu\/#website"},"datePublished":"2024-01-17T07:59:51+00:00","dateModified":"2024-01-22T12:59:29+00:00","description":"A Pallet Control Tower est\u00e1 \u00e0 procura de um gestor de conta experiente, de com\u00e9rcio internacional ou de cadeia de abastecimento, para uma das nossas \u00e1reas de opera\u00e7\u00e3o","breadcrumb":{"@id":"https:\/\/www.palletcontroltower.eu\/hu\/allasajanlatok\/pelda-ures-allashely-1\/#breadcrumb"},"inLanguage":"pt-PT","potentialAction":[{"@type":"ReadAction","target":["https:\/\/www.palletcontroltower.eu\/hu\/allasajanlatok\/pelda-ures-allashely-1\/"]}]},{"@type":"BreadcrumbList","@id":"https:\/\/www.palletcontroltower.eu\/hu\/allasajanlatok\/pelda-ures-allashely-1\/#breadcrumb","itemListElement":[{"@type":"ListItem","position":1,"name":"Home","item":"https:\/\/www.palletcontroltower.eu\/"},{"@type":"ListItem","position":2,"name":"Vacatures","item":"https:\/\/www.palletcontroltower.eu\/vacatures\/"},{"@type":"ListItem","position":3,"name":"Account manager diverse Europese landen \u2013 fulltime \/ parttime"}]},{"@type":"WebSite","@id":"https:\/\/www.palletcontroltower.eu\/#website","url":"https:\/\/www.palletcontroltower.eu\/","name":"Torre de controlo de paletes","description":"","publisher":{"@id":"https:\/\/www.palletcontroltower.eu\/#organization"},"potentialAction":[{"@type":"SearchAction","target":{"@type":"EntryPoint","urlTemplate":"https:\/\/www.palletcontroltower.eu\/?s={search_term_string}"},"query-input":{"@type":"PropertyValueSpecification","valueRequired":true,"valueName":"search_term_string"}}],"inLanguage":"pt-PT"},{"@type":"Organization","@id":"https:\/\/www.palletcontroltower.eu\/#organization","name":"Torre de controlo de paletes","url":"https:\/\/www.palletcontroltower.eu\/","logo":{"@type":"ImageObject","inLanguage":"pt-PT","@id":"https:\/\/www.palletcontroltower.eu\/#\/schema\/logo\/image\/","url":"https:\/\/www.palletcontroltower.eu\/wp-content\/uploads\/2023\/10\/logo.svg","contentUrl":"https:\/\/www.palletcontroltower.eu\/wp-content\/uploads\/2023\/10\/logo.svg","width":290,"height":87,"caption":"Pallet Control Tower"},"image":{"@id":"https:\/\/www.palletcontroltower.eu\/#\/schema\/logo\/image\/"}}]}},"_links":{"self":[{"href":"https:\/\/www.palletcontroltower.eu\/pt\/wp-json\/wp\/v2\/pages\/1175","targetHints":{"allow":["GET"]}}],"collection":[{"href":"https:\/\/www.palletcontroltower.eu\/pt\/wp-json\/wp\/v2\/pages"}],"about":[{"href":"https:\/\/www.palletcontroltower.eu\/pt\/wp-json\/wp\/v2\/types\/page"}],"author":[{"embeddable":true,"href":"https:\/\/www.palletcontroltower.eu\/pt\/wp-json\/wp\/v2\/users\/3"}],"replies":[{"embeddable":true,"href":"https:\/\/www.palletcontroltower.eu\/pt\/wp-json\/wp\/v2\/comments?post=1175"}],"version-history":[{"count":3,"href":"https:\/\/www.palletcontroltower.eu\/pt\/wp-json\/wp\/v2\/pages\/1175\/revisions"}],"predecessor-version":[{"id":1196,"href":"https:\/\/www.palletcontroltower.eu\/pt\/wp-json\/wp\/v2\/pages\/1175\/revisions\/1196"}],"up":[{"embeddable":true,"href":"https:\/\/www.palletcontroltower.eu\/pt\/wp-json\/wp\/v2\/pages\/70"}],"wp:attachment":[{"href":"https:\/\/www.palletcontroltower.eu\/pt\/wp-json\/wp\/v2\/media?parent=1175"}],"curies":[{"name":"wp","href":"https:\/\/api.w.org\/{rel}","templated":true}]}}