{"id":1178,"date":"2024-01-17T08:00:50","date_gmt":"2024-01-17T08:00:50","guid":{"rendered":"https:\/\/www.palletcontroltower.eu\/?page_id=1178"},"modified":"2024-01-22T13:02:20","modified_gmt":"2024-01-22T13:02:20","slug":"assistente-junior-de-marketing-de-escritorio","status":"publish","type":"page","link":"https:\/\/www.palletcontroltower.eu\/pt\/vacatures\/junior-office-marketing-medewerker\/","title":{"rendered":"(J\u00fanior) Assistente de escrit\u00f3rio\/marketing - tempo parcial\/tempo inteiro"},"content":{"rendered":"<p><strong>Est\u00e1 no in\u00edcio da sua carreira ou j\u00e1 tem uma experi\u00eancia profissional inicial numa posi\u00e7\u00e3o de marketing\/comunica\u00e7\u00f5es e\/ou gest\u00e3o de escrit\u00f3rio e gostaria de dar o pr\u00f3ximo passo na sua carreira?<\/strong><\/p>\n\n\n\n<p>Ent\u00e3o agarre agora a sua oportunidade de crescer connosco como assistente de escrit\u00f3rio e de marketing (j\u00fanior)!<\/p>\n\n\n\n<h3 class=\"wp-block-heading\"><strong>Quem \u00e9 a Torre de Controlo de Paletes (PCT), perguntam voc\u00eas?<\/strong><\/h3>\n\n\n\n<p>Somos uma empresa internacional que trabalha no sector das Europaletes e outros \"Itens de Transporte Retorn\u00e1veis\". Desenvolvemos uma plataforma europeia em linha onde a compra e venda de Europaletes \u00e9 mais r\u00e1pida, mais f\u00e1cil e mais sustent\u00e1vel do que atrav\u00e9s dos m\u00e9todos tradicionais. A nossa carteira de clientes \u00e9 europeia e do resto do mundo. Pode contar com um trabalho cheio de variedade e desafios.<\/p>\n\n\n\n<p>Na fun\u00e7\u00e3o de assistente de escrit\u00f3rio e de marketing, trabalhar\u00e1 em estreita colabora\u00e7\u00e3o com os gestores de contas internacionais e os clientes. Ocupa-se do apoio ao marketing e \u00e0 comunica\u00e7\u00e3o, por exemplo, produzindo os seus pr\u00f3prios meios de comunica\u00e7\u00e3o, criando conte\u00fados, organizando a participa\u00e7\u00e3o em feiras comerciais, mantendo os canais das redes sociais, comunicando com clientes e potenciais clientes. Mas tamb\u00e9m mant\u00e9m as agendas dos gestores de conta actualizadas, reserva viagens para eles (incluindo hot\u00e9is\/carros alugados) e \u00e9 o elo de liga\u00e7\u00e3o entre o departamento financeiro e os gestores de conta. Uma das ferramentas que utilizamos \u00e9 o HubSpot. Se ficou entusiasmado e curioso com esta posi\u00e7\u00e3o, continue a ler!<\/p>\n\n\n\n<h3 class=\"wp-block-heading\"><strong>O que \u00e9 que lhe oferecemos?<\/strong><\/h3>\n\n\n\n<ul class=\"wp-block-list\">\n<li>Emprego direto na PCT<\/li>\n\n\n\n<li>Uma equipa internacional amig\u00e1vel (ainda em crescimento)<\/li>\n\n\n\n<li>Uma fun\u00e7\u00e3o de comunica\u00e7\u00e3o comercial cheia de variedade e desafios<\/li>\n\n\n\n<li>Mercado din\u00e2mico e em constante evolu\u00e7\u00e3o<\/li>\n\n\n\n<li>Orienta\u00e7\u00e3o e oportunidades de carreira a longo prazo<\/li>\n\n\n\n<li>O trabalho h\u00edbrido \u00e9 poss\u00edvel<\/li>\n\n\n\n<li>Sal\u00e1rio competitivo<\/li>\n<\/ul>\n\n\n\n<h3 class=\"wp-block-heading\"><strong>De quem estamos \u00e0 procura?<\/strong><\/h3>\n\n\n\n<p>\u00c9 pr\u00e1tico, cheio de energia e gosta de assumir a lideran\u00e7a. \u00c9 ativo, empenhado e tem um esp\u00edrito empreendedor. N\u00e3o tem problemas com contactos telef\u00f3nicos e, de prefer\u00eancia, atende o telefone para conversar. Trabalhar de forma independente n\u00e3o \u00e9 um problema para si, pode funcionar bem em equipa e tem uma atitude social.<\/p>\n\n\n\n<ul class=\"wp-block-list\">\n<li>Talento de escrita pur sang<\/li>\n\n\n\n<li>Conhecimentos de comunica\u00e7\u00e3o em linha e fora de linha, como o LinkedIn (publicidade) e o MailChimp<\/li>\n\n\n\n<li>Conhecimentos do Office 365, possivelmente Canva, InDesign e\/ou Photoshop<\/li>\n\n\n\n<li>Excelente dom\u00ednio do neerland\u00eas e do ingl\u00eas (e eventualmente de outras l\u00ednguas)<\/li>\n\n\n\n<li>Viver na zona de Roermond<\/li>\n\n\n\n<li>O posto pode ser a tempo parcial (24 ou 32 horas) ou a tempo inteiro.<\/li>\n<\/ul>\n\n\n\n<h3 class=\"wp-block-heading\"><strong>Aplica\u00e7\u00e3o<\/strong><\/h3>\n\n\n\n<p>Ainda est\u00e1 entusiasmado! N\u00f3s compreendemos isso! Ent\u00e3o escreva a sua carta de apresenta\u00e7\u00e3o e envie-a juntamente com o seu CV para Bart Meijnen: info@palletcontroltower.eu. Pode tamb\u00e9m enviar-lhe um e-mail ou telefonar-lhe para esclarecer d\u00favidas ou obter mais informa\u00e7\u00f5es: +31 620530869.<\/p>\n\n\n\n<p><em>A aquisi\u00e7\u00e3o em resposta a esta posi\u00e7\u00e3o n\u00e3o \u00e9 apreciada<\/em><\/p>","protected":false},"excerpt":{"rendered":"<p>Sta je aan het begin van je loopbaan of heb je al een eerste werkervaring in een marketing\/communicatie en\/of office management functie en zou je graag de volgende stap in je carri\u00e8re willen zetten? Grijp dan nu je kans om te groeien bij ons als (junior) office- en marketingmedewerker! Wie is Pallet Control Tower (PCT) [&hellip;]<\/p>\n","protected":false},"author":3,"featured_media":0,"parent":70,"menu_order":0,"comment_status":"closed","ping_status":"closed","template":"","meta":{"footnotes":""},"class_list":["post-1178","page","type-page","status-publish","hentry"],"yoast_head":"<!-- This site is optimized with the Yoast SEO plugin v27.3 - https:\/\/yoast.com\/product\/yoast-seo-wordpress\/ -->\n<title>(Junior) Office \/ Marketing medewerker \u2013 parttime\/fulltime - Pallet Control Tower<\/title>\n<meta name=\"description\" content=\"PCT is op zoek naar een office \/ marketing medewerker die de spin in het web is op ons hoofdkantoor voor marketing en office activiteiten\" \/>\n<meta name=\"robots\" content=\"index, follow, max-snippet:-1, max-image-preview:large, max-video-preview:-1\" \/>\n<link rel=\"canonical\" href=\"https:\/\/www.palletcontroltower.eu\/pt\/vagas\/exemplo-de-vaga-2\/\" \/>\n<meta property=\"og:locale\" content=\"pt_PT\" \/>\n<meta property=\"og:type\" content=\"article\" \/>\n<meta property=\"og:title\" content=\"(Junior) Office \/ Marketing medewerker \u2013 parttime\/fulltime - Pallet Control Tower\" \/>\n<meta property=\"og:description\" content=\"PCT is op zoek naar een office \/ marketing medewerker die de spin in het web is op ons hoofdkantoor voor marketing en office activiteiten\" \/>\n<meta property=\"og:url\" content=\"https:\/\/www.palletcontroltower.eu\/pt\/vagas\/exemplo-de-vaga-2\/\" \/>\n<meta property=\"og:site_name\" content=\"Pallet Control Tower\" \/>\n<meta property=\"article:modified_time\" content=\"2024-01-22T13:02:20+00:00\" \/>\n<meta name=\"twitter:card\" content=\"summary_large_image\" \/>\n<meta name=\"twitter:label1\" content=\"Tempo estimado de leitura\" \/>\n\t<meta name=\"twitter:data1\" content=\"3 minutos\" \/>\n<script type=\"application\/ld+json\" class=\"yoast-schema-graph\">{\"@context\":\"https:\\\/\\\/schema.org\",\"@graph\":[{\"@type\":\"WebPage\",\"@id\":\"https:\\\/\\\/www.palletcontroltower.eu\\\/hu\\\/allasajanlatok\\\/pelda-ures-allashely-2\\\/\",\"url\":\"https:\\\/\\\/www.palletcontroltower.eu\\\/hu\\\/allasajanlatok\\\/pelda-ures-allashely-2\\\/\",\"name\":\"(Junior) Office \\\/ Marketing medewerker \u2013 parttime\\\/fulltime - Pallet Control Tower\",\"isPartOf\":{\"@id\":\"https:\\\/\\\/www.palletcontroltower.eu\\\/#website\"},\"datePublished\":\"2024-01-17T08:00:50+00:00\",\"dateModified\":\"2024-01-22T13:02:20+00:00\",\"description\":\"PCT is op zoek naar een office \\\/ marketing medewerker die de spin in het web is op ons hoofdkantoor voor marketing en office activiteiten\",\"breadcrumb\":{\"@id\":\"https:\\\/\\\/www.palletcontroltower.eu\\\/hu\\\/allasajanlatok\\\/pelda-ures-allashely-2\\\/#breadcrumb\"},\"inLanguage\":\"pt-PT\",\"potentialAction\":[{\"@type\":\"ReadAction\",\"target\":[\"https:\\\/\\\/www.palletcontroltower.eu\\\/hu\\\/allasajanlatok\\\/pelda-ures-allashely-2\\\/\"]}]},{\"@type\":\"BreadcrumbList\",\"@id\":\"https:\\\/\\\/www.palletcontroltower.eu\\\/hu\\\/allasajanlatok\\\/pelda-ures-allashely-2\\\/#breadcrumb\",\"itemListElement\":[{\"@type\":\"ListItem\",\"position\":1,\"name\":\"Home\",\"item\":\"https:\\\/\\\/www.palletcontroltower.eu\\\/\"},{\"@type\":\"ListItem\",\"position\":2,\"name\":\"Vacatures\",\"item\":\"https:\\\/\\\/www.palletcontroltower.eu\\\/vacatures\\\/\"},{\"@type\":\"ListItem\",\"position\":3,\"name\":\"(Junior) Office \\\/ Marketing medewerker \u2013 parttime\\\/fulltime\"}]},{\"@type\":\"WebSite\",\"@id\":\"https:\\\/\\\/www.palletcontroltower.eu\\\/#website\",\"url\":\"https:\\\/\\\/www.palletcontroltower.eu\\\/\",\"name\":\"Pallet Control Tower\",\"description\":\"\",\"publisher\":{\"@id\":\"https:\\\/\\\/www.palletcontroltower.eu\\\/#organization\"},\"potentialAction\":[{\"@type\":\"SearchAction\",\"target\":{\"@type\":\"EntryPoint\",\"urlTemplate\":\"https:\\\/\\\/www.palletcontroltower.eu\\\/?s={search_term_string}\"},\"query-input\":{\"@type\":\"PropertyValueSpecification\",\"valueRequired\":true,\"valueName\":\"search_term_string\"}}],\"inLanguage\":\"pt-PT\"},{\"@type\":\"Organization\",\"@id\":\"https:\\\/\\\/www.palletcontroltower.eu\\\/#organization\",\"name\":\"Pallet Control Tower\",\"url\":\"https:\\\/\\\/www.palletcontroltower.eu\\\/\",\"logo\":{\"@type\":\"ImageObject\",\"inLanguage\":\"pt-PT\",\"@id\":\"https:\\\/\\\/www.palletcontroltower.eu\\\/#\\\/schema\\\/logo\\\/image\\\/\",\"url\":\"https:\\\/\\\/www.palletcontroltower.eu\\\/wp-content\\\/uploads\\\/2023\\\/10\\\/logo.svg\",\"contentUrl\":\"https:\\\/\\\/www.palletcontroltower.eu\\\/wp-content\\\/uploads\\\/2023\\\/10\\\/logo.svg\",\"width\":290,\"height\":87,\"caption\":\"Pallet Control Tower\"},\"image\":{\"@id\":\"https:\\\/\\\/www.palletcontroltower.eu\\\/#\\\/schema\\\/logo\\\/image\\\/\"}}]}<\/script>\n<!-- \/ Yoast SEO plugin. -->","yoast_head_json":{"title":"(J\u00fanior) Assistente de escrit\u00f3rio \/ Marketing - tempo parcial\/tempo inteiro - Torre de Controlo de Paletes","description":"A PCT est\u00e1 \u00e0 procura de um assistente de escrit\u00f3rio\/marketing para ser o elemento central na nossa sede para as actividades de marketing e de escrit\u00f3rio","robots":{"index":"index","follow":"follow","max-snippet":"max-snippet:-1","max-image-preview":"max-image-preview:large","max-video-preview":"max-video-preview:-1"},"canonical":"https:\/\/www.palletcontroltower.eu\/pt\/vagas\/exemplo-de-vaga-2\/","og_locale":"pt_PT","og_type":"article","og_title":"(Junior) Office \/ Marketing medewerker \u2013 parttime\/fulltime - Pallet Control Tower","og_description":"PCT is op zoek naar een office \/ marketing medewerker die de spin in het web is op ons hoofdkantoor voor marketing en office activiteiten","og_url":"https:\/\/www.palletcontroltower.eu\/pt\/vagas\/exemplo-de-vaga-2\/","og_site_name":"Pallet Control Tower","article_modified_time":"2024-01-22T13:02:20+00:00","twitter_card":"summary_large_image","twitter_misc":{"Tempo estimado de leitura":"3 minutos"},"schema":{"@context":"https:\/\/schema.org","@graph":[{"@type":"WebPage","@id":"https:\/\/www.palletcontroltower.eu\/hu\/allasajanlatok\/pelda-ures-allashely-2\/","url":"https:\/\/www.palletcontroltower.eu\/hu\/allasajanlatok\/pelda-ures-allashely-2\/","name":"(J\u00fanior) Assistente de escrit\u00f3rio \/ Marketing - tempo parcial\/tempo inteiro - Torre de Controlo de Paletes","isPartOf":{"@id":"https:\/\/www.palletcontroltower.eu\/#website"},"datePublished":"2024-01-17T08:00:50+00:00","dateModified":"2024-01-22T13:02:20+00:00","description":"A PCT est\u00e1 \u00e0 procura de um assistente de escrit\u00f3rio\/marketing para ser o elemento central na nossa sede para as actividades de marketing e de escrit\u00f3rio","breadcrumb":{"@id":"https:\/\/www.palletcontroltower.eu\/hu\/allasajanlatok\/pelda-ures-allashely-2\/#breadcrumb"},"inLanguage":"pt-PT","potentialAction":[{"@type":"ReadAction","target":["https:\/\/www.palletcontroltower.eu\/hu\/allasajanlatok\/pelda-ures-allashely-2\/"]}]},{"@type":"BreadcrumbList","@id":"https:\/\/www.palletcontroltower.eu\/hu\/allasajanlatok\/pelda-ures-allashely-2\/#breadcrumb","itemListElement":[{"@type":"ListItem","position":1,"name":"Home","item":"https:\/\/www.palletcontroltower.eu\/"},{"@type":"ListItem","position":2,"name":"Vacatures","item":"https:\/\/www.palletcontroltower.eu\/vacatures\/"},{"@type":"ListItem","position":3,"name":"(Junior) Office \/ Marketing medewerker \u2013 parttime\/fulltime"}]},{"@type":"WebSite","@id":"https:\/\/www.palletcontroltower.eu\/#website","url":"https:\/\/www.palletcontroltower.eu\/","name":"Torre de controlo de paletes","description":"","publisher":{"@id":"https:\/\/www.palletcontroltower.eu\/#organization"},"potentialAction":[{"@type":"SearchAction","target":{"@type":"EntryPoint","urlTemplate":"https:\/\/www.palletcontroltower.eu\/?s={search_term_string}"},"query-input":{"@type":"PropertyValueSpecification","valueRequired":true,"valueName":"search_term_string"}}],"inLanguage":"pt-PT"},{"@type":"Organization","@id":"https:\/\/www.palletcontroltower.eu\/#organization","name":"Torre de controlo de paletes","url":"https:\/\/www.palletcontroltower.eu\/","logo":{"@type":"ImageObject","inLanguage":"pt-PT","@id":"https:\/\/www.palletcontroltower.eu\/#\/schema\/logo\/image\/","url":"https:\/\/www.palletcontroltower.eu\/wp-content\/uploads\/2023\/10\/logo.svg","contentUrl":"https:\/\/www.palletcontroltower.eu\/wp-content\/uploads\/2023\/10\/logo.svg","width":290,"height":87,"caption":"Pallet Control Tower"},"image":{"@id":"https:\/\/www.palletcontroltower.eu\/#\/schema\/logo\/image\/"}}]}},"_links":{"self":[{"href":"https:\/\/www.palletcontroltower.eu\/pt\/wp-json\/wp\/v2\/pages\/1178","targetHints":{"allow":["GET"]}}],"collection":[{"href":"https:\/\/www.palletcontroltower.eu\/pt\/wp-json\/wp\/v2\/pages"}],"about":[{"href":"https:\/\/www.palletcontroltower.eu\/pt\/wp-json\/wp\/v2\/types\/page"}],"author":[{"embeddable":true,"href":"https:\/\/www.palletcontroltower.eu\/pt\/wp-json\/wp\/v2\/users\/3"}],"replies":[{"embeddable":true,"href":"https:\/\/www.palletcontroltower.eu\/pt\/wp-json\/wp\/v2\/comments?post=1178"}],"version-history":[{"count":6,"href":"https:\/\/www.palletcontroltower.eu\/pt\/wp-json\/wp\/v2\/pages\/1178\/revisions"}],"predecessor-version":[{"id":1198,"href":"https:\/\/www.palletcontroltower.eu\/pt\/wp-json\/wp\/v2\/pages\/1178\/revisions\/1198"}],"up":[{"embeddable":true,"href":"https:\/\/www.palletcontroltower.eu\/pt\/wp-json\/wp\/v2\/pages\/70"}],"wp:attachment":[{"href":"https:\/\/www.palletcontroltower.eu\/pt\/wp-json\/wp\/v2\/media?parent=1178"}],"curies":[{"name":"wp","href":"https:\/\/api.w.org\/{rel}","templated":true}]}}