{"id":19,"date":"2023-11-22T07:58:45","date_gmt":"2023-11-22T07:58:45","guid":{"rendered":"http:\/\/www.palletcontroltower.eu\/?page_id=19"},"modified":"2024-01-08T14:09:55","modified_gmt":"2024-01-08T14:09:55","slug":"o-que-fazemos","status":"publish","type":"page","link":"https:\/\/www.palletcontroltower.eu\/pt\/hoe-werkt-het\/wat-wij-doen\/","title":{"rendered":"O que fazemos"},"content":{"rendered":"<figure class=\"wp-block-embed is-type-video is-provider-youtube wp-block-embed-youtube wp-embed-aspect-16-9 wp-has-aspect-ratio\"><div class=\"wp-block-embed__wrapper\">\n<iframe title=\"Torre de controlo de paletes - como funciona\" width=\"800\" height=\"450\" src=\"https:\/\/www.youtube.com\/embed\/C0PJ3iyygi4?feature=oembed\" frameborder=\"0\" allow=\"accelerometer; autoplay; clipboard-write; encrypted-media; gyroscope; picture-in-picture; web-share\" allowfullscreen><\/iframe>\n<\/div><\/figure>\n\n\n\n<div class=\"wp-block-columns is-layout-flex wp-container-core-columns-is-layout-28f84493 wp-block-columns-is-layout-flex\">\n<div class=\"wp-block-column is-layout-flow wp-block-column-is-layout-flow\">\n<h2 class=\"wp-block-heading\"><strong>Como funciona a PCT Online<\/strong><\/h2>\n\n\n\n<p>No portal em linha, pode facilmente iniciar sess\u00e3o e tomar todas as medidas relativas \u00e0s encomendas de \"Recolha\" e \"Entrega\" de europaletes. Para al\u00e9m destes dois m\u00f3dulos, apenas para transportadores e CD, o m\u00f3dulo \"Conta corrente\" tamb\u00e9m est\u00e1 dispon\u00edvel aqui.<\/p>\n\n\n\n<p>O processo de \"correspond\u00eancia\" pode ser totalmente monitorizado. Todo o historial \u00e9 preservado, pelo que \u00e9 sempre transparente quem iniciou o qu\u00ea e quando.<\/p>\n\n\n\n<p>O PCT Online est\u00e1 dispon\u00edvel em PC, tablet e telem\u00f3vel e \u00e9 compat\u00edvel com a maioria dos sistemas de log\u00edstica ERP, WMS e VMS.<\/p>\n\n\n\n<h2 class=\"wp-block-heading\"><strong>Cole\u00e7\u00e3o<\/strong>&nbsp;<\/h2>\n\n\n\n<p>Submeter paletes nunca foi t\u00e3o f\u00e1cil. Depois de se registar no PCT Online, segue-se o processo de Matching, atribuindo a melhor correspond\u00eancia com um dep\u00f3sito. Ap\u00f3s a recolha, triagem e avalia\u00e7\u00e3o, o valor \u00e9 creditado no seu saldo de e-Credits.&nbsp;<\/p>\n\n\n\n<p>Para al\u00e9m de todos os tipos de paletes, pode entregar todos os Itens de Transporte Retorn\u00e1veis (ITR) nos armaz\u00e9ns e obter a sua avalia\u00e7\u00e3o. O valor \u00e9 pago atrav\u00e9s dos nossos cr\u00e9ditos electr\u00f3nicos.&nbsp;<\/p>\n\n\n\n<h2 class=\"wp-block-heading\"><strong>Entrega<\/strong>&nbsp;<\/h2>\n\n\n\n<p>Indicar a necessidade de paletes no PCT Online. O processo de correspond\u00eancia \u00e9 ent\u00e3o iniciado para encontrar o dep\u00f3sito com as melhores condi\u00e7\u00f5es. Pode tamb\u00e9m utilizar o seu pr\u00f3prio armaz\u00e9m de confian\u00e7a. Confirme a correspond\u00eancia no PCT Online e a encomenda ser\u00e1 executada.&nbsp;<\/p>\n\n\n\n<p>A entrega \u00e9 cobrada em cr\u00e9ditos electr\u00f3nicos e o hist\u00f3rico pode ser acompanhado atrav\u00e9s do seu painel de controlo no PCT Online. <\/p>\n\n\n\n<h2 class=\"wp-block-heading\"><strong>Cr\u00e9ditos electr\u00f3nicos<\/strong>&nbsp;<\/h2>\n\n\n\n<p>Um cr\u00e9dito eletr\u00f3nico \u00e9 o nosso meio virtual de liquida\u00e7\u00e3o e pagamento e representa o valor de 1 euro-palete usada de qualidade A. O valor em euros est\u00e1 ligado ao \u00edndice independente da bolsa de valores alem\u00e3 <a href=\"https:\/\/www.euwid-holz.de\/\" data-type=\"link\" data-id=\"https:\/\/www.euwid-holz.de\/\" target=\"_blank\" rel=\"noreferrer noopener\">EUWID - Holz und M\u00f6bel<\/a>.&nbsp;<\/p>\n\n\n\n<p>Os cr\u00e9ditos electr\u00f3nicos s\u00e3o livremente transfer\u00edveis entre os saldos de todos os utilizadores da PCT Online. S\u00e3o creditados no saldo ap\u00f3s a recolha e debitados aquando da entrega. Para al\u00e9m disso, os cr\u00e9ditos electr\u00f3nicos podem ser adquiridos separadamente na PCT.&nbsp;<\/p>\n\n\n\n<p>Os cr\u00e9ditos electr\u00f3nicos n\u00e3o est\u00e3o sujeitos a IVA (!) e resolvem tamb\u00e9m a quest\u00e3o do IVA internacional que se prende com a recolha e entrega. A maneira mais f\u00e1cil!&nbsp;<\/p>\n\n\n\n<h2 class=\"wp-block-heading\"><strong>Conta corrente<\/strong>&nbsp;<\/h2>\n\n\n\n<p>Especialmente para o transportador, existe o m\u00f3dulo Conta Corrente. Acompanhe facilmente os saldos entre expedidores, transportadores e destinat\u00e1rios de mercadorias em rela\u00e7\u00e3o aos fluxos de paletes.&nbsp;<\/p>\n\n\n\n<p>A conta corrente funciona com a tecnologia BlockChain e n\u00e3o pode ser alterada posteriormente. Isto cria transpar\u00eancia e seguran\u00e7a para todos os envolvidos. No PCT Online, todos podem acompanhar o progresso.&nbsp;<\/p>\n\n\n\n<p><strong>Preparado para o futuro do pooling de paletes?<\/strong>&nbsp;<\/p>\n<\/div>\n<\/div>\n\n\n\n<hr class=\"wp-block-separator has-alpha-channel-opacity\"\/>\n\n\n\n<div class=\"wp-block-buttons is-content-justification-center is-layout-flex wp-container-core-buttons-is-layout-a89b3969 wp-block-buttons-is-layout-flex\">\n<div class=\"wp-block-button is-style-fill\"><a class=\"wp-block-button__link has-white-color has-green-background-color has-text-color has-background has-link-color wp-element-button\" href=\"https:\/\/portal.pct-online.eu\/register\" target=\"_blank\" rel=\"noreferrer noopener\">Ativar a sua conta<\/a><\/div>\n<\/div>\n\n\n\n<hr class=\"wp-block-separator has-alpha-channel-opacity\"\/>\n\n\n\n<blockquote class=\"wp-block-quote is-layout-flow wp-block-quote-is-layout-flow\">\n<p class=\"has-text-align-center\">Evitar o stress das paletes! A Pallet Control Tower \u00e9 a norma europeia e a plataforma de recolha e entrega por correspond\u00eancia para europaletes e outras RTI. Facilitamos o pooling aberto de A a Z. E tornamos a log\u00edstica de paletes novamente ger\u00edvel. &nbsp;<\/p>\n<\/blockquote>\n\n\n\n<hr class=\"wp-block-separator has-alpha-channel-opacity\"\/>\n\n\n\n<figure class=\"wp-block-image size-full is-style-default\"><img fetchpriority=\"high\" decoding=\"async\" width=\"1600\" height=\"1066\" src=\"http:\/\/www.palletcontroltower.eu\/wp-content\/uploads\/2023\/11\/palletcontroltower-2.jpg\" alt=\"\" class=\"wp-image-207\" style=\"aspect-ratio:16\/9;object-fit:cover\" srcset=\"https:\/\/www.palletcontroltower.eu\/wp-content\/uploads\/2023\/11\/palletcontroltower-2.jpg 1600w, https:\/\/www.palletcontroltower.eu\/wp-content\/uploads\/2023\/11\/palletcontroltower-2-300x200.jpg 300w, https:\/\/www.palletcontroltower.eu\/wp-content\/uploads\/2023\/11\/palletcontroltower-2-1024x682.jpg 1024w, https:\/\/www.palletcontroltower.eu\/wp-content\/uploads\/2023\/11\/palletcontroltower-2-768x512.jpg 768w, https:\/\/www.palletcontroltower.eu\/wp-content\/uploads\/2023\/11\/palletcontroltower-2-1536x1023.jpg 1536w\" sizes=\"(max-width: 1600px) 100vw, 1600px\" \/><\/figure>\n\n\n\n<hr class=\"wp-block-separator has-alpha-channel-opacity\"\/>\n\n\n\n<div class=\"wp-block-columns is-layout-flex wp-container-core-columns-is-layout-28f84493 wp-block-columns-is-layout-flex\">\n<div class=\"wp-block-column is-layout-flow wp-block-column-is-layout-flow\"><\/div>\n<\/div>","protected":false},"excerpt":{"rendered":"<p>Zo werkt PCT Online In het online portal kunt u eenvoudig inloggen en alle stappen zetten voor de \u201cCollection\u201d en \u201cDelivery\u201d opdrachten van europallets. Naast deze twee modules staat hier, enkel voor transporteurs en DC&#8217;s, ook de \u201cRekening Courant\u201d module. Het proces van \u201cmatching\u201d is volledig te volgen. Alle historie blijft bewaard, zodat altijd transparant [&hellip;]<\/p>\n","protected":false},"author":1,"featured_media":0,"parent":17,"menu_order":0,"comment_status":"closed","ping_status":"closed","template":"","meta":{"footnotes":""},"class_list":["post-19","page","type-page","status-publish","hentry"],"yoast_head":"<!-- This site is optimized with the Yoast SEO plugin v27.3 - https:\/\/yoast.com\/product\/yoast-seo-wordpress\/ -->\n<title>Wat wij doen - Pallet Control Tower<\/title>\n<meta name=\"description\" content=\"Hoe functioneert Pallet Control Tower Online: Collection, Delivery, e-Credits en Rekening-Courant, speciaal voor vervoerders\/DC&#039;s.\" \/>\n<meta name=\"robots\" content=\"index, follow, max-snippet:-1, max-image-preview:large, max-video-preview:-1\" \/>\n<link rel=\"canonical\" href=\"https:\/\/www.palletcontroltower.eu\/pt\/como-funciona\/o-que-fazemos\/\" \/>\n<meta property=\"og:locale\" content=\"pt_PT\" \/>\n<meta property=\"og:type\" content=\"article\" \/>\n<meta property=\"og:title\" content=\"Wat wij doen - Pallet Control Tower\" \/>\n<meta property=\"og:description\" content=\"Hoe functioneert Pallet Control Tower Online: Collection, Delivery, e-Credits en Rekening-Courant, speciaal voor vervoerders\/DC&#039;s.\" \/>\n<meta property=\"og:url\" content=\"https:\/\/www.palletcontroltower.eu\/pt\/como-funciona\/o-que-fazemos\/\" \/>\n<meta property=\"og:site_name\" content=\"Pallet Control Tower\" \/>\n<meta property=\"article:modified_time\" content=\"2024-01-08T14:09:55+00:00\" \/>\n<meta property=\"og:image\" content=\"http:\/\/www.palletcontroltower.eu\/wp-content\/uploads\/2023\/11\/palletcontroltower-2.jpg\" \/>\n<meta name=\"twitter:card\" content=\"summary_large_image\" \/>\n<meta name=\"twitter:label1\" content=\"Tempo estimado de leitura\" \/>\n\t<meta name=\"twitter:data1\" content=\"3 minutos\" \/>\n<script type=\"application\/ld+json\" class=\"yoast-schema-graph\">{\"@context\":\"https:\\\/\\\/schema.org\",\"@graph\":[{\"@type\":\"WebPage\",\"@id\":\"https:\\\/\\\/www.palletcontroltower.eu\\\/hoe-werkt-het\\\/wat-wij-doen\\\/\",\"url\":\"https:\\\/\\\/www.palletcontroltower.eu\\\/hoe-werkt-het\\\/wat-wij-doen\\\/\",\"name\":\"Wat wij doen - Pallet Control Tower\",\"isPartOf\":{\"@id\":\"https:\\\/\\\/www.palletcontroltower.eu\\\/#website\"},\"primaryImageOfPage\":{\"@id\":\"https:\\\/\\\/www.palletcontroltower.eu\\\/hoe-werkt-het\\\/wat-wij-doen\\\/#primaryimage\"},\"image\":{\"@id\":\"https:\\\/\\\/www.palletcontroltower.eu\\\/hoe-werkt-het\\\/wat-wij-doen\\\/#primaryimage\"},\"thumbnailUrl\":\"http:\\\/\\\/www.palletcontroltower.eu\\\/wp-content\\\/uploads\\\/2023\\\/11\\\/palletcontroltower-2.jpg\",\"datePublished\":\"2023-11-22T07:58:45+00:00\",\"dateModified\":\"2024-01-08T14:09:55+00:00\",\"description\":\"Hoe functioneert Pallet Control Tower Online: Collection, Delivery, e-Credits en Rekening-Courant, speciaal voor vervoerders\\\/DC's.\",\"breadcrumb\":{\"@id\":\"https:\\\/\\\/www.palletcontroltower.eu\\\/hoe-werkt-het\\\/wat-wij-doen\\\/#breadcrumb\"},\"inLanguage\":\"pt-PT\",\"potentialAction\":[{\"@type\":\"ReadAction\",\"target\":[\"https:\\\/\\\/www.palletcontroltower.eu\\\/hoe-werkt-het\\\/wat-wij-doen\\\/\"]}]},{\"@type\":\"ImageObject\",\"inLanguage\":\"pt-PT\",\"@id\":\"https:\\\/\\\/www.palletcontroltower.eu\\\/hoe-werkt-het\\\/wat-wij-doen\\\/#primaryimage\",\"url\":\"http:\\\/\\\/www.palletcontroltower.eu\\\/wp-content\\\/uploads\\\/2023\\\/11\\\/palletcontroltower-2.jpg\",\"contentUrl\":\"http:\\\/\\\/www.palletcontroltower.eu\\\/wp-content\\\/uploads\\\/2023\\\/11\\\/palletcontroltower-2.jpg\"},{\"@type\":\"BreadcrumbList\",\"@id\":\"https:\\\/\\\/www.palletcontroltower.eu\\\/hoe-werkt-het\\\/wat-wij-doen\\\/#breadcrumb\",\"itemListElement\":[{\"@type\":\"ListItem\",\"position\":1,\"name\":\"Home\",\"item\":\"https:\\\/\\\/www.palletcontroltower.eu\\\/\"},{\"@type\":\"ListItem\",\"position\":2,\"name\":\"Hoe werkt het\",\"item\":\"https:\\\/\\\/www.palletcontroltower.eu\\\/hoe-werkt-het\\\/\"},{\"@type\":\"ListItem\",\"position\":3,\"name\":\"Wat wij doen\"}]},{\"@type\":\"WebSite\",\"@id\":\"https:\\\/\\\/www.palletcontroltower.eu\\\/#website\",\"url\":\"https:\\\/\\\/www.palletcontroltower.eu\\\/\",\"name\":\"Pallet Control Tower\",\"description\":\"\",\"publisher\":{\"@id\":\"https:\\\/\\\/www.palletcontroltower.eu\\\/#organization\"},\"potentialAction\":[{\"@type\":\"SearchAction\",\"target\":{\"@type\":\"EntryPoint\",\"urlTemplate\":\"https:\\\/\\\/www.palletcontroltower.eu\\\/?s={search_term_string}\"},\"query-input\":{\"@type\":\"PropertyValueSpecification\",\"valueRequired\":true,\"valueName\":\"search_term_string\"}}],\"inLanguage\":\"pt-PT\"},{\"@type\":\"Organization\",\"@id\":\"https:\\\/\\\/www.palletcontroltower.eu\\\/#organization\",\"name\":\"Pallet Control Tower\",\"url\":\"https:\\\/\\\/www.palletcontroltower.eu\\\/\",\"logo\":{\"@type\":\"ImageObject\",\"inLanguage\":\"pt-PT\",\"@id\":\"https:\\\/\\\/www.palletcontroltower.eu\\\/#\\\/schema\\\/logo\\\/image\\\/\",\"url\":\"https:\\\/\\\/www.palletcontroltower.eu\\\/wp-content\\\/uploads\\\/2023\\\/10\\\/logo.svg\",\"contentUrl\":\"https:\\\/\\\/www.palletcontroltower.eu\\\/wp-content\\\/uploads\\\/2023\\\/10\\\/logo.svg\",\"width\":290,\"height\":87,\"caption\":\"Pallet Control Tower\"},\"image\":{\"@id\":\"https:\\\/\\\/www.palletcontroltower.eu\\\/#\\\/schema\\\/logo\\\/image\\\/\"}}]}<\/script>\n<!-- \/ Yoast SEO plugin. -->","yoast_head_json":{"title":"O que fazemos - Torre de controlo de paletes","description":"Como funciona o Pallet Control Tower Online: recolha, entrega, cr\u00e9ditos electr\u00f3nicos e conta corrente, especialmente para transportadores\/DCs.","robots":{"index":"index","follow":"follow","max-snippet":"max-snippet:-1","max-image-preview":"max-image-preview:large","max-video-preview":"max-video-preview:-1"},"canonical":"https:\/\/www.palletcontroltower.eu\/pt\/como-funciona\/o-que-fazemos\/","og_locale":"pt_PT","og_type":"article","og_title":"Wat wij doen - Pallet Control Tower","og_description":"Hoe functioneert Pallet Control Tower Online: Collection, Delivery, e-Credits en Rekening-Courant, speciaal voor vervoerders\/DC's.","og_url":"https:\/\/www.palletcontroltower.eu\/pt\/como-funciona\/o-que-fazemos\/","og_site_name":"Pallet Control Tower","article_modified_time":"2024-01-08T14:09:55+00:00","og_image":[{"url":"http:\/\/www.palletcontroltower.eu\/wp-content\/uploads\/2023\/11\/palletcontroltower-2.jpg","type":"","width":"","height":""}],"twitter_card":"summary_large_image","twitter_misc":{"Tempo estimado de leitura":"3 minutos"},"schema":{"@context":"https:\/\/schema.org","@graph":[{"@type":"WebPage","@id":"https:\/\/www.palletcontroltower.eu\/hoe-werkt-het\/wat-wij-doen\/","url":"https:\/\/www.palletcontroltower.eu\/hoe-werkt-het\/wat-wij-doen\/","name":"O que fazemos - Torre de controlo de paletes","isPartOf":{"@id":"https:\/\/www.palletcontroltower.eu\/#website"},"primaryImageOfPage":{"@id":"https:\/\/www.palletcontroltower.eu\/hoe-werkt-het\/wat-wij-doen\/#primaryimage"},"image":{"@id":"https:\/\/www.palletcontroltower.eu\/hoe-werkt-het\/wat-wij-doen\/#primaryimage"},"thumbnailUrl":"http:\/\/www.palletcontroltower.eu\/wp-content\/uploads\/2023\/11\/palletcontroltower-2.jpg","datePublished":"2023-11-22T07:58:45+00:00","dateModified":"2024-01-08T14:09:55+00:00","description":"Como funciona o Pallet Control Tower Online: recolha, entrega, cr\u00e9ditos electr\u00f3nicos e conta corrente, especialmente para transportadores\/DCs.","breadcrumb":{"@id":"https:\/\/www.palletcontroltower.eu\/hoe-werkt-het\/wat-wij-doen\/#breadcrumb"},"inLanguage":"pt-PT","potentialAction":[{"@type":"ReadAction","target":["https:\/\/www.palletcontroltower.eu\/hoe-werkt-het\/wat-wij-doen\/"]}]},{"@type":"ImageObject","inLanguage":"pt-PT","@id":"https:\/\/www.palletcontroltower.eu\/hoe-werkt-het\/wat-wij-doen\/#primaryimage","url":"http:\/\/www.palletcontroltower.eu\/wp-content\/uploads\/2023\/11\/palletcontroltower-2.jpg","contentUrl":"http:\/\/www.palletcontroltower.eu\/wp-content\/uploads\/2023\/11\/palletcontroltower-2.jpg"},{"@type":"BreadcrumbList","@id":"https:\/\/www.palletcontroltower.eu\/hoe-werkt-het\/wat-wij-doen\/#breadcrumb","itemListElement":[{"@type":"ListItem","position":1,"name":"Home","item":"https:\/\/www.palletcontroltower.eu\/"},{"@type":"ListItem","position":2,"name":"Hoe werkt het","item":"https:\/\/www.palletcontroltower.eu\/hoe-werkt-het\/"},{"@type":"ListItem","position":3,"name":"Wat wij doen"}]},{"@type":"WebSite","@id":"https:\/\/www.palletcontroltower.eu\/#website","url":"https:\/\/www.palletcontroltower.eu\/","name":"Torre de controlo de paletes","description":"","publisher":{"@id":"https:\/\/www.palletcontroltower.eu\/#organization"},"potentialAction":[{"@type":"SearchAction","target":{"@type":"EntryPoint","urlTemplate":"https:\/\/www.palletcontroltower.eu\/?s={search_term_string}"},"query-input":{"@type":"PropertyValueSpecification","valueRequired":true,"valueName":"search_term_string"}}],"inLanguage":"pt-PT"},{"@type":"Organization","@id":"https:\/\/www.palletcontroltower.eu\/#organization","name":"Torre de controlo de paletes","url":"https:\/\/www.palletcontroltower.eu\/","logo":{"@type":"ImageObject","inLanguage":"pt-PT","@id":"https:\/\/www.palletcontroltower.eu\/#\/schema\/logo\/image\/","url":"https:\/\/www.palletcontroltower.eu\/wp-content\/uploads\/2023\/10\/logo.svg","contentUrl":"https:\/\/www.palletcontroltower.eu\/wp-content\/uploads\/2023\/10\/logo.svg","width":290,"height":87,"caption":"Pallet Control Tower"},"image":{"@id":"https:\/\/www.palletcontroltower.eu\/#\/schema\/logo\/image\/"}}]}},"_links":{"self":[{"href":"https:\/\/www.palletcontroltower.eu\/pt\/wp-json\/wp\/v2\/pages\/19","targetHints":{"allow":["GET"]}}],"collection":[{"href":"https:\/\/www.palletcontroltower.eu\/pt\/wp-json\/wp\/v2\/pages"}],"about":[{"href":"https:\/\/www.palletcontroltower.eu\/pt\/wp-json\/wp\/v2\/types\/page"}],"author":[{"embeddable":true,"href":"https:\/\/www.palletcontroltower.eu\/pt\/wp-json\/wp\/v2\/users\/1"}],"replies":[{"embeddable":true,"href":"https:\/\/www.palletcontroltower.eu\/pt\/wp-json\/wp\/v2\/comments?post=19"}],"version-history":[{"count":32,"href":"https:\/\/www.palletcontroltower.eu\/pt\/wp-json\/wp\/v2\/pages\/19\/revisions"}],"predecessor-version":[{"id":1020,"href":"https:\/\/www.palletcontroltower.eu\/pt\/wp-json\/wp\/v2\/pages\/19\/revisions\/1020"}],"up":[{"embeddable":true,"href":"https:\/\/www.palletcontroltower.eu\/pt\/wp-json\/wp\/v2\/pages\/17"}],"wp:attachment":[{"href":"https:\/\/www.palletcontroltower.eu\/pt\/wp-json\/wp\/v2\/media?parent=19"}],"curies":[{"name":"wp","href":"https:\/\/api.w.org\/{rel}","templated":true}]}}