{"id":23,"date":"2023-11-22T07:59:21","date_gmt":"2023-11-22T07:59:21","guid":{"rendered":"http:\/\/www.palletcontroltower.eu\/?page_id=23"},"modified":"2024-01-11T10:37:39","modified_gmt":"2024-01-11T10:37:39","slug":"perguntas-frequentes","status":"publish","type":"page","link":"https:\/\/www.palletcontroltower.eu\/pt\/hoe-werkt-het\/veelgestelde-vragen\/","title":{"rendered":"Perguntas mais frequentes"},"content":{"rendered":"<div class=\"wp-block-columns is-layout-flex wp-container-core-columns-is-layout-28f84493 wp-block-columns-is-layout-flex\">\n<div class=\"wp-block-column is-layout-flow wp-block-column-is-layout-flow\"><\/div>\n<\/div>\n\n\n\n<hr class=\"wp-block-separator has-alpha-channel-opacity\"\/>\n\n\n\n<div class=\"wp-block-pb-accordion-item c-accordion__item js-accordion-item no-js\" data-initially-open=\"false\" data-click-to-close=\"true\" data-auto-close=\"true\" data-scroll=\"false\" data-scroll-offset=\"0\"><h3 id=\"at-230\" class=\"c-accordion__title js-accordion-controller\" role=\"button\"><strong>O que \u00e9 a entrega?<\/strong><\/h3><div id=\"ac-230\" class=\"c-accordion__content\">\n<p>Com uma Ordem de entrega, o utilizador indica que pretende comprar um lote de paletes. Pode ser para o pr\u00f3prio ou para um fornecedor. O utilizador indica no PCT Online quais os n\u00fameros e qualidades que pretende que sejam entregues e onde. Tamb\u00e9m \u00e9 poss\u00edvel especificar op\u00e7\u00f5es de entrega adicionais. O utilizador recebe v\u00e1rias ofertas e escolhe com base na mais vantajosa do ponto de vista econ\u00f3mico, na mais sustent\u00e1vel ou escolhe um fornecedor preferencial. Ap\u00f3s a aceita\u00e7\u00e3o da oferta, a encomenda \u00e9 executada pelo armaz\u00e9m de paletes. O pagamento \u00e9 efectuado no prazo de 8 dias. <\/p>\n<\/div><\/div>\n\n\n\n<div class=\"wp-block-pb-accordion-item c-accordion__item js-accordion-item no-js\" data-initially-open=\"false\" data-click-to-close=\"true\" data-auto-close=\"true\" data-scroll=\"false\" data-scroll-offset=\"0\"><h3 id=\"at-231\" class=\"c-accordion__title js-accordion-controller\" role=\"button\"><strong>O que \u00e9 a recolha?&nbsp;<\/strong><\/h3><div id=\"ac-231\" class=\"c-accordion__content\">\n<p>Uma ordem de recolha coloca-o a si, o propriet\u00e1rio das paletes, na rua. Oferece um lote de paletes para venda. V\u00e1rios armaz\u00e9ns de paletes fazem uma oferta pelas suas paletes. Estas s\u00e3o descritas por si em termos de n\u00famero e qualidade e s\u00e3o fornecidas com v\u00e1rias fotografias. Ap\u00f3s a aceita\u00e7\u00e3o da oferta, o armaz\u00e9m de paletes da sua escolha recolhe o lote de paletes. \u00c9 poss\u00edvel efetuar uma triagem e uma avalia\u00e7\u00e3o posteriores.<\/p>\n<\/div><\/div>\n\n\n\n<div class=\"wp-block-pb-accordion-item c-accordion__item js-accordion-item no-js\" data-initially-open=\"false\" data-click-to-close=\"true\" data-auto-close=\"true\" data-scroll=\"false\" data-scroll-offset=\"0\"><h3 id=\"at-232\" class=\"c-accordion__title js-accordion-controller\" role=\"button\"><strong>Como participante, posso apresentar todos os tipos de paletes e\/ou RTI?<\/strong><\/h3><div id=\"ac-232\" class=\"c-accordion__content\">\n<p>Sim, pode. O deposit\u00e1rio de sua escolha avaliar\u00e1 tudo e o converter\u00e1 em termos de valor para cr\u00e9ditos electr\u00f3nicos. Estes cr\u00e9ditos electr\u00f3nicos ser\u00e3o ent\u00e3o creditados no seu pr\u00f3prio saldo na sua carteira.\u00a0<\/p>\n<\/div><\/div>\n\n\n\n<div class=\"wp-block-pb-accordion-item c-accordion__item js-accordion-item no-js\" data-initially-open=\"false\" data-click-to-close=\"true\" data-auto-close=\"true\" data-scroll=\"false\" data-scroll-offset=\"0\"><h3 id=\"at-233\" class=\"c-accordion__title js-accordion-controller\" role=\"button\"><strong>Quando \u00e9 que recebo uma comiss\u00e3o de transa\u00e7\u00e3o?<\/strong>&nbsp;<\/h3><div id=\"ac-233\" class=\"c-accordion__content\">\n<p>O valor de uma palete Euro \"b\u00e1sica\" \u00e9 coberto pelo \u00edndice EUWID. Todos os desvios a esta norma s\u00e3o reflectidos na sobretaxa de transa\u00e7\u00e3o.&nbsp;<\/p>\n<\/div><\/div>\n\n\n\n<div class=\"wp-block-pb-accordion-item c-accordion__item js-accordion-item no-js\" data-initially-open=\"false\" data-click-to-close=\"true\" data-auto-close=\"true\" data-scroll=\"false\" data-scroll-offset=\"0\"><h3 id=\"at-234\" class=\"c-accordion__title js-accordion-controller\" role=\"button\"><strong>Qual \u00e9 o valor atual do cr\u00e9dito eletr\u00f3nico?<\/strong>&nbsp;<\/h3><div id=\"ac-234\" class=\"c-accordion__content\">\n<p>Na plataforma online PCTO, encontrar\u00e1 sempre o valor atual. O valor \u00e9 determinado como uma m\u00e9dia ponderada do valor mais baixo e do valor mais alto nos tr\u00eas \u00faltimos 6 per\u00edodos semanais. Este valor \u00e9 tomado como base para a liquida\u00e7\u00e3o ou reserva de cr\u00e9ditos electr\u00f3nicos no momento da apresenta\u00e7\u00e3o ou da chamada.\u00a0\u00a0<\/p>\n<\/div><\/div>\n\n\n\n<div class=\"wp-block-pb-accordion-item c-accordion__item js-accordion-item no-js\" data-initially-open=\"false\" data-click-to-close=\"true\" data-auto-close=\"true\" data-scroll=\"false\" data-scroll-offset=\"0\"><h3 id=\"at-235\" class=\"c-accordion__title js-accordion-controller\" role=\"button\"><strong>Como \u00e9 que surgiu a EUWID?<\/strong>&nbsp;<\/h3><div id=\"ac-235\" class=\"c-accordion__content\">\n<p>No s\u00edtio Web de <a href=\"https:\/\/www.euwid-wood-products.com\/\" target=\"_blank\" rel=\"noreferrer noopener\">EUWID - componente produtos de madeira<\/a> - encontrar\u00e1 todas as informa\u00e7\u00f5es sobre o mercado. Os pre\u00e7os e os desenvolvimentos da EUWID est\u00e3o por detr\u00e1s de um login. A PCT tem uma subscri\u00e7\u00e3o para estes dados de mercado&nbsp;&nbsp;<\/p>\n<\/div><\/div>\n\n\n\n<div class=\"wp-block-pb-accordion-item c-accordion__item js-accordion-item no-js\" data-initially-open=\"false\" data-click-to-close=\"true\" data-auto-close=\"true\" data-scroll=\"false\" data-scroll-offset=\"0\"><h3 id=\"at-236\" class=\"c-accordion__title js-accordion-controller\" role=\"button\"><strong>Se todas as IDI puderem ser entregues, serei reembolsado de tudo?&nbsp;<\/strong><\/h3><div id=\"ac-236\" class=\"c-accordion__content\">\n<p>N\u00e3o, n\u00e3o \u00e9 necess\u00e1rio. A maioria dos dep\u00f3sitos trabalha com listas de triagem e, com base na triagem, o valor \u00e9 determinado. Se n\u00e3o houver RTI utiliz\u00e1veis entre eles e se se tratar principalmente de \"lixo\", pode haver um rendimento negativo.<\/p>\n<\/div><\/div>\n\n\n\n<hr class=\"wp-block-separator has-alpha-channel-opacity\"\/>","protected":false},"excerpt":{"rendered":"","protected":false},"author":1,"featured_media":0,"parent":17,"menu_order":0,"comment_status":"closed","ping_status":"closed","template":"","meta":{"footnotes":""},"class_list":["post-23","page","type-page","status-publish","hentry"],"yoast_head":"<!-- This site is optimized with the Yoast SEO plugin v27.3 - https:\/\/yoast.com\/product\/yoast-seo-wordpress\/ -->\n<title>Veelgestelde vragen - Pallet Control Tower<\/title>\n<meta name=\"description\" content=\"Veelgestelde vragen over Pallet Control Tower Online, zoals wat is Collection, Delivery, e-Credit en EUWID\" \/>\n<meta name=\"robots\" content=\"index, follow, max-snippet:-1, max-image-preview:large, max-video-preview:-1\" \/>\n<link rel=\"canonical\" href=\"https:\/\/www.palletcontroltower.eu\/pt\/como-funciona\/perguntas-frequentes\/\" \/>\n<meta property=\"og:locale\" content=\"pt_PT\" \/>\n<meta property=\"og:type\" content=\"article\" \/>\n<meta property=\"og:title\" content=\"Veelgestelde vragen - Pallet Control Tower\" \/>\n<meta property=\"og:description\" content=\"Veelgestelde vragen over Pallet Control Tower Online, zoals wat is Collection, Delivery, e-Credit en EUWID\" \/>\n<meta property=\"og:url\" content=\"https:\/\/www.palletcontroltower.eu\/pt\/como-funciona\/perguntas-frequentes\/\" \/>\n<meta property=\"og:site_name\" content=\"Pallet Control Tower\" \/>\n<meta property=\"article:modified_time\" content=\"2024-01-11T10:37:39+00:00\" \/>\n<meta name=\"twitter:card\" content=\"summary_large_image\" \/>\n<meta name=\"twitter:label1\" content=\"Tempo estimado de leitura\" \/>\n\t<meta name=\"twitter:data1\" content=\"2 minutos\" \/>\n<script type=\"application\/ld+json\" class=\"yoast-schema-graph\">{\"@context\":\"https:\\\/\\\/schema.org\",\"@graph\":[{\"@type\":\"WebPage\",\"@id\":\"https:\\\/\\\/www.palletcontroltower.eu\\\/pl\\\/hoe-werkt-het\\\/czesto-zadawane-pytania\\\/\",\"url\":\"https:\\\/\\\/www.palletcontroltower.eu\\\/pl\\\/hoe-werkt-het\\\/czesto-zadawane-pytania\\\/\",\"name\":\"Veelgestelde vragen - Pallet Control Tower\",\"isPartOf\":{\"@id\":\"https:\\\/\\\/www.palletcontroltower.eu\\\/#website\"},\"datePublished\":\"2023-11-22T07:59:21+00:00\",\"dateModified\":\"2024-01-11T10:37:39+00:00\",\"description\":\"Veelgestelde vragen over Pallet Control Tower Online, zoals wat is Collection, Delivery, e-Credit en EUWID\",\"breadcrumb\":{\"@id\":\"https:\\\/\\\/www.palletcontroltower.eu\\\/pl\\\/hoe-werkt-het\\\/czesto-zadawane-pytania\\\/#breadcrumb\"},\"inLanguage\":\"pt-PT\",\"potentialAction\":[{\"@type\":\"ReadAction\",\"target\":[\"https:\\\/\\\/www.palletcontroltower.eu\\\/pl\\\/hoe-werkt-het\\\/czesto-zadawane-pytania\\\/\"]}]},{\"@type\":\"BreadcrumbList\",\"@id\":\"https:\\\/\\\/www.palletcontroltower.eu\\\/pl\\\/hoe-werkt-het\\\/czesto-zadawane-pytania\\\/#breadcrumb\",\"itemListElement\":[{\"@type\":\"ListItem\",\"position\":1,\"name\":\"Home\",\"item\":\"https:\\\/\\\/www.palletcontroltower.eu\\\/\"},{\"@type\":\"ListItem\",\"position\":2,\"name\":\"Hoe werkt het\",\"item\":\"https:\\\/\\\/www.palletcontroltower.eu\\\/hoe-werkt-het\\\/\"},{\"@type\":\"ListItem\",\"position\":3,\"name\":\"Veelgestelde vragen\"}]},{\"@type\":\"WebSite\",\"@id\":\"https:\\\/\\\/www.palletcontroltower.eu\\\/#website\",\"url\":\"https:\\\/\\\/www.palletcontroltower.eu\\\/\",\"name\":\"Pallet Control Tower\",\"description\":\"\",\"publisher\":{\"@id\":\"https:\\\/\\\/www.palletcontroltower.eu\\\/#organization\"},\"potentialAction\":[{\"@type\":\"SearchAction\",\"target\":{\"@type\":\"EntryPoint\",\"urlTemplate\":\"https:\\\/\\\/www.palletcontroltower.eu\\\/?s={search_term_string}\"},\"query-input\":{\"@type\":\"PropertyValueSpecification\",\"valueRequired\":true,\"valueName\":\"search_term_string\"}}],\"inLanguage\":\"pt-PT\"},{\"@type\":\"Organization\",\"@id\":\"https:\\\/\\\/www.palletcontroltower.eu\\\/#organization\",\"name\":\"Pallet Control Tower\",\"url\":\"https:\\\/\\\/www.palletcontroltower.eu\\\/\",\"logo\":{\"@type\":\"ImageObject\",\"inLanguage\":\"pt-PT\",\"@id\":\"https:\\\/\\\/www.palletcontroltower.eu\\\/#\\\/schema\\\/logo\\\/image\\\/\",\"url\":\"https:\\\/\\\/www.palletcontroltower.eu\\\/wp-content\\\/uploads\\\/2023\\\/10\\\/logo.svg\",\"contentUrl\":\"https:\\\/\\\/www.palletcontroltower.eu\\\/wp-content\\\/uploads\\\/2023\\\/10\\\/logo.svg\",\"width\":290,\"height\":87,\"caption\":\"Pallet Control Tower\"},\"image\":{\"@id\":\"https:\\\/\\\/www.palletcontroltower.eu\\\/#\\\/schema\\\/logo\\\/image\\\/\"}}]}<\/script>\n<!-- \/ Yoast SEO plugin. -->","yoast_head_json":{"title":"Perguntas mais frequentes - Torre de Controlo de Paletes","description":"Perguntas mais frequentes sobre a Torre de Controlo de Paletes Online, tais como o que \u00e9 a recolha, a entrega, o cr\u00e9dito eletr\u00f3nico e a EUWID","robots":{"index":"index","follow":"follow","max-snippet":"max-snippet:-1","max-image-preview":"max-image-preview:large","max-video-preview":"max-video-preview:-1"},"canonical":"https:\/\/www.palletcontroltower.eu\/pt\/como-funciona\/perguntas-frequentes\/","og_locale":"pt_PT","og_type":"article","og_title":"Veelgestelde vragen - Pallet Control Tower","og_description":"Veelgestelde vragen over Pallet Control Tower Online, zoals wat is Collection, Delivery, e-Credit en EUWID","og_url":"https:\/\/www.palletcontroltower.eu\/pt\/como-funciona\/perguntas-frequentes\/","og_site_name":"Pallet Control Tower","article_modified_time":"2024-01-11T10:37:39+00:00","twitter_card":"summary_large_image","twitter_misc":{"Tempo estimado de leitura":"2 minutos"},"schema":{"@context":"https:\/\/schema.org","@graph":[{"@type":"WebPage","@id":"https:\/\/www.palletcontroltower.eu\/pl\/hoe-werkt-het\/czesto-zadawane-pytania\/","url":"https:\/\/www.palletcontroltower.eu\/pl\/hoe-werkt-het\/czesto-zadawane-pytania\/","name":"Perguntas mais frequentes - Torre de Controlo de Paletes","isPartOf":{"@id":"https:\/\/www.palletcontroltower.eu\/#website"},"datePublished":"2023-11-22T07:59:21+00:00","dateModified":"2024-01-11T10:37:39+00:00","description":"Perguntas mais frequentes sobre a Torre de Controlo de Paletes Online, tais como o que \u00e9 a recolha, a entrega, o cr\u00e9dito eletr\u00f3nico e a EUWID","breadcrumb":{"@id":"https:\/\/www.palletcontroltower.eu\/pl\/hoe-werkt-het\/czesto-zadawane-pytania\/#breadcrumb"},"inLanguage":"pt-PT","potentialAction":[{"@type":"ReadAction","target":["https:\/\/www.palletcontroltower.eu\/pl\/hoe-werkt-het\/czesto-zadawane-pytania\/"]}]},{"@type":"BreadcrumbList","@id":"https:\/\/www.palletcontroltower.eu\/pl\/hoe-werkt-het\/czesto-zadawane-pytania\/#breadcrumb","itemListElement":[{"@type":"ListItem","position":1,"name":"Home","item":"https:\/\/www.palletcontroltower.eu\/"},{"@type":"ListItem","position":2,"name":"Hoe werkt het","item":"https:\/\/www.palletcontroltower.eu\/hoe-werkt-het\/"},{"@type":"ListItem","position":3,"name":"Veelgestelde vragen"}]},{"@type":"WebSite","@id":"https:\/\/www.palletcontroltower.eu\/#website","url":"https:\/\/www.palletcontroltower.eu\/","name":"Torre de controlo de paletes","description":"","publisher":{"@id":"https:\/\/www.palletcontroltower.eu\/#organization"},"potentialAction":[{"@type":"SearchAction","target":{"@type":"EntryPoint","urlTemplate":"https:\/\/www.palletcontroltower.eu\/?s={search_term_string}"},"query-input":{"@type":"PropertyValueSpecification","valueRequired":true,"valueName":"search_term_string"}}],"inLanguage":"pt-PT"},{"@type":"Organization","@id":"https:\/\/www.palletcontroltower.eu\/#organization","name":"Torre de controlo de paletes","url":"https:\/\/www.palletcontroltower.eu\/","logo":{"@type":"ImageObject","inLanguage":"pt-PT","@id":"https:\/\/www.palletcontroltower.eu\/#\/schema\/logo\/image\/","url":"https:\/\/www.palletcontroltower.eu\/wp-content\/uploads\/2023\/10\/logo.svg","contentUrl":"https:\/\/www.palletcontroltower.eu\/wp-content\/uploads\/2023\/10\/logo.svg","width":290,"height":87,"caption":"Pallet Control Tower"},"image":{"@id":"https:\/\/www.palletcontroltower.eu\/#\/schema\/logo\/image\/"}}]}},"_links":{"self":[{"href":"https:\/\/www.palletcontroltower.eu\/pt\/wp-json\/wp\/v2\/pages\/23","targetHints":{"allow":["GET"]}}],"collection":[{"href":"https:\/\/www.palletcontroltower.eu\/pt\/wp-json\/wp\/v2\/pages"}],"about":[{"href":"https:\/\/www.palletcontroltower.eu\/pt\/wp-json\/wp\/v2\/types\/page"}],"author":[{"embeddable":true,"href":"https:\/\/www.palletcontroltower.eu\/pt\/wp-json\/wp\/v2\/users\/1"}],"replies":[{"embeddable":true,"href":"https:\/\/www.palletcontroltower.eu\/pt\/wp-json\/wp\/v2\/comments?post=23"}],"version-history":[{"count":18,"href":"https:\/\/www.palletcontroltower.eu\/pt\/wp-json\/wp\/v2\/pages\/23\/revisions"}],"predecessor-version":[{"id":1152,"href":"https:\/\/www.palletcontroltower.eu\/pt\/wp-json\/wp\/v2\/pages\/23\/revisions\/1152"}],"up":[{"embeddable":true,"href":"https:\/\/www.palletcontroltower.eu\/pt\/wp-json\/wp\/v2\/pages\/17"}],"wp:attachment":[{"href":"https:\/\/www.palletcontroltower.eu\/pt\/wp-json\/wp\/v2\/media?parent=23"}],"curies":[{"name":"wp","href":"https:\/\/api.w.org\/{rel}","templated":true}]}}