{"id":27,"date":"2023-11-22T08:00:10","date_gmt":"2023-11-22T08:00:10","guid":{"rendered":"http:\/\/www.palletcontroltower.eu\/?page_id=27"},"modified":"2026-02-12T12:55:03","modified_gmt":"2026-02-12T12:55:03","slug":"aumenta-a-eficiencia","status":"publish","type":"page","link":"https:\/\/www.palletcontroltower.eu\/pt\/mijn-voordeel\/vergroot-de-efficientie\/","title":{"rendered":"Evitar o stress das paletes"},"content":{"rendered":"<div class=\"wp-block-columns is-layout-flex wp-container-core-columns-is-layout-28f84493 wp-block-columns-is-layout-flex\">\n<div class=\"wp-block-column is-layout-flow wp-block-column-is-layout-flow\">\n<h2 class=\"wp-block-heading\">Em linha, rastre\u00e1vel, econ\u00f3mico<\/h2>\n\n\n\n<p>PCT Online - a norma europeia e a plataforma de pooling aberto. Recolha, entrega e correspond\u00eancia para europaletes (UIC\/EUR - EPAL) e outros transportadores RTI evitam o stress das paletes. Uma plataforma automatizada 24\/7 para compra, venda e troca virtual, ligada \u00e0 EUWID, que assegura a materializa\u00e7\u00e3o justa dos fluxos de paletes entre compradores e fornecedores. O sistema de \u2018nuvem\u2019, baseado em contas de empresas, est\u00e1 aberto a todas as partes envolvidas na log\u00edstica e \u00e9 facilmente acess\u00edvel. Pode ser ligado aos sistemas ERP, VMS e WMS mais comuns. As encomendas de paletes novas ou usadas s\u00e3o efectuadas a v\u00e1rios armaz\u00e9ns de paletes ou fornecedores preferenciais. Basta escolher a solu\u00e7\u00e3o mais econ\u00f3mica ou mais sustent\u00e1vel. Liquida\u00e7\u00e3o atrav\u00e9s do e-Credit isento de IVA; a nossa unidade de liquida\u00e7\u00e3o para a Europa e o mundo. Isto \u00e9 que \u00e9 uma gest\u00e3o de paletes eficiente! A forma mais f\u00e1cil.<\/p>\n\n\n\n<p>O sistema tem a aprova\u00e7\u00e3o de todas as principais associa\u00e7\u00f5es industriais europeias e a maioria dos armaz\u00e9ns de paletes europeus est\u00e1 ligada. Um n\u00famero crescente de empresas asi\u00e1ticas, americanas e canadianas est\u00e1 tamb\u00e9m a aderir. <\/p>\n\n\n\n<div class=\"wp-block-buttons is-layout-flex wp-block-buttons-is-layout-flex\">\n<div class=\"wp-block-button\"><a class=\"wp-block-button__link has-white-color has-green-background-color has-text-color has-background has-link-color wp-element-button\" href=\"https:\/\/portal.pct-online.eu\/register\" target=\"_blank\" rel=\"noreferrer noopener\">Ativar a sua conta<\/a><\/div>\n<\/div>\n<\/div>\n<\/div>\n\n\n\n<div class=\"wp-block-columns are-vertically-aligned-top is-layout-flex wp-container-core-columns-is-layout-28f84493 wp-block-columns-is-layout-flex\">\n<div class=\"wp-block-column is-vertically-aligned-top is-layout-flow wp-block-column-is-layout-flow\">\n<blockquote class=\"wp-block-quote is-layout-flow wp-block-quote-is-layout-flow\">\n<h2 class=\"wp-block-heading\">O que \u00e9 que ele oferece? <\/h2>\n\n\n\n<ul class=\"wp-block-list\">\n<li>A palete certa no s\u00edtio certo<\/li>\n\n\n\n<li>Redu\u00e7\u00e3o de erros e conflitos&nbsp;<\/li>\n\n\n\n<li>Ganhos de tempo e de qualidade&nbsp;<\/li>\n\n\n\n<li>O pre\u00e7o \u00f3timo - oferta e procura&nbsp;<\/li>\n\n\n\n<li>Utilizador de paletes com melhor margem&nbsp;<\/li>\n\n\n\n<li>Sustent\u00e1vel\/respons\u00e1vel do ponto de vista ambiental<\/li>\n\n\n\n<li>Cadeia log\u00edstica optimizada de paletes<\/li>\n<\/ul>\n<\/blockquote>\n<\/div>\n\n\n\n<div class=\"wp-block-column is-vertically-aligned-top is-layout-flow wp-block-column-is-layout-flow\">\n<h2 class=\"wp-block-heading\">Os 7 pilares da PCT Online<\/h2>\n\n\n\n<ul class=\"wp-block-list\">\n<li>Comprar, vender, trocar virtualmente com um clique<\/li>\n\n\n\n<li>Acordos claros registados gra\u00e7as ao \"registo<\/li>\n\n\n\n<li>Liga\u00e7\u00e3o EUWID garante o justo valor<\/li>\n\n\n\n<li>De unidirecional a multidirecional &gt; circular 100%<\/li>\n\n\n\n<li>Fim dos tempos de espera para os condutores<\/li>\n\n\n\n<li>Uma unidade de liquida\u00e7\u00e3o para todos os interessados <\/li>\n\n\n\n<li>Compat\u00edvel com todos os sistemas comuns<\/li>\n<\/ul>\n<\/div>\n<\/div>\n\n\n\n<hr class=\"wp-block-separator has-alpha-channel-opacity\"\/>\n\n\n\n<blockquote class=\"wp-block-quote is-layout-flow wp-block-quote-is-layout-flow\">\n<p class=\"has-text-align-center\">Evitar o stress das paletes! A Pallet Control Tower \u00e9 a norma europeia e a plataforma de recolha e entrega por correspond\u00eancia para europaletes e outras OTR. Facilitamos o pooling aberto de A a Z. E tornamos a log\u00edstica de paletes novamente ger\u00edvel. &nbsp;<\/p>\n<\/blockquote>\n\n\n\n<hr class=\"wp-block-separator has-alpha-channel-opacity\"\/>\n\n\n\n<figure class=\"wp-block-image size-full is-style-default\"><img fetchpriority=\"high\" decoding=\"async\" width=\"1600\" height=\"1066\" src=\"http:\/\/www.palletcontroltower.eu\/wp-content\/uploads\/2023\/11\/palletcontroltower-2.jpg\" alt=\"\" class=\"wp-image-207\" style=\"aspect-ratio:16\/9;object-fit:cover\" srcset=\"https:\/\/www.palletcontroltower.eu\/wp-content\/uploads\/2023\/11\/palletcontroltower-2.jpg 1600w, https:\/\/www.palletcontroltower.eu\/wp-content\/uploads\/2023\/11\/palletcontroltower-2-300x200.jpg 300w, https:\/\/www.palletcontroltower.eu\/wp-content\/uploads\/2023\/11\/palletcontroltower-2-1024x682.jpg 1024w, https:\/\/www.palletcontroltower.eu\/wp-content\/uploads\/2023\/11\/palletcontroltower-2-768x512.jpg 768w, https:\/\/www.palletcontroltower.eu\/wp-content\/uploads\/2023\/11\/palletcontroltower-2-1536x1023.jpg 1536w\" sizes=\"(max-width: 1600px) 100vw, 1600px\" \/><\/figure>\n\n\n\n<hr class=\"wp-block-separator has-alpha-channel-opacity\"\/>\n\n\n\n<div class=\"wp-block-columns is-layout-flex wp-container-core-columns-is-layout-28f84493 wp-block-columns-is-layout-flex\"><\/div>","protected":false},"excerpt":{"rendered":"<p>Online, traceerbaar, kosteneffectief PCT Online &#8211; de Europese standaard &amp; platform in open pooling. Collection, Delivery &amp; Matching voor Europallets (UIC\/EUR &#8211; EPAL) europallets en andere RTI-dragers voorkomt palletstress. Een geautomatiseerd 24\/7 platform voor koop, verkoop en virtueel ruilen, gekoppeld aan de EUWID, dat zorgt voor een eerlijke materialisatie van palletstromen tussen afnemers en leveranciers. [&hellip;]<\/p>\n","protected":false},"author":1,"featured_media":0,"parent":25,"menu_order":1,"comment_status":"closed","ping_status":"closed","template":"","meta":{"footnotes":""},"class_list":["post-27","page","type-page","status-publish","hentry"],"yoast_head":"<!-- This site is optimized with the Yoast SEO plugin v27.3 - https:\/\/yoast.com\/product\/yoast-seo-wordpress\/ -->\n<title>Voorkom palletstress - Pallet Control Tower<\/title>\n<meta name=\"description\" content=\"Met PCT Online voorkomt u palletstress. Met het geautomatiseerd proces van Collection, Delivery &amp; Matching van pallets, bent u in control\" \/>\n<meta name=\"robots\" content=\"index, follow, max-snippet:-1, max-image-preview:large, max-video-preview:-1\" \/>\n<link rel=\"canonical\" href=\"https:\/\/www.palletcontroltower.eu\/pt\/a-minha-vantagem\/aumenta-a-eficiencia\/\" \/>\n<meta property=\"og:locale\" content=\"pt_PT\" \/>\n<meta property=\"og:type\" content=\"article\" \/>\n<meta property=\"og:title\" content=\"Voorkom palletstress - Pallet Control Tower\" \/>\n<meta property=\"og:description\" content=\"Met PCT Online voorkomt u palletstress. Met het geautomatiseerd proces van Collection, Delivery &amp; Matching van pallets, bent u in control\" \/>\n<meta property=\"og:url\" content=\"https:\/\/www.palletcontroltower.eu\/pt\/a-minha-vantagem\/aumenta-a-eficiencia\/\" \/>\n<meta property=\"og:site_name\" content=\"Pallet Control Tower\" \/>\n<meta property=\"article:modified_time\" content=\"2026-02-12T12:55:03+00:00\" \/>\n<meta property=\"og:image\" content=\"https:\/\/www.palletcontroltower.eu\/wp-content\/uploads\/2023\/11\/palletcontroltower-2.jpg\" \/>\n\t<meta property=\"og:image:width\" content=\"1600\" \/>\n\t<meta property=\"og:image:height\" content=\"1066\" \/>\n\t<meta property=\"og:image:type\" content=\"image\/jpeg\" \/>\n<meta name=\"twitter:card\" content=\"summary_large_image\" \/>\n<meta name=\"twitter:label1\" content=\"Tempo estimado de leitura\" \/>\n\t<meta name=\"twitter:data1\" content=\"2 minutos\" \/>\n<script type=\"application\/ld+json\" class=\"yoast-schema-graph\">{\"@context\":\"https:\\\/\\\/schema.org\",\"@graph\":[{\"@type\":\"WebPage\",\"@id\":\"https:\\\/\\\/www.palletcontroltower.eu\\\/mijn-voordeel\\\/vergroot-de-efficientie\\\/\",\"url\":\"https:\\\/\\\/www.palletcontroltower.eu\\\/mijn-voordeel\\\/vergroot-de-efficientie\\\/\",\"name\":\"Voorkom palletstress - Pallet Control Tower\",\"isPartOf\":{\"@id\":\"https:\\\/\\\/www.palletcontroltower.eu\\\/#website\"},\"primaryImageOfPage\":{\"@id\":\"https:\\\/\\\/www.palletcontroltower.eu\\\/mijn-voordeel\\\/vergroot-de-efficientie\\\/#primaryimage\"},\"image\":{\"@id\":\"https:\\\/\\\/www.palletcontroltower.eu\\\/mijn-voordeel\\\/vergroot-de-efficientie\\\/#primaryimage\"},\"thumbnailUrl\":\"http:\\\/\\\/www.palletcontroltower.eu\\\/wp-content\\\/uploads\\\/2023\\\/11\\\/palletcontroltower-2.jpg\",\"datePublished\":\"2023-11-22T08:00:10+00:00\",\"dateModified\":\"2026-02-12T12:55:03+00:00\",\"description\":\"Met PCT Online voorkomt u palletstress. Met het geautomatiseerd proces van Collection, Delivery & Matching van pallets, bent u in control\",\"breadcrumb\":{\"@id\":\"https:\\\/\\\/www.palletcontroltower.eu\\\/mijn-voordeel\\\/vergroot-de-efficientie\\\/#breadcrumb\"},\"inLanguage\":\"pt-PT\",\"potentialAction\":[{\"@type\":\"ReadAction\",\"target\":[\"https:\\\/\\\/www.palletcontroltower.eu\\\/mijn-voordeel\\\/vergroot-de-efficientie\\\/\"]}]},{\"@type\":\"ImageObject\",\"inLanguage\":\"pt-PT\",\"@id\":\"https:\\\/\\\/www.palletcontroltower.eu\\\/mijn-voordeel\\\/vergroot-de-efficientie\\\/#primaryimage\",\"url\":\"http:\\\/\\\/www.palletcontroltower.eu\\\/wp-content\\\/uploads\\\/2023\\\/11\\\/palletcontroltower-2.jpg\",\"contentUrl\":\"http:\\\/\\\/www.palletcontroltower.eu\\\/wp-content\\\/uploads\\\/2023\\\/11\\\/palletcontroltower-2.jpg\"},{\"@type\":\"BreadcrumbList\",\"@id\":\"https:\\\/\\\/www.palletcontroltower.eu\\\/mijn-voordeel\\\/vergroot-de-efficientie\\\/#breadcrumb\",\"itemListElement\":[{\"@type\":\"ListItem\",\"position\":1,\"name\":\"Home\",\"item\":\"https:\\\/\\\/www.palletcontroltower.eu\\\/\"},{\"@type\":\"ListItem\",\"position\":2,\"name\":\"Mijn voordeel\",\"item\":\"https:\\\/\\\/www.palletcontroltower.eu\\\/pl\\\/mijn-voordeel\\\/\"},{\"@type\":\"ListItem\",\"position\":3,\"name\":\"Voorkom palletstress\"}]},{\"@type\":\"WebSite\",\"@id\":\"https:\\\/\\\/www.palletcontroltower.eu\\\/#website\",\"url\":\"https:\\\/\\\/www.palletcontroltower.eu\\\/\",\"name\":\"Pallet Control Tower\",\"description\":\"\",\"publisher\":{\"@id\":\"https:\\\/\\\/www.palletcontroltower.eu\\\/#organization\"},\"potentialAction\":[{\"@type\":\"SearchAction\",\"target\":{\"@type\":\"EntryPoint\",\"urlTemplate\":\"https:\\\/\\\/www.palletcontroltower.eu\\\/?s={search_term_string}\"},\"query-input\":{\"@type\":\"PropertyValueSpecification\",\"valueRequired\":true,\"valueName\":\"search_term_string\"}}],\"inLanguage\":\"pt-PT\"},{\"@type\":\"Organization\",\"@id\":\"https:\\\/\\\/www.palletcontroltower.eu\\\/#organization\",\"name\":\"Pallet Control Tower\",\"url\":\"https:\\\/\\\/www.palletcontroltower.eu\\\/\",\"logo\":{\"@type\":\"ImageObject\",\"inLanguage\":\"pt-PT\",\"@id\":\"https:\\\/\\\/www.palletcontroltower.eu\\\/#\\\/schema\\\/logo\\\/image\\\/\",\"url\":\"https:\\\/\\\/www.palletcontroltower.eu\\\/wp-content\\\/uploads\\\/2023\\\/10\\\/logo.svg\",\"contentUrl\":\"https:\\\/\\\/www.palletcontroltower.eu\\\/wp-content\\\/uploads\\\/2023\\\/10\\\/logo.svg\",\"width\":290,\"height\":87,\"caption\":\"Pallet Control Tower\"},\"image\":{\"@id\":\"https:\\\/\\\/www.palletcontroltower.eu\\\/#\\\/schema\\\/logo\\\/image\\\/\"}}]}<\/script>\n<!-- \/ Yoast SEO plugin. -->","yoast_head_json":{"title":"Prevenir o stress das paletes - Torre de Controlo de Paletes","description":"Com o PCT Online, evita o stress das paletes. Com o processo automatizado de recolha, entrega e correspond\u00eancia de paletes, est\u00e1 em controlo","robots":{"index":"index","follow":"follow","max-snippet":"max-snippet:-1","max-image-preview":"max-image-preview:large","max-video-preview":"max-video-preview:-1"},"canonical":"https:\/\/www.palletcontroltower.eu\/pt\/a-minha-vantagem\/aumenta-a-eficiencia\/","og_locale":"pt_PT","og_type":"article","og_title":"Voorkom palletstress - Pallet Control Tower","og_description":"Met PCT Online voorkomt u palletstress. Met het geautomatiseerd proces van Collection, Delivery & Matching van pallets, bent u in control","og_url":"https:\/\/www.palletcontroltower.eu\/pt\/a-minha-vantagem\/aumenta-a-eficiencia\/","og_site_name":"Pallet Control Tower","article_modified_time":"2026-02-12T12:55:03+00:00","og_image":[{"width":1600,"height":1066,"url":"https:\/\/www.palletcontroltower.eu\/wp-content\/uploads\/2023\/11\/palletcontroltower-2.jpg","type":"image\/jpeg"}],"twitter_card":"summary_large_image","twitter_misc":{"Tempo estimado de leitura":"2 minutos"},"schema":{"@context":"https:\/\/schema.org","@graph":[{"@type":"WebPage","@id":"https:\/\/www.palletcontroltower.eu\/mijn-voordeel\/vergroot-de-efficientie\/","url":"https:\/\/www.palletcontroltower.eu\/mijn-voordeel\/vergroot-de-efficientie\/","name":"Prevenir o stress das paletes - Torre de Controlo de Paletes","isPartOf":{"@id":"https:\/\/www.palletcontroltower.eu\/#website"},"primaryImageOfPage":{"@id":"https:\/\/www.palletcontroltower.eu\/mijn-voordeel\/vergroot-de-efficientie\/#primaryimage"},"image":{"@id":"https:\/\/www.palletcontroltower.eu\/mijn-voordeel\/vergroot-de-efficientie\/#primaryimage"},"thumbnailUrl":"http:\/\/www.palletcontroltower.eu\/wp-content\/uploads\/2023\/11\/palletcontroltower-2.jpg","datePublished":"2023-11-22T08:00:10+00:00","dateModified":"2026-02-12T12:55:03+00:00","description":"Com o PCT Online, evita o stress das paletes. Com o processo automatizado de recolha, entrega e correspond\u00eancia de paletes, est\u00e1 em controlo","breadcrumb":{"@id":"https:\/\/www.palletcontroltower.eu\/mijn-voordeel\/vergroot-de-efficientie\/#breadcrumb"},"inLanguage":"pt-PT","potentialAction":[{"@type":"ReadAction","target":["https:\/\/www.palletcontroltower.eu\/mijn-voordeel\/vergroot-de-efficientie\/"]}]},{"@type":"ImageObject","inLanguage":"pt-PT","@id":"https:\/\/www.palletcontroltower.eu\/mijn-voordeel\/vergroot-de-efficientie\/#primaryimage","url":"http:\/\/www.palletcontroltower.eu\/wp-content\/uploads\/2023\/11\/palletcontroltower-2.jpg","contentUrl":"http:\/\/www.palletcontroltower.eu\/wp-content\/uploads\/2023\/11\/palletcontroltower-2.jpg"},{"@type":"BreadcrumbList","@id":"https:\/\/www.palletcontroltower.eu\/mijn-voordeel\/vergroot-de-efficientie\/#breadcrumb","itemListElement":[{"@type":"ListItem","position":1,"name":"Home","item":"https:\/\/www.palletcontroltower.eu\/"},{"@type":"ListItem","position":2,"name":"Mijn voordeel","item":"https:\/\/www.palletcontroltower.eu\/pl\/mijn-voordeel\/"},{"@type":"ListItem","position":3,"name":"Voorkom palletstress"}]},{"@type":"WebSite","@id":"https:\/\/www.palletcontroltower.eu\/#website","url":"https:\/\/www.palletcontroltower.eu\/","name":"Torre de controlo de paletes","description":"","publisher":{"@id":"https:\/\/www.palletcontroltower.eu\/#organization"},"potentialAction":[{"@type":"SearchAction","target":{"@type":"EntryPoint","urlTemplate":"https:\/\/www.palletcontroltower.eu\/?s={search_term_string}"},"query-input":{"@type":"PropertyValueSpecification","valueRequired":true,"valueName":"search_term_string"}}],"inLanguage":"pt-PT"},{"@type":"Organization","@id":"https:\/\/www.palletcontroltower.eu\/#organization","name":"Torre de controlo de paletes","url":"https:\/\/www.palletcontroltower.eu\/","logo":{"@type":"ImageObject","inLanguage":"pt-PT","@id":"https:\/\/www.palletcontroltower.eu\/#\/schema\/logo\/image\/","url":"https:\/\/www.palletcontroltower.eu\/wp-content\/uploads\/2023\/10\/logo.svg","contentUrl":"https:\/\/www.palletcontroltower.eu\/wp-content\/uploads\/2023\/10\/logo.svg","width":290,"height":87,"caption":"Pallet Control Tower"},"image":{"@id":"https:\/\/www.palletcontroltower.eu\/#\/schema\/logo\/image\/"}}]}},"_links":{"self":[{"href":"https:\/\/www.palletcontroltower.eu\/pt\/wp-json\/wp\/v2\/pages\/27","targetHints":{"allow":["GET"]}}],"collection":[{"href":"https:\/\/www.palletcontroltower.eu\/pt\/wp-json\/wp\/v2\/pages"}],"about":[{"href":"https:\/\/www.palletcontroltower.eu\/pt\/wp-json\/wp\/v2\/types\/page"}],"author":[{"embeddable":true,"href":"https:\/\/www.palletcontroltower.eu\/pt\/wp-json\/wp\/v2\/users\/1"}],"replies":[{"embeddable":true,"href":"https:\/\/www.palletcontroltower.eu\/pt\/wp-json\/wp\/v2\/comments?post=27"}],"version-history":[{"count":26,"href":"https:\/\/www.palletcontroltower.eu\/pt\/wp-json\/wp\/v2\/pages\/27\/revisions"}],"predecessor-version":[{"id":1243,"href":"https:\/\/www.palletcontroltower.eu\/pt\/wp-json\/wp\/v2\/pages\/27\/revisions\/1243"}],"up":[{"embeddable":true,"href":"https:\/\/www.palletcontroltower.eu\/pt\/wp-json\/wp\/v2\/pages\/25"}],"wp:attachment":[{"href":"https:\/\/www.palletcontroltower.eu\/pt\/wp-json\/wp\/v2\/media?parent=27"}],"curies":[{"name":"wp","href":"https:\/\/api.w.org\/{rel}","templated":true}]}}