{"id":31,"date":"2023-11-22T08:00:36","date_gmt":"2023-11-22T08:00:36","guid":{"rendered":"http:\/\/www.palletcontroltower.eu\/?page_id=31"},"modified":"2026-01-30T09:47:49","modified_gmt":"2026-01-30T09:47:49","slug":"para-transportadoras-dcs","status":"publish","type":"page","link":"https:\/\/www.palletcontroltower.eu\/pt\/mijn-voordeel\/voor-vervoerders-dcs\/","title":{"rendered":"Para transportadoras\/DCs"},"content":{"rendered":"<div class=\"wp-block-columns is-layout-flex wp-container-core-columns-is-layout-28f84493 wp-block-columns-is-layout-flex\">\n<div class=\"wp-block-column is-layout-flow wp-block-column-is-layout-flow\">\n<h2 class=\"wp-block-heading\">Tempo e qualidade<\/h2>\n\n\n\n<p>\u00c9 uma empresa de transportes, uma transportadora ou um prestador de servi\u00e7os log\u00edsticos com ou sem centro de distribui\u00e7\u00e3o pr\u00f3prio. O seu mercado \u00e9 a Europa, a \u00c1sia, os EUA e\/ou o Canad\u00e1. A troca de paletes pelos condutores no local n\u00e3o \u00e9 normalmente uma op\u00e7\u00e3o. Afinal de contas, tempo \u00e9 dinheiro. Mas a qualidade da palete tamb\u00e9m \u00e9 fundamental para um centro de distribui\u00e7\u00e3o automatizado.<\/p>\n\n\n\n<p>A PCT pode ser encontrada em todos os tipos de ind\u00fastrias e, portanto, est\u00e1 presente em todos os mercados. O facto de ser ou n\u00e3o propriet\u00e1rio das paletes ou de outros RTI \u00e9 irrelevante neste caso. O que se procura \u00e9 efici\u00eancia, qualidade na cadeia log\u00edstica e uma utiliza\u00e7\u00e3o mais sustent\u00e1vel de todos os suportes de carga utilizados.<\/p>\n\n\n\n<div class=\"wp-block-buttons is-layout-flex wp-block-buttons-is-layout-flex\">\n<div class=\"wp-block-button\"><a class=\"wp-block-button__link has-white-color has-green-background-color has-text-color has-background has-link-color wp-element-button\" href=\"https:\/\/portal.pct-online.eu\/register\" target=\"_blank\" rel=\"noreferrer noopener\">Ativar a sua conta<\/a><\/div>\n<\/div>\n<\/div>\n<\/div>\n\n\n\n<hr class=\"wp-block-separator has-alpha-channel-opacity\"\/>\n\n\n\n<div class=\"wp-block-columns are-vertically-aligned-center is-layout-flex wp-container-core-columns-is-layout-28f84493 wp-block-columns-is-layout-flex\">\n<div class=\"wp-block-column is-vertically-aligned-center is-layout-flow wp-block-column-is-layout-flow\">\n<figure class=\"wp-block-image size-full\"><img fetchpriority=\"high\" decoding=\"async\" width=\"579\" height=\"298\" src=\"http:\/\/www.palletcontroltower.eu\/wp-content\/uploads\/2023\/12\/PCT_unloading.jpg\" alt=\"Sem tempos de espera para os condutores gra\u00e7as \u00e0 troca virtual no PCTO\" class=\"wp-image-808\" style=\"aspect-ratio:3\/4;object-fit:cover\" srcset=\"https:\/\/www.palletcontroltower.eu\/wp-content\/uploads\/2023\/12\/PCT_unloading.jpg 579w, https:\/\/www.palletcontroltower.eu\/wp-content\/uploads\/2023\/12\/PCT_unloading-300x154.jpg 300w, https:\/\/www.palletcontroltower.eu\/wp-content\/uploads\/2023\/12\/PCT_unloading-18x9.jpg 18w\" sizes=\"(max-width: 579px) 100vw, 579px\" \/><\/figure>\n<\/div>\n\n\n\n<div class=\"wp-block-column is-vertically-aligned-center is-layout-flow wp-block-column-is-layout-flow\">\n<h2 class=\"wp-block-heading\">Gest\u00e3o eficaz e eficiente de paletes<\/h2>\n\n\n\n<ol class=\"wp-block-list\">\n<li><strong>Condutor libertado<\/strong> - Sabemos melhor do que ningu\u00e9m a press\u00e3o exercida sobre a cadeia log\u00edstica na Europa e a exiguidade dos prazos. Tamb\u00e9m sabemos que, por isso, quase n\u00e3o h\u00e1 tempo para trocar paletes e outros RTIs no local. Para al\u00e9m do conhecimento e da compet\u00eancia que os motoristas precisam de ter sobre execu\u00e7\u00f5es e qualidades. A utiliza\u00e7\u00e3o do PCT Online resolve muitos problemas. &nbsp;<\/li>\n\n\n\n<li><strong>Rent\u00e1vel<\/strong> - Gra\u00e7as ao nosso sistema de cr\u00e9dito eletr\u00f3nico, as paletes podem ser \"trocadas\" digitalmente em toda a Europa. Para si, isto significa que n\u00e3o h\u00e1 cami\u00f5es cheios de paletes vazias. E, por conseguinte, sempre um frete de retorno com carga valiosa. As paletes usadas s\u00e3o classificadas e avaliadas separadamente. Este valor representa um n\u00famero de cr\u00e9ditos electr\u00f3nicos. O valor do cr\u00e9dito eletr\u00f3nico est\u00e1 relacionado com o chamado \u00edndice EUWID, uma norma amplamente aceite na Europa.<\/li>\n\n\n\n<li><strong>Paletes de qualidade<\/strong> - A prop\u00f3sito, s\u00f3 utilizamos Europaletes e RTIs no nosso sistema. Isto garante a qualidade e a execu\u00e7\u00e3o. Especialmente porque os seus armaz\u00e9ns autom\u00e1ticos exigem paletes normalizadas de qualidade A ou novas. Assim, acabaram-se as discuss\u00f5es e as perdas de tempo desnecess\u00e1rias. E, em caso de lit\u00edgio, os nossos gestores de conta verificam-no posteriormente.<\/li>\n\n\n\n<li><strong>Vis\u00e3o geral<\/strong> - Com o PCT Online, basicamente reduz o n\u00famero de rela\u00e7\u00f5es administrativas para uma, enquanto aumenta a sua rede em muitas dezenas. O utilizador decide quais as localiza\u00e7\u00f5es de clientes, fornecedores e outras rela\u00e7\u00f5es a incluir na administra\u00e7\u00e3o standard. Isto permite-lhe gerir os pedidos e encomendas da forma que desejar. E j\u00e1 tem um cliente habitual de paletes? Ent\u00e3o fa\u00e7a dele o seu fornecedor preferencial.<\/li>\n\n\n\n<li><strong>R\u00e1pido, seguro e f\u00e1cil<\/strong> - A plataforma \u00e9 executada na nuvem e funciona em computadores de secret\u00e1ria, computadores port\u00e1teis, tablets e smartphones. Os ecr\u00e3s s\u00e3o simples e f\u00e1ceis de consultar em v\u00e1rias l\u00ednguas, incluindo ingl\u00eas, alem\u00e3o, franc\u00eas e polaco. A plataforma \u00e9 segura e todas as altera\u00e7\u00f5es s\u00e3o registadas. Tamb\u00e9m pode ser ligada a qualquer sistema ERP, VMS e WMS comum. Com o PCT Online, evita discuss\u00f5es desnecess\u00e1rias sobre qualidade, quantidades e saldos.<\/li>\n\n\n\n<li><strong>Op\u00e7\u00f5es adicionais<\/strong> - N\u00e3o se limite a utilizar o PCT Online, utilize-o de forma inteligente para aliviar os seus clientes. Organize a recolha e a entrega em toda a Europa com a ajuda de empresas associadas. Evite viagens desnecess\u00e1rias e dispendiosas e efectue as suas encomendas atrav\u00e9s da plataforma. Os cr\u00e9ditos electr\u00f3nicos permitem-lhe fazer compras facilmente quando os seus clientes precisam de paletes.<\/li>\n<\/ol>\n<\/div>\n<\/div>\n\n\n\n<div class=\"wp-block-buttons is-content-justification-right is-layout-flex wp-container-core-buttons-is-layout-d445cf74 wp-block-buttons-is-layout-flex\">\n<div class=\"wp-block-button\"><a class=\"wp-block-button__link has-white-color has-mint-background-color has-text-color has-background has-link-color wp-element-button\" href=\"http:\/\/www.palletcontroltower.eu\/wp-content\/uploads\/2024\/01\/PCT_Leaflet_Chauffeur_NL_PR8.pdf\" target=\"_blank\" rel=\"noreferrer noopener\">Descarregar folheto<\/a><\/div>\n<\/div>\n\n\n\n<hr class=\"wp-block-separator has-alpha-channel-opacity\"\/>\n\n\n\n<blockquote class=\"wp-block-quote is-layout-flow wp-block-quote-is-layout-flow\">\n<p class=\"has-text-align-center\">Evitar o stress das paletes! A Pallet Control Tower \u00e9 a norma europeia e a plataforma de recolha e entrega por correspond\u00eancia para europaletes e outras OTR. Facilitamos o pooling aberto de A a Z. E tornamos a log\u00edstica de paletes novamente ger\u00edvel. <\/p>\n<\/blockquote>\n\n\n\n<hr class=\"wp-block-separator has-alpha-channel-opacity\"\/>\n\n\n\n<figure class=\"wp-block-image size-full\"><img decoding=\"async\" width=\"1600\" height=\"1066\" src=\"http:\/\/www.palletcontroltower.eu\/wp-content\/uploads\/2023\/11\/palletcontroltower-2.jpg\" alt=\"\" class=\"wp-image-207\" style=\"aspect-ratio:16\/9;object-fit:cover\" srcset=\"https:\/\/www.palletcontroltower.eu\/wp-content\/uploads\/2023\/11\/palletcontroltower-2.jpg 1600w, https:\/\/www.palletcontroltower.eu\/wp-content\/uploads\/2023\/11\/palletcontroltower-2-300x200.jpg 300w, https:\/\/www.palletcontroltower.eu\/wp-content\/uploads\/2023\/11\/palletcontroltower-2-1024x682.jpg 1024w, https:\/\/www.palletcontroltower.eu\/wp-content\/uploads\/2023\/11\/palletcontroltower-2-768x512.jpg 768w, https:\/\/www.palletcontroltower.eu\/wp-content\/uploads\/2023\/11\/palletcontroltower-2-1536x1023.jpg 1536w\" sizes=\"(max-width: 1600px) 100vw, 1600px\" \/><\/figure>\n\n\n\n<hr class=\"wp-block-separator has-alpha-channel-opacity\"\/>\n\n\n\n<div class=\"wp-block-columns is-layout-flex wp-container-core-columns-is-layout-28f84493 wp-block-columns-is-layout-flex\"><\/div>","protected":false},"excerpt":{"rendered":"<p>Tijd \u00e9n kwaliteit U bent een transportbedrijf, vervoerder of logistieke dienstverlener al dan niet met een eigen DC. Europa, Azi\u00eb, VS en\/of Canada is uw markt. Palletruil door chauffeurs ter plekke is veelal geen optie. Tijd is immers geld. Maar de kwaliteit van de pallet is ook kritisch voor een geautomatiseerd DC. PCT is te [&hellip;]<\/p>\n","protected":false},"author":1,"featured_media":0,"parent":25,"menu_order":4,"comment_status":"closed","ping_status":"closed","template":"","meta":{"footnotes":""},"class_list":["post-31","page","type-page","status-publish","hentry"],"yoast_head":"<!-- This site is optimized with the Yoast SEO plugin v27.3 - https:\/\/yoast.com\/product\/yoast-seo-wordpress\/ -->\n<title>Voor vervoerders\/DC&#039;s - Pallet Control Tower<\/title>\n<meta name=\"description\" content=\"De voordelen voor vervoerders en dc&#039;s zijn o.a.: chauffeurs ontlast, kosteneffectief, kwaliteitspallets, overzicht, snel-veilig-gemakkelijk\" \/>\n<meta name=\"robots\" content=\"index, follow, max-snippet:-1, max-image-preview:large, max-video-preview:-1\" \/>\n<link rel=\"canonical\" href=\"https:\/\/www.palletcontroltower.eu\/pt\/a-minha-vantagem\/para-transportadoras-dcs\/\" \/>\n<meta property=\"og:locale\" content=\"pt_PT\" \/>\n<meta property=\"og:type\" content=\"article\" \/>\n<meta property=\"og:title\" content=\"Voor vervoerders\/DC&#039;s - Pallet Control Tower\" \/>\n<meta property=\"og:description\" content=\"De voordelen voor vervoerders en dc&#039;s zijn o.a.: chauffeurs ontlast, kosteneffectief, kwaliteitspallets, overzicht, snel-veilig-gemakkelijk\" \/>\n<meta property=\"og:url\" content=\"https:\/\/www.palletcontroltower.eu\/pt\/a-minha-vantagem\/para-transportadoras-dcs\/\" \/>\n<meta property=\"og:site_name\" content=\"Pallet Control Tower\" \/>\n<meta property=\"article:modified_time\" content=\"2026-01-30T09:47:49+00:00\" \/>\n<meta property=\"og:image\" content=\"https:\/\/www.palletcontroltower.eu\/wp-content\/uploads\/2023\/12\/PCT_unloading.jpg\" \/>\n\t<meta property=\"og:image:width\" content=\"579\" \/>\n\t<meta property=\"og:image:height\" content=\"298\" \/>\n\t<meta property=\"og:image:type\" content=\"image\/jpeg\" \/>\n<meta name=\"twitter:card\" content=\"summary_large_image\" \/>\n<meta name=\"twitter:label1\" content=\"Tempo estimado de leitura\" \/>\n\t<meta name=\"twitter:data1\" content=\"3 minutos\" \/>\n<script type=\"application\/ld+json\" class=\"yoast-schema-graph\">{\"@context\":\"https:\\\/\\\/schema.org\",\"@graph\":[{\"@type\":\"WebPage\",\"@id\":\"https:\\\/\\\/www.palletcontroltower.eu\\\/mijn-voordeel\\\/voor-vervoerders-dcs\\\/\",\"url\":\"https:\\\/\\\/www.palletcontroltower.eu\\\/mijn-voordeel\\\/voor-vervoerders-dcs\\\/\",\"name\":\"Voor vervoerders\\\/DC's - Pallet Control Tower\",\"isPartOf\":{\"@id\":\"https:\\\/\\\/www.palletcontroltower.eu\\\/#website\"},\"primaryImageOfPage\":{\"@id\":\"https:\\\/\\\/www.palletcontroltower.eu\\\/mijn-voordeel\\\/voor-vervoerders-dcs\\\/#primaryimage\"},\"image\":{\"@id\":\"https:\\\/\\\/www.palletcontroltower.eu\\\/mijn-voordeel\\\/voor-vervoerders-dcs\\\/#primaryimage\"},\"thumbnailUrl\":\"http:\\\/\\\/www.palletcontroltower.eu\\\/wp-content\\\/uploads\\\/2023\\\/12\\\/PCT_unloading.jpg\",\"datePublished\":\"2023-11-22T08:00:36+00:00\",\"dateModified\":\"2026-01-30T09:47:49+00:00\",\"description\":\"De voordelen voor vervoerders en dc's zijn o.a.: chauffeurs ontlast, kosteneffectief, kwaliteitspallets, overzicht, snel-veilig-gemakkelijk\",\"breadcrumb\":{\"@id\":\"https:\\\/\\\/www.palletcontroltower.eu\\\/mijn-voordeel\\\/voor-vervoerders-dcs\\\/#breadcrumb\"},\"inLanguage\":\"pt-PT\",\"potentialAction\":[{\"@type\":\"ReadAction\",\"target\":[\"https:\\\/\\\/www.palletcontroltower.eu\\\/mijn-voordeel\\\/voor-vervoerders-dcs\\\/\"]}]},{\"@type\":\"ImageObject\",\"inLanguage\":\"pt-PT\",\"@id\":\"https:\\\/\\\/www.palletcontroltower.eu\\\/mijn-voordeel\\\/voor-vervoerders-dcs\\\/#primaryimage\",\"url\":\"http:\\\/\\\/www.palletcontroltower.eu\\\/wp-content\\\/uploads\\\/2023\\\/12\\\/PCT_unloading.jpg\",\"contentUrl\":\"http:\\\/\\\/www.palletcontroltower.eu\\\/wp-content\\\/uploads\\\/2023\\\/12\\\/PCT_unloading.jpg\"},{\"@type\":\"BreadcrumbList\",\"@id\":\"https:\\\/\\\/www.palletcontroltower.eu\\\/mijn-voordeel\\\/voor-vervoerders-dcs\\\/#breadcrumb\",\"itemListElement\":[{\"@type\":\"ListItem\",\"position\":1,\"name\":\"Home\",\"item\":\"https:\\\/\\\/www.palletcontroltower.eu\\\/\"},{\"@type\":\"ListItem\",\"position\":2,\"name\":\"Mijn voordeel\",\"item\":\"https:\\\/\\\/www.palletcontroltower.eu\\\/pl\\\/mijn-voordeel\\\/\"},{\"@type\":\"ListItem\",\"position\":3,\"name\":\"Voor vervoerders\\\/DC&#8217;s\"}]},{\"@type\":\"WebSite\",\"@id\":\"https:\\\/\\\/www.palletcontroltower.eu\\\/#website\",\"url\":\"https:\\\/\\\/www.palletcontroltower.eu\\\/\",\"name\":\"Pallet Control Tower\",\"description\":\"\",\"publisher\":{\"@id\":\"https:\\\/\\\/www.palletcontroltower.eu\\\/#organization\"},\"potentialAction\":[{\"@type\":\"SearchAction\",\"target\":{\"@type\":\"EntryPoint\",\"urlTemplate\":\"https:\\\/\\\/www.palletcontroltower.eu\\\/?s={search_term_string}\"},\"query-input\":{\"@type\":\"PropertyValueSpecification\",\"valueRequired\":true,\"valueName\":\"search_term_string\"}}],\"inLanguage\":\"pt-PT\"},{\"@type\":\"Organization\",\"@id\":\"https:\\\/\\\/www.palletcontroltower.eu\\\/#organization\",\"name\":\"Pallet Control Tower\",\"url\":\"https:\\\/\\\/www.palletcontroltower.eu\\\/\",\"logo\":{\"@type\":\"ImageObject\",\"inLanguage\":\"pt-PT\",\"@id\":\"https:\\\/\\\/www.palletcontroltower.eu\\\/#\\\/schema\\\/logo\\\/image\\\/\",\"url\":\"https:\\\/\\\/www.palletcontroltower.eu\\\/wp-content\\\/uploads\\\/2023\\\/10\\\/logo.svg\",\"contentUrl\":\"https:\\\/\\\/www.palletcontroltower.eu\\\/wp-content\\\/uploads\\\/2023\\\/10\\\/logo.svg\",\"width\":290,\"height\":87,\"caption\":\"Pallet Control Tower\"},\"image\":{\"@id\":\"https:\\\/\\\/www.palletcontroltower.eu\\\/#\\\/schema\\\/logo\\\/image\\\/\"}}]}<\/script>\n<!-- \/ Yoast SEO plugin. -->","yoast_head_json":{"title":"Para transportadores\/DCs - Torre de controlo de paletes","description":"As vantagens para os transportadores e os centros de distribui\u00e7\u00e3o incluem: motoristas aliviados, paletes de qualidade e econ\u00f3micas, vis\u00e3o geral, r\u00e1pido, seguro e f\u00e1cil","robots":{"index":"index","follow":"follow","max-snippet":"max-snippet:-1","max-image-preview":"max-image-preview:large","max-video-preview":"max-video-preview:-1"},"canonical":"https:\/\/www.palletcontroltower.eu\/pt\/a-minha-vantagem\/para-transportadoras-dcs\/","og_locale":"pt_PT","og_type":"article","og_title":"Voor vervoerders\/DC's - Pallet Control Tower","og_description":"De voordelen voor vervoerders en dc's zijn o.a.: chauffeurs ontlast, kosteneffectief, kwaliteitspallets, overzicht, snel-veilig-gemakkelijk","og_url":"https:\/\/www.palletcontroltower.eu\/pt\/a-minha-vantagem\/para-transportadoras-dcs\/","og_site_name":"Pallet Control Tower","article_modified_time":"2026-01-30T09:47:49+00:00","og_image":[{"width":579,"height":298,"url":"https:\/\/www.palletcontroltower.eu\/wp-content\/uploads\/2023\/12\/PCT_unloading.jpg","type":"image\/jpeg"}],"twitter_card":"summary_large_image","twitter_misc":{"Tempo estimado de leitura":"3 minutos"},"schema":{"@context":"https:\/\/schema.org","@graph":[{"@type":"WebPage","@id":"https:\/\/www.palletcontroltower.eu\/mijn-voordeel\/voor-vervoerders-dcs\/","url":"https:\/\/www.palletcontroltower.eu\/mijn-voordeel\/voor-vervoerders-dcs\/","name":"Para transportadores\/DCs - Torre de controlo de paletes","isPartOf":{"@id":"https:\/\/www.palletcontroltower.eu\/#website"},"primaryImageOfPage":{"@id":"https:\/\/www.palletcontroltower.eu\/mijn-voordeel\/voor-vervoerders-dcs\/#primaryimage"},"image":{"@id":"https:\/\/www.palletcontroltower.eu\/mijn-voordeel\/voor-vervoerders-dcs\/#primaryimage"},"thumbnailUrl":"http:\/\/www.palletcontroltower.eu\/wp-content\/uploads\/2023\/12\/PCT_unloading.jpg","datePublished":"2023-11-22T08:00:36+00:00","dateModified":"2026-01-30T09:47:49+00:00","description":"As vantagens para os transportadores e os centros de distribui\u00e7\u00e3o incluem: motoristas aliviados, paletes de qualidade e econ\u00f3micas, vis\u00e3o geral, r\u00e1pido, seguro e f\u00e1cil","breadcrumb":{"@id":"https:\/\/www.palletcontroltower.eu\/mijn-voordeel\/voor-vervoerders-dcs\/#breadcrumb"},"inLanguage":"pt-PT","potentialAction":[{"@type":"ReadAction","target":["https:\/\/www.palletcontroltower.eu\/mijn-voordeel\/voor-vervoerders-dcs\/"]}]},{"@type":"ImageObject","inLanguage":"pt-PT","@id":"https:\/\/www.palletcontroltower.eu\/mijn-voordeel\/voor-vervoerders-dcs\/#primaryimage","url":"http:\/\/www.palletcontroltower.eu\/wp-content\/uploads\/2023\/12\/PCT_unloading.jpg","contentUrl":"http:\/\/www.palletcontroltower.eu\/wp-content\/uploads\/2023\/12\/PCT_unloading.jpg"},{"@type":"BreadcrumbList","@id":"https:\/\/www.palletcontroltower.eu\/mijn-voordeel\/voor-vervoerders-dcs\/#breadcrumb","itemListElement":[{"@type":"ListItem","position":1,"name":"Home","item":"https:\/\/www.palletcontroltower.eu\/"},{"@type":"ListItem","position":2,"name":"Mijn voordeel","item":"https:\/\/www.palletcontroltower.eu\/pl\/mijn-voordeel\/"},{"@type":"ListItem","position":3,"name":"Voor vervoerders\/DC&#8217;s"}]},{"@type":"WebSite","@id":"https:\/\/www.palletcontroltower.eu\/#website","url":"https:\/\/www.palletcontroltower.eu\/","name":"Torre de controlo de paletes","description":"","publisher":{"@id":"https:\/\/www.palletcontroltower.eu\/#organization"},"potentialAction":[{"@type":"SearchAction","target":{"@type":"EntryPoint","urlTemplate":"https:\/\/www.palletcontroltower.eu\/?s={search_term_string}"},"query-input":{"@type":"PropertyValueSpecification","valueRequired":true,"valueName":"search_term_string"}}],"inLanguage":"pt-PT"},{"@type":"Organization","@id":"https:\/\/www.palletcontroltower.eu\/#organization","name":"Torre de controlo de paletes","url":"https:\/\/www.palletcontroltower.eu\/","logo":{"@type":"ImageObject","inLanguage":"pt-PT","@id":"https:\/\/www.palletcontroltower.eu\/#\/schema\/logo\/image\/","url":"https:\/\/www.palletcontroltower.eu\/wp-content\/uploads\/2023\/10\/logo.svg","contentUrl":"https:\/\/www.palletcontroltower.eu\/wp-content\/uploads\/2023\/10\/logo.svg","width":290,"height":87,"caption":"Pallet Control Tower"},"image":{"@id":"https:\/\/www.palletcontroltower.eu\/#\/schema\/logo\/image\/"}}]}},"_links":{"self":[{"href":"https:\/\/www.palletcontroltower.eu\/pt\/wp-json\/wp\/v2\/pages\/31","targetHints":{"allow":["GET"]}}],"collection":[{"href":"https:\/\/www.palletcontroltower.eu\/pt\/wp-json\/wp\/v2\/pages"}],"about":[{"href":"https:\/\/www.palletcontroltower.eu\/pt\/wp-json\/wp\/v2\/types\/page"}],"author":[{"embeddable":true,"href":"https:\/\/www.palletcontroltower.eu\/pt\/wp-json\/wp\/v2\/users\/1"}],"replies":[{"embeddable":true,"href":"https:\/\/www.palletcontroltower.eu\/pt\/wp-json\/wp\/v2\/comments?post=31"}],"version-history":[{"count":13,"href":"https:\/\/www.palletcontroltower.eu\/pt\/wp-json\/wp\/v2\/pages\/31\/revisions"}],"predecessor-version":[{"id":1231,"href":"https:\/\/www.palletcontroltower.eu\/pt\/wp-json\/wp\/v2\/pages\/31\/revisions\/1231"}],"up":[{"embeddable":true,"href":"https:\/\/www.palletcontroltower.eu\/pt\/wp-json\/wp\/v2\/pages\/25"}],"wp:attachment":[{"href":"https:\/\/www.palletcontroltower.eu\/pt\/wp-json\/wp\/v2\/media?parent=31"}],"curies":[{"name":"wp","href":"https:\/\/api.w.org\/{rel}","templated":true}]}}