{"id":42,"date":"2023-11-22T08:02:12","date_gmt":"2023-11-22T08:02:12","guid":{"rendered":"http:\/\/www.palletcontroltower.eu\/?page_id=42"},"modified":"2026-01-30T09:41:33","modified_gmt":"2026-01-30T09:41:33","slug":"o-agrupamento-e-sustentavel","status":"publish","type":"page","link":"https:\/\/www.palletcontroltower.eu\/pt\/duurzaamheid\/poolen-is-duurzaam\/","title":{"rendered":"Pooling \u00e9 sustent\u00e1vel"},"content":{"rendered":"<div class=\"wp-block-columns is-layout-flex wp-container-core-columns-is-layout-28f84493 wp-block-columns-is-layout-flex\">\n<div class=\"wp-block-column is-layout-flow wp-block-column-is-layout-flow\">\n<h2 class=\"wp-block-heading\">Sustentabilidade<\/h2>\n\n\n\n<p>A PCT est\u00e1 a reduzir as paletes de utiliza\u00e7\u00e3o \u00fanica e a dar-lhe a oportunidade de mudar para paletes de utiliza\u00e7\u00e3o m\u00faltipla. Fazemo-lo atrav\u00e9s da nossa plataforma PCT Online: Recolha e Entrega - Matching, associada a cr\u00e9ditos electr\u00f3nicos. A nossa plataforma permite que os utilizadores de paletes criem o seu pr\u00f3prio \"pool de paletes\" em conjunto com os seus fornecedores e clientes, promovendo assim a utiliza\u00e7\u00e3o sustent\u00e1vel das paletes. <\/p>\n\n\n\n<p><strong>Legisla\u00e7\u00e3o<\/strong>&nbsp;<\/p>\n\n\n\n<p>A PCT est\u00e1 a antecipar novos desenvolvimentos legislativos de Bruxelas para a ind\u00fastria das embalagens; redu\u00e7\u00e3o da pegada de CO2 e maior enfoque na economia circular.  Reutilizar, reparar e reciclar s\u00e3o os princ\u00edpios do novo pacto de Bruxelas sobre embalagens. <a href=\"https:\/\/environment.ec.europa.eu\/topics\/waste-and-recycling\/packaging-waste_en\" target=\"_blank\" rel=\"noreferrer noopener\">PPWD<\/a>. Al\u00e9m disso, satisfaz pelo menos 5 das seguintes condi\u00e7\u00f5es <a href=\"https:\/\/sdgs.un.org\/goals\" target=\"_blank\" rel=\"noreferrer noopener\">Objectivos de Desenvolvimento Sustent\u00e1vel (ODS)<\/a> das Na\u00e7\u00f5es Unidas. <\/p>\n\n\n\n<div class=\"wp-block-buttons is-layout-flex wp-block-buttons-is-layout-flex\">\n<div class=\"wp-block-button\"><a class=\"wp-block-button__link has-white-color has-green-background-color has-text-color has-background has-link-color wp-element-button\" href=\"http:\/\/www.palletcontroltower.eu\/pt\/como-funciona\/o-que-fazemos\/\" target=\"_blank\" rel=\"noreferrer noopener\">Veja como funciona aqui<\/a><\/div>\n<\/div>\n<\/div>\n<\/div>\n\n\n\n<hr class=\"wp-block-separator has-alpha-channel-opacity\"\/>\n\n\n\n<div class=\"wp-block-columns are-vertically-aligned-center is-layout-flex wp-container-core-columns-is-layout-28f84493 wp-block-columns-is-layout-flex\">\n<div class=\"wp-block-column is-vertically-aligned-center is-layout-flow wp-block-column-is-layout-flow\">\n<figure class=\"wp-block-image size-full\"><img fetchpriority=\"high\" decoding=\"async\" width=\"1000\" height=\"671\" src=\"https:\/\/www.palletcontroltower.eu\/wp-content\/uploads\/2025\/05\/eur_pallet.jpg\" alt=\"\" class=\"wp-image-1223\" style=\"aspect-ratio:16\/9;object-fit:cover\" srcset=\"https:\/\/www.palletcontroltower.eu\/wp-content\/uploads\/2025\/05\/eur_pallet.jpg 1000w, https:\/\/www.palletcontroltower.eu\/wp-content\/uploads\/2025\/05\/eur_pallet-300x201.jpg 300w, https:\/\/www.palletcontroltower.eu\/wp-content\/uploads\/2025\/05\/eur_pallet-768x515.jpg 768w, https:\/\/www.palletcontroltower.eu\/wp-content\/uploads\/2025\/05\/eur_pallet-18x12.jpg 18w\" sizes=\"(max-width: 1000px) 100vw, 1000px\" \/><\/figure>\n<\/div>\n\n\n\n<div class=\"wp-block-column is-vertically-aligned-center is-layout-flow wp-block-column-is-layout-flow\">\n<h2 class=\"wp-block-heading\">EUR E PCT<\/h2>\n\n\n\n<p>Temos la\u00e7os estreitos com a organiza\u00e7\u00e3o EUR e utilizamos os reposit\u00f3rios que funcionam sob a licen\u00e7a EUR. Juntos, temos o objetivo de promover o sistema de pooling aberto. Com a rede da EUR International e a nossa pr\u00f3pria rede PCT, existem centenas de dep\u00f3sitos e pontos de entrega. Por conseguinte, \u00e9 sempre poss\u00edvel obter uma boa liga\u00e7\u00e3o ao processo de correspond\u00eancia com a recolha e entrega.\u00a0<\/p>\n\n\n\n<p>Se devolveu as paletes de utiliza\u00e7\u00e3o \u00fanica com a recolha e vai utilizar os cr\u00e9ditos electr\u00f3nicos recebidos para come\u00e7ar a utilizar paletes de utiliza\u00e7\u00e3o m\u00faltipla, isto traz benef\u00edcios para toda a cadeia. Para al\u00e9m da sua pr\u00f3pria utiliza\u00e7\u00e3o, pode tamb\u00e9m disponibilizar os cr\u00e9ditos electr\u00f3nicos nos seus saldos a terceiros.&nbsp;<\/p>\n\n\n\n<p>O PCTO permite que todos os passos sejam registados digitalmente. A fatura\u00e7\u00e3o (autofactura\u00e7\u00e3o) e todas as outras comunica\u00e7\u00f5es tamb\u00e9m t\u00eam lugar na nuvem. Tudo isto \u00e9 vis\u00edvel e transparente para todos os utilizadores, a qualquer momento.&nbsp;<\/p>\n<\/div>\n<\/div>\n\n\n\n<hr class=\"wp-block-separator has-alpha-channel-opacity\"\/>\n\n\n\n<h3 class=\"wp-block-heading\">Uma palete euro = sustent\u00e1vel: todos os anos, dois milh\u00f5es de paletes renovadas s\u00e3o utilizadas v\u00e1rias vezes.  <br><\/h3>\n\n\n\n<p>As europaletes de madeira podem ser utilizadas cerca de 7 a 8 vezes! Em \u00faltima an\u00e1lise, uma palete gasta \u00e9 utilizada como energia para aquecimento, por exemplo. As paletes s\u00e3o recolhidas nos armaz\u00e9ns centrais dos dep\u00f3sitos de paletes, no com\u00e9rcio e na ind\u00fastria e, eventualmente, transportadas para um local de processamento. Muitas vezes, uma linha robotizada ajuda a separar as paletes, mas por vezes o trabalho continua a ser manual. Ap\u00f3s a triagem, as paletes que podem ser reparadas s\u00e3o reparadas e armazenadas. As paletes que n\u00e3o podem ser reparadas s\u00e3o recicladas como aparas de madeira para combust\u00edvel para a produ\u00e7\u00e3o de energia, por exemplo. Um cliente pode escolher entre cerca de 50 tipos de paletes diferentes, das quais a euro palete \u00e9 a mais comum e uma das mais sustent\u00e1veis.<\/p>\n\n\n\n<p><em>Facto. \u00c9 necess\u00e1rio um metro c\u00fabico de madeira para fazer cerca de 22 paletes novas em euros; no entanto, um metro c\u00fabico de madeira pode ser utilizado para reparar 150 paletes de carga em euros recicladas.<\/em><\/p>\n\n\n\n<div class=\"wp-block-buttons is-content-justification-left is-layout-flex wp-container-core-buttons-is-layout-fc4fd283 wp-block-buttons-is-layout-flex\">\n<div class=\"wp-block-button\"><a class=\"wp-block-button__link has-white-color has-green-background-color has-text-color has-background has-link-color wp-element-button\" href=\"https:\/\/portal.pct-online.eu\/register\" target=\"_blank\" rel=\"noreferrer noopener\">Ativar a sua conta<\/a><\/div>\n<\/div>\n\n\n\n<hr class=\"wp-block-separator has-alpha-channel-opacity\"\/>\n\n\n\n<blockquote class=\"wp-block-quote is-layout-flow wp-block-quote-is-layout-flow\">\n<p class=\"has-text-align-center\">Evitar o stress das paletes! A Pallet Control Tower \u00e9 a norma europeia e a plataforma de recolha e entrega por correspond\u00eancia para europaletes e outros RTI. Facilitamos o pooling aberto de A a Z. E tornamos a log\u00edstica de paletes novamente ger\u00edvel. <\/p>\n<\/blockquote>\n\n\n\n<hr class=\"wp-block-separator has-alpha-channel-opacity\"\/>\n\n\n\n<figure class=\"wp-block-image size-full\"><img decoding=\"async\" width=\"1600\" height=\"1066\" src=\"http:\/\/www.palletcontroltower.eu\/wp-content\/uploads\/2023\/11\/palletcontroltower-2.jpg\" alt=\"\" class=\"wp-image-207\" style=\"aspect-ratio:16\/9;object-fit:cover\" srcset=\"https:\/\/www.palletcontroltower.eu\/wp-content\/uploads\/2023\/11\/palletcontroltower-2.jpg 1600w, https:\/\/www.palletcontroltower.eu\/wp-content\/uploads\/2023\/11\/palletcontroltower-2-300x200.jpg 300w, https:\/\/www.palletcontroltower.eu\/wp-content\/uploads\/2023\/11\/palletcontroltower-2-1024x682.jpg 1024w, https:\/\/www.palletcontroltower.eu\/wp-content\/uploads\/2023\/11\/palletcontroltower-2-768x512.jpg 768w, https:\/\/www.palletcontroltower.eu\/wp-content\/uploads\/2023\/11\/palletcontroltower-2-1536x1023.jpg 1536w\" sizes=\"(max-width: 1600px) 100vw, 1600px\" \/><\/figure>\n\n\n\n<hr class=\"wp-block-separator has-alpha-channel-opacity\"\/>\n\n\n\n<div class=\"wp-block-columns is-layout-flex wp-container-core-columns-is-layout-28f84493 wp-block-columns-is-layout-flex\">\n<div class=\"wp-block-column is-layout-flow wp-block-column-is-layout-flow\">\n<h3 class=\"wp-block-heading\">Vantagens<\/h3>\n\n\n\n<p><strong>Reduzir a sua pegada de CO2<\/strong>&nbsp;<\/p>\n\n\n\n<p>Com o PCT Online, muito se torna vis\u00edvel, incluindo os chamados custos ocultos que n\u00e3o podem ser diretamente quantificados, mas que s\u00e3o cada vez mais importantes nas opera\u00e7\u00f5es comerciais modernas. Acabe com a desloca\u00e7\u00e3o desnecess\u00e1ria de paletes para tr\u00e1s e para a frente. <\/p>\n\n\n\n<p><strong>Melhor colabora\u00e7\u00e3o na cadeia de abastecimento<\/strong>&nbsp;<\/p>\n\n\n\n<p>Um sistema de cadeia de abastecimento que liga parceiros, fornecedores e prestadores de servi\u00e7os de log\u00edstica facilita o trabalho conjunto das organiza\u00e7\u00f5es. Quando os problemas s\u00e3o abordados diretamente com os parceiros, os problemas s\u00e3o resolvidos mais rapidamente, os custos s\u00e3o mais baixos, os clientes ficam satisfeitos e menos pessoas abandonam a empresa. Assuma a responsabilidade pela sua cadeia log\u00edstica!&nbsp;<\/p>\n\n\n\n<p><strong>Informa\u00e7\u00e3o sobre a cadeia de abastecimento de ponta a ponta<\/strong>&nbsp;<\/p>\n\n\n\n<p>Com visibilidade de toda a cadeia de abastecimento, incluindo fornecedores, fabricantes, transportadores, armaz\u00e9ns e parceiros log\u00edsticos externos (3PL), as empresas podem gerir proactivamente as suas cadeias de abastecimento, reduzindo riscos e custos. E assegurando uma maior sustentabilidade. &nbsp;&nbsp;<\/p>\n\n\n\n<p><strong>Previs\u00f5es e decis\u00f5es mais exactas<\/strong>&nbsp;<\/p>\n\n\n\n<p>Os dados podem ser agregados, ligados e alargados atrav\u00e9s da \"an\u00e1lise preditiva\". Isto conduz a uma tomada de decis\u00f5es melhor e mais automatizada e \u00e0 auto-corre\u00e7\u00e3o. Em \u00faltima an\u00e1lise, isto resulta em processos mais eficientes e menos desperd\u00edcio. Outra redu\u00e7\u00e3o da sua pegada de carbono.&nbsp;&nbsp;<\/p>\n\n\n\n<p><strong>Maior flexibilidade na cadeia de abastecimento<\/strong>&nbsp;<\/p>\n\n\n\n<p>As cadeias de abastecimento flex\u00edveis acompanham-no quando algo inesperado acontece. Esta flexibilidade garante melhores experi\u00eancias para o cliente, tempos de resposta mais r\u00e1pidos e, em geral, uma cadeia de abastecimento mais eficiente. Especialmente numa altura em que os recursos humanos est\u00e3o a tornar-se mais escassos e mais caros. <\/p>\n\n\n\n<p><strong>N\u00edveis de stock \u00f3ptimos<\/strong>&nbsp;<\/p>\n\n\n\n<p>O PCTO fornece visibilidade do invent\u00e1rio em toda a rede, permitindo que as empresas tenham o que precisam, onde precisam e quando precisam. Aumentam os lucros e as taxas de rota\u00e7\u00e3o do invent\u00e1rio e reduzem as faltas de invent\u00e1rio e de material.&nbsp;<\/p>\n\n\n\n<p><strong>Preparado para o futuro do pooling de paletes?<\/strong>&nbsp;<\/p>\n\n\n\n<div class=\"wp-block-buttons is-layout-flex wp-block-buttons-is-layout-flex\">\n<div class=\"wp-block-button\"><a class=\"wp-block-button__link has-white-color has-blue-background-color has-text-color has-background has-link-color wp-element-button\" href=\"https:\/\/portal.pct-online.eu\/register\" target=\"_blank\" rel=\"noreferrer noopener\">Ativar a sua conta<\/a><\/div>\n<\/div>\n<\/div>\n<\/div>","protected":false},"excerpt":{"rendered":"<p>Duurzaamheid PCT dringt het eenmalige gebruik van pallets terug en geeft u de kans om over te schakelen naar pallets voor meermalig gebruik. Dat doen wij met ons PCT Online-platform: Collection &amp; Delivery &#8211; Matching, gekoppeld aan e-Credits.&nbsp;Met ons platform kunnen palletgebruikers samen met hun toeleveranciers en klanten een eigen &#8216;palletpool&#8217; opzetten en zo het [&hellip;]<\/p>\n","protected":false},"author":1,"featured_media":0,"parent":40,"menu_order":0,"comment_status":"closed","ping_status":"closed","template":"","meta":{"footnotes":""},"class_list":["post-42","page","type-page","status-publish","hentry"],"yoast_head":"<!-- This site is optimized with the Yoast SEO plugin v27.6 - https:\/\/yoast.com\/product\/yoast-seo-wordpress\/ -->\n<title>Poolen is duurzaam - Pallet Control Tower<\/title>\n<meta name=\"description\" content=\"Palletpooling is een duurzame oplossing voor palletmanagement ingegeven door de nieuwe PPWD uit Brussel. PCT Online voldoet hieraan.\" \/>\n<meta name=\"robots\" content=\"index, follow, max-snippet:-1, max-image-preview:large, max-video-preview:-1\" \/>\n<link rel=\"canonical\" href=\"https:\/\/www.palletcontroltower.eu\/pt\/sustentabilidade\/o-agrupamento-e-sustentavel\/\" \/>\n<meta property=\"og:locale\" content=\"pt_PT\" \/>\n<meta property=\"og:type\" content=\"article\" \/>\n<meta property=\"og:title\" content=\"Poolen is duurzaam - Pallet Control Tower\" \/>\n<meta property=\"og:description\" content=\"Palletpooling is een duurzame oplossing voor palletmanagement ingegeven door de nieuwe PPWD uit Brussel. PCT Online voldoet hieraan.\" \/>\n<meta property=\"og:url\" content=\"https:\/\/www.palletcontroltower.eu\/pt\/sustentabilidade\/o-agrupamento-e-sustentavel\/\" \/>\n<meta property=\"og:site_name\" content=\"Pallet Control Tower\" \/>\n<meta property=\"article:modified_time\" content=\"2026-01-30T09:41:33+00:00\" \/>\n<meta property=\"og:image\" content=\"https:\/\/www.palletcontroltower.eu\/wp-content\/uploads\/2025\/05\/eur_pallet.jpg\" \/>\n\t<meta property=\"og:image:width\" content=\"1000\" \/>\n\t<meta property=\"og:image:height\" content=\"671\" \/>\n\t<meta property=\"og:image:type\" content=\"image\/jpeg\" \/>\n<meta name=\"twitter:card\" content=\"summary_large_image\" \/>\n<meta name=\"twitter:label1\" content=\"Tempo estimado de leitura\" \/>\n\t<meta name=\"twitter:data1\" content=\"4 minutos\" \/>\n<script type=\"application\/ld+json\" class=\"yoast-schema-graph\">{\"@context\":\"https:\\\/\\\/schema.org\",\"@graph\":[{\"@type\":\"WebPage\",\"@id\":\"https:\\\/\\\/www.palletcontroltower.eu\\\/duurzaamheid\\\/poolen-is-duurzaam\\\/\",\"url\":\"https:\\\/\\\/www.palletcontroltower.eu\\\/duurzaamheid\\\/poolen-is-duurzaam\\\/\",\"name\":\"Poolen is duurzaam - Pallet Control Tower\",\"isPartOf\":{\"@id\":\"https:\\\/\\\/www.palletcontroltower.eu\\\/#website\"},\"primaryImageOfPage\":{\"@id\":\"https:\\\/\\\/www.palletcontroltower.eu\\\/duurzaamheid\\\/poolen-is-duurzaam\\\/#primaryimage\"},\"image\":{\"@id\":\"https:\\\/\\\/www.palletcontroltower.eu\\\/duurzaamheid\\\/poolen-is-duurzaam\\\/#primaryimage\"},\"thumbnailUrl\":\"https:\\\/\\\/www.palletcontroltower.eu\\\/wp-content\\\/uploads\\\/2025\\\/05\\\/eur_pallet.jpg\",\"datePublished\":\"2023-11-22T08:02:12+00:00\",\"dateModified\":\"2026-01-30T09:41:33+00:00\",\"description\":\"Palletpooling is een duurzame oplossing voor palletmanagement ingegeven door de nieuwe PPWD uit Brussel. PCT Online voldoet hieraan.\",\"breadcrumb\":{\"@id\":\"https:\\\/\\\/www.palletcontroltower.eu\\\/duurzaamheid\\\/poolen-is-duurzaam\\\/#breadcrumb\"},\"inLanguage\":\"pt-PT\",\"potentialAction\":[{\"@type\":\"ReadAction\",\"target\":[\"https:\\\/\\\/www.palletcontroltower.eu\\\/duurzaamheid\\\/poolen-is-duurzaam\\\/\"]}]},{\"@type\":\"ImageObject\",\"inLanguage\":\"pt-PT\",\"@id\":\"https:\\\/\\\/www.palletcontroltower.eu\\\/duurzaamheid\\\/poolen-is-duurzaam\\\/#primaryimage\",\"url\":\"https:\\\/\\\/www.palletcontroltower.eu\\\/wp-content\\\/uploads\\\/2025\\\/05\\\/eur_pallet.jpg\",\"contentUrl\":\"https:\\\/\\\/www.palletcontroltower.eu\\\/wp-content\\\/uploads\\\/2025\\\/05\\\/eur_pallet.jpg\"},{\"@type\":\"BreadcrumbList\",\"@id\":\"https:\\\/\\\/www.palletcontroltower.eu\\\/duurzaamheid\\\/poolen-is-duurzaam\\\/#breadcrumb\",\"itemListElement\":[{\"@type\":\"ListItem\",\"position\":1,\"name\":\"Home\",\"item\":\"https:\\\/\\\/www.palletcontroltower.eu\\\/\"},{\"@type\":\"ListItem\",\"position\":2,\"name\":\"Duurzaamheid\",\"item\":\"https:\\\/\\\/www.palletcontroltower.eu\\\/pl\\\/duurzaamheid\\\/\"},{\"@type\":\"ListItem\",\"position\":3,\"name\":\"Poolen is duurzaam\"}]},{\"@type\":\"WebSite\",\"@id\":\"https:\\\/\\\/www.palletcontroltower.eu\\\/#website\",\"url\":\"https:\\\/\\\/www.palletcontroltower.eu\\\/\",\"name\":\"Pallet Control Tower\",\"description\":\"\",\"publisher\":{\"@id\":\"https:\\\/\\\/www.palletcontroltower.eu\\\/#organization\"},\"potentialAction\":[{\"@type\":\"SearchAction\",\"target\":{\"@type\":\"EntryPoint\",\"urlTemplate\":\"https:\\\/\\\/www.palletcontroltower.eu\\\/?s={search_term_string}\"},\"query-input\":{\"@type\":\"PropertyValueSpecification\",\"valueRequired\":true,\"valueName\":\"search_term_string\"}}],\"inLanguage\":\"pt-PT\"},{\"@type\":\"Organization\",\"@id\":\"https:\\\/\\\/www.palletcontroltower.eu\\\/#organization\",\"name\":\"Pallet Control Tower\",\"url\":\"https:\\\/\\\/www.palletcontroltower.eu\\\/\",\"logo\":{\"@type\":\"ImageObject\",\"inLanguage\":\"pt-PT\",\"@id\":\"https:\\\/\\\/www.palletcontroltower.eu\\\/#\\\/schema\\\/logo\\\/image\\\/\",\"url\":\"https:\\\/\\\/www.palletcontroltower.eu\\\/wp-content\\\/uploads\\\/2023\\\/10\\\/logo.svg\",\"contentUrl\":\"https:\\\/\\\/www.palletcontroltower.eu\\\/wp-content\\\/uploads\\\/2023\\\/10\\\/logo.svg\",\"width\":290,\"height\":87,\"caption\":\"Pallet Control Tower\"},\"image\":{\"@id\":\"https:\\\/\\\/www.palletcontroltower.eu\\\/#\\\/schema\\\/logo\\\/image\\\/\"}}]}<\/script>\n<!-- \/ Yoast SEO plugin. -->","yoast_head_json":{"title":"O pooling \u00e9 sustent\u00e1vel - Torre de Controlo de Paletes","description":"O pooling de paletes \u00e9 uma solu\u00e7\u00e3o sustent\u00e1vel para a gest\u00e3o de paletes, impulsionada pelo novo PPWD de Bruxelas. O PCT Online est\u00e1 em conformidade com este facto.","robots":{"index":"index","follow":"follow","max-snippet":"max-snippet:-1","max-image-preview":"max-image-preview:large","max-video-preview":"max-video-preview:-1"},"canonical":"https:\/\/www.palletcontroltower.eu\/pt\/sustentabilidade\/o-agrupamento-e-sustentavel\/","og_locale":"pt_PT","og_type":"article","og_title":"Poolen is duurzaam - Pallet Control Tower","og_description":"Palletpooling is een duurzame oplossing voor palletmanagement ingegeven door de nieuwe PPWD uit Brussel. PCT Online voldoet hieraan.","og_url":"https:\/\/www.palletcontroltower.eu\/pt\/sustentabilidade\/o-agrupamento-e-sustentavel\/","og_site_name":"Pallet Control Tower","article_modified_time":"2026-01-30T09:41:33+00:00","og_image":[{"width":1000,"height":671,"url":"https:\/\/www.palletcontroltower.eu\/wp-content\/uploads\/2025\/05\/eur_pallet.jpg","type":"image\/jpeg"}],"twitter_card":"summary_large_image","twitter_misc":{"Tempo estimado de leitura":"4 minutos"},"schema":{"@context":"https:\/\/schema.org","@graph":[{"@type":"WebPage","@id":"https:\/\/www.palletcontroltower.eu\/duurzaamheid\/poolen-is-duurzaam\/","url":"https:\/\/www.palletcontroltower.eu\/duurzaamheid\/poolen-is-duurzaam\/","name":"O pooling \u00e9 sustent\u00e1vel - Torre de Controlo de Paletes","isPartOf":{"@id":"https:\/\/www.palletcontroltower.eu\/#website"},"primaryImageOfPage":{"@id":"https:\/\/www.palletcontroltower.eu\/duurzaamheid\/poolen-is-duurzaam\/#primaryimage"},"image":{"@id":"https:\/\/www.palletcontroltower.eu\/duurzaamheid\/poolen-is-duurzaam\/#primaryimage"},"thumbnailUrl":"https:\/\/www.palletcontroltower.eu\/wp-content\/uploads\/2025\/05\/eur_pallet.jpg","datePublished":"2023-11-22T08:02:12+00:00","dateModified":"2026-01-30T09:41:33+00:00","description":"O pooling de paletes \u00e9 uma solu\u00e7\u00e3o sustent\u00e1vel para a gest\u00e3o de paletes, impulsionada pelo novo PPWD de Bruxelas. O PCT Online est\u00e1 em conformidade com este facto.","breadcrumb":{"@id":"https:\/\/www.palletcontroltower.eu\/duurzaamheid\/poolen-is-duurzaam\/#breadcrumb"},"inLanguage":"pt-PT","potentialAction":[{"@type":"ReadAction","target":["https:\/\/www.palletcontroltower.eu\/duurzaamheid\/poolen-is-duurzaam\/"]}]},{"@type":"ImageObject","inLanguage":"pt-PT","@id":"https:\/\/www.palletcontroltower.eu\/duurzaamheid\/poolen-is-duurzaam\/#primaryimage","url":"https:\/\/www.palletcontroltower.eu\/wp-content\/uploads\/2025\/05\/eur_pallet.jpg","contentUrl":"https:\/\/www.palletcontroltower.eu\/wp-content\/uploads\/2025\/05\/eur_pallet.jpg"},{"@type":"BreadcrumbList","@id":"https:\/\/www.palletcontroltower.eu\/duurzaamheid\/poolen-is-duurzaam\/#breadcrumb","itemListElement":[{"@type":"ListItem","position":1,"name":"Home","item":"https:\/\/www.palletcontroltower.eu\/"},{"@type":"ListItem","position":2,"name":"Duurzaamheid","item":"https:\/\/www.palletcontroltower.eu\/pl\/duurzaamheid\/"},{"@type":"ListItem","position":3,"name":"Poolen is duurzaam"}]},{"@type":"WebSite","@id":"https:\/\/www.palletcontroltower.eu\/#website","url":"https:\/\/www.palletcontroltower.eu\/","name":"Torre de controlo de paletes","description":"","publisher":{"@id":"https:\/\/www.palletcontroltower.eu\/#organization"},"potentialAction":[{"@type":"SearchAction","target":{"@type":"EntryPoint","urlTemplate":"https:\/\/www.palletcontroltower.eu\/?s={search_term_string}"},"query-input":{"@type":"PropertyValueSpecification","valueRequired":true,"valueName":"search_term_string"}}],"inLanguage":"pt-PT"},{"@type":"Organization","@id":"https:\/\/www.palletcontroltower.eu\/#organization","name":"Torre de controlo de paletes","url":"https:\/\/www.palletcontroltower.eu\/","logo":{"@type":"ImageObject","inLanguage":"pt-PT","@id":"https:\/\/www.palletcontroltower.eu\/#\/schema\/logo\/image\/","url":"https:\/\/www.palletcontroltower.eu\/wp-content\/uploads\/2023\/10\/logo.svg","contentUrl":"https:\/\/www.palletcontroltower.eu\/wp-content\/uploads\/2023\/10\/logo.svg","width":290,"height":87,"caption":"Pallet Control Tower"},"image":{"@id":"https:\/\/www.palletcontroltower.eu\/#\/schema\/logo\/image\/"}}]}},"_links":{"self":[{"href":"https:\/\/www.palletcontroltower.eu\/pt\/wp-json\/wp\/v2\/pages\/42","targetHints":{"allow":["GET"]}}],"collection":[{"href":"https:\/\/www.palletcontroltower.eu\/pt\/wp-json\/wp\/v2\/pages"}],"about":[{"href":"https:\/\/www.palletcontroltower.eu\/pt\/wp-json\/wp\/v2\/types\/page"}],"author":[{"embeddable":true,"href":"https:\/\/www.palletcontroltower.eu\/pt\/wp-json\/wp\/v2\/users\/1"}],"replies":[{"embeddable":true,"href":"https:\/\/www.palletcontroltower.eu\/pt\/wp-json\/wp\/v2\/comments?post=42"}],"version-history":[{"count":36,"href":"https:\/\/www.palletcontroltower.eu\/pt\/wp-json\/wp\/v2\/pages\/42\/revisions"}],"predecessor-version":[{"id":1228,"href":"https:\/\/www.palletcontroltower.eu\/pt\/wp-json\/wp\/v2\/pages\/42\/revisions\/1228"}],"up":[{"embeddable":true,"href":"https:\/\/www.palletcontroltower.eu\/pt\/wp-json\/wp\/v2\/pages\/40"}],"wp:attachment":[{"href":"https:\/\/www.palletcontroltower.eu\/pt\/wp-json\/wp\/v2\/media?parent=42"}],"curies":[{"name":"wp","href":"https:\/\/api.w.org\/{rel}","templated":true}]}}