{"id":66,"date":"2023-11-22T08:05:50","date_gmt":"2023-11-22T08:05:50","guid":{"rendered":"http:\/\/www.palletcontroltower.eu\/?page_id=66"},"modified":"2026-02-12T13:02:54","modified_gmt":"2026-02-12T13:02:54","slug":"quem-e-o-pct","status":"publish","type":"page","link":"https:\/\/www.palletcontroltower.eu\/pt\/over-ons\/wie-is-pct\/","title":{"rendered":"Quem \u00e9 a PCT?"},"content":{"rendered":"<div class=\"wp-block-columns is-layout-flex wp-container-core-columns-is-layout-28f84493 wp-block-columns-is-layout-flex\">\n<div class=\"wp-block-column is-layout-flow wp-block-column-is-layout-flow\">\n<h2 class=\"wp-block-heading\">O que fazemos<\/h2>\n\n\n\n<p>A PCT tem assistido ao aumento e \u00e0 evolu\u00e7\u00e3o do pooling de paletes e de outros objectos de transporte retorn\u00e1veis (ATR) ao longo das \u00faltimas d\u00e9cadas. Assistimos ao aparecimento de in\u00fameros problemas e erros. E sabemos que estes n\u00e3o s\u00e3o resolvidos, ou s\u00e3o-no apenas parcialmente. O que resulta em frustra\u00e7\u00e3o e custos incalcul\u00e1veis (ocultos).&nbsp;&nbsp;<\/p>\n\n\n\n<p>Com a nossa nova norma, estamos convencidos de que estamos a dar um contributo significativo para a otimiza\u00e7\u00e3o dos sistemas de pooling, que s\u00e3o muitos na Europa e no mundo.&nbsp;&nbsp;<\/p>\n\n\n\n<div class=\"wp-block-buttons is-layout-flex wp-block-buttons-is-layout-flex\">\n<div class=\"wp-block-button\"><a class=\"wp-block-button__link has-white-color has-green-background-color has-text-color has-background has-link-color wp-element-button\" href=\"http:\/\/www.palletcontroltower.eu\/pt\/como-funciona\/o-que-fazemos\/\" target=\"_blank\" rel=\"noreferrer noopener\">Veja como o fazemos aqui<\/a><\/div>\n<\/div>\n<\/div>\n<\/div>\n\n\n\n<hr class=\"wp-block-separator has-alpha-channel-opacity\"\/>\n\n\n\n<div class=\"wp-block-columns are-vertically-aligned-center is-layout-flex wp-container-core-columns-is-layout-28f84493 wp-block-columns-is-layout-flex\">\n<div class=\"wp-block-column is-vertically-aligned-center is-layout-flow wp-block-column-is-layout-flow\">\n<figure class=\"wp-block-image size-full\"><img fetchpriority=\"high\" decoding=\"async\" width=\"1800\" height=\"380\" src=\"http:\/\/www.palletcontroltower.eu\/wp-content\/uploads\/2023\/12\/headerbeeld_0011_PalletControlTower_EPAL_forklift_handling_europallets.jpg\" alt=\"\" class=\"wp-image-646\" style=\"aspect-ratio:4\/3;object-fit:cover\" srcset=\"https:\/\/www.palletcontroltower.eu\/wp-content\/uploads\/2023\/12\/headerbeeld_0011_PalletControlTower_EPAL_forklift_handling_europallets.jpg 1800w, https:\/\/www.palletcontroltower.eu\/wp-content\/uploads\/2023\/12\/headerbeeld_0011_PalletControlTower_EPAL_forklift_handling_europallets-300x63.jpg 300w, https:\/\/www.palletcontroltower.eu\/wp-content\/uploads\/2023\/12\/headerbeeld_0011_PalletControlTower_EPAL_forklift_handling_europallets-1024x216.jpg 1024w, https:\/\/www.palletcontroltower.eu\/wp-content\/uploads\/2023\/12\/headerbeeld_0011_PalletControlTower_EPAL_forklift_handling_europallets-768x162.jpg 768w, https:\/\/www.palletcontroltower.eu\/wp-content\/uploads\/2023\/12\/headerbeeld_0011_PalletControlTower_EPAL_forklift_handling_europallets-1536x324.jpg 1536w, https:\/\/www.palletcontroltower.eu\/wp-content\/uploads\/2023\/12\/headerbeeld_0011_PalletControlTower_EPAL_forklift_handling_europallets-18x4.jpg 18w\" sizes=\"(max-width: 1800px) 100vw, 1800px\" \/><\/figure>\n<\/div>\n\n\n\n<div class=\"wp-block-column is-vertically-aligned-center is-layout-flow wp-block-column-is-layout-flow\">\n<h2 class=\"wp-block-heading\">Matching, Collection e Delivery<\/h2>\n\n\n\n<p>A PCTO resolve o stress das paletes. Atrav\u00e9s do Matching, a nossa plataforma online regula o processo de Collection e Delivery de europaletes e outros OTR na Europa, \u00c1sia e Am\u00e9rica\/Canad\u00e1. Fazemo-lo com o nosso sistema de cr\u00e9dito eletr\u00f3nico, entre outros, seguindo o \u00edndice independente EUWID para obter as tend\u00eancias de pre\u00e7os mais actualizadas.<\/p>\n\n\n\n<p>Dispomos igualmente de uma rede de gestores de conta e de qualidade na Europa que resolvem os problemas em caso de lit\u00edgio. Verificam a qualidade das paletes no local, tanto nos dep\u00f3sitos como nos destinat\u00e1rios.<\/p>\n\n\n\n<p>Com os cr\u00e9ditos electr\u00f3nicos, os nossos participantes podem otimizar a utiliza\u00e7\u00e3o das Europaletes (UIC\/EUR - EPAL) e de outras ITR. Tudo isto para obter uma cadeia de abastecimento mais sustent\u00e1vel.<\/p>\n\n\n\n<div class=\"wp-block-buttons is-layout-flex wp-block-buttons-is-layout-flex\">\n<div class=\"wp-block-button\"><a class=\"wp-block-button__link has-white-color has-green-background-color has-text-color has-background has-link-color wp-element-button\" href=\"https:\/\/portal.pct-online.eu\/register\" target=\"_blank\" rel=\"noreferrer noopener\">Ativar a sua conta<\/a><\/div>\n<\/div>\n<\/div>\n<\/div>\n\n\n\n<hr class=\"wp-block-separator has-alpha-channel-opacity\"\/>\n\n\n\n<blockquote class=\"wp-block-quote is-layout-flow wp-block-quote-is-layout-flow\">\n<p class=\"has-text-align-center\">Evitar o stress das paletes! A Pallet Control Tower \u00e9 a norma europeia e a plataforma de recolha e entrega por correspond\u00eancia para as Europaletes e outros RTI. Facilitamos o pooling aberto de A a Z. E tornamos a log\u00edstica de paletes novamente ger\u00edvel.<\/p>\n<\/blockquote>\n\n\n\n<hr class=\"wp-block-separator has-alpha-channel-opacity\"\/>\n\n\n\n<figure class=\"wp-block-image size-full\"><img decoding=\"async\" width=\"1600\" height=\"1066\" src=\"http:\/\/www.palletcontroltower.eu\/wp-content\/uploads\/2023\/11\/palletcontroltower-2.jpg\" alt=\"\" class=\"wp-image-207\" style=\"aspect-ratio:16\/9;object-fit:cover\" srcset=\"https:\/\/www.palletcontroltower.eu\/wp-content\/uploads\/2023\/11\/palletcontroltower-2.jpg 1600w, https:\/\/www.palletcontroltower.eu\/wp-content\/uploads\/2023\/11\/palletcontroltower-2-300x200.jpg 300w, https:\/\/www.palletcontroltower.eu\/wp-content\/uploads\/2023\/11\/palletcontroltower-2-1024x682.jpg 1024w, https:\/\/www.palletcontroltower.eu\/wp-content\/uploads\/2023\/11\/palletcontroltower-2-768x512.jpg 768w, https:\/\/www.palletcontroltower.eu\/wp-content\/uploads\/2023\/11\/palletcontroltower-2-1536x1023.jpg 1536w\" sizes=\"(max-width: 1600px) 100vw, 1600px\" \/><\/figure>\n\n\n\n<hr class=\"wp-block-separator has-alpha-channel-opacity\"\/>\n\n\n\n<div class=\"wp-block-columns is-layout-flex wp-container-core-columns-is-layout-28f84493 wp-block-columns-is-layout-flex\">\n<div class=\"wp-block-column is-layout-flow wp-block-column-is-layout-flow\">\n<h3 class=\"wp-block-heading\">Para quem e porqu\u00ea? <\/h3>\n\n\n\n<p>Com o PCTO, qualquer empresa, ou melhor, uma rede de empresas - a cadeia de abastecimento - ter\u00e1 a capacidade de passar de paletes de utiliza\u00e7\u00e3o \u00fanica e outros RTI para europaletes de utiliza\u00e7\u00e3o m\u00faltipla e outros RTI. <\/p>\n\n\n\n<p>A plataforma PCTO destina-se a todas as empresas industriais, de fabrico ou comerciais que utilizam Europaletes e RTI para transportar produtos em grande escala. Mas tamb\u00e9m para transportadores e centros de distribui\u00e7\u00e3o, bem como para comerciantes\/dep\u00f3sitos\/fabricantes de paletes. <\/p>\n\n\n\n<div class=\"wp-block-buttons is-layout-flex wp-block-buttons-is-layout-flex\">\n<div class=\"wp-block-button\"><a class=\"wp-block-button__link has-white-color has-blue-background-color has-text-color has-background has-link-color wp-element-button\" href=\"https:\/\/portal.pct-online.eu\/register\" target=\"_blank\" rel=\"noreferrer noopener\">Ativar a sua conta<\/a><\/div>\n<\/div>\n<\/div>\n\n\n\n<div class=\"wp-block-column is-layout-flow wp-block-column-is-layout-flow\">\n<h3 class=\"wp-block-heading\">Como \u00e9 que fazemos isso? <\/h3>\n\n\n\n<p>O PCTO oferece uma forma simples de passar de uma utiliza\u00e7\u00e3o \u00fanica para uma utiliza\u00e7\u00e3o m\u00faltipla. Com a Collection e Delivery - correspond\u00eancia - de encomendas e o cr\u00e9dito eletr\u00f3nico, todos os intervenientes na cadeia log\u00edstica beneficiam com isto. <\/p>\n\n\n\n<p>O tratamento das transac\u00e7\u00f5es torna-se mais f\u00e1cil e a transpar\u00eancia significa menos discuss\u00f5es com todas as partes envolvidas. Os saldos m\u00fatuos podem ser facilmente liquidados com os cr\u00e9ditos electr\u00f3nicos (e-Credit). Em caso de discuss\u00e3o, os nossos gestores de conta regionais e de qualidade podem fornecer uma solu\u00e7\u00e3o.<\/p>\n\n\n\n<div class=\"wp-block-buttons is-layout-flex wp-block-buttons-is-layout-flex\">\n<div class=\"wp-block-button\"><a class=\"wp-block-button__link has-white-color has-mint-background-color has-text-color has-background has-link-color wp-element-button\" href=\"https:\/\/portal.pct-online.eu\/register\" target=\"_blank\" rel=\"noreferrer noopener\">Ativar a sua conta<\/a><\/div>\n<\/div>\n<\/div>\n<\/div>","protected":false},"excerpt":{"rendered":"<p>Wat wij doen PCT heeft de afgelopen decennia de pooling van pallets en andere Returnable Transport Items (RTI) zien opkomen en veranderen. We hebben tal van problemen en fouten zien ontstaan. En we weten dat ze niet, of maar deels, worden opgelost. Met frustratie en onoverzichtelijke (verborgen) kosten tot gevolg.&nbsp;&nbsp; Met onze nieuwe standaard zijn [&hellip;]<\/p>\n","protected":false},"author":1,"featured_media":0,"parent":64,"menu_order":0,"comment_status":"closed","ping_status":"closed","template":"","meta":{"footnotes":""},"class_list":["post-66","page","type-page","status-publish","hentry"],"yoast_head":"<!-- This site is optimized with the Yoast SEO plugin v27.3 - https:\/\/yoast.com\/product\/yoast-seo-wordpress\/ -->\n<title>Wie is PCT? - Pallet Control Tower<\/title>\n<meta name=\"robots\" content=\"index, follow, max-snippet:-1, max-image-preview:large, max-video-preview:-1\" \/>\n<link rel=\"canonical\" href=\"https:\/\/www.palletcontroltower.eu\/pt\/sobre-nos\/quem-e-o-pct\/\" \/>\n<meta property=\"og:locale\" content=\"pt_PT\" \/>\n<meta property=\"og:type\" content=\"article\" \/>\n<meta property=\"og:title\" content=\"Wie is PCT? - Pallet Control Tower\" \/>\n<meta property=\"og:description\" content=\"Wat wij doen PCT heeft de afgelopen decennia de pooling van pallets en andere Returnable Transport Items (RTI) zien opkomen en veranderen. We hebben tal van problemen en fouten zien ontstaan. En we weten dat ze niet, of maar deels, worden opgelost. Met frustratie en onoverzichtelijke (verborgen) kosten tot gevolg.&nbsp;&nbsp; Met onze nieuwe standaard zijn [&hellip;]\" \/>\n<meta property=\"og:url\" content=\"https:\/\/www.palletcontroltower.eu\/pt\/sobre-nos\/quem-e-o-pct\/\" \/>\n<meta property=\"og:site_name\" content=\"Pallet Control Tower\" \/>\n<meta property=\"article:modified_time\" content=\"2026-02-12T13:02:54+00:00\" \/>\n<meta property=\"og:image\" content=\"https:\/\/www.palletcontroltower.eu\/wp-content\/uploads\/2023\/12\/headerbeeld_0011_PalletControlTower_EPAL_forklift_handling_europallets.jpg\" \/>\n\t<meta property=\"og:image:width\" content=\"1800\" \/>\n\t<meta property=\"og:image:height\" content=\"380\" \/>\n\t<meta property=\"og:image:type\" content=\"image\/jpeg\" \/>\n<meta name=\"twitter:card\" content=\"summary_large_image\" \/>\n<meta name=\"twitter:label1\" content=\"Tempo estimado de leitura\" \/>\n\t<meta name=\"twitter:data1\" content=\"3 minutos\" \/>\n<script type=\"application\/ld+json\" class=\"yoast-schema-graph\">{\"@context\":\"https:\\\/\\\/schema.org\",\"@graph\":[{\"@type\":\"WebPage\",\"@id\":\"https:\\\/\\\/www.palletcontroltower.eu\\\/over-ons\\\/wie-is-pct\\\/\",\"url\":\"https:\\\/\\\/www.palletcontroltower.eu\\\/over-ons\\\/wie-is-pct\\\/\",\"name\":\"Wie is PCT? - Pallet Control Tower\",\"isPartOf\":{\"@id\":\"https:\\\/\\\/www.palletcontroltower.eu\\\/#website\"},\"primaryImageOfPage\":{\"@id\":\"https:\\\/\\\/www.palletcontroltower.eu\\\/over-ons\\\/wie-is-pct\\\/#primaryimage\"},\"image\":{\"@id\":\"https:\\\/\\\/www.palletcontroltower.eu\\\/over-ons\\\/wie-is-pct\\\/#primaryimage\"},\"thumbnailUrl\":\"http:\\\/\\\/www.palletcontroltower.eu\\\/wp-content\\\/uploads\\\/2023\\\/12\\\/headerbeeld_0011_PalletControlTower_EPAL_forklift_handling_europallets.jpg\",\"datePublished\":\"2023-11-22T08:05:50+00:00\",\"dateModified\":\"2026-02-12T13:02:54+00:00\",\"breadcrumb\":{\"@id\":\"https:\\\/\\\/www.palletcontroltower.eu\\\/over-ons\\\/wie-is-pct\\\/#breadcrumb\"},\"inLanguage\":\"pt-PT\",\"potentialAction\":[{\"@type\":\"ReadAction\",\"target\":[\"https:\\\/\\\/www.palletcontroltower.eu\\\/over-ons\\\/wie-is-pct\\\/\"]}]},{\"@type\":\"ImageObject\",\"inLanguage\":\"pt-PT\",\"@id\":\"https:\\\/\\\/www.palletcontroltower.eu\\\/over-ons\\\/wie-is-pct\\\/#primaryimage\",\"url\":\"http:\\\/\\\/www.palletcontroltower.eu\\\/wp-content\\\/uploads\\\/2023\\\/12\\\/headerbeeld_0011_PalletControlTower_EPAL_forklift_handling_europallets.jpg\",\"contentUrl\":\"http:\\\/\\\/www.palletcontroltower.eu\\\/wp-content\\\/uploads\\\/2023\\\/12\\\/headerbeeld_0011_PalletControlTower_EPAL_forklift_handling_europallets.jpg\"},{\"@type\":\"BreadcrumbList\",\"@id\":\"https:\\\/\\\/www.palletcontroltower.eu\\\/over-ons\\\/wie-is-pct\\\/#breadcrumb\",\"itemListElement\":[{\"@type\":\"ListItem\",\"position\":1,\"name\":\"Home\",\"item\":\"https:\\\/\\\/www.palletcontroltower.eu\\\/\"},{\"@type\":\"ListItem\",\"position\":2,\"name\":\"Over ons\",\"item\":\"https:\\\/\\\/www.palletcontroltower.eu\\\/over-ons\\\/\"},{\"@type\":\"ListItem\",\"position\":3,\"name\":\"Wie is PCT?\"}]},{\"@type\":\"WebSite\",\"@id\":\"https:\\\/\\\/www.palletcontroltower.eu\\\/#website\",\"url\":\"https:\\\/\\\/www.palletcontroltower.eu\\\/\",\"name\":\"Pallet Control Tower\",\"description\":\"\",\"publisher\":{\"@id\":\"https:\\\/\\\/www.palletcontroltower.eu\\\/#organization\"},\"potentialAction\":[{\"@type\":\"SearchAction\",\"target\":{\"@type\":\"EntryPoint\",\"urlTemplate\":\"https:\\\/\\\/www.palletcontroltower.eu\\\/?s={search_term_string}\"},\"query-input\":{\"@type\":\"PropertyValueSpecification\",\"valueRequired\":true,\"valueName\":\"search_term_string\"}}],\"inLanguage\":\"pt-PT\"},{\"@type\":\"Organization\",\"@id\":\"https:\\\/\\\/www.palletcontroltower.eu\\\/#organization\",\"name\":\"Pallet Control Tower\",\"url\":\"https:\\\/\\\/www.palletcontroltower.eu\\\/\",\"logo\":{\"@type\":\"ImageObject\",\"inLanguage\":\"pt-PT\",\"@id\":\"https:\\\/\\\/www.palletcontroltower.eu\\\/#\\\/schema\\\/logo\\\/image\\\/\",\"url\":\"https:\\\/\\\/www.palletcontroltower.eu\\\/wp-content\\\/uploads\\\/2023\\\/10\\\/logo.svg\",\"contentUrl\":\"https:\\\/\\\/www.palletcontroltower.eu\\\/wp-content\\\/uploads\\\/2023\\\/10\\\/logo.svg\",\"width\":290,\"height\":87,\"caption\":\"Pallet Control Tower\"},\"image\":{\"@id\":\"https:\\\/\\\/www.palletcontroltower.eu\\\/#\\\/schema\\\/logo\\\/image\\\/\"}}]}<\/script>\n<!-- \/ Yoast SEO plugin. -->","yoast_head_json":{"title":"Quem \u00e9 a PCT? - Torre de Controlo de Paletes","robots":{"index":"index","follow":"follow","max-snippet":"max-snippet:-1","max-image-preview":"max-image-preview:large","max-video-preview":"max-video-preview:-1"},"canonical":"https:\/\/www.palletcontroltower.eu\/pt\/sobre-nos\/quem-e-o-pct\/","og_locale":"pt_PT","og_type":"article","og_title":"Wie is PCT? - Pallet Control Tower","og_description":"Wat wij doen PCT heeft de afgelopen decennia de pooling van pallets en andere Returnable Transport Items (RTI) zien opkomen en veranderen. We hebben tal van problemen en fouten zien ontstaan. En we weten dat ze niet, of maar deels, worden opgelost. Met frustratie en onoverzichtelijke (verborgen) kosten tot gevolg.&nbsp;&nbsp; Met onze nieuwe standaard zijn [&hellip;]","og_url":"https:\/\/www.palletcontroltower.eu\/pt\/sobre-nos\/quem-e-o-pct\/","og_site_name":"Pallet Control Tower","article_modified_time":"2026-02-12T13:02:54+00:00","og_image":[{"width":1800,"height":380,"url":"https:\/\/www.palletcontroltower.eu\/wp-content\/uploads\/2023\/12\/headerbeeld_0011_PalletControlTower_EPAL_forklift_handling_europallets.jpg","type":"image\/jpeg"}],"twitter_card":"summary_large_image","twitter_misc":{"Tempo estimado de leitura":"3 minutos"},"schema":{"@context":"https:\/\/schema.org","@graph":[{"@type":"WebPage","@id":"https:\/\/www.palletcontroltower.eu\/over-ons\/wie-is-pct\/","url":"https:\/\/www.palletcontroltower.eu\/over-ons\/wie-is-pct\/","name":"Quem \u00e9 a PCT? - Torre de Controlo de Paletes","isPartOf":{"@id":"https:\/\/www.palletcontroltower.eu\/#website"},"primaryImageOfPage":{"@id":"https:\/\/www.palletcontroltower.eu\/over-ons\/wie-is-pct\/#primaryimage"},"image":{"@id":"https:\/\/www.palletcontroltower.eu\/over-ons\/wie-is-pct\/#primaryimage"},"thumbnailUrl":"http:\/\/www.palletcontroltower.eu\/wp-content\/uploads\/2023\/12\/headerbeeld_0011_PalletControlTower_EPAL_forklift_handling_europallets.jpg","datePublished":"2023-11-22T08:05:50+00:00","dateModified":"2026-02-12T13:02:54+00:00","breadcrumb":{"@id":"https:\/\/www.palletcontroltower.eu\/over-ons\/wie-is-pct\/#breadcrumb"},"inLanguage":"pt-PT","potentialAction":[{"@type":"ReadAction","target":["https:\/\/www.palletcontroltower.eu\/over-ons\/wie-is-pct\/"]}]},{"@type":"ImageObject","inLanguage":"pt-PT","@id":"https:\/\/www.palletcontroltower.eu\/over-ons\/wie-is-pct\/#primaryimage","url":"http:\/\/www.palletcontroltower.eu\/wp-content\/uploads\/2023\/12\/headerbeeld_0011_PalletControlTower_EPAL_forklift_handling_europallets.jpg","contentUrl":"http:\/\/www.palletcontroltower.eu\/wp-content\/uploads\/2023\/12\/headerbeeld_0011_PalletControlTower_EPAL_forklift_handling_europallets.jpg"},{"@type":"BreadcrumbList","@id":"https:\/\/www.palletcontroltower.eu\/over-ons\/wie-is-pct\/#breadcrumb","itemListElement":[{"@type":"ListItem","position":1,"name":"Home","item":"https:\/\/www.palletcontroltower.eu\/"},{"@type":"ListItem","position":2,"name":"Over ons","item":"https:\/\/www.palletcontroltower.eu\/over-ons\/"},{"@type":"ListItem","position":3,"name":"Wie is PCT?"}]},{"@type":"WebSite","@id":"https:\/\/www.palletcontroltower.eu\/#website","url":"https:\/\/www.palletcontroltower.eu\/","name":"Torre de controlo de paletes","description":"","publisher":{"@id":"https:\/\/www.palletcontroltower.eu\/#organization"},"potentialAction":[{"@type":"SearchAction","target":{"@type":"EntryPoint","urlTemplate":"https:\/\/www.palletcontroltower.eu\/?s={search_term_string}"},"query-input":{"@type":"PropertyValueSpecification","valueRequired":true,"valueName":"search_term_string"}}],"inLanguage":"pt-PT"},{"@type":"Organization","@id":"https:\/\/www.palletcontroltower.eu\/#organization","name":"Torre de controlo de paletes","url":"https:\/\/www.palletcontroltower.eu\/","logo":{"@type":"ImageObject","inLanguage":"pt-PT","@id":"https:\/\/www.palletcontroltower.eu\/#\/schema\/logo\/image\/","url":"https:\/\/www.palletcontroltower.eu\/wp-content\/uploads\/2023\/10\/logo.svg","contentUrl":"https:\/\/www.palletcontroltower.eu\/wp-content\/uploads\/2023\/10\/logo.svg","width":290,"height":87,"caption":"Pallet Control Tower"},"image":{"@id":"https:\/\/www.palletcontroltower.eu\/#\/schema\/logo\/image\/"}}]}},"_links":{"self":[{"href":"https:\/\/www.palletcontroltower.eu\/pt\/wp-json\/wp\/v2\/pages\/66","targetHints":{"allow":["GET"]}}],"collection":[{"href":"https:\/\/www.palletcontroltower.eu\/pt\/wp-json\/wp\/v2\/pages"}],"about":[{"href":"https:\/\/www.palletcontroltower.eu\/pt\/wp-json\/wp\/v2\/types\/page"}],"author":[{"embeddable":true,"href":"https:\/\/www.palletcontroltower.eu\/pt\/wp-json\/wp\/v2\/users\/1"}],"replies":[{"embeddable":true,"href":"https:\/\/www.palletcontroltower.eu\/pt\/wp-json\/wp\/v2\/comments?post=66"}],"version-history":[{"count":25,"href":"https:\/\/www.palletcontroltower.eu\/pt\/wp-json\/wp\/v2\/pages\/66\/revisions"}],"predecessor-version":[{"id":1245,"href":"https:\/\/www.palletcontroltower.eu\/pt\/wp-json\/wp\/v2\/pages\/66\/revisions\/1245"}],"up":[{"embeddable":true,"href":"https:\/\/www.palletcontroltower.eu\/pt\/wp-json\/wp\/v2\/pages\/64"}],"wp:attachment":[{"href":"https:\/\/www.palletcontroltower.eu\/pt\/wp-json\/wp\/v2\/media?parent=66"}],"curies":[{"name":"wp","href":"https:\/\/api.w.org\/{rel}","templated":true}]}}