{"id":1175,"date":"2024-01-17T07:59:51","date_gmt":"2024-01-17T07:59:51","guid":{"rendered":"https:\/\/www.palletcontroltower.eu\/?page_id=1175"},"modified":"2024-01-22T12:59:29","modified_gmt":"2024-01-22T12:59:29","slug":"vodja-racuna","status":"publish","type":"page","link":"https:\/\/www.palletcontroltower.eu\/sl\/vacatures\/accountmanager\/","title":{"rendered":"Vodja ra\u010duna v razli\u010dnih evropskih dr\u017eavah - polni delovni \u010das \/ kraj\u0161i delovni \u010das"},"content":{"rendered":"<p><strong>Imate ve\u010dletne izku\u0161nje na podro\u010dju logistike in\/ali mednarodne trgovine in bi radi naredili naslednji korak v svoji karieri?<\/strong><\/p>\n\n\n\n<p>Potem izkoristite prilo\u017enost in se \u0161e naprej razvijte z nami kot vodja ra\u010duna v eni od na\u0161ih evropskih operativnih regij:<\/p>\n\n\n\n<ul class=\"wp-block-list\">\n<li>Nizozemska, Belgija, Luksemburg,<\/li>\n\n\n\n<li>Nem\u010dija, Avstrija, \u0160vica,<\/li>\n\n\n\n<li>Velika Britanija<\/li>\n\n\n\n<li>Francija<\/li>\n\n\n\n<li>\u0160panija in Portugalska<\/li>\n\n\n\n<li>Italija<\/li>\n\n\n\n<li>Danska, Norve\u0161ka, \u0160vedska, Finska<\/li>\n\n\n\n<li>Estonija, Latvija, Litva, Poljska,<\/li>\n\n\n\n<li>\u010ce\u0161ka, Slova\u0161ka, Mad\u017earska, Romunija,<\/li>\n\n\n\n<li>Srbija, \u010crna gora, Bolgarija, Gr\u010dija<\/li>\n<\/ul>\n\n\n\n<h3 class=\"wp-block-heading\"><strong>Kdo je nadzorni stolp za palete (PCT)?<\/strong><\/h3>\n\n\n\n<p>Smo mednarodno podjetje, ki se ukvarja z evropaleto in drugimi \"povratnimi prevoznimi sredstvi\". Razvili smo spletno platformo 24\/7, na kateri sta nakup in prodaja Europalet hitrej\u0161a, la\u017eja, pametnej\u0161a in bolj trajnostna kot s tradicionalnimi metodami. Na\u0161e stranke so v Evropi, Ameriki\/Kanadi in Aziji. Lahko ra\u010dunate na delo, polno raznolikosti in izzivov.<\/p>\n\n\n\n<p>V vlogi vodje ra\u010duna boste tesno sodelovali z na\u0161im generalnim direktorjem, drugimi evropskimi vodji ra\u010duna in na\u0161imi strankami. Mednarodna logistika in trgovina s paletami je dinami\u010dna in zahtevna panoga. To veste bolje kot kdor koli drug. Zato boste veliko potovali, da bi obiskali na\u0161e stranke in potencialne stranke. Ste usmerjeni v iskanje re\u0161itev in imate mo\u010dan ob\u010dutek za poslovanje. \u010ce ste navdu\u0161eni in vas zanima to delovno mesto, hitro berite naprej!<\/p>\n\n\n\n<h3 class=\"wp-block-heading\"><strong>Kaj vam ponujamo?<\/strong><\/h3>\n\n\n\n<ul class=\"wp-block-list\">\n<li>Zahtevno delo v prijaznem in \u0161e vedno rasto\u010dem podjetju<\/li>\n\n\n\n<li>neodvisnost z veliko mo\u017enosti za oblikovanje lastnega dnevnega urnika<\/li>\n\n\n\n<li>Popolna vzpostavitev doma\u010de pisarne<\/li>\n\n\n\n<li>Konkuren\u010dna pla\u010da, pri \u010demer so pomembne ustrezne izku\u0161nje.<\/li>\n\n\n\n<li>Najem avtomobila, IPada in mobilnega telefona<\/li>\n\n\n\n<li>25 prostih dni in mo\u017enost dokupa dodatnih dni.<\/li>\n\n\n\n<li>Sistem bonusov<\/li>\n<\/ul>\n\n\n\n<h3 class=\"wp-block-heading\"><strong>Koga i\u0161\u010demo?<\/strong><\/h3>\n\n\n\n<p>Ste prakti\u010dni, polni energije in radi prevzamete vodstvo. Ste dejavni, predani in imate podjetni\u0161ki duh. Telefonski klici in neposredni stiki s strankami se vam zdijo samoumevni. \u010ceprav vam samostojno delo ne predstavlja nikakr\u0161nih te\u017eav, znate dobro delovati tudi v ekipi in ste dru\u017eabni.<\/p>\n\n\n\n<ul class=\"wp-block-list\">\n<li>\u017divite v eni od dr\u017eav in ste pripravljeni potovati velik del svojega \u010dasa (&gt; 50%).<\/li>\n\n\n\n<li>Delali boste od doma, ob\u010dasno pa vas bomo videli v glavni pisarni na Nizozemskem.<\/li>\n\n\n\n<li>pragmati\u010dnost, proaktivnost in usmerjenost k iskanju re\u0161itev<\/li>\n\n\n\n<li>Znanje s podro\u010dja mednarodne trgovine in\/ali logistike<\/li>\n\n\n\n<li>Izobra\u017eevanje na ravni MBO+\/HBO<\/li>\n\n\n\n<li>Govorite in pi\u0161ete angle\u0161ko in svoj jezik na profesionalni ravni.<\/li>\n\n\n\n<li>Znanje drugih jezikov je prednost.<\/li>\n\n\n\n<li>Med drugim sodelujemo s storitvami HubSpot in Office 365.<\/li>\n<\/ul>\n\n\n\n<p>Gre za delovno mesto s polnim delovnim \u010dasom (40 ur na teden), po dogovoru je mo\u017een tudi kraj\u0161i delovni \u010das.<\/p>\n\n\n\n<h3 class=\"wp-block-heading\"><strong>Aplikacija<\/strong><\/h3>\n\n\n\n<p>\u0160e vedno sem navdu\u0161en! Razumemo! Potem napi\u0161ite spremno pismo in<br>Skupaj z \u017eivljenjepisom ga po\u0161ljite na naslov Bart Meijnen \uf0e0 info@palletcontroltower.eu. Za vpra\u0161anja\/ve\u010d informacij mu lahko pi\u0161ete tudi po e-po\u0161ti ali ga pokli\u010dete: +31 620530869.<\/p>\n\n\n\n<p><em>Pridobitev kot odgovor na to stali\u0161\u010de ni dobrodo\u0161la.<\/em><\/p>","protected":false},"excerpt":{"rendered":"<p>U heeft meerdere jaren ervaring in de logistieke sector en\/of internationale handel en u zou graag een volgende stap in uw carri\u00e8re willen zetten? Grijp dan nu uw kans om verder te groeien bij ons als account manager in een van onze Europese werkgebieden: Wie is Pallet Control Tower (PCT)? Wij zijn een internationaal bedrijf [&hellip;]<\/p>\n","protected":false},"author":3,"featured_media":0,"parent":70,"menu_order":0,"comment_status":"closed","ping_status":"closed","template":"","meta":{"footnotes":""},"class_list":["post-1175","page","type-page","status-publish","hentry"],"yoast_head":"<!-- This site is optimized with the Yoast SEO plugin v27.6 - https:\/\/yoast.com\/product\/yoast-seo-wordpress\/ -->\n<title>Account manager diverse Europese landen \u2013 fulltime \/ parttime - Pallet Control Tower<\/title>\n<meta name=\"description\" content=\"Pallet Control Tower is op zoek naar een ervaren account manager, internationale handel of supply chain, voor een van onze werkgebieden\" \/>\n<meta name=\"robots\" content=\"index, follow, max-snippet:-1, max-image-preview:large, max-video-preview:-1\" \/>\n<link rel=\"canonical\" href=\"https:\/\/www.palletcontroltower.eu\/sl\/prosta-delovna-mesta\/primer-prostega-delovnega-mesta-1\/\" \/>\n<meta property=\"og:locale\" content=\"sl_SI\" \/>\n<meta property=\"og:type\" content=\"article\" \/>\n<meta property=\"og:title\" content=\"Account manager diverse Europese landen \u2013 fulltime \/ parttime - Pallet Control Tower\" \/>\n<meta property=\"og:description\" content=\"Pallet Control Tower is op zoek naar een ervaren account manager, internationale handel of supply chain, voor een van onze werkgebieden\" \/>\n<meta property=\"og:url\" content=\"https:\/\/www.palletcontroltower.eu\/sl\/prosta-delovna-mesta\/primer-prostega-delovnega-mesta-1\/\" \/>\n<meta property=\"og:site_name\" content=\"Pallet Control Tower\" \/>\n<meta property=\"article:modified_time\" content=\"2024-01-22T12:59:29+00:00\" \/>\n<meta name=\"twitter:card\" content=\"summary_large_image\" \/>\n<meta name=\"twitter:label1\" content=\"Est. reading time\" \/>\n\t<meta name=\"twitter:data1\" content=\"3 minute\" \/>\n<script type=\"application\/ld+json\" class=\"yoast-schema-graph\">{\"@context\":\"https:\\\/\\\/schema.org\",\"@graph\":[{\"@type\":\"WebPage\",\"@id\":\"https:\\\/\\\/www.palletcontroltower.eu\\\/hu\\\/allasajanlatok\\\/pelda-ures-allashely-1\\\/\",\"url\":\"https:\\\/\\\/www.palletcontroltower.eu\\\/hu\\\/allasajanlatok\\\/pelda-ures-allashely-1\\\/\",\"name\":\"Account manager diverse Europese landen \u2013 fulltime \\\/ parttime - Pallet Control Tower\",\"isPartOf\":{\"@id\":\"https:\\\/\\\/www.palletcontroltower.eu\\\/#website\"},\"datePublished\":\"2024-01-17T07:59:51+00:00\",\"dateModified\":\"2024-01-22T12:59:29+00:00\",\"description\":\"Pallet Control Tower is op zoek naar een ervaren account manager, internationale handel of supply chain, voor een van onze werkgebieden\",\"breadcrumb\":{\"@id\":\"https:\\\/\\\/www.palletcontroltower.eu\\\/hu\\\/allasajanlatok\\\/pelda-ures-allashely-1\\\/#breadcrumb\"},\"inLanguage\":\"sl-SI\",\"potentialAction\":[{\"@type\":\"ReadAction\",\"target\":[\"https:\\\/\\\/www.palletcontroltower.eu\\\/hu\\\/allasajanlatok\\\/pelda-ures-allashely-1\\\/\"]}]},{\"@type\":\"BreadcrumbList\",\"@id\":\"https:\\\/\\\/www.palletcontroltower.eu\\\/hu\\\/allasajanlatok\\\/pelda-ures-allashely-1\\\/#breadcrumb\",\"itemListElement\":[{\"@type\":\"ListItem\",\"position\":1,\"name\":\"Home\",\"item\":\"https:\\\/\\\/www.palletcontroltower.eu\\\/\"},{\"@type\":\"ListItem\",\"position\":2,\"name\":\"Vacatures\",\"item\":\"https:\\\/\\\/www.palletcontroltower.eu\\\/vacatures\\\/\"},{\"@type\":\"ListItem\",\"position\":3,\"name\":\"Account manager diverse Europese landen \u2013 fulltime \\\/ parttime\"}]},{\"@type\":\"WebSite\",\"@id\":\"https:\\\/\\\/www.palletcontroltower.eu\\\/#website\",\"url\":\"https:\\\/\\\/www.palletcontroltower.eu\\\/\",\"name\":\"Pallet Control Tower\",\"description\":\"\",\"publisher\":{\"@id\":\"https:\\\/\\\/www.palletcontroltower.eu\\\/#organization\"},\"potentialAction\":[{\"@type\":\"SearchAction\",\"target\":{\"@type\":\"EntryPoint\",\"urlTemplate\":\"https:\\\/\\\/www.palletcontroltower.eu\\\/?s={search_term_string}\"},\"query-input\":{\"@type\":\"PropertyValueSpecification\",\"valueRequired\":true,\"valueName\":\"search_term_string\"}}],\"inLanguage\":\"sl-SI\"},{\"@type\":\"Organization\",\"@id\":\"https:\\\/\\\/www.palletcontroltower.eu\\\/#organization\",\"name\":\"Pallet Control Tower\",\"url\":\"https:\\\/\\\/www.palletcontroltower.eu\\\/\",\"logo\":{\"@type\":\"ImageObject\",\"inLanguage\":\"sl-SI\",\"@id\":\"https:\\\/\\\/www.palletcontroltower.eu\\\/#\\\/schema\\\/logo\\\/image\\\/\",\"url\":\"https:\\\/\\\/www.palletcontroltower.eu\\\/wp-content\\\/uploads\\\/2023\\\/10\\\/logo.svg\",\"contentUrl\":\"https:\\\/\\\/www.palletcontroltower.eu\\\/wp-content\\\/uploads\\\/2023\\\/10\\\/logo.svg\",\"width\":290,\"height\":87,\"caption\":\"Pallet Control Tower\"},\"image\":{\"@id\":\"https:\\\/\\\/www.palletcontroltower.eu\\\/#\\\/schema\\\/logo\\\/image\\\/\"}}]}<\/script>\n<!-- \/ Yoast SEO plugin. -->","yoast_head_json":{"title":"Vodja naro\u010dnikov v razli\u010dnih evropskih dr\u017eavah - polni delovni \u010das \/ polovi\u010dni delovni \u010das - Pallet Control Tower","description":"Podjetje Pallet Control Tower i\u0161\u010de izku\u0161enega vodjo naro\u010dnika za mednarodno trgovino ali oskrbovalno verigo za eno od na\u0161ih podro\u010dij delovanja.","robots":{"index":"index","follow":"follow","max-snippet":"max-snippet:-1","max-image-preview":"max-image-preview:large","max-video-preview":"max-video-preview:-1"},"canonical":"https:\/\/www.palletcontroltower.eu\/sl\/prosta-delovna-mesta\/primer-prostega-delovnega-mesta-1\/","og_locale":"sl_SI","og_type":"article","og_title":"Account manager diverse Europese landen \u2013 fulltime \/ parttime - Pallet Control Tower","og_description":"Pallet Control Tower is op zoek naar een ervaren account manager, internationale handel of supply chain, voor een van onze werkgebieden","og_url":"https:\/\/www.palletcontroltower.eu\/sl\/prosta-delovna-mesta\/primer-prostega-delovnega-mesta-1\/","og_site_name":"Pallet Control Tower","article_modified_time":"2024-01-22T12:59:29+00:00","twitter_card":"summary_large_image","twitter_misc":{"Est. reading time":"3 minute"},"schema":{"@context":"https:\/\/schema.org","@graph":[{"@type":"WebPage","@id":"https:\/\/www.palletcontroltower.eu\/hu\/allasajanlatok\/pelda-ures-allashely-1\/","url":"https:\/\/www.palletcontroltower.eu\/hu\/allasajanlatok\/pelda-ures-allashely-1\/","name":"Vodja naro\u010dnikov v razli\u010dnih evropskih dr\u017eavah - polni delovni \u010das \/ polovi\u010dni delovni \u010das - Pallet Control Tower","isPartOf":{"@id":"https:\/\/www.palletcontroltower.eu\/#website"},"datePublished":"2024-01-17T07:59:51+00:00","dateModified":"2024-01-22T12:59:29+00:00","description":"Podjetje Pallet Control Tower i\u0161\u010de izku\u0161enega vodjo naro\u010dnika za mednarodno trgovino ali oskrbovalno verigo za eno od na\u0161ih podro\u010dij delovanja.","breadcrumb":{"@id":"https:\/\/www.palletcontroltower.eu\/hu\/allasajanlatok\/pelda-ures-allashely-1\/#breadcrumb"},"inLanguage":"sl-SI","potentialAction":[{"@type":"ReadAction","target":["https:\/\/www.palletcontroltower.eu\/hu\/allasajanlatok\/pelda-ures-allashely-1\/"]}]},{"@type":"BreadcrumbList","@id":"https:\/\/www.palletcontroltower.eu\/hu\/allasajanlatok\/pelda-ures-allashely-1\/#breadcrumb","itemListElement":[{"@type":"ListItem","position":1,"name":"Home","item":"https:\/\/www.palletcontroltower.eu\/"},{"@type":"ListItem","position":2,"name":"Vacatures","item":"https:\/\/www.palletcontroltower.eu\/vacatures\/"},{"@type":"ListItem","position":3,"name":"Account manager diverse Europese landen \u2013 fulltime \/ parttime"}]},{"@type":"WebSite","@id":"https:\/\/www.palletcontroltower.eu\/#website","url":"https:\/\/www.palletcontroltower.eu\/","name":"Nadzorni stolp za palete","description":"","publisher":{"@id":"https:\/\/www.palletcontroltower.eu\/#organization"},"potentialAction":[{"@type":"SearchAction","target":{"@type":"EntryPoint","urlTemplate":"https:\/\/www.palletcontroltower.eu\/?s={search_term_string}"},"query-input":{"@type":"PropertyValueSpecification","valueRequired":true,"valueName":"search_term_string"}}],"inLanguage":"sl-SI"},{"@type":"Organization","@id":"https:\/\/www.palletcontroltower.eu\/#organization","name":"Nadzorni stolp za palete","url":"https:\/\/www.palletcontroltower.eu\/","logo":{"@type":"ImageObject","inLanguage":"sl-SI","@id":"https:\/\/www.palletcontroltower.eu\/#\/schema\/logo\/image\/","url":"https:\/\/www.palletcontroltower.eu\/wp-content\/uploads\/2023\/10\/logo.svg","contentUrl":"https:\/\/www.palletcontroltower.eu\/wp-content\/uploads\/2023\/10\/logo.svg","width":290,"height":87,"caption":"Pallet Control Tower"},"image":{"@id":"https:\/\/www.palletcontroltower.eu\/#\/schema\/logo\/image\/"}}]}},"_links":{"self":[{"href":"https:\/\/www.palletcontroltower.eu\/sl\/wp-json\/wp\/v2\/pages\/1175","targetHints":{"allow":["GET"]}}],"collection":[{"href":"https:\/\/www.palletcontroltower.eu\/sl\/wp-json\/wp\/v2\/pages"}],"about":[{"href":"https:\/\/www.palletcontroltower.eu\/sl\/wp-json\/wp\/v2\/types\/page"}],"author":[{"embeddable":true,"href":"https:\/\/www.palletcontroltower.eu\/sl\/wp-json\/wp\/v2\/users\/3"}],"replies":[{"embeddable":true,"href":"https:\/\/www.palletcontroltower.eu\/sl\/wp-json\/wp\/v2\/comments?post=1175"}],"version-history":[{"count":3,"href":"https:\/\/www.palletcontroltower.eu\/sl\/wp-json\/wp\/v2\/pages\/1175\/revisions"}],"predecessor-version":[{"id":1196,"href":"https:\/\/www.palletcontroltower.eu\/sl\/wp-json\/wp\/v2\/pages\/1175\/revisions\/1196"}],"up":[{"embeddable":true,"href":"https:\/\/www.palletcontroltower.eu\/sl\/wp-json\/wp\/v2\/pages\/70"}],"wp:attachment":[{"href":"https:\/\/www.palletcontroltower.eu\/sl\/wp-json\/wp\/v2\/media?parent=1175"}],"curies":[{"name":"wp","href":"https:\/\/api.w.org\/{rel}","templated":true}]}}