{"id":1178,"date":"2024-01-17T08:00:50","date_gmt":"2024-01-17T08:00:50","guid":{"rendered":"https:\/\/www.palletcontroltower.eu\/?page_id=1178"},"modified":"2024-01-22T13:02:20","modified_gmt":"2024-01-22T13:02:20","slug":"mlajsi-pomocnik-za-trzenje-v-pisarni","status":"publish","type":"page","link":"https:\/\/www.palletcontroltower.eu\/sl\/vacatures\/junior-office-marketing-medewerker\/","title":{"rendered":"(Mlaj\u0161i) Pisarni\u0161ki pomo\u010dnik \/ pomo\u010dnik v marketingu - polovi\u010dni\/polni delovni \u010das"},"content":{"rendered":"<p><strong>Ste na za\u010detku svoje poklicne poti ali \u017ee imate prve delovne izku\u0161nje na delovnem mestu v marketingu\/komunikacijah in\/ali pisarni\u0161kem vodenju in bi radi naredili naslednji korak v svoji karieri?<\/strong><\/p>\n\n\n\n<p>Potem izkoristite prilo\u017enost in rastite z nami kot (mlaj\u0161i) pomo\u010dnik v pisarni in marketingu!<\/p>\n\n\n\n<h3 class=\"wp-block-heading\"><strong>Spra\u0161ujete, kdo je nadzorni stolp za palete (PCT)?<\/strong><\/h3>\n\n\n\n<p>Smo mednarodno podjetje, ki se ukvarja z evropaleto in drugimi \"povratnimi prevoznimi sredstvi\". Razvili smo evropsko spletno platformo, na kateri sta nakup in prodaja Europalet hitrej\u0161a, la\u017eja in bolj trajnostna kot na tradicionalen na\u010din. Na\u0161 portfelj strank je evropski in svetovni. Lahko ra\u010dunate na delo, polno raznolikosti in izzivov.<\/p>\n\n\n\n<p>Na delovnem mestu pisarni\u0161kega in marketin\u0161kega pomo\u010dnika boste tesno sodelovali z mednarodnimi vodji naro\u010dnikov in strankami. Skrbeli boste za podporo pri tr\u017eenju in komuniciranju, na primer za pripravo lastnih medijev, ustvarjanje vsebin, organizacijo udele\u017eb na sejmih, vzdr\u017eevanje kanalov dru\u017ebenih medijev, komuniciranje s strankami in potencialnimi strankami. Poskrbite tudi za a\u017eurnost dnevnikov vodij poslovodij, rezervirate njihova potovanja (vklju\u010dno s hoteli\/najetimi avtomobili) in ste vez med finan\u010dnim oddelkom in vodji poslovodij. Eno od orodij, ki jih uporabljamo, je HubSpot. \u010ce vas je to delovno mesto navdu\u0161ilo in vas zanima, hitro berite naprej!<\/p>\n\n\n\n<h3 class=\"wp-block-heading\"><strong>Kaj vam ponujamo?<\/strong><\/h3>\n\n\n\n<ul class=\"wp-block-list\">\n<li>Neposredna zaposlitev pri PCT<\/li>\n\n\n\n<li>prijazna (\u0161e vedno rasto\u010da) mednarodna ekipa<\/li>\n\n\n\n<li>Vloga na podro\u010dju komercialnih komunikacij, polna raznolikosti in izzivov.<\/li>\n\n\n\n<li>Dinami\u010den trg, ki se nenehno razvija<\/li>\n\n\n\n<li>Usmerjanje in dolgoro\u010dne poklicne prilo\u017enosti<\/li>\n\n\n\n<li>Mo\u017eno je hibridno delo<\/li>\n\n\n\n<li>Konkuren\u010dna pla\u010da<\/li>\n<\/ul>\n\n\n\n<h3 class=\"wp-block-heading\"><strong>Koga i\u0161\u010demo?<\/strong><\/h3>\n\n\n\n<p>Ste prakti\u010dni, polni energije in radi sami prevzamete vodenje. Ste dejavni, predani in imate podjetni\u0161ki duh. Brez te\u017eav vzpostavljate telefonske stike in po mo\u017enosti sami dvigujete telefon za pogovore. Samostojno delo vam ne predstavlja te\u017eav, dobro lahko delujete v skupini in ste dru\u017eabno naravnani.<\/p>\n\n\n\n<ul class=\"wp-block-list\">\n<li>Pisateljski talent pur sang<\/li>\n\n\n\n<li>poznavanje spletnega in offline komuniciranja, kot sta LinkedIn (ogla\u0161evanje) in MailChimp<\/li>\n\n\n\n<li>poznavanje Office 365, po mo\u017enosti Canva, InDesign in\/ali Photoshop<\/li>\n\n\n\n<li>odli\u010dno znanje nizozem\u0161\u010dine in angle\u0161\u010dine (in po mo\u017enosti drugih jezikov)<\/li>\n\n\n\n<li>\u017divljenje na obmo\u010dju Roermond<\/li>\n\n\n\n<li>Delovno mesto je lahko s kraj\u0161im delovnim \u010dasom (24 ali 32 ur) ali s polnim delovnim \u010dasom.<\/li>\n<\/ul>\n\n\n\n<h3 class=\"wp-block-heading\"><strong>Aplikacija<\/strong><\/h3>\n\n\n\n<p>\u0160e vedno sem navdu\u0161en! To razumemo! Potem napi\u0161ite motivacijsko pismo in ga skupaj z \u017eivljenjepisom po\u0161ljite Bart Meijnen: info@palletcontroltower.eu. Lahko mu tudi pi\u0161ete po elektronski po\u0161ti ali ga pokli\u010dete za vpra\u0161anja\/ve\u010d informacij: +31 620530869.<\/p>\n\n\n\n<p><em>Pridobitev kot odgovor na to stali\u0161\u010de ni dobrodo\u0161la<\/em><\/p>","protected":false},"excerpt":{"rendered":"<p>Sta je aan het begin van je loopbaan of heb je al een eerste werkervaring in een marketing\/communicatie en\/of office management functie en zou je graag de volgende stap in je carri\u00e8re willen zetten? Grijp dan nu je kans om te groeien bij ons als (junior) office- en marketingmedewerker! Wie is Pallet Control Tower (PCT) [&hellip;]<\/p>\n","protected":false},"author":3,"featured_media":0,"parent":70,"menu_order":0,"comment_status":"closed","ping_status":"closed","template":"","meta":{"footnotes":""},"class_list":["post-1178","page","type-page","status-publish","hentry"],"yoast_head":"<!-- This site is optimized with the Yoast SEO plugin v27.3 - https:\/\/yoast.com\/product\/yoast-seo-wordpress\/ -->\n<title>(Junior) Office \/ Marketing medewerker \u2013 parttime\/fulltime - Pallet Control Tower<\/title>\n<meta name=\"description\" content=\"PCT is op zoek naar een office \/ marketing medewerker die de spin in het web is op ons hoofdkantoor voor marketing en office activiteiten\" \/>\n<meta name=\"robots\" content=\"index, follow, max-snippet:-1, max-image-preview:large, max-video-preview:-1\" \/>\n<link rel=\"canonical\" href=\"https:\/\/www.palletcontroltower.eu\/sl\/prosta-delovna-mesta\/primer-prostega-delovnega-mesta-2\/\" \/>\n<meta property=\"og:locale\" content=\"sl_SI\" \/>\n<meta property=\"og:type\" content=\"article\" \/>\n<meta property=\"og:title\" content=\"(Junior) Office \/ Marketing medewerker \u2013 parttime\/fulltime - Pallet Control Tower\" \/>\n<meta property=\"og:description\" content=\"PCT is op zoek naar een office \/ marketing medewerker die de spin in het web is op ons hoofdkantoor voor marketing en office activiteiten\" \/>\n<meta property=\"og:url\" content=\"https:\/\/www.palletcontroltower.eu\/sl\/prosta-delovna-mesta\/primer-prostega-delovnega-mesta-2\/\" \/>\n<meta property=\"og:site_name\" content=\"Pallet Control Tower\" \/>\n<meta property=\"article:modified_time\" content=\"2024-01-22T13:02:20+00:00\" \/>\n<meta name=\"twitter:card\" content=\"summary_large_image\" \/>\n<meta name=\"twitter:label1\" content=\"Est. reading time\" \/>\n\t<meta name=\"twitter:data1\" content=\"3 minute\" \/>\n<script type=\"application\/ld+json\" class=\"yoast-schema-graph\">{\"@context\":\"https:\\\/\\\/schema.org\",\"@graph\":[{\"@type\":\"WebPage\",\"@id\":\"https:\\\/\\\/www.palletcontroltower.eu\\\/hu\\\/allasajanlatok\\\/pelda-ures-allashely-2\\\/\",\"url\":\"https:\\\/\\\/www.palletcontroltower.eu\\\/hu\\\/allasajanlatok\\\/pelda-ures-allashely-2\\\/\",\"name\":\"(Junior) Office \\\/ Marketing medewerker \u2013 parttime\\\/fulltime - Pallet Control Tower\",\"isPartOf\":{\"@id\":\"https:\\\/\\\/www.palletcontroltower.eu\\\/#website\"},\"datePublished\":\"2024-01-17T08:00:50+00:00\",\"dateModified\":\"2024-01-22T13:02:20+00:00\",\"description\":\"PCT is op zoek naar een office \\\/ marketing medewerker die de spin in het web is op ons hoofdkantoor voor marketing en office activiteiten\",\"breadcrumb\":{\"@id\":\"https:\\\/\\\/www.palletcontroltower.eu\\\/hu\\\/allasajanlatok\\\/pelda-ures-allashely-2\\\/#breadcrumb\"},\"inLanguage\":\"sl-SI\",\"potentialAction\":[{\"@type\":\"ReadAction\",\"target\":[\"https:\\\/\\\/www.palletcontroltower.eu\\\/hu\\\/allasajanlatok\\\/pelda-ures-allashely-2\\\/\"]}]},{\"@type\":\"BreadcrumbList\",\"@id\":\"https:\\\/\\\/www.palletcontroltower.eu\\\/hu\\\/allasajanlatok\\\/pelda-ures-allashely-2\\\/#breadcrumb\",\"itemListElement\":[{\"@type\":\"ListItem\",\"position\":1,\"name\":\"Home\",\"item\":\"https:\\\/\\\/www.palletcontroltower.eu\\\/\"},{\"@type\":\"ListItem\",\"position\":2,\"name\":\"Vacatures\",\"item\":\"https:\\\/\\\/www.palletcontroltower.eu\\\/vacatures\\\/\"},{\"@type\":\"ListItem\",\"position\":3,\"name\":\"(Junior) Office \\\/ Marketing medewerker \u2013 parttime\\\/fulltime\"}]},{\"@type\":\"WebSite\",\"@id\":\"https:\\\/\\\/www.palletcontroltower.eu\\\/#website\",\"url\":\"https:\\\/\\\/www.palletcontroltower.eu\\\/\",\"name\":\"Pallet Control Tower\",\"description\":\"\",\"publisher\":{\"@id\":\"https:\\\/\\\/www.palletcontroltower.eu\\\/#organization\"},\"potentialAction\":[{\"@type\":\"SearchAction\",\"target\":{\"@type\":\"EntryPoint\",\"urlTemplate\":\"https:\\\/\\\/www.palletcontroltower.eu\\\/?s={search_term_string}\"},\"query-input\":{\"@type\":\"PropertyValueSpecification\",\"valueRequired\":true,\"valueName\":\"search_term_string\"}}],\"inLanguage\":\"sl-SI\"},{\"@type\":\"Organization\",\"@id\":\"https:\\\/\\\/www.palletcontroltower.eu\\\/#organization\",\"name\":\"Pallet Control Tower\",\"url\":\"https:\\\/\\\/www.palletcontroltower.eu\\\/\",\"logo\":{\"@type\":\"ImageObject\",\"inLanguage\":\"sl-SI\",\"@id\":\"https:\\\/\\\/www.palletcontroltower.eu\\\/#\\\/schema\\\/logo\\\/image\\\/\",\"url\":\"https:\\\/\\\/www.palletcontroltower.eu\\\/wp-content\\\/uploads\\\/2023\\\/10\\\/logo.svg\",\"contentUrl\":\"https:\\\/\\\/www.palletcontroltower.eu\\\/wp-content\\\/uploads\\\/2023\\\/10\\\/logo.svg\",\"width\":290,\"height\":87,\"caption\":\"Pallet Control Tower\"},\"image\":{\"@id\":\"https:\\\/\\\/www.palletcontroltower.eu\\\/#\\\/schema\\\/logo\\\/image\\\/\"}}]}<\/script>\n<!-- \/ Yoast SEO plugin. -->","yoast_head_json":{"title":"(Mlaj\u0161i) Pisarni\u0161ki pomo\u010dnik \/ pomo\u010dnik v marketingu - polni delovni \u010das - Pallet Control Tower","description":"PCT i\u0161\u010de pisarni\u0161kega\/marketin\u0161kega pomo\u010dnika, ki bo v na\u0161i glavni pisarni skrbel za marketin\u0161ke in pisarni\u0161ke dejavnosti.","robots":{"index":"index","follow":"follow","max-snippet":"max-snippet:-1","max-image-preview":"max-image-preview:large","max-video-preview":"max-video-preview:-1"},"canonical":"https:\/\/www.palletcontroltower.eu\/sl\/prosta-delovna-mesta\/primer-prostega-delovnega-mesta-2\/","og_locale":"sl_SI","og_type":"article","og_title":"(Junior) Office \/ Marketing medewerker \u2013 parttime\/fulltime - Pallet Control Tower","og_description":"PCT is op zoek naar een office \/ marketing medewerker die de spin in het web is op ons hoofdkantoor voor marketing en office activiteiten","og_url":"https:\/\/www.palletcontroltower.eu\/sl\/prosta-delovna-mesta\/primer-prostega-delovnega-mesta-2\/","og_site_name":"Pallet Control Tower","article_modified_time":"2024-01-22T13:02:20+00:00","twitter_card":"summary_large_image","twitter_misc":{"Est. reading time":"3 minute"},"schema":{"@context":"https:\/\/schema.org","@graph":[{"@type":"WebPage","@id":"https:\/\/www.palletcontroltower.eu\/hu\/allasajanlatok\/pelda-ures-allashely-2\/","url":"https:\/\/www.palletcontroltower.eu\/hu\/allasajanlatok\/pelda-ures-allashely-2\/","name":"(Mlaj\u0161i) Pisarni\u0161ki pomo\u010dnik \/ pomo\u010dnik v marketingu - polni delovni \u010das - Pallet Control Tower","isPartOf":{"@id":"https:\/\/www.palletcontroltower.eu\/#website"},"datePublished":"2024-01-17T08:00:50+00:00","dateModified":"2024-01-22T13:02:20+00:00","description":"PCT i\u0161\u010de pisarni\u0161kega\/marketin\u0161kega pomo\u010dnika, ki bo v na\u0161i glavni pisarni skrbel za marketin\u0161ke in pisarni\u0161ke dejavnosti.","breadcrumb":{"@id":"https:\/\/www.palletcontroltower.eu\/hu\/allasajanlatok\/pelda-ures-allashely-2\/#breadcrumb"},"inLanguage":"sl-SI","potentialAction":[{"@type":"ReadAction","target":["https:\/\/www.palletcontroltower.eu\/hu\/allasajanlatok\/pelda-ures-allashely-2\/"]}]},{"@type":"BreadcrumbList","@id":"https:\/\/www.palletcontroltower.eu\/hu\/allasajanlatok\/pelda-ures-allashely-2\/#breadcrumb","itemListElement":[{"@type":"ListItem","position":1,"name":"Home","item":"https:\/\/www.palletcontroltower.eu\/"},{"@type":"ListItem","position":2,"name":"Vacatures","item":"https:\/\/www.palletcontroltower.eu\/vacatures\/"},{"@type":"ListItem","position":3,"name":"(Junior) Office \/ Marketing medewerker \u2013 parttime\/fulltime"}]},{"@type":"WebSite","@id":"https:\/\/www.palletcontroltower.eu\/#website","url":"https:\/\/www.palletcontroltower.eu\/","name":"Nadzorni stolp za palete","description":"","publisher":{"@id":"https:\/\/www.palletcontroltower.eu\/#organization"},"potentialAction":[{"@type":"SearchAction","target":{"@type":"EntryPoint","urlTemplate":"https:\/\/www.palletcontroltower.eu\/?s={search_term_string}"},"query-input":{"@type":"PropertyValueSpecification","valueRequired":true,"valueName":"search_term_string"}}],"inLanguage":"sl-SI"},{"@type":"Organization","@id":"https:\/\/www.palletcontroltower.eu\/#organization","name":"Nadzorni stolp za palete","url":"https:\/\/www.palletcontroltower.eu\/","logo":{"@type":"ImageObject","inLanguage":"sl-SI","@id":"https:\/\/www.palletcontroltower.eu\/#\/schema\/logo\/image\/","url":"https:\/\/www.palletcontroltower.eu\/wp-content\/uploads\/2023\/10\/logo.svg","contentUrl":"https:\/\/www.palletcontroltower.eu\/wp-content\/uploads\/2023\/10\/logo.svg","width":290,"height":87,"caption":"Pallet Control Tower"},"image":{"@id":"https:\/\/www.palletcontroltower.eu\/#\/schema\/logo\/image\/"}}]}},"_links":{"self":[{"href":"https:\/\/www.palletcontroltower.eu\/sl\/wp-json\/wp\/v2\/pages\/1178","targetHints":{"allow":["GET"]}}],"collection":[{"href":"https:\/\/www.palletcontroltower.eu\/sl\/wp-json\/wp\/v2\/pages"}],"about":[{"href":"https:\/\/www.palletcontroltower.eu\/sl\/wp-json\/wp\/v2\/types\/page"}],"author":[{"embeddable":true,"href":"https:\/\/www.palletcontroltower.eu\/sl\/wp-json\/wp\/v2\/users\/3"}],"replies":[{"embeddable":true,"href":"https:\/\/www.palletcontroltower.eu\/sl\/wp-json\/wp\/v2\/comments?post=1178"}],"version-history":[{"count":6,"href":"https:\/\/www.palletcontroltower.eu\/sl\/wp-json\/wp\/v2\/pages\/1178\/revisions"}],"predecessor-version":[{"id":1198,"href":"https:\/\/www.palletcontroltower.eu\/sl\/wp-json\/wp\/v2\/pages\/1178\/revisions\/1198"}],"up":[{"embeddable":true,"href":"https:\/\/www.palletcontroltower.eu\/sl\/wp-json\/wp\/v2\/pages\/70"}],"wp:attachment":[{"href":"https:\/\/www.palletcontroltower.eu\/sl\/wp-json\/wp\/v2\/media?parent=1178"}],"curies":[{"name":"wp","href":"https:\/\/api.w.org\/{rel}","templated":true}]}}