{"id":19,"date":"2023-11-22T07:58:45","date_gmt":"2023-11-22T07:58:45","guid":{"rendered":"http:\/\/www.palletcontroltower.eu\/?page_id=19"},"modified":"2024-01-08T14:09:55","modified_gmt":"2024-01-08T14:09:55","slug":"kaj-pocnemo","status":"publish","type":"page","link":"https:\/\/www.palletcontroltower.eu\/sl\/hoe-werkt-het\/wat-wij-doen\/","title":{"rendered":"Kaj po\u010dnemo"},"content":{"rendered":"<figure class=\"wp-block-embed is-type-video is-provider-youtube wp-block-embed-youtube wp-embed-aspect-16-9 wp-has-aspect-ratio\"><div class=\"wp-block-embed__wrapper\">\n<iframe title=\"Stolp za nadzor palet - kako deluje\" width=\"800\" height=\"450\" src=\"https:\/\/www.youtube.com\/embed\/C0PJ3iyygi4?feature=oembed\" frameborder=\"0\" allow=\"accelerometer; autoplay; clipboard-write; encrypted-media; gyroscope; picture-in-picture; web-share\" allowfullscreen><\/iframe>\n<\/div><\/figure>\n\n\n\n<div class=\"wp-block-columns is-layout-flex wp-container-core-columns-is-layout-28f84493 wp-block-columns-is-layout-flex\">\n<div class=\"wp-block-column is-layout-flow wp-block-column-is-layout-flow\">\n<h2 class=\"wp-block-heading\"><strong>Kako deluje PCT Online<\/strong><\/h2>\n\n\n\n<p>Na spletnem portalu se lahko preprosto prijavite in opravite vse korake za naro\u010dila \"prevzema\" in \"dostave\" evropskih palet. Poleg teh dveh modulov je samo za prevoznike in DC-je na voljo tudi modul \"Teko\u010di ra\u010dun\".<\/p>\n\n\n\n<p>Postopek ujemanja je mogo\u010de v celoti spremljati. Vsa zgodovina se ohrani, zato je vedno razvidno, kdo je za\u010del kaj in kdaj.<\/p>\n\n\n\n<p>PCT Online je na voljo na osebnih in tabli\u010dnih ra\u010dunalnikih ter mobilnih napravah in je zdru\u017eljiv z ve\u010dino logisti\u010dnih sistemov ERP, WMS in VMS.<\/p>\n\n\n\n<h2 class=\"wp-block-heading\"><strong>Zbirka<\/strong>&nbsp;<\/h2>\n\n\n\n<p>Oddaja palet \u0161e nikoli ni bila enostavnej\u0161a. Po registraciji v PCT Online sledi postopek ujemanja, v katerem je najbolj\u0161e ujemanje zagotovljeno s pologom. Po zbiranju, razvr\u0161\u010danju in vrednotenju se vrednost pripi\u0161e na va\u0161e stanje e-kreditov.&nbsp;<\/p>\n\n\n\n<p>Poleg vseh vrst palet lahko v skladi\u0161\u010dih oddate vse vra\u010dljive prevozne predmete (RTI), ki jih lahko ovrednotimo. Vrednost se izpla\u010da z na\u0161imi e-krediti.&nbsp;<\/p>\n\n\n\n<h2 class=\"wp-block-heading\"><strong>Dostava<\/strong>&nbsp;<\/h2>\n\n\n\n<p>V programu PCT Online navedite potrebo po paletah. Nato se spro\u017ei postopek ujemanja, da se izbere skladi\u0161\u010de z najbolj\u0161imi pogoji. Uporabite lahko tudi svoje zaupanja vredno skladi\u0161\u010de. Potrdite ujemanje v PCT Online in naro\u010dilo bo izvedeno.&nbsp;<\/p>\n\n\n\n<p>Dostava se zara\u010duna z e-krediti, zgodovino pa lahko spremljate na nadzorni plo\u0161\u010di v PCT Online. <\/p>\n\n\n\n<h2 class=\"wp-block-heading\"><strong>e-krediti<\/strong>&nbsp;<\/h2>\n\n\n\n<p>E-kredit je na\u0161e virtualno sredstvo za poravnavo in pla\u010dilo ter predstavlja vrednost 1 rabljene palete v evrih kakovosti A. Vrednost v evrih je povezana z neodvisnim indeksom nem\u0161kega <a href=\"https:\/\/www.euwid-holz.de\/\" data-type=\"link\" data-id=\"https:\/\/www.euwid-holz.de\/\" target=\"_blank\" rel=\"noreferrer noopener\">EUWID - Holz und M\u00f6bel<\/a>.&nbsp;<\/p>\n\n\n\n<p>e-krediti so prosto prenosljivi med stanji vseh uporabnikov PCT Online. Po prevzemu se pripi\u0161ejo v dobro stanja, po dostavi pa v breme. Poleg tega lahko e-kredite kupite lo\u010deno od PCT.&nbsp;<\/p>\n\n\n\n<p>e-krediti niso predmet DDV (!) in re\u0161ujejo tudi vpra\u0161anje mednarodnega DDV, ki se nana\u0161a na zbiranje in dostavo. Enostaven na\u010din!&nbsp;<\/p>\n\n\n\n<h2 class=\"wp-block-heading\"><strong>Teko\u010di ra\u010dun<\/strong>&nbsp;<\/h2>\n\n\n\n<p>Posebej za prevoznike je na voljo modul za teko\u010di ra\u010dun. Enostavno spremljajte stanja med po\u0161iljatelji, prevozniki in prejemniki blaga glede na tokove palet.&nbsp;<\/p>\n\n\n\n<p>Teko\u010di ra\u010dun deluje s tehnologijo BlockChain in ga pozneje ni mogo\u010de spremeniti. To zagotavlja preglednost in varnost za vse vpletene. V spletni storitvi PCT Online lahko vsakdo spremlja napredek.&nbsp;<\/p>\n\n\n\n<p><strong>Ste pripravljeni na prihodnost zdru\u017eevanja palet?<\/strong>&nbsp;<\/p>\n<\/div>\n<\/div>\n\n\n\n<hr class=\"wp-block-separator has-alpha-channel-opacity\"\/>\n\n\n\n<div class=\"wp-block-buttons is-content-justification-center is-layout-flex wp-container-core-buttons-is-layout-a89b3969 wp-block-buttons-is-layout-flex\">\n<div class=\"wp-block-button is-style-fill\"><a class=\"wp-block-button__link has-white-color has-green-background-color has-text-color has-background has-link-color wp-element-button\" href=\"https:\/\/portal.pct-online.eu\/register\" target=\"_blank\" rel=\"noreferrer noopener\">Aktivirajte svoj ra\u010dun<\/a><\/div>\n<\/div>\n\n\n\n<hr class=\"wp-block-separator has-alpha-channel-opacity\"\/>\n\n\n\n<blockquote class=\"wp-block-quote is-layout-flow wp-block-quote-is-layout-flow\">\n<p class=\"has-text-align-center\">Prepre\u010dite stres na paleti! Paletni nadzorni stolp je evropski standard in platforma za zbiranje in dostavo z ujemanjem za europalete in druge RTI. Omogo\u010damo odprto zdru\u017eevanje od A do \u017d. In poskrbimo, da je paletna logistika spet obvladljiva. &nbsp;<\/p>\n<\/blockquote>\n\n\n\n<hr class=\"wp-block-separator has-alpha-channel-opacity\"\/>\n\n\n\n<figure class=\"wp-block-image size-full is-style-default\"><img fetchpriority=\"high\" decoding=\"async\" width=\"1600\" height=\"1066\" src=\"http:\/\/www.palletcontroltower.eu\/wp-content\/uploads\/2023\/11\/palletcontroltower-2.jpg\" alt=\"\" class=\"wp-image-207\" style=\"aspect-ratio:16\/9;object-fit:cover\" srcset=\"https:\/\/www.palletcontroltower.eu\/wp-content\/uploads\/2023\/11\/palletcontroltower-2.jpg 1600w, https:\/\/www.palletcontroltower.eu\/wp-content\/uploads\/2023\/11\/palletcontroltower-2-300x200.jpg 300w, https:\/\/www.palletcontroltower.eu\/wp-content\/uploads\/2023\/11\/palletcontroltower-2-1024x682.jpg 1024w, https:\/\/www.palletcontroltower.eu\/wp-content\/uploads\/2023\/11\/palletcontroltower-2-768x512.jpg 768w, https:\/\/www.palletcontroltower.eu\/wp-content\/uploads\/2023\/11\/palletcontroltower-2-1536x1023.jpg 1536w\" sizes=\"(max-width: 1600px) 100vw, 1600px\" \/><\/figure>\n\n\n\n<hr class=\"wp-block-separator has-alpha-channel-opacity\"\/>\n\n\n\n<div class=\"wp-block-columns is-layout-flex wp-container-core-columns-is-layout-28f84493 wp-block-columns-is-layout-flex\">\n<div class=\"wp-block-column is-layout-flow wp-block-column-is-layout-flow\"><\/div>\n<\/div>","protected":false},"excerpt":{"rendered":"<p>Zo werkt PCT Online In het online portal kunt u eenvoudig inloggen en alle stappen zetten voor de \u201cCollection\u201d en \u201cDelivery\u201d opdrachten van europallets. Naast deze twee modules staat hier, enkel voor transporteurs en DC&#8217;s, ook de \u201cRekening Courant\u201d module. Het proces van \u201cmatching\u201d is volledig te volgen. Alle historie blijft bewaard, zodat altijd transparant [&hellip;]<\/p>\n","protected":false},"author":1,"featured_media":0,"parent":17,"menu_order":0,"comment_status":"closed","ping_status":"closed","template":"","meta":{"footnotes":""},"class_list":["post-19","page","type-page","status-publish","hentry"],"yoast_head":"<!-- This site is optimized with the Yoast SEO plugin v27.6 - https:\/\/yoast.com\/product\/yoast-seo-wordpress\/ -->\n<title>Wat wij doen - Pallet Control Tower<\/title>\n<meta name=\"description\" content=\"Hoe functioneert Pallet Control Tower Online: Collection, Delivery, e-Credits en Rekening-Courant, speciaal voor vervoerders\/DC&#039;s.\" \/>\n<meta name=\"robots\" content=\"index, follow, max-snippet:-1, max-image-preview:large, max-video-preview:-1\" \/>\n<link rel=\"canonical\" href=\"https:\/\/www.palletcontroltower.eu\/sl\/kako-deluje\/kaj-pocnemo\/\" \/>\n<meta property=\"og:locale\" content=\"sl_SI\" \/>\n<meta property=\"og:type\" content=\"article\" \/>\n<meta property=\"og:title\" content=\"Wat wij doen - Pallet Control Tower\" \/>\n<meta property=\"og:description\" content=\"Hoe functioneert Pallet Control Tower Online: Collection, Delivery, e-Credits en Rekening-Courant, speciaal voor vervoerders\/DC&#039;s.\" \/>\n<meta property=\"og:url\" content=\"https:\/\/www.palletcontroltower.eu\/sl\/kako-deluje\/kaj-pocnemo\/\" \/>\n<meta property=\"og:site_name\" content=\"Pallet Control Tower\" \/>\n<meta property=\"article:modified_time\" content=\"2024-01-08T14:09:55+00:00\" \/>\n<meta property=\"og:image\" content=\"http:\/\/www.palletcontroltower.eu\/wp-content\/uploads\/2023\/11\/palletcontroltower-2.jpg\" \/>\n<meta name=\"twitter:card\" content=\"summary_large_image\" \/>\n<meta name=\"twitter:label1\" content=\"Est. reading time\" \/>\n\t<meta name=\"twitter:data1\" content=\"3 minute\" \/>\n<script type=\"application\/ld+json\" class=\"yoast-schema-graph\">{\"@context\":\"https:\\\/\\\/schema.org\",\"@graph\":[{\"@type\":\"WebPage\",\"@id\":\"https:\\\/\\\/www.palletcontroltower.eu\\\/hoe-werkt-het\\\/wat-wij-doen\\\/\",\"url\":\"https:\\\/\\\/www.palletcontroltower.eu\\\/hoe-werkt-het\\\/wat-wij-doen\\\/\",\"name\":\"Wat wij doen - Pallet Control Tower\",\"isPartOf\":{\"@id\":\"https:\\\/\\\/www.palletcontroltower.eu\\\/#website\"},\"primaryImageOfPage\":{\"@id\":\"https:\\\/\\\/www.palletcontroltower.eu\\\/hoe-werkt-het\\\/wat-wij-doen\\\/#primaryimage\"},\"image\":{\"@id\":\"https:\\\/\\\/www.palletcontroltower.eu\\\/hoe-werkt-het\\\/wat-wij-doen\\\/#primaryimage\"},\"thumbnailUrl\":\"http:\\\/\\\/www.palletcontroltower.eu\\\/wp-content\\\/uploads\\\/2023\\\/11\\\/palletcontroltower-2.jpg\",\"datePublished\":\"2023-11-22T07:58:45+00:00\",\"dateModified\":\"2024-01-08T14:09:55+00:00\",\"description\":\"Hoe functioneert Pallet Control Tower Online: Collection, Delivery, e-Credits en Rekening-Courant, speciaal voor vervoerders\\\/DC's.\",\"breadcrumb\":{\"@id\":\"https:\\\/\\\/www.palletcontroltower.eu\\\/hoe-werkt-het\\\/wat-wij-doen\\\/#breadcrumb\"},\"inLanguage\":\"sl-SI\",\"potentialAction\":[{\"@type\":\"ReadAction\",\"target\":[\"https:\\\/\\\/www.palletcontroltower.eu\\\/hoe-werkt-het\\\/wat-wij-doen\\\/\"]}]},{\"@type\":\"ImageObject\",\"inLanguage\":\"sl-SI\",\"@id\":\"https:\\\/\\\/www.palletcontroltower.eu\\\/hoe-werkt-het\\\/wat-wij-doen\\\/#primaryimage\",\"url\":\"http:\\\/\\\/www.palletcontroltower.eu\\\/wp-content\\\/uploads\\\/2023\\\/11\\\/palletcontroltower-2.jpg\",\"contentUrl\":\"http:\\\/\\\/www.palletcontroltower.eu\\\/wp-content\\\/uploads\\\/2023\\\/11\\\/palletcontroltower-2.jpg\"},{\"@type\":\"BreadcrumbList\",\"@id\":\"https:\\\/\\\/www.palletcontroltower.eu\\\/hoe-werkt-het\\\/wat-wij-doen\\\/#breadcrumb\",\"itemListElement\":[{\"@type\":\"ListItem\",\"position\":1,\"name\":\"Home\",\"item\":\"https:\\\/\\\/www.palletcontroltower.eu\\\/\"},{\"@type\":\"ListItem\",\"position\":2,\"name\":\"Hoe werkt het\",\"item\":\"https:\\\/\\\/www.palletcontroltower.eu\\\/hoe-werkt-het\\\/\"},{\"@type\":\"ListItem\",\"position\":3,\"name\":\"Wat wij doen\"}]},{\"@type\":\"WebSite\",\"@id\":\"https:\\\/\\\/www.palletcontroltower.eu\\\/#website\",\"url\":\"https:\\\/\\\/www.palletcontroltower.eu\\\/\",\"name\":\"Pallet Control Tower\",\"description\":\"\",\"publisher\":{\"@id\":\"https:\\\/\\\/www.palletcontroltower.eu\\\/#organization\"},\"potentialAction\":[{\"@type\":\"SearchAction\",\"target\":{\"@type\":\"EntryPoint\",\"urlTemplate\":\"https:\\\/\\\/www.palletcontroltower.eu\\\/?s={search_term_string}\"},\"query-input\":{\"@type\":\"PropertyValueSpecification\",\"valueRequired\":true,\"valueName\":\"search_term_string\"}}],\"inLanguage\":\"sl-SI\"},{\"@type\":\"Organization\",\"@id\":\"https:\\\/\\\/www.palletcontroltower.eu\\\/#organization\",\"name\":\"Pallet Control Tower\",\"url\":\"https:\\\/\\\/www.palletcontroltower.eu\\\/\",\"logo\":{\"@type\":\"ImageObject\",\"inLanguage\":\"sl-SI\",\"@id\":\"https:\\\/\\\/www.palletcontroltower.eu\\\/#\\\/schema\\\/logo\\\/image\\\/\",\"url\":\"https:\\\/\\\/www.palletcontroltower.eu\\\/wp-content\\\/uploads\\\/2023\\\/10\\\/logo.svg\",\"contentUrl\":\"https:\\\/\\\/www.palletcontroltower.eu\\\/wp-content\\\/uploads\\\/2023\\\/10\\\/logo.svg\",\"width\":290,\"height\":87,\"caption\":\"Pallet Control Tower\"},\"image\":{\"@id\":\"https:\\\/\\\/www.palletcontroltower.eu\\\/#\\\/schema\\\/logo\\\/image\\\/\"}}]}<\/script>\n<!-- \/ Yoast SEO plugin. -->","yoast_head_json":{"title":"Kaj po\u010dnemo - Kontrolni stolp za palete","description":"Kako deluje spletni kontrolni stolp za palete: zbiranje, dostava, e-krediti in teko\u010di ra\u010dun, zlasti za prevoznike\/DC.","robots":{"index":"index","follow":"follow","max-snippet":"max-snippet:-1","max-image-preview":"max-image-preview:large","max-video-preview":"max-video-preview:-1"},"canonical":"https:\/\/www.palletcontroltower.eu\/sl\/kako-deluje\/kaj-pocnemo\/","og_locale":"sl_SI","og_type":"article","og_title":"Wat wij doen - Pallet Control Tower","og_description":"Hoe functioneert Pallet Control Tower Online: Collection, Delivery, e-Credits en Rekening-Courant, speciaal voor vervoerders\/DC's.","og_url":"https:\/\/www.palletcontroltower.eu\/sl\/kako-deluje\/kaj-pocnemo\/","og_site_name":"Pallet Control Tower","article_modified_time":"2024-01-08T14:09:55+00:00","og_image":[{"url":"http:\/\/www.palletcontroltower.eu\/wp-content\/uploads\/2023\/11\/palletcontroltower-2.jpg","type":"","width":"","height":""}],"twitter_card":"summary_large_image","twitter_misc":{"Est. reading time":"3 minute"},"schema":{"@context":"https:\/\/schema.org","@graph":[{"@type":"WebPage","@id":"https:\/\/www.palletcontroltower.eu\/hoe-werkt-het\/wat-wij-doen\/","url":"https:\/\/www.palletcontroltower.eu\/hoe-werkt-het\/wat-wij-doen\/","name":"Kaj po\u010dnemo - Kontrolni stolp za palete","isPartOf":{"@id":"https:\/\/www.palletcontroltower.eu\/#website"},"primaryImageOfPage":{"@id":"https:\/\/www.palletcontroltower.eu\/hoe-werkt-het\/wat-wij-doen\/#primaryimage"},"image":{"@id":"https:\/\/www.palletcontroltower.eu\/hoe-werkt-het\/wat-wij-doen\/#primaryimage"},"thumbnailUrl":"http:\/\/www.palletcontroltower.eu\/wp-content\/uploads\/2023\/11\/palletcontroltower-2.jpg","datePublished":"2023-11-22T07:58:45+00:00","dateModified":"2024-01-08T14:09:55+00:00","description":"Kako deluje spletni kontrolni stolp za palete: zbiranje, dostava, e-krediti in teko\u010di ra\u010dun, zlasti za prevoznike\/DC.","breadcrumb":{"@id":"https:\/\/www.palletcontroltower.eu\/hoe-werkt-het\/wat-wij-doen\/#breadcrumb"},"inLanguage":"sl-SI","potentialAction":[{"@type":"ReadAction","target":["https:\/\/www.palletcontroltower.eu\/hoe-werkt-het\/wat-wij-doen\/"]}]},{"@type":"ImageObject","inLanguage":"sl-SI","@id":"https:\/\/www.palletcontroltower.eu\/hoe-werkt-het\/wat-wij-doen\/#primaryimage","url":"http:\/\/www.palletcontroltower.eu\/wp-content\/uploads\/2023\/11\/palletcontroltower-2.jpg","contentUrl":"http:\/\/www.palletcontroltower.eu\/wp-content\/uploads\/2023\/11\/palletcontroltower-2.jpg"},{"@type":"BreadcrumbList","@id":"https:\/\/www.palletcontroltower.eu\/hoe-werkt-het\/wat-wij-doen\/#breadcrumb","itemListElement":[{"@type":"ListItem","position":1,"name":"Home","item":"https:\/\/www.palletcontroltower.eu\/"},{"@type":"ListItem","position":2,"name":"Hoe werkt het","item":"https:\/\/www.palletcontroltower.eu\/hoe-werkt-het\/"},{"@type":"ListItem","position":3,"name":"Wat wij doen"}]},{"@type":"WebSite","@id":"https:\/\/www.palletcontroltower.eu\/#website","url":"https:\/\/www.palletcontroltower.eu\/","name":"Nadzorni stolp za palete","description":"","publisher":{"@id":"https:\/\/www.palletcontroltower.eu\/#organization"},"potentialAction":[{"@type":"SearchAction","target":{"@type":"EntryPoint","urlTemplate":"https:\/\/www.palletcontroltower.eu\/?s={search_term_string}"},"query-input":{"@type":"PropertyValueSpecification","valueRequired":true,"valueName":"search_term_string"}}],"inLanguage":"sl-SI"},{"@type":"Organization","@id":"https:\/\/www.palletcontroltower.eu\/#organization","name":"Nadzorni stolp za palete","url":"https:\/\/www.palletcontroltower.eu\/","logo":{"@type":"ImageObject","inLanguage":"sl-SI","@id":"https:\/\/www.palletcontroltower.eu\/#\/schema\/logo\/image\/","url":"https:\/\/www.palletcontroltower.eu\/wp-content\/uploads\/2023\/10\/logo.svg","contentUrl":"https:\/\/www.palletcontroltower.eu\/wp-content\/uploads\/2023\/10\/logo.svg","width":290,"height":87,"caption":"Pallet Control Tower"},"image":{"@id":"https:\/\/www.palletcontroltower.eu\/#\/schema\/logo\/image\/"}}]}},"_links":{"self":[{"href":"https:\/\/www.palletcontroltower.eu\/sl\/wp-json\/wp\/v2\/pages\/19","targetHints":{"allow":["GET"]}}],"collection":[{"href":"https:\/\/www.palletcontroltower.eu\/sl\/wp-json\/wp\/v2\/pages"}],"about":[{"href":"https:\/\/www.palletcontroltower.eu\/sl\/wp-json\/wp\/v2\/types\/page"}],"author":[{"embeddable":true,"href":"https:\/\/www.palletcontroltower.eu\/sl\/wp-json\/wp\/v2\/users\/1"}],"replies":[{"embeddable":true,"href":"https:\/\/www.palletcontroltower.eu\/sl\/wp-json\/wp\/v2\/comments?post=19"}],"version-history":[{"count":32,"href":"https:\/\/www.palletcontroltower.eu\/sl\/wp-json\/wp\/v2\/pages\/19\/revisions"}],"predecessor-version":[{"id":1020,"href":"https:\/\/www.palletcontroltower.eu\/sl\/wp-json\/wp\/v2\/pages\/19\/revisions\/1020"}],"up":[{"embeddable":true,"href":"https:\/\/www.palletcontroltower.eu\/sl\/wp-json\/wp\/v2\/pages\/17"}],"wp:attachment":[{"href":"https:\/\/www.palletcontroltower.eu\/sl\/wp-json\/wp\/v2\/media?parent=19"}],"curies":[{"name":"wp","href":"https:\/\/api.w.org\/{rel}","templated":true}]}}