{"id":31,"date":"2023-11-22T08:00:36","date_gmt":"2023-11-22T08:00:36","guid":{"rendered":"http:\/\/www.palletcontroltower.eu\/?page_id=31"},"modified":"2026-01-30T09:47:49","modified_gmt":"2026-01-30T09:47:49","slug":"za-prevoznike-dcs","status":"publish","type":"page","link":"https:\/\/www.palletcontroltower.eu\/sl\/mijn-voordeel\/voor-vervoerders-dcs\/","title":{"rendered":"Za prevoznike\/DC"},"content":{"rendered":"<div class=\"wp-block-columns is-layout-flex wp-container-core-columns-is-layout-28f84493 wp-block-columns-is-layout-flex\">\n<div class=\"wp-block-column is-layout-flow wp-block-column-is-layout-flow\">\n<h2 class=\"wp-block-heading\">\u010cas in kakovost<\/h2>\n\n\n\n<p>Ste prevozno podjetje, prevoznik ali ponudnik logisti\u010dnih storitev z lastnim DC ali brez njega. Va\u0161 trg je Evropa, Azija, ZDA in\/ali Kanada. Zamenjava palet, ki jo opravijo vozniki na kraju samem, obi\u010dajno ni mogo\u010da. Konec koncev je \u010das denar. Vendar je kakovost palete klju\u010dnega pomena tudi za avtomatiziran DC.<\/p>\n\n\n\n<p>Podjetje PCT je mogo\u010de najti v vseh vrstah industrije, zato je doma na vseh trgih. Pri tem ni pomembno, ali ste lastnik palet ali drugih RTI. I\u0161\u010dete u\u010dinkovitost, kakovost v logisti\u010dni verigi in bolj trajnostno uporabo vseh uporabljenih nosilcev tovora.<\/p>\n\n\n\n<div class=\"wp-block-buttons is-layout-flex wp-block-buttons-is-layout-flex\">\n<div class=\"wp-block-button\"><a class=\"wp-block-button__link has-white-color has-green-background-color has-text-color has-background has-link-color wp-element-button\" href=\"https:\/\/portal.pct-online.eu\/register\" target=\"_blank\" rel=\"noreferrer noopener\">Aktivirajte svoj ra\u010dun<\/a><\/div>\n<\/div>\n<\/div>\n<\/div>\n\n\n\n<hr class=\"wp-block-separator has-alpha-channel-opacity\"\/>\n\n\n\n<div class=\"wp-block-columns are-vertically-aligned-center is-layout-flex wp-container-core-columns-is-layout-28f84493 wp-block-columns-is-layout-flex\">\n<div class=\"wp-block-column is-vertically-aligned-center is-layout-flow wp-block-column-is-layout-flow\">\n<figure class=\"wp-block-image size-full\"><img fetchpriority=\"high\" decoding=\"async\" width=\"579\" height=\"298\" src=\"http:\/\/www.palletcontroltower.eu\/wp-content\/uploads\/2023\/12\/PCT_unloading.jpg\" alt=\"Zaradi virtualne zamenjave v sistemu PCTO vozniki ne \u010dakajo ve\u010d.\" class=\"wp-image-808\" style=\"aspect-ratio:3\/4;object-fit:cover\" srcset=\"https:\/\/www.palletcontroltower.eu\/wp-content\/uploads\/2023\/12\/PCT_unloading.jpg 579w, https:\/\/www.palletcontroltower.eu\/wp-content\/uploads\/2023\/12\/PCT_unloading-300x154.jpg 300w, https:\/\/www.palletcontroltower.eu\/wp-content\/uploads\/2023\/12\/PCT_unloading-18x9.jpg 18w\" sizes=\"(max-width: 579px) 100vw, 579px\" \/><\/figure>\n<\/div>\n\n\n\n<div class=\"wp-block-column is-vertically-aligned-center is-layout-flow wp-block-column-is-layout-flow\">\n<h2 class=\"wp-block-heading\">U\u010dinkovito in uspe\u0161no upravljanje palet<\/h2>\n\n\n\n<ol class=\"wp-block-list\">\n<li><strong>Razbremenjen voznik<\/strong> - Najbolje se zavedamo, kako velik je pritisk na logisti\u010dno verigo v Evropi in kako napeti so urniki. Vemo tudi, da zato skoraj ni \u010dasa za izmenjavo palet in drugih RTI na kraju samem. Poleg znanja in spretnosti, ki jih morajo imeti vozniki o izvedbah in lastnostih. Uporaba spletnega sistema PCT Online re\u0161uje \u0161tevilne te\u017eave. &nbsp;<\/li>\n\n\n\n<li><strong>Stro\u0161kovno u\u010dinkovit<\/strong> - Z na\u0161im tako imenovanim sistemom e-Credit lahko palete digitalno izmenjujete po vsej Evropi. Za vas to pomeni, da ni tovornjaka, polnega praznih palet. In zato vedno povratni tovor z dragocenim tovorom. Rabljene palete se razvr\u0161\u010dajo in vrednotijo lo\u010deno. Ta vrednost predstavlja \u0161tevilo e-kreditov. Vrednost e-kredita je povezana s tako imenovanim indeksom EUWID; standardom, ki je splo\u0161no sprejet v Evropi.<\/li>\n\n\n\n<li><strong>Kakovostne palete<\/strong> - Mimogrede, v na\u0161em sistemu uporabljamo samo Europalete in RTI. To zagotavlja kakovost in izvedbo. \u0160e posebej, ker va\u0161a avtomatizirana skladi\u0161\u010da zahtevajo standardizirane palete kakovosti A ali nove palete. Torej ni\u010d ve\u010d razprav in nepotrebne izgube \u010dasa. V primeru spora pa na\u0161i skrbniki ra\u010duna vse skupaj preverijo naknadno.<\/li>\n\n\n\n<li><strong>Pregled<\/strong> - S storitvijo PCT Online v bistvu zmanj\u0161ate \u0161tevilo upravnih odnosov na enega, hkrati pa svoje omre\u017eje pove\u010date za ve\u010d deset. Odlo\u010dite se, katere lokacije strank, dobaviteljev in drugih odnosov \u017eelite vklju\u010diti v standardno administracijo. To vam omogo\u010da, da zahtevke in naro\u010dila upravljate na na\u010din, ki vam ustreza. Ali \u017ee imate redno stranko, ki uporablja palete? Potem naj bo to va\u0161 prednostni dobavitelj.<\/li>\n\n\n\n<li><strong>Hitro, varno in enostavno<\/strong> - Platforma deluje v oblaku in deluje na namiznem ra\u010dunalniku, prenosnem ra\u010dunalniku, tabli\u010dnem ra\u010dunalniku in pametnem telefonu. Zasloni so preprosti in enostavni za uporabo v ve\u010d jezikih, vklju\u010dno z angle\u0161\u010dino, nem\u0161\u010dino, franco\u0161\u010dino in polj\u0161\u010dino. Platforma je varna, vsaka sprememba pa je zabele\u017eena. Povezati jo je mogo\u010de tudi s katerim koli skupnim sistemom ERP, VMS in WMS. S storitvijo PCT Online se izognete nepotrebnim razpravam o kakovosti, koli\u010dinah in bilancah.<\/li>\n\n\n\n<li><strong>Dodatne mo\u017enosti<\/strong> - PCT Online ne uporabljajte le sami, temve\u010d ga uporabite pametno, da razbremenite svoje stranke. Organizirajte zbiranje in dostavo po vsej Evropi s pomo\u010djo povezanih podjetij. Izognite se nepotrebnim dragim potovanjem in jim naro\u010dila oddajte prek platforme. E-krediti vam omogo\u010dajo, da preprosto opravite nakupe, pri katerih va\u0161e stranke potrebujejo palete.<\/li>\n<\/ol>\n<\/div>\n<\/div>\n\n\n\n<div class=\"wp-block-buttons is-content-justification-right is-layout-flex wp-container-core-buttons-is-layout-d445cf74 wp-block-buttons-is-layout-flex\">\n<div class=\"wp-block-button\"><a class=\"wp-block-button__link has-white-color has-mint-background-color has-text-color has-background has-link-color wp-element-button\" href=\"http:\/\/www.palletcontroltower.eu\/wp-content\/uploads\/2024\/01\/PCT_Leaflet_Chauffeur_NL_PR8.pdf\" target=\"_blank\" rel=\"noreferrer noopener\">Prenesi letak<\/a><\/div>\n<\/div>\n\n\n\n<hr class=\"wp-block-separator has-alpha-channel-opacity\"\/>\n\n\n\n<blockquote class=\"wp-block-quote is-layout-flow wp-block-quote-is-layout-flow\">\n<p class=\"has-text-align-center\">Prepre\u010dite stres na paleti! Paletni nadzorni stolp je evropski standard in platforma za zbiranje in dostavo z ujemanjem za europalete in druge VPP. Omogo\u010damo odprto zdru\u017eevanje od A do \u017d. In poskrbimo, da je paletna logistika spet obvladljiva. <\/p>\n<\/blockquote>\n\n\n\n<hr class=\"wp-block-separator has-alpha-channel-opacity\"\/>\n\n\n\n<figure class=\"wp-block-image size-full\"><img decoding=\"async\" width=\"1600\" height=\"1066\" src=\"http:\/\/www.palletcontroltower.eu\/wp-content\/uploads\/2023\/11\/palletcontroltower-2.jpg\" alt=\"\" class=\"wp-image-207\" style=\"aspect-ratio:16\/9;object-fit:cover\" srcset=\"https:\/\/www.palletcontroltower.eu\/wp-content\/uploads\/2023\/11\/palletcontroltower-2.jpg 1600w, https:\/\/www.palletcontroltower.eu\/wp-content\/uploads\/2023\/11\/palletcontroltower-2-300x200.jpg 300w, https:\/\/www.palletcontroltower.eu\/wp-content\/uploads\/2023\/11\/palletcontroltower-2-1024x682.jpg 1024w, https:\/\/www.palletcontroltower.eu\/wp-content\/uploads\/2023\/11\/palletcontroltower-2-768x512.jpg 768w, https:\/\/www.palletcontroltower.eu\/wp-content\/uploads\/2023\/11\/palletcontroltower-2-1536x1023.jpg 1536w\" sizes=\"(max-width: 1600px) 100vw, 1600px\" \/><\/figure>\n\n\n\n<hr class=\"wp-block-separator has-alpha-channel-opacity\"\/>\n\n\n\n<div class=\"wp-block-columns is-layout-flex wp-container-core-columns-is-layout-28f84493 wp-block-columns-is-layout-flex\"><\/div>","protected":false},"excerpt":{"rendered":"<p>Tijd \u00e9n kwaliteit U bent een transportbedrijf, vervoerder of logistieke dienstverlener al dan niet met een eigen DC. Europa, Azi\u00eb, VS en\/of Canada is uw markt. Palletruil door chauffeurs ter plekke is veelal geen optie. Tijd is immers geld. Maar de kwaliteit van de pallet is ook kritisch voor een geautomatiseerd DC. PCT is te [&hellip;]<\/p>\n","protected":false},"author":1,"featured_media":0,"parent":25,"menu_order":4,"comment_status":"closed","ping_status":"closed","template":"","meta":{"footnotes":""},"class_list":["post-31","page","type-page","status-publish","hentry"],"yoast_head":"<!-- This site is optimized with the Yoast SEO plugin v27.3 - https:\/\/yoast.com\/product\/yoast-seo-wordpress\/ -->\n<title>Voor vervoerders\/DC&#039;s - Pallet Control Tower<\/title>\n<meta name=\"description\" content=\"De voordelen voor vervoerders en dc&#039;s zijn o.a.: chauffeurs ontlast, kosteneffectief, kwaliteitspallets, overzicht, snel-veilig-gemakkelijk\" \/>\n<meta name=\"robots\" content=\"index, follow, max-snippet:-1, max-image-preview:large, max-video-preview:-1\" \/>\n<link rel=\"canonical\" href=\"https:\/\/www.palletcontroltower.eu\/sl\/moja-prednost\/za-prevoznike-dcs\/\" \/>\n<meta property=\"og:locale\" content=\"sl_SI\" \/>\n<meta property=\"og:type\" content=\"article\" \/>\n<meta property=\"og:title\" content=\"Voor vervoerders\/DC&#039;s - Pallet Control Tower\" \/>\n<meta property=\"og:description\" content=\"De voordelen voor vervoerders en dc&#039;s zijn o.a.: chauffeurs ontlast, kosteneffectief, kwaliteitspallets, overzicht, snel-veilig-gemakkelijk\" \/>\n<meta property=\"og:url\" content=\"https:\/\/www.palletcontroltower.eu\/sl\/moja-prednost\/za-prevoznike-dcs\/\" \/>\n<meta property=\"og:site_name\" content=\"Pallet Control Tower\" \/>\n<meta property=\"article:modified_time\" content=\"2026-01-30T09:47:49+00:00\" \/>\n<meta property=\"og:image\" content=\"https:\/\/www.palletcontroltower.eu\/wp-content\/uploads\/2023\/12\/PCT_unloading.jpg\" \/>\n\t<meta property=\"og:image:width\" content=\"579\" \/>\n\t<meta property=\"og:image:height\" content=\"298\" \/>\n\t<meta property=\"og:image:type\" content=\"image\/jpeg\" \/>\n<meta name=\"twitter:card\" content=\"summary_large_image\" \/>\n<meta name=\"twitter:label1\" content=\"Est. reading time\" \/>\n\t<meta name=\"twitter:data1\" content=\"3 minute\" \/>\n<script type=\"application\/ld+json\" class=\"yoast-schema-graph\">{\"@context\":\"https:\\\/\\\/schema.org\",\"@graph\":[{\"@type\":\"WebPage\",\"@id\":\"https:\\\/\\\/www.palletcontroltower.eu\\\/mijn-voordeel\\\/voor-vervoerders-dcs\\\/\",\"url\":\"https:\\\/\\\/www.palletcontroltower.eu\\\/mijn-voordeel\\\/voor-vervoerders-dcs\\\/\",\"name\":\"Voor vervoerders\\\/DC's - Pallet Control Tower\",\"isPartOf\":{\"@id\":\"https:\\\/\\\/www.palletcontroltower.eu\\\/#website\"},\"primaryImageOfPage\":{\"@id\":\"https:\\\/\\\/www.palletcontroltower.eu\\\/mijn-voordeel\\\/voor-vervoerders-dcs\\\/#primaryimage\"},\"image\":{\"@id\":\"https:\\\/\\\/www.palletcontroltower.eu\\\/mijn-voordeel\\\/voor-vervoerders-dcs\\\/#primaryimage\"},\"thumbnailUrl\":\"http:\\\/\\\/www.palletcontroltower.eu\\\/wp-content\\\/uploads\\\/2023\\\/12\\\/PCT_unloading.jpg\",\"datePublished\":\"2023-11-22T08:00:36+00:00\",\"dateModified\":\"2026-01-30T09:47:49+00:00\",\"description\":\"De voordelen voor vervoerders en dc's zijn o.a.: chauffeurs ontlast, kosteneffectief, kwaliteitspallets, overzicht, snel-veilig-gemakkelijk\",\"breadcrumb\":{\"@id\":\"https:\\\/\\\/www.palletcontroltower.eu\\\/mijn-voordeel\\\/voor-vervoerders-dcs\\\/#breadcrumb\"},\"inLanguage\":\"sl-SI\",\"potentialAction\":[{\"@type\":\"ReadAction\",\"target\":[\"https:\\\/\\\/www.palletcontroltower.eu\\\/mijn-voordeel\\\/voor-vervoerders-dcs\\\/\"]}]},{\"@type\":\"ImageObject\",\"inLanguage\":\"sl-SI\",\"@id\":\"https:\\\/\\\/www.palletcontroltower.eu\\\/mijn-voordeel\\\/voor-vervoerders-dcs\\\/#primaryimage\",\"url\":\"http:\\\/\\\/www.palletcontroltower.eu\\\/wp-content\\\/uploads\\\/2023\\\/12\\\/PCT_unloading.jpg\",\"contentUrl\":\"http:\\\/\\\/www.palletcontroltower.eu\\\/wp-content\\\/uploads\\\/2023\\\/12\\\/PCT_unloading.jpg\"},{\"@type\":\"BreadcrumbList\",\"@id\":\"https:\\\/\\\/www.palletcontroltower.eu\\\/mijn-voordeel\\\/voor-vervoerders-dcs\\\/#breadcrumb\",\"itemListElement\":[{\"@type\":\"ListItem\",\"position\":1,\"name\":\"Home\",\"item\":\"https:\\\/\\\/www.palletcontroltower.eu\\\/\"},{\"@type\":\"ListItem\",\"position\":2,\"name\":\"Mijn voordeel\",\"item\":\"https:\\\/\\\/www.palletcontroltower.eu\\\/pl\\\/mijn-voordeel\\\/\"},{\"@type\":\"ListItem\",\"position\":3,\"name\":\"Voor vervoerders\\\/DC&#8217;s\"}]},{\"@type\":\"WebSite\",\"@id\":\"https:\\\/\\\/www.palletcontroltower.eu\\\/#website\",\"url\":\"https:\\\/\\\/www.palletcontroltower.eu\\\/\",\"name\":\"Pallet Control Tower\",\"description\":\"\",\"publisher\":{\"@id\":\"https:\\\/\\\/www.palletcontroltower.eu\\\/#organization\"},\"potentialAction\":[{\"@type\":\"SearchAction\",\"target\":{\"@type\":\"EntryPoint\",\"urlTemplate\":\"https:\\\/\\\/www.palletcontroltower.eu\\\/?s={search_term_string}\"},\"query-input\":{\"@type\":\"PropertyValueSpecification\",\"valueRequired\":true,\"valueName\":\"search_term_string\"}}],\"inLanguage\":\"sl-SI\"},{\"@type\":\"Organization\",\"@id\":\"https:\\\/\\\/www.palletcontroltower.eu\\\/#organization\",\"name\":\"Pallet Control Tower\",\"url\":\"https:\\\/\\\/www.palletcontroltower.eu\\\/\",\"logo\":{\"@type\":\"ImageObject\",\"inLanguage\":\"sl-SI\",\"@id\":\"https:\\\/\\\/www.palletcontroltower.eu\\\/#\\\/schema\\\/logo\\\/image\\\/\",\"url\":\"https:\\\/\\\/www.palletcontroltower.eu\\\/wp-content\\\/uploads\\\/2023\\\/10\\\/logo.svg\",\"contentUrl\":\"https:\\\/\\\/www.palletcontroltower.eu\\\/wp-content\\\/uploads\\\/2023\\\/10\\\/logo.svg\",\"width\":290,\"height\":87,\"caption\":\"Pallet Control Tower\"},\"image\":{\"@id\":\"https:\\\/\\\/www.palletcontroltower.eu\\\/#\\\/schema\\\/logo\\\/image\\\/\"}}]}<\/script>\n<!-- \/ Yoast SEO plugin. -->","yoast_head_json":{"title":"Za prevoznike\/DC - stolp za nadzor palet","description":"Prednosti za prevoznike in prodajna mesta so: razbremenjeni vozniki, stro\u0161kovna u\u010dinkovitost, kakovostne palete, pregled, hitra-varna-la\u017eja","robots":{"index":"index","follow":"follow","max-snippet":"max-snippet:-1","max-image-preview":"max-image-preview:large","max-video-preview":"max-video-preview:-1"},"canonical":"https:\/\/www.palletcontroltower.eu\/sl\/moja-prednost\/za-prevoznike-dcs\/","og_locale":"sl_SI","og_type":"article","og_title":"Voor vervoerders\/DC's - Pallet Control Tower","og_description":"De voordelen voor vervoerders en dc's zijn o.a.: chauffeurs ontlast, kosteneffectief, kwaliteitspallets, overzicht, snel-veilig-gemakkelijk","og_url":"https:\/\/www.palletcontroltower.eu\/sl\/moja-prednost\/za-prevoznike-dcs\/","og_site_name":"Pallet Control Tower","article_modified_time":"2026-01-30T09:47:49+00:00","og_image":[{"width":579,"height":298,"url":"https:\/\/www.palletcontroltower.eu\/wp-content\/uploads\/2023\/12\/PCT_unloading.jpg","type":"image\/jpeg"}],"twitter_card":"summary_large_image","twitter_misc":{"Est. reading time":"3 minute"},"schema":{"@context":"https:\/\/schema.org","@graph":[{"@type":"WebPage","@id":"https:\/\/www.palletcontroltower.eu\/mijn-voordeel\/voor-vervoerders-dcs\/","url":"https:\/\/www.palletcontroltower.eu\/mijn-voordeel\/voor-vervoerders-dcs\/","name":"Za prevoznike\/DC - stolp za nadzor palet","isPartOf":{"@id":"https:\/\/www.palletcontroltower.eu\/#website"},"primaryImageOfPage":{"@id":"https:\/\/www.palletcontroltower.eu\/mijn-voordeel\/voor-vervoerders-dcs\/#primaryimage"},"image":{"@id":"https:\/\/www.palletcontroltower.eu\/mijn-voordeel\/voor-vervoerders-dcs\/#primaryimage"},"thumbnailUrl":"http:\/\/www.palletcontroltower.eu\/wp-content\/uploads\/2023\/12\/PCT_unloading.jpg","datePublished":"2023-11-22T08:00:36+00:00","dateModified":"2026-01-30T09:47:49+00:00","description":"Prednosti za prevoznike in prodajna mesta so: razbremenjeni vozniki, stro\u0161kovna u\u010dinkovitost, kakovostne palete, pregled, hitra-varna-la\u017eja","breadcrumb":{"@id":"https:\/\/www.palletcontroltower.eu\/mijn-voordeel\/voor-vervoerders-dcs\/#breadcrumb"},"inLanguage":"sl-SI","potentialAction":[{"@type":"ReadAction","target":["https:\/\/www.palletcontroltower.eu\/mijn-voordeel\/voor-vervoerders-dcs\/"]}]},{"@type":"ImageObject","inLanguage":"sl-SI","@id":"https:\/\/www.palletcontroltower.eu\/mijn-voordeel\/voor-vervoerders-dcs\/#primaryimage","url":"http:\/\/www.palletcontroltower.eu\/wp-content\/uploads\/2023\/12\/PCT_unloading.jpg","contentUrl":"http:\/\/www.palletcontroltower.eu\/wp-content\/uploads\/2023\/12\/PCT_unloading.jpg"},{"@type":"BreadcrumbList","@id":"https:\/\/www.palletcontroltower.eu\/mijn-voordeel\/voor-vervoerders-dcs\/#breadcrumb","itemListElement":[{"@type":"ListItem","position":1,"name":"Home","item":"https:\/\/www.palletcontroltower.eu\/"},{"@type":"ListItem","position":2,"name":"Mijn voordeel","item":"https:\/\/www.palletcontroltower.eu\/pl\/mijn-voordeel\/"},{"@type":"ListItem","position":3,"name":"Voor vervoerders\/DC&#8217;s"}]},{"@type":"WebSite","@id":"https:\/\/www.palletcontroltower.eu\/#website","url":"https:\/\/www.palletcontroltower.eu\/","name":"Nadzorni stolp za palete","description":"","publisher":{"@id":"https:\/\/www.palletcontroltower.eu\/#organization"},"potentialAction":[{"@type":"SearchAction","target":{"@type":"EntryPoint","urlTemplate":"https:\/\/www.palletcontroltower.eu\/?s={search_term_string}"},"query-input":{"@type":"PropertyValueSpecification","valueRequired":true,"valueName":"search_term_string"}}],"inLanguage":"sl-SI"},{"@type":"Organization","@id":"https:\/\/www.palletcontroltower.eu\/#organization","name":"Nadzorni stolp za palete","url":"https:\/\/www.palletcontroltower.eu\/","logo":{"@type":"ImageObject","inLanguage":"sl-SI","@id":"https:\/\/www.palletcontroltower.eu\/#\/schema\/logo\/image\/","url":"https:\/\/www.palletcontroltower.eu\/wp-content\/uploads\/2023\/10\/logo.svg","contentUrl":"https:\/\/www.palletcontroltower.eu\/wp-content\/uploads\/2023\/10\/logo.svg","width":290,"height":87,"caption":"Pallet Control Tower"},"image":{"@id":"https:\/\/www.palletcontroltower.eu\/#\/schema\/logo\/image\/"}}]}},"_links":{"self":[{"href":"https:\/\/www.palletcontroltower.eu\/sl\/wp-json\/wp\/v2\/pages\/31","targetHints":{"allow":["GET"]}}],"collection":[{"href":"https:\/\/www.palletcontroltower.eu\/sl\/wp-json\/wp\/v2\/pages"}],"about":[{"href":"https:\/\/www.palletcontroltower.eu\/sl\/wp-json\/wp\/v2\/types\/page"}],"author":[{"embeddable":true,"href":"https:\/\/www.palletcontroltower.eu\/sl\/wp-json\/wp\/v2\/users\/1"}],"replies":[{"embeddable":true,"href":"https:\/\/www.palletcontroltower.eu\/sl\/wp-json\/wp\/v2\/comments?post=31"}],"version-history":[{"count":13,"href":"https:\/\/www.palletcontroltower.eu\/sl\/wp-json\/wp\/v2\/pages\/31\/revisions"}],"predecessor-version":[{"id":1231,"href":"https:\/\/www.palletcontroltower.eu\/sl\/wp-json\/wp\/v2\/pages\/31\/revisions\/1231"}],"up":[{"embeddable":true,"href":"https:\/\/www.palletcontroltower.eu\/sl\/wp-json\/wp\/v2\/pages\/25"}],"wp:attachment":[{"href":"https:\/\/www.palletcontroltower.eu\/sl\/wp-json\/wp\/v2\/media?parent=31"}],"curies":[{"name":"wp","href":"https:\/\/api.w.org\/{rel}","templated":true}]}}