{"id":44,"date":"2023-11-22T08:02:17","date_gmt":"2023-11-22T08:02:17","guid":{"rendered":"http:\/\/www.palletcontroltower.eu\/?page_id=44"},"modified":"2024-01-08T14:00:38","modified_gmt":"2024-01-08T14:00:38","slug":"svetovni-sklad-za-naravo","status":"publish","type":"page","link":"https:\/\/www.palletcontroltower.eu\/sl\/duurzaamheid\/wereld-natuur-fonds\/","title":{"rendered":"Svetovni sklad za naravo"},"content":{"rendered":"<div class=\"wp-block-columns is-layout-flex wp-container-core-columns-is-layout-28f84493 wp-block-columns-is-layout-flex\">\n<div class=\"wp-block-column is-layout-flow wp-block-column-is-layout-flow\">\n<h2 class=\"wp-block-heading\">Gozd vra\u010damo zemlji<\/h2>\n\n\n\n<p>Podjetje Pallet Control Tower je poslovni podpornik organizacije World Wildlife Fund (WWF). Tako kot vi, \u010de uporabljate spletno stran PCT.&nbsp;&nbsp;<\/p>\n\n\n\n<p>WWF z na\u0161o podporo vra\u010da gozd nazaj na zemljo. Gozd je ve\u010d kot le mno\u017eica dreves. Gozd je uravnote\u017een ekosistem dreves, rastlin in \u017eivali. Tudi za nas ljudi je gozd \u017eivljenjskega pomena. Zagotavlja nam hrano, skrbi za vodno ravnovesje in je pomemben partner v boju proti podnebnim spremembam.&nbsp;<\/p>\n\n\n\n<p>Gozdovi so izjemno pomembni, vendar jih zaskrbljujo\u010de hitro izgubljamo. Skupaj z organizacijo WWF vra\u010damo gozdove zemlji. S tem pozitivno prispevamo k podnebju in biotski raznovrstnosti.&nbsp;<\/p>\n\n\n\n<p>Za vsakih 10.000 e-kreditov na va\u0161em ra\u010dunu skupaj z WWF posadimo drevo. Prvo drevo bomo posadili v va\u0161em podjetju \ud83d\ude09<\/p>\n\n\n\n<div class=\"wp-block-buttons is-layout-flex wp-block-buttons-is-layout-flex\">\n<div class=\"wp-block-button\"><a class=\"wp-block-button__link has-white-color has-green-background-color has-text-color has-background has-link-color wp-element-button\" href=\"https:\/\/portal.pct-online.eu\/register\" target=\"_blank\" rel=\"noreferrer noopener\">Aktivirajte svoj ra\u010dun<\/a><\/div>\n<\/div>\n\n\n\n<hr class=\"wp-block-separator has-alpha-channel-opacity\"\/>\n\n\n\n<div class=\"wp-block-columns is-layout-flex wp-container-core-columns-is-layout-28f84493 wp-block-columns-is-layout-flex\">\n<div class=\"wp-block-column is-layout-flow wp-block-column-is-layout-flow\">\n<h3 class=\"wp-block-heading\"><\/h3>\n\n\n\n<figure class=\"wp-block-image size-large\"><img fetchpriority=\"high\" decoding=\"async\" width=\"1024\" height=\"1024\" src=\"http:\/\/www.palletcontroltower.eu\/wp-content\/uploads\/2023\/12\/WWF-Business-Supporter-bos-social-3-1-1024x1024.jpg\" alt=\"\" class=\"wp-image-783\" srcset=\"https:\/\/www.palletcontroltower.eu\/wp-content\/uploads\/2023\/12\/WWF-Business-Supporter-bos-social-3-1-1024x1024.jpg 1024w, https:\/\/www.palletcontroltower.eu\/wp-content\/uploads\/2023\/12\/WWF-Business-Supporter-bos-social-3-1-300x300.jpg 300w, https:\/\/www.palletcontroltower.eu\/wp-content\/uploads\/2023\/12\/WWF-Business-Supporter-bos-social-3-1-150x150.jpg 150w, https:\/\/www.palletcontroltower.eu\/wp-content\/uploads\/2023\/12\/WWF-Business-Supporter-bos-social-3-1-768x768.jpg 768w, https:\/\/www.palletcontroltower.eu\/wp-content\/uploads\/2023\/12\/WWF-Business-Supporter-bos-social-3-1-12x12.jpg 12w, https:\/\/www.palletcontroltower.eu\/wp-content\/uploads\/2023\/12\/WWF-Business-Supporter-bos-social-3-1.jpg 1200w\" sizes=\"(max-width: 1024px) 100vw, 1024px\" \/><\/figure>\n\n\n\n<p> <\/p>\n<\/div>\n\n\n\n<div class=\"wp-block-column is-layout-flow wp-block-column-is-layout-flow\">\n<h3 class=\"wp-block-heading\"><\/h3>\n\n\n\n<figure class=\"wp-block-image size-large\"><img decoding=\"async\" width=\"1024\" height=\"1024\" src=\"http:\/\/www.palletcontroltower.eu\/wp-content\/uploads\/2023\/12\/WWF-Business-Supporter-bos-social-2-1-1024x1024.jpg\" alt=\"\" class=\"wp-image-782\" srcset=\"https:\/\/www.palletcontroltower.eu\/wp-content\/uploads\/2023\/12\/WWF-Business-Supporter-bos-social-2-1-1024x1024.jpg 1024w, https:\/\/www.palletcontroltower.eu\/wp-content\/uploads\/2023\/12\/WWF-Business-Supporter-bos-social-2-1-300x300.jpg 300w, https:\/\/www.palletcontroltower.eu\/wp-content\/uploads\/2023\/12\/WWF-Business-Supporter-bos-social-2-1-150x150.jpg 150w, https:\/\/www.palletcontroltower.eu\/wp-content\/uploads\/2023\/12\/WWF-Business-Supporter-bos-social-2-1-768x768.jpg 768w, https:\/\/www.palletcontroltower.eu\/wp-content\/uploads\/2023\/12\/WWF-Business-Supporter-bos-social-2-1-12x12.jpg 12w, https:\/\/www.palletcontroltower.eu\/wp-content\/uploads\/2023\/12\/WWF-Business-Supporter-bos-social-2-1.jpg 1200w\" sizes=\"(max-width: 1024px) 100vw, 1024px\" \/><\/figure>\n\n\n\n<p><\/p>\n<\/div>\n<\/div>\n<\/div>\n<\/div>\n\n\n\n<hr class=\"wp-block-separator has-alpha-channel-opacity\"\/>\n\n\n\n<blockquote class=\"wp-block-quote is-layout-flow wp-block-quote-is-layout-flow\">\n<p class=\"has-text-align-center\">Prepre\u010dite stres na paleti! Paletni nadzorni stolp je evropski standard in platforma za zbiranje in dostavo z ujemanjem za europalete in druge VPP. Omogo\u010damo odprto zdru\u017eevanje od A do \u017d. In poskrbimo, da je paletna logistika spet obvladljiva. &nbsp;<\/p>\n<\/blockquote>\n\n\n\n<hr class=\"wp-block-separator has-alpha-channel-opacity\"\/>\n\n\n\n<figure class=\"wp-block-image size-full\"><img decoding=\"async\" width=\"1600\" height=\"1066\" src=\"http:\/\/www.palletcontroltower.eu\/wp-content\/uploads\/2023\/11\/palletcontroltower-2.jpg\" alt=\"\" class=\"wp-image-207\" style=\"aspect-ratio:16\/9;object-fit:cover\" srcset=\"https:\/\/www.palletcontroltower.eu\/wp-content\/uploads\/2023\/11\/palletcontroltower-2.jpg 1600w, https:\/\/www.palletcontroltower.eu\/wp-content\/uploads\/2023\/11\/palletcontroltower-2-300x200.jpg 300w, https:\/\/www.palletcontroltower.eu\/wp-content\/uploads\/2023\/11\/palletcontroltower-2-1024x682.jpg 1024w, https:\/\/www.palletcontroltower.eu\/wp-content\/uploads\/2023\/11\/palletcontroltower-2-768x512.jpg 768w, https:\/\/www.palletcontroltower.eu\/wp-content\/uploads\/2023\/11\/palletcontroltower-2-1536x1023.jpg 1536w\" sizes=\"(max-width: 1600px) 100vw, 1600px\" \/><\/figure>","protected":false},"excerpt":{"rendered":"<p>We geven bos terug aan de aarde Pallet Control Tower is Business Supporter van het Wereld Natuur Fonds (WNF). En u ook, als u gebruik maakt van PCT online.&nbsp;&nbsp; Met behulp van onze steun geeft WNF bos terug aan de aarde. Een bos is meer dan een optelsom van bomen. Een bos is een uitgebalanceerd [&hellip;]<\/p>\n","protected":false},"author":1,"featured_media":0,"parent":40,"menu_order":0,"comment_status":"closed","ping_status":"closed","template":"","meta":{"footnotes":""},"class_list":["post-44","page","type-page","status-publish","hentry"],"yoast_head":"<!-- This site is optimized with the Yoast SEO plugin v27.3 - https:\/\/yoast.com\/product\/yoast-seo-wordpress\/ -->\n<title>Wereld Natuur Fonds - Pallet Control Tower<\/title>\n<meta name=\"description\" content=\"PCT is supporter van het WNF-programma: geef bos terug aan de aarde. Voor elke 10.000 e-Credits planten we een boom in een bos.\" \/>\n<meta name=\"robots\" content=\"index, follow, max-snippet:-1, max-image-preview:large, max-video-preview:-1\" \/>\n<link rel=\"canonical\" href=\"https:\/\/www.palletcontroltower.eu\/sl\/trajnostni-razvoj\/svetovni-sklad-za-naravo\/\" \/>\n<meta property=\"og:locale\" content=\"sl_SI\" \/>\n<meta property=\"og:type\" content=\"article\" \/>\n<meta property=\"og:title\" content=\"Wereld Natuur Fonds - Pallet Control Tower\" \/>\n<meta property=\"og:description\" content=\"PCT is supporter van het WNF-programma: geef bos terug aan de aarde. Voor elke 10.000 e-Credits planten we een boom in een bos.\" \/>\n<meta property=\"og:url\" content=\"https:\/\/www.palletcontroltower.eu\/sl\/trajnostni-razvoj\/svetovni-sklad-za-naravo\/\" \/>\n<meta property=\"og:site_name\" content=\"Pallet Control Tower\" \/>\n<meta property=\"article:modified_time\" content=\"2024-01-08T14:00:38+00:00\" \/>\n<meta property=\"og:image\" content=\"http:\/\/www.palletcontroltower.eu\/wp-content\/uploads\/2023\/12\/WWF-Business-Supporter-bos-social-3-1-1024x1024.jpg\" \/>\n<meta name=\"twitter:card\" content=\"summary_large_image\" \/>\n<meta name=\"twitter:label1\" content=\"Est. reading time\" \/>\n\t<meta name=\"twitter:data1\" content=\"2 minuti\" \/>\n<script type=\"application\/ld+json\" class=\"yoast-schema-graph\">{\"@context\":\"https:\\\/\\\/schema.org\",\"@graph\":[{\"@type\":\"WebPage\",\"@id\":\"https:\\\/\\\/www.palletcontroltower.eu\\\/cs\\\/duurzaamheid\\\/svetovy-fond-na-ochranu-prirody\\\/\",\"url\":\"https:\\\/\\\/www.palletcontroltower.eu\\\/cs\\\/duurzaamheid\\\/svetovy-fond-na-ochranu-prirody\\\/\",\"name\":\"Wereld Natuur Fonds - Pallet Control Tower\",\"isPartOf\":{\"@id\":\"https:\\\/\\\/www.palletcontroltower.eu\\\/#website\"},\"primaryImageOfPage\":{\"@id\":\"https:\\\/\\\/www.palletcontroltower.eu\\\/cs\\\/duurzaamheid\\\/svetovy-fond-na-ochranu-prirody\\\/#primaryimage\"},\"image\":{\"@id\":\"https:\\\/\\\/www.palletcontroltower.eu\\\/cs\\\/duurzaamheid\\\/svetovy-fond-na-ochranu-prirody\\\/#primaryimage\"},\"thumbnailUrl\":\"http:\\\/\\\/www.palletcontroltower.eu\\\/wp-content\\\/uploads\\\/2023\\\/12\\\/WWF-Business-Supporter-bos-social-3-1-1024x1024.jpg\",\"datePublished\":\"2023-11-22T08:02:17+00:00\",\"dateModified\":\"2024-01-08T14:00:38+00:00\",\"description\":\"PCT is supporter van het WNF-programma: geef bos terug aan de aarde. Voor elke 10.000 e-Credits planten we een boom in een bos.\",\"breadcrumb\":{\"@id\":\"https:\\\/\\\/www.palletcontroltower.eu\\\/cs\\\/duurzaamheid\\\/svetovy-fond-na-ochranu-prirody\\\/#breadcrumb\"},\"inLanguage\":\"sl-SI\",\"potentialAction\":[{\"@type\":\"ReadAction\",\"target\":[\"https:\\\/\\\/www.palletcontroltower.eu\\\/cs\\\/duurzaamheid\\\/svetovy-fond-na-ochranu-prirody\\\/\"]}]},{\"@type\":\"ImageObject\",\"inLanguage\":\"sl-SI\",\"@id\":\"https:\\\/\\\/www.palletcontroltower.eu\\\/cs\\\/duurzaamheid\\\/svetovy-fond-na-ochranu-prirody\\\/#primaryimage\",\"url\":\"http:\\\/\\\/www.palletcontroltower.eu\\\/wp-content\\\/uploads\\\/2023\\\/12\\\/WWF-Business-Supporter-bos-social-3-1-1024x1024.jpg\",\"contentUrl\":\"http:\\\/\\\/www.palletcontroltower.eu\\\/wp-content\\\/uploads\\\/2023\\\/12\\\/WWF-Business-Supporter-bos-social-3-1-1024x1024.jpg\"},{\"@type\":\"BreadcrumbList\",\"@id\":\"https:\\\/\\\/www.palletcontroltower.eu\\\/cs\\\/duurzaamheid\\\/svetovy-fond-na-ochranu-prirody\\\/#breadcrumb\",\"itemListElement\":[{\"@type\":\"ListItem\",\"position\":1,\"name\":\"Home\",\"item\":\"https:\\\/\\\/www.palletcontroltower.eu\\\/\"},{\"@type\":\"ListItem\",\"position\":2,\"name\":\"Duurzaamheid\",\"item\":\"https:\\\/\\\/www.palletcontroltower.eu\\\/pl\\\/duurzaamheid\\\/\"},{\"@type\":\"ListItem\",\"position\":3,\"name\":\"Wereld Natuur Fonds\"}]},{\"@type\":\"WebSite\",\"@id\":\"https:\\\/\\\/www.palletcontroltower.eu\\\/#website\",\"url\":\"https:\\\/\\\/www.palletcontroltower.eu\\\/\",\"name\":\"Pallet Control Tower\",\"description\":\"\",\"publisher\":{\"@id\":\"https:\\\/\\\/www.palletcontroltower.eu\\\/#organization\"},\"potentialAction\":[{\"@type\":\"SearchAction\",\"target\":{\"@type\":\"EntryPoint\",\"urlTemplate\":\"https:\\\/\\\/www.palletcontroltower.eu\\\/?s={search_term_string}\"},\"query-input\":{\"@type\":\"PropertyValueSpecification\",\"valueRequired\":true,\"valueName\":\"search_term_string\"}}],\"inLanguage\":\"sl-SI\"},{\"@type\":\"Organization\",\"@id\":\"https:\\\/\\\/www.palletcontroltower.eu\\\/#organization\",\"name\":\"Pallet Control Tower\",\"url\":\"https:\\\/\\\/www.palletcontroltower.eu\\\/\",\"logo\":{\"@type\":\"ImageObject\",\"inLanguage\":\"sl-SI\",\"@id\":\"https:\\\/\\\/www.palletcontroltower.eu\\\/#\\\/schema\\\/logo\\\/image\\\/\",\"url\":\"https:\\\/\\\/www.palletcontroltower.eu\\\/wp-content\\\/uploads\\\/2023\\\/10\\\/logo.svg\",\"contentUrl\":\"https:\\\/\\\/www.palletcontroltower.eu\\\/wp-content\\\/uploads\\\/2023\\\/10\\\/logo.svg\",\"width\":290,\"height\":87,\"caption\":\"Pallet Control Tower\"},\"image\":{\"@id\":\"https:\\\/\\\/www.palletcontroltower.eu\\\/#\\\/schema\\\/logo\\\/image\\\/\"}}]}<\/script>\n<!-- \/ Yoast SEO plugin. -->","yoast_head_json":{"title":"Svetovni sklad za divje \u017eivali - nadzorni stolp za palete","description":"Podjetje PCT podpira program WWF: vrnite gozd Zemlji. Za vsakih 10.000 e-kreditov posadimo drevo v gozdu.","robots":{"index":"index","follow":"follow","max-snippet":"max-snippet:-1","max-image-preview":"max-image-preview:large","max-video-preview":"max-video-preview:-1"},"canonical":"https:\/\/www.palletcontroltower.eu\/sl\/trajnostni-razvoj\/svetovni-sklad-za-naravo\/","og_locale":"sl_SI","og_type":"article","og_title":"Wereld Natuur Fonds - Pallet Control Tower","og_description":"PCT is supporter van het WNF-programma: geef bos terug aan de aarde. Voor elke 10.000 e-Credits planten we een boom in een bos.","og_url":"https:\/\/www.palletcontroltower.eu\/sl\/trajnostni-razvoj\/svetovni-sklad-za-naravo\/","og_site_name":"Pallet Control Tower","article_modified_time":"2024-01-08T14:00:38+00:00","og_image":[{"url":"http:\/\/www.palletcontroltower.eu\/wp-content\/uploads\/2023\/12\/WWF-Business-Supporter-bos-social-3-1-1024x1024.jpg","type":"","width":"","height":""}],"twitter_card":"summary_large_image","twitter_misc":{"Est. reading time":"2 minuti"},"schema":{"@context":"https:\/\/schema.org","@graph":[{"@type":"WebPage","@id":"https:\/\/www.palletcontroltower.eu\/cs\/duurzaamheid\/svetovy-fond-na-ochranu-prirody\/","url":"https:\/\/www.palletcontroltower.eu\/cs\/duurzaamheid\/svetovy-fond-na-ochranu-prirody\/","name":"Svetovni sklad za divje \u017eivali - nadzorni stolp za palete","isPartOf":{"@id":"https:\/\/www.palletcontroltower.eu\/#website"},"primaryImageOfPage":{"@id":"https:\/\/www.palletcontroltower.eu\/cs\/duurzaamheid\/svetovy-fond-na-ochranu-prirody\/#primaryimage"},"image":{"@id":"https:\/\/www.palletcontroltower.eu\/cs\/duurzaamheid\/svetovy-fond-na-ochranu-prirody\/#primaryimage"},"thumbnailUrl":"http:\/\/www.palletcontroltower.eu\/wp-content\/uploads\/2023\/12\/WWF-Business-Supporter-bos-social-3-1-1024x1024.jpg","datePublished":"2023-11-22T08:02:17+00:00","dateModified":"2024-01-08T14:00:38+00:00","description":"Podjetje PCT podpira program WWF: vrnite gozd Zemlji. Za vsakih 10.000 e-kreditov posadimo drevo v gozdu.","breadcrumb":{"@id":"https:\/\/www.palletcontroltower.eu\/cs\/duurzaamheid\/svetovy-fond-na-ochranu-prirody\/#breadcrumb"},"inLanguage":"sl-SI","potentialAction":[{"@type":"ReadAction","target":["https:\/\/www.palletcontroltower.eu\/cs\/duurzaamheid\/svetovy-fond-na-ochranu-prirody\/"]}]},{"@type":"ImageObject","inLanguage":"sl-SI","@id":"https:\/\/www.palletcontroltower.eu\/cs\/duurzaamheid\/svetovy-fond-na-ochranu-prirody\/#primaryimage","url":"http:\/\/www.palletcontroltower.eu\/wp-content\/uploads\/2023\/12\/WWF-Business-Supporter-bos-social-3-1-1024x1024.jpg","contentUrl":"http:\/\/www.palletcontroltower.eu\/wp-content\/uploads\/2023\/12\/WWF-Business-Supporter-bos-social-3-1-1024x1024.jpg"},{"@type":"BreadcrumbList","@id":"https:\/\/www.palletcontroltower.eu\/cs\/duurzaamheid\/svetovy-fond-na-ochranu-prirody\/#breadcrumb","itemListElement":[{"@type":"ListItem","position":1,"name":"Home","item":"https:\/\/www.palletcontroltower.eu\/"},{"@type":"ListItem","position":2,"name":"Duurzaamheid","item":"https:\/\/www.palletcontroltower.eu\/pl\/duurzaamheid\/"},{"@type":"ListItem","position":3,"name":"Wereld Natuur Fonds"}]},{"@type":"WebSite","@id":"https:\/\/www.palletcontroltower.eu\/#website","url":"https:\/\/www.palletcontroltower.eu\/","name":"Nadzorni stolp za palete","description":"","publisher":{"@id":"https:\/\/www.palletcontroltower.eu\/#organization"},"potentialAction":[{"@type":"SearchAction","target":{"@type":"EntryPoint","urlTemplate":"https:\/\/www.palletcontroltower.eu\/?s={search_term_string}"},"query-input":{"@type":"PropertyValueSpecification","valueRequired":true,"valueName":"search_term_string"}}],"inLanguage":"sl-SI"},{"@type":"Organization","@id":"https:\/\/www.palletcontroltower.eu\/#organization","name":"Nadzorni stolp za palete","url":"https:\/\/www.palletcontroltower.eu\/","logo":{"@type":"ImageObject","inLanguage":"sl-SI","@id":"https:\/\/www.palletcontroltower.eu\/#\/schema\/logo\/image\/","url":"https:\/\/www.palletcontroltower.eu\/wp-content\/uploads\/2023\/10\/logo.svg","contentUrl":"https:\/\/www.palletcontroltower.eu\/wp-content\/uploads\/2023\/10\/logo.svg","width":290,"height":87,"caption":"Pallet Control Tower"},"image":{"@id":"https:\/\/www.palletcontroltower.eu\/#\/schema\/logo\/image\/"}}]}},"_links":{"self":[{"href":"https:\/\/www.palletcontroltower.eu\/sl\/wp-json\/wp\/v2\/pages\/44","targetHints":{"allow":["GET"]}}],"collection":[{"href":"https:\/\/www.palletcontroltower.eu\/sl\/wp-json\/wp\/v2\/pages"}],"about":[{"href":"https:\/\/www.palletcontroltower.eu\/sl\/wp-json\/wp\/v2\/types\/page"}],"author":[{"embeddable":true,"href":"https:\/\/www.palletcontroltower.eu\/sl\/wp-json\/wp\/v2\/users\/1"}],"replies":[{"embeddable":true,"href":"https:\/\/www.palletcontroltower.eu\/sl\/wp-json\/wp\/v2\/comments?post=44"}],"version-history":[{"count":14,"href":"https:\/\/www.palletcontroltower.eu\/sl\/wp-json\/wp\/v2\/pages\/44\/revisions"}],"predecessor-version":[{"id":993,"href":"https:\/\/www.palletcontroltower.eu\/sl\/wp-json\/wp\/v2\/pages\/44\/revisions\/993"}],"up":[{"embeddable":true,"href":"https:\/\/www.palletcontroltower.eu\/sl\/wp-json\/wp\/v2\/pages\/40"}],"wp:attachment":[{"href":"https:\/\/www.palletcontroltower.eu\/sl\/wp-json\/wp\/v2\/media?parent=44"}],"curies":[{"name":"wp","href":"https:\/\/api.w.org\/{rel}","templated":true}]}}