{"id":66,"date":"2023-11-22T08:05:50","date_gmt":"2023-11-22T08:05:50","guid":{"rendered":"http:\/\/www.palletcontroltower.eu\/?page_id=66"},"modified":"2026-02-12T13:02:54","modified_gmt":"2026-02-12T13:02:54","slug":"kdo-je-pct","status":"publish","type":"page","link":"https:\/\/www.palletcontroltower.eu\/sl\/over-ons\/wie-is-pct\/","title":{"rendered":"Kdo je PCT?"},"content":{"rendered":"<div class=\"wp-block-columns is-layout-flex wp-container-core-columns-is-layout-28f84493 wp-block-columns-is-layout-flex\">\n<div class=\"wp-block-column is-layout-flow wp-block-column-is-layout-flow\">\n<h2 class=\"wp-block-heading\">Kaj po\u010dnemo<\/h2>\n\n\n\n<p>Dru\u017eba PCT je v zadnjih desetletjih opazovala, kako se je zdru\u017eevanje palet in drugih vra\u010dljivih prevoznih predmetov (VPP) pove\u010devalo in spreminjalo. Opazili smo \u0161tevilne te\u017eave in napake. In vemo, da niso re\u0161ene ali pa so re\u0161ene le delno. Posledica so razo\u010daranje in nepopisni (skriti) stro\u0161ki.&nbsp;&nbsp;<\/p>\n\n\n\n<p>Prepri\u010dani smo, da z na\u0161im novim standardom pomembno prispevamo k optimizaciji bazenskih sistemov, ki jih je v Evropi in svetu veliko.&nbsp;&nbsp;<\/p>\n\n\n\n<div class=\"wp-block-buttons is-layout-flex wp-block-buttons-is-layout-flex\">\n<div class=\"wp-block-button\"><a class=\"wp-block-button__link has-white-color has-green-background-color has-text-color has-background has-link-color wp-element-button\" href=\"http:\/\/www.palletcontroltower.eu\/sl\/kako-deluje\/kaj-pocnemo\/\" target=\"_blank\" rel=\"noreferrer noopener\">Oglejte si, kako to po\u010dnemo tukaj<\/a><\/div>\n<\/div>\n<\/div>\n<\/div>\n\n\n\n<hr class=\"wp-block-separator has-alpha-channel-opacity\"\/>\n\n\n\n<div class=\"wp-block-columns are-vertically-aligned-center is-layout-flex wp-container-core-columns-is-layout-28f84493 wp-block-columns-is-layout-flex\">\n<div class=\"wp-block-column is-vertically-aligned-center is-layout-flow wp-block-column-is-layout-flow\">\n<figure class=\"wp-block-image size-full\"><img fetchpriority=\"high\" decoding=\"async\" width=\"1800\" height=\"380\" src=\"http:\/\/www.palletcontroltower.eu\/wp-content\/uploads\/2023\/12\/headerbeeld_0011_PalletControlTower_EPAL_forklift_handling_europallets.jpg\" alt=\"\" class=\"wp-image-646\" style=\"aspect-ratio:4\/3;object-fit:cover\" srcset=\"https:\/\/www.palletcontroltower.eu\/wp-content\/uploads\/2023\/12\/headerbeeld_0011_PalletControlTower_EPAL_forklift_handling_europallets.jpg 1800w, https:\/\/www.palletcontroltower.eu\/wp-content\/uploads\/2023\/12\/headerbeeld_0011_PalletControlTower_EPAL_forklift_handling_europallets-300x63.jpg 300w, https:\/\/www.palletcontroltower.eu\/wp-content\/uploads\/2023\/12\/headerbeeld_0011_PalletControlTower_EPAL_forklift_handling_europallets-1024x216.jpg 1024w, https:\/\/www.palletcontroltower.eu\/wp-content\/uploads\/2023\/12\/headerbeeld_0011_PalletControlTower_EPAL_forklift_handling_europallets-768x162.jpg 768w, https:\/\/www.palletcontroltower.eu\/wp-content\/uploads\/2023\/12\/headerbeeld_0011_PalletControlTower_EPAL_forklift_handling_europallets-1536x324.jpg 1536w, https:\/\/www.palletcontroltower.eu\/wp-content\/uploads\/2023\/12\/headerbeeld_0011_PalletControlTower_EPAL_forklift_handling_europallets-18x4.jpg 18w\" sizes=\"(max-width: 1800px) 100vw, 1800px\" \/><\/figure>\n<\/div>\n\n\n\n<div class=\"wp-block-column is-vertically-aligned-center is-layout-flow wp-block-column-is-layout-flow\">\n<h2 class=\"wp-block-heading\">Matching, Collection in Delivery.<\/h2>\n\n\n\n<p>PCTO re\u0161uje stres na paletah. Na\u0161a spletna platforma z Matchingom ureja postopek zbiranja in dostave europalet in drugih VPP po Evropi, Aziji in Ameriki\/Kanadi. To med drugim po\u010dnemo z na\u0161im sistemom e-Credit, pri \u010demer spremljamo neodvisni indeks EUWID za najnovej\u0161a cenovna gibanja.<\/p>\n\n\n\n<p>V Evropi imamo tudi mre\u017eo skrbnikov ra\u010dunov in kakovosti, ki re\u0161ujejo te\u017eave v primeru spora. Kakovost palet preverjajo na kraju samem v skladi\u0161\u010dih in pri prejemnikih.<\/p>\n\n\n\n<p>Z e-krediti lahko na\u0161i udele\u017eenci optimalno uporabljajo Europalete (UIC\/EUR - EPAL) in druge RTI. Vse to za bolj trajnostno dobavno verigo.<\/p>\n\n\n\n<div class=\"wp-block-buttons is-layout-flex wp-block-buttons-is-layout-flex\">\n<div class=\"wp-block-button\"><a class=\"wp-block-button__link has-white-color has-green-background-color has-text-color has-background has-link-color wp-element-button\" href=\"https:\/\/portal.pct-online.eu\/register\" target=\"_blank\" rel=\"noreferrer noopener\">Aktivirajte svoj ra\u010dun<\/a><\/div>\n<\/div>\n<\/div>\n<\/div>\n\n\n\n<hr class=\"wp-block-separator has-alpha-channel-opacity\"\/>\n\n\n\n<blockquote class=\"wp-block-quote is-layout-flow wp-block-quote-is-layout-flow\">\n<p class=\"has-text-align-center\">Prepre\u010dite stres na paleti! Paletni nadzorni stolp je evropski standard in platforma za zbiranje in dostavo po ujemanju za Europalete in druge RTI. Omogo\u010damo odprto zdru\u017eevanje od A do \u017d. In poskrbimo, da je paletna logistika spet obvladljiva.<\/p>\n<\/blockquote>\n\n\n\n<hr class=\"wp-block-separator has-alpha-channel-opacity\"\/>\n\n\n\n<figure class=\"wp-block-image size-full\"><img decoding=\"async\" width=\"1600\" height=\"1066\" src=\"http:\/\/www.palletcontroltower.eu\/wp-content\/uploads\/2023\/11\/palletcontroltower-2.jpg\" alt=\"\" class=\"wp-image-207\" style=\"aspect-ratio:16\/9;object-fit:cover\" srcset=\"https:\/\/www.palletcontroltower.eu\/wp-content\/uploads\/2023\/11\/palletcontroltower-2.jpg 1600w, https:\/\/www.palletcontroltower.eu\/wp-content\/uploads\/2023\/11\/palletcontroltower-2-300x200.jpg 300w, https:\/\/www.palletcontroltower.eu\/wp-content\/uploads\/2023\/11\/palletcontroltower-2-1024x682.jpg 1024w, https:\/\/www.palletcontroltower.eu\/wp-content\/uploads\/2023\/11\/palletcontroltower-2-768x512.jpg 768w, https:\/\/www.palletcontroltower.eu\/wp-content\/uploads\/2023\/11\/palletcontroltower-2-1536x1023.jpg 1536w\" sizes=\"(max-width: 1600px) 100vw, 1600px\" \/><\/figure>\n\n\n\n<hr class=\"wp-block-separator has-alpha-channel-opacity\"\/>\n\n\n\n<div class=\"wp-block-columns is-layout-flex wp-container-core-columns-is-layout-28f84493 wp-block-columns-is-layout-flex\">\n<div class=\"wp-block-column is-layout-flow wp-block-column-is-layout-flow\">\n<h3 class=\"wp-block-heading\">Za koga in zakaj? <\/h3>\n\n\n\n<p>S sistemom PCTO bo lahko vsako podjetje ali, \u0161e bolje, mre\u017ea podjetij - dobavna veriga - pre\u0161la s palet za enkratno uporabo in drugih RTI na evropske palete za ve\u010dkratno uporabo in druge RTI. <\/p>\n\n\n\n<p>Platforma PCTO je namenjena vsem industrijskim, proizvodnim ali trgovskim podjetjem, ki za prevoz izdelkov v velikem obsegu uporabljajo Europalete in RTI. Namenjena pa je tudi prevoznikom in distribucijskim centrom ter trgovcem\/skladi\u0161\u010dem\/proizvajalcem palet. <\/p>\n\n\n\n<div class=\"wp-block-buttons is-layout-flex wp-block-buttons-is-layout-flex\">\n<div class=\"wp-block-button\"><a class=\"wp-block-button__link has-white-color has-blue-background-color has-text-color has-background has-link-color wp-element-button\" href=\"https:\/\/portal.pct-online.eu\/register\" target=\"_blank\" rel=\"noreferrer noopener\">Aktivirajte svoj ra\u010dun<\/a><\/div>\n<\/div>\n<\/div>\n\n\n\n<div class=\"wp-block-column is-layout-flow wp-block-column-is-layout-flow\">\n<h3 class=\"wp-block-heading\">Kako to storimo? <\/h3>\n\n\n\n<p>PCTO ponuja preprost na\u010din za prehod z enkratne na ve\u010dkratno uporabo. Z zbiranjem in dostavo - ujemanjem - naro\u010dil in e-kreditom imajo od tega koristi vsi v logisti\u010dni verigi. <\/p>\n\n\n\n<p>Obravnava transakcij je la\u017eja, preglednost pa pomeni manj razprav z vsemi vpletenimi stranmi. Vzajemna stanja je mogo\u010de enostavno poravnati z e-krediti. V primeru razprave lahko na\u0161i regionalni skrbniki za ra\u010dune in kakovost zagotovijo re\u0161itev.<\/p>\n\n\n\n<div class=\"wp-block-buttons is-layout-flex wp-block-buttons-is-layout-flex\">\n<div class=\"wp-block-button\"><a class=\"wp-block-button__link has-white-color has-mint-background-color has-text-color has-background has-link-color wp-element-button\" href=\"https:\/\/portal.pct-online.eu\/register\" target=\"_blank\" rel=\"noreferrer noopener\">Aktivirajte svoj ra\u010dun<\/a><\/div>\n<\/div>\n<\/div>\n<\/div>","protected":false},"excerpt":{"rendered":"<p>Wat wij doen PCT heeft de afgelopen decennia de pooling van pallets en andere Returnable Transport Items (RTI) zien opkomen en veranderen. We hebben tal van problemen en fouten zien ontstaan. En we weten dat ze niet, of maar deels, worden opgelost. Met frustratie en onoverzichtelijke (verborgen) kosten tot gevolg.&nbsp;&nbsp; Met onze nieuwe standaard zijn [&hellip;]<\/p>\n","protected":false},"author":1,"featured_media":0,"parent":64,"menu_order":0,"comment_status":"closed","ping_status":"closed","template":"","meta":{"footnotes":""},"class_list":["post-66","page","type-page","status-publish","hentry"],"yoast_head":"<!-- This site is optimized with the Yoast SEO plugin v27.3 - https:\/\/yoast.com\/product\/yoast-seo-wordpress\/ -->\n<title>Wie is PCT? - Pallet Control Tower<\/title>\n<meta name=\"robots\" content=\"index, follow, max-snippet:-1, max-image-preview:large, max-video-preview:-1\" \/>\n<link rel=\"canonical\" href=\"https:\/\/www.palletcontroltower.eu\/sl\/o-nas\/kdo-je-pct\/\" \/>\n<meta property=\"og:locale\" content=\"sl_SI\" \/>\n<meta property=\"og:type\" content=\"article\" \/>\n<meta property=\"og:title\" content=\"Wie is PCT? - Pallet Control Tower\" \/>\n<meta property=\"og:description\" content=\"Wat wij doen PCT heeft de afgelopen decennia de pooling van pallets en andere Returnable Transport Items (RTI) zien opkomen en veranderen. We hebben tal van problemen en fouten zien ontstaan. En we weten dat ze niet, of maar deels, worden opgelost. Met frustratie en onoverzichtelijke (verborgen) kosten tot gevolg.&nbsp;&nbsp; Met onze nieuwe standaard zijn [&hellip;]\" \/>\n<meta property=\"og:url\" content=\"https:\/\/www.palletcontroltower.eu\/sl\/o-nas\/kdo-je-pct\/\" \/>\n<meta property=\"og:site_name\" content=\"Pallet Control Tower\" \/>\n<meta property=\"article:modified_time\" content=\"2026-02-12T13:02:54+00:00\" \/>\n<meta property=\"og:image\" content=\"https:\/\/www.palletcontroltower.eu\/wp-content\/uploads\/2023\/12\/headerbeeld_0011_PalletControlTower_EPAL_forklift_handling_europallets.jpg\" \/>\n\t<meta property=\"og:image:width\" content=\"1800\" \/>\n\t<meta property=\"og:image:height\" content=\"380\" \/>\n\t<meta property=\"og:image:type\" content=\"image\/jpeg\" \/>\n<meta name=\"twitter:card\" content=\"summary_large_image\" \/>\n<meta name=\"twitter:label1\" content=\"Est. reading time\" \/>\n\t<meta name=\"twitter:data1\" content=\"3 minute\" \/>\n<script type=\"application\/ld+json\" class=\"yoast-schema-graph\">{\"@context\":\"https:\\\/\\\/schema.org\",\"@graph\":[{\"@type\":\"WebPage\",\"@id\":\"https:\\\/\\\/www.palletcontroltower.eu\\\/over-ons\\\/wie-is-pct\\\/\",\"url\":\"https:\\\/\\\/www.palletcontroltower.eu\\\/over-ons\\\/wie-is-pct\\\/\",\"name\":\"Wie is PCT? - Pallet Control Tower\",\"isPartOf\":{\"@id\":\"https:\\\/\\\/www.palletcontroltower.eu\\\/#website\"},\"primaryImageOfPage\":{\"@id\":\"https:\\\/\\\/www.palletcontroltower.eu\\\/over-ons\\\/wie-is-pct\\\/#primaryimage\"},\"image\":{\"@id\":\"https:\\\/\\\/www.palletcontroltower.eu\\\/over-ons\\\/wie-is-pct\\\/#primaryimage\"},\"thumbnailUrl\":\"http:\\\/\\\/www.palletcontroltower.eu\\\/wp-content\\\/uploads\\\/2023\\\/12\\\/headerbeeld_0011_PalletControlTower_EPAL_forklift_handling_europallets.jpg\",\"datePublished\":\"2023-11-22T08:05:50+00:00\",\"dateModified\":\"2026-02-12T13:02:54+00:00\",\"breadcrumb\":{\"@id\":\"https:\\\/\\\/www.palletcontroltower.eu\\\/over-ons\\\/wie-is-pct\\\/#breadcrumb\"},\"inLanguage\":\"sl-SI\",\"potentialAction\":[{\"@type\":\"ReadAction\",\"target\":[\"https:\\\/\\\/www.palletcontroltower.eu\\\/over-ons\\\/wie-is-pct\\\/\"]}]},{\"@type\":\"ImageObject\",\"inLanguage\":\"sl-SI\",\"@id\":\"https:\\\/\\\/www.palletcontroltower.eu\\\/over-ons\\\/wie-is-pct\\\/#primaryimage\",\"url\":\"http:\\\/\\\/www.palletcontroltower.eu\\\/wp-content\\\/uploads\\\/2023\\\/12\\\/headerbeeld_0011_PalletControlTower_EPAL_forklift_handling_europallets.jpg\",\"contentUrl\":\"http:\\\/\\\/www.palletcontroltower.eu\\\/wp-content\\\/uploads\\\/2023\\\/12\\\/headerbeeld_0011_PalletControlTower_EPAL_forklift_handling_europallets.jpg\"},{\"@type\":\"BreadcrumbList\",\"@id\":\"https:\\\/\\\/www.palletcontroltower.eu\\\/over-ons\\\/wie-is-pct\\\/#breadcrumb\",\"itemListElement\":[{\"@type\":\"ListItem\",\"position\":1,\"name\":\"Home\",\"item\":\"https:\\\/\\\/www.palletcontroltower.eu\\\/\"},{\"@type\":\"ListItem\",\"position\":2,\"name\":\"Over ons\",\"item\":\"https:\\\/\\\/www.palletcontroltower.eu\\\/over-ons\\\/\"},{\"@type\":\"ListItem\",\"position\":3,\"name\":\"Wie is PCT?\"}]},{\"@type\":\"WebSite\",\"@id\":\"https:\\\/\\\/www.palletcontroltower.eu\\\/#website\",\"url\":\"https:\\\/\\\/www.palletcontroltower.eu\\\/\",\"name\":\"Pallet Control Tower\",\"description\":\"\",\"publisher\":{\"@id\":\"https:\\\/\\\/www.palletcontroltower.eu\\\/#organization\"},\"potentialAction\":[{\"@type\":\"SearchAction\",\"target\":{\"@type\":\"EntryPoint\",\"urlTemplate\":\"https:\\\/\\\/www.palletcontroltower.eu\\\/?s={search_term_string}\"},\"query-input\":{\"@type\":\"PropertyValueSpecification\",\"valueRequired\":true,\"valueName\":\"search_term_string\"}}],\"inLanguage\":\"sl-SI\"},{\"@type\":\"Organization\",\"@id\":\"https:\\\/\\\/www.palletcontroltower.eu\\\/#organization\",\"name\":\"Pallet Control Tower\",\"url\":\"https:\\\/\\\/www.palletcontroltower.eu\\\/\",\"logo\":{\"@type\":\"ImageObject\",\"inLanguage\":\"sl-SI\",\"@id\":\"https:\\\/\\\/www.palletcontroltower.eu\\\/#\\\/schema\\\/logo\\\/image\\\/\",\"url\":\"https:\\\/\\\/www.palletcontroltower.eu\\\/wp-content\\\/uploads\\\/2023\\\/10\\\/logo.svg\",\"contentUrl\":\"https:\\\/\\\/www.palletcontroltower.eu\\\/wp-content\\\/uploads\\\/2023\\\/10\\\/logo.svg\",\"width\":290,\"height\":87,\"caption\":\"Pallet Control Tower\"},\"image\":{\"@id\":\"https:\\\/\\\/www.palletcontroltower.eu\\\/#\\\/schema\\\/logo\\\/image\\\/\"}}]}<\/script>\n<!-- \/ Yoast SEO plugin. -->","yoast_head_json":{"title":"Kdo je PCT? - Paletni nadzorni stolp","robots":{"index":"index","follow":"follow","max-snippet":"max-snippet:-1","max-image-preview":"max-image-preview:large","max-video-preview":"max-video-preview:-1"},"canonical":"https:\/\/www.palletcontroltower.eu\/sl\/o-nas\/kdo-je-pct\/","og_locale":"sl_SI","og_type":"article","og_title":"Wie is PCT? - Pallet Control Tower","og_description":"Wat wij doen PCT heeft de afgelopen decennia de pooling van pallets en andere Returnable Transport Items (RTI) zien opkomen en veranderen. We hebben tal van problemen en fouten zien ontstaan. En we weten dat ze niet, of maar deels, worden opgelost. Met frustratie en onoverzichtelijke (verborgen) kosten tot gevolg.&nbsp;&nbsp; Met onze nieuwe standaard zijn [&hellip;]","og_url":"https:\/\/www.palletcontroltower.eu\/sl\/o-nas\/kdo-je-pct\/","og_site_name":"Pallet Control Tower","article_modified_time":"2026-02-12T13:02:54+00:00","og_image":[{"width":1800,"height":380,"url":"https:\/\/www.palletcontroltower.eu\/wp-content\/uploads\/2023\/12\/headerbeeld_0011_PalletControlTower_EPAL_forklift_handling_europallets.jpg","type":"image\/jpeg"}],"twitter_card":"summary_large_image","twitter_misc":{"Est. reading time":"3 minute"},"schema":{"@context":"https:\/\/schema.org","@graph":[{"@type":"WebPage","@id":"https:\/\/www.palletcontroltower.eu\/over-ons\/wie-is-pct\/","url":"https:\/\/www.palletcontroltower.eu\/over-ons\/wie-is-pct\/","name":"Kdo je PCT? - Paletni nadzorni stolp","isPartOf":{"@id":"https:\/\/www.palletcontroltower.eu\/#website"},"primaryImageOfPage":{"@id":"https:\/\/www.palletcontroltower.eu\/over-ons\/wie-is-pct\/#primaryimage"},"image":{"@id":"https:\/\/www.palletcontroltower.eu\/over-ons\/wie-is-pct\/#primaryimage"},"thumbnailUrl":"http:\/\/www.palletcontroltower.eu\/wp-content\/uploads\/2023\/12\/headerbeeld_0011_PalletControlTower_EPAL_forklift_handling_europallets.jpg","datePublished":"2023-11-22T08:05:50+00:00","dateModified":"2026-02-12T13:02:54+00:00","breadcrumb":{"@id":"https:\/\/www.palletcontroltower.eu\/over-ons\/wie-is-pct\/#breadcrumb"},"inLanguage":"sl-SI","potentialAction":[{"@type":"ReadAction","target":["https:\/\/www.palletcontroltower.eu\/over-ons\/wie-is-pct\/"]}]},{"@type":"ImageObject","inLanguage":"sl-SI","@id":"https:\/\/www.palletcontroltower.eu\/over-ons\/wie-is-pct\/#primaryimage","url":"http:\/\/www.palletcontroltower.eu\/wp-content\/uploads\/2023\/12\/headerbeeld_0011_PalletControlTower_EPAL_forklift_handling_europallets.jpg","contentUrl":"http:\/\/www.palletcontroltower.eu\/wp-content\/uploads\/2023\/12\/headerbeeld_0011_PalletControlTower_EPAL_forklift_handling_europallets.jpg"},{"@type":"BreadcrumbList","@id":"https:\/\/www.palletcontroltower.eu\/over-ons\/wie-is-pct\/#breadcrumb","itemListElement":[{"@type":"ListItem","position":1,"name":"Home","item":"https:\/\/www.palletcontroltower.eu\/"},{"@type":"ListItem","position":2,"name":"Over ons","item":"https:\/\/www.palletcontroltower.eu\/over-ons\/"},{"@type":"ListItem","position":3,"name":"Wie is PCT?"}]},{"@type":"WebSite","@id":"https:\/\/www.palletcontroltower.eu\/#website","url":"https:\/\/www.palletcontroltower.eu\/","name":"Nadzorni stolp za palete","description":"","publisher":{"@id":"https:\/\/www.palletcontroltower.eu\/#organization"},"potentialAction":[{"@type":"SearchAction","target":{"@type":"EntryPoint","urlTemplate":"https:\/\/www.palletcontroltower.eu\/?s={search_term_string}"},"query-input":{"@type":"PropertyValueSpecification","valueRequired":true,"valueName":"search_term_string"}}],"inLanguage":"sl-SI"},{"@type":"Organization","@id":"https:\/\/www.palletcontroltower.eu\/#organization","name":"Nadzorni stolp za palete","url":"https:\/\/www.palletcontroltower.eu\/","logo":{"@type":"ImageObject","inLanguage":"sl-SI","@id":"https:\/\/www.palletcontroltower.eu\/#\/schema\/logo\/image\/","url":"https:\/\/www.palletcontroltower.eu\/wp-content\/uploads\/2023\/10\/logo.svg","contentUrl":"https:\/\/www.palletcontroltower.eu\/wp-content\/uploads\/2023\/10\/logo.svg","width":290,"height":87,"caption":"Pallet Control Tower"},"image":{"@id":"https:\/\/www.palletcontroltower.eu\/#\/schema\/logo\/image\/"}}]}},"_links":{"self":[{"href":"https:\/\/www.palletcontroltower.eu\/sl\/wp-json\/wp\/v2\/pages\/66","targetHints":{"allow":["GET"]}}],"collection":[{"href":"https:\/\/www.palletcontroltower.eu\/sl\/wp-json\/wp\/v2\/pages"}],"about":[{"href":"https:\/\/www.palletcontroltower.eu\/sl\/wp-json\/wp\/v2\/types\/page"}],"author":[{"embeddable":true,"href":"https:\/\/www.palletcontroltower.eu\/sl\/wp-json\/wp\/v2\/users\/1"}],"replies":[{"embeddable":true,"href":"https:\/\/www.palletcontroltower.eu\/sl\/wp-json\/wp\/v2\/comments?post=66"}],"version-history":[{"count":25,"href":"https:\/\/www.palletcontroltower.eu\/sl\/wp-json\/wp\/v2\/pages\/66\/revisions"}],"predecessor-version":[{"id":1245,"href":"https:\/\/www.palletcontroltower.eu\/sl\/wp-json\/wp\/v2\/pages\/66\/revisions\/1245"}],"up":[{"embeddable":true,"href":"https:\/\/www.palletcontroltower.eu\/sl\/wp-json\/wp\/v2\/pages\/64"}],"wp:attachment":[{"href":"https:\/\/www.palletcontroltower.eu\/sl\/wp-json\/wp\/v2\/media?parent=66"}],"curies":[{"name":"wp","href":"https:\/\/api.w.org\/{rel}","templated":true}]}}