{"id":70,"date":"2023-11-22T08:06:06","date_gmt":"2023-11-22T08:06:06","guid":{"rendered":"http:\/\/www.palletcontroltower.eu\/?page_id=70"},"modified":"2024-01-22T12:49:45","modified_gmt":"2024-01-22T12:49:45","slug":"prosta-delovna-mesta","status":"publish","type":"page","link":"https:\/\/www.palletcontroltower.eu\/sl\/vacatures\/","title":{"rendered":"Prosta delovna mesta"},"content":{"rendered":"<div class=\"wp-block-columns is-layout-flex wp-container-core-columns-is-layout-28f84493 wp-block-columns-is-layout-flex\">\n<div class=\"wp-block-column is-layout-flow wp-block-column-is-layout-flow\">\n<h2 class=\"wp-block-heading\">Uporabi<\/h2>\n\n\n\n<p>PCT je mlado, a mednarodno rasto\u010de podjetje. Zato v kratkem \u010dasu i\u0161\u010demo nove zaposlene po vsej Evropi. Spremljajte to stran za aktualna prosta delovna mesta. Med drugim bomo na primer kmalu za\u010deli iskati vodje ra\u010dunov in osebje za podporo strankam. Delo v podjetju Pallet Control Tower torej pomeni delo v zahtevnem okolju, kjer se zahteva samostojnost. Vsa delovna mesta so hibridna in omogo\u010danje dela v doma\u010di pisarni je samoumevno. <\/p>\n<\/div>\n<\/div>\n\n\n\n<hr class=\"wp-block-separator has-alpha-channel-opacity\"\/>\n\n\n\n<div class=\"wp-block-columns are-vertically-aligned-center is-layout-flex wp-container-core-columns-is-layout-28f84493 wp-block-columns-is-layout-flex\">\n<div class=\"wp-block-column is-layout-flow wp-block-column-is-layout-flow\">\n<div class=\"wp-block-pb-accordion-item c-accordion__item js-accordion-item no-js\" data-initially-open=\"false\" data-click-to-close=\"true\" data-auto-close=\"true\" data-scroll=\"false\" data-scroll-offset=\"0\"><h2 id=\"at-700\" class=\"c-accordion__title js-accordion-controller\" role=\"button\">Vodja ra\u010duna v razli\u010dnih evropskih dr\u017eavah - polni delovni \u010das \/ kraj\u0161i delovni \u010das<\/h2><div id=\"ac-700\" class=\"c-accordion__content\">\n<p>Imate ve\u010dletne izku\u0161nje na podro\u010dju logistike in\/ali mednarodne trgovine in bi radi naredili naslednji korak v svoji karieri?<\/p>\n\n\n\n<p>Potem izkoristite prilo\u017enost in se \u0161e naprej razvijte z nami kot vodja ra\u010duna v eni od na\u0161ih evropskih operativnih regij. <\/p>\n\n\n\n<div class=\"wp-block-buttons is-layout-flex wp-block-buttons-is-layout-flex\">\n<div class=\"wp-block-button\"><a class=\"wp-block-button__link has-white-color has-blue-background-color has-text-color has-background has-link-color wp-element-button\" href=\"https:\/\/www.palletcontroltower.eu\/sl\/prosta-delovna-mesta\/vodja-racuna\/\" target=\"_blank\" rel=\"noreferrer noopener\">Oglejte si prosto delovno mesto<\/a><\/div>\n<\/div>\n<\/div><\/div>\n\n\n\n<div class=\"wp-block-pb-accordion-item c-accordion__item js-accordion-item no-js\" data-initially-open=\"false\" data-click-to-close=\"true\" data-auto-close=\"true\" data-scroll=\"false\" data-scroll-offset=\"0\"><h2 id=\"at-701\" class=\"c-accordion__title js-accordion-controller\" role=\"button\">(Mlaj\u0161i) Pisarni\u0161ki pomo\u010dnik \/ pomo\u010dnik v marketingu - skraj\u0161ani delovni \u010das \/ polni delovni \u010das<\/h2><div id=\"ac-701\" class=\"c-accordion__content\">\n<p>Ste na za\u010detku svoje poklicne poti ali \u017ee imate prve delovne izku\u0161nje na pisarni\u0161kem in\/ali marketin\u0161kem\/komunikacijskem delovnem mestu in bi radi naredili naslednji korak v svoji karieri?<\/p>\n\n\n\n<p>Potem izkoristite svojo prilo\u017enost in rastite z nami kot pomo\u010dnik v pisarni in marketingu!<\/p>\n\n\n\n<div class=\"wp-block-buttons is-layout-flex wp-block-buttons-is-layout-flex\">\n<div class=\"wp-block-button\"><a class=\"wp-block-button__link has-white-color has-blue-background-color has-text-color has-background has-link-color wp-element-button\" href=\"https:\/\/www.palletcontroltower.eu\/sl\/prosta-delovna-mesta\/mlajsi-pomocnik-za-trzenje-v-pisarni\/\" target=\"_blank\" rel=\"noreferrer noopener\">Oglejte si prosto delovno mesto<\/a><\/div>\n<\/div>\n<\/div><\/div>\n<\/div>\n<\/div>\n\n\n\n<hr class=\"wp-block-separator has-alpha-channel-opacity\"\/>\n\n\n\n<blockquote class=\"wp-block-quote is-layout-flow wp-block-quote-is-layout-flow\">\n<p class=\"has-text-align-center\">Prepre\u010dite stres na paleti. Paletni nadzorni stolp je evropski standard in platforma za zbiranje in dostavo z ujemanjem za europalete in druge RTI. Omogo\u010damo odprto zdru\u017eevanje od A do \u017d. In poskrbimo, da je paletna logistika spet obvladljiva.<\/p>\n<\/blockquote>\n\n\n\n<hr class=\"wp-block-separator has-alpha-channel-opacity\"\/>\n\n\n\n<figure class=\"wp-block-image size-full\"><img fetchpriority=\"high\" decoding=\"async\" width=\"2121\" height=\"1414\" src=\"http:\/\/www.palletcontroltower.eu\/wp-content\/uploads\/2024\/01\/Coworkers_hybridmeeting.jpg\" alt=\"sodelovanje v hibridnem sestanku\" class=\"wp-image-1171\" style=\"aspect-ratio:16\/9;object-fit:cover\" srcset=\"https:\/\/www.palletcontroltower.eu\/wp-content\/uploads\/2024\/01\/Coworkers_hybridmeeting.jpg 2121w, https:\/\/www.palletcontroltower.eu\/wp-content\/uploads\/2024\/01\/Coworkers_hybridmeeting-300x200.jpg 300w, https:\/\/www.palletcontroltower.eu\/wp-content\/uploads\/2024\/01\/Coworkers_hybridmeeting-1024x683.jpg 1024w, https:\/\/www.palletcontroltower.eu\/wp-content\/uploads\/2024\/01\/Coworkers_hybridmeeting-768x512.jpg 768w, https:\/\/www.palletcontroltower.eu\/wp-content\/uploads\/2024\/01\/Coworkers_hybridmeeting-1536x1024.jpg 1536w, https:\/\/www.palletcontroltower.eu\/wp-content\/uploads\/2024\/01\/Coworkers_hybridmeeting-2048x1365.jpg 2048w, https:\/\/www.palletcontroltower.eu\/wp-content\/uploads\/2024\/01\/Coworkers_hybridmeeting-18x12.jpg 18w\" sizes=\"(max-width: 2121px) 100vw, 2121px\" \/><\/figure>\n\n\n\n<hr class=\"wp-block-separator has-alpha-channel-opacity\"\/>","protected":false},"excerpt":{"rendered":"<p>Solliciteer PCT is een jong maar internationaal groeiend bedrijf. Daarom zijn we op korte termijn op zoek naar nieuwe medewerkers door heel Europa. Hou deze pagina in de gaten voor de actuele vacatures. Zo starten we binnenkort de zoektocht naar o.a. accountmanagers en customer support medewerkers. Werken bij Pallet Control Tower betekent dus werken in [&hellip;]<\/p>\n","protected":false},"author":1,"featured_media":0,"parent":0,"menu_order":0,"comment_status":"closed","ping_status":"closed","template":"","meta":{"footnotes":""},"class_list":["post-70","page","type-page","status-publish","hentry"],"yoast_head":"<!-- This site is optimized with the Yoast SEO plugin v27.6 - https:\/\/yoast.com\/product\/yoast-seo-wordpress\/ -->\n<title>Vacatures - Pallet Control Tower<\/title>\n<meta name=\"description\" content=\"Een overzicht van de actuele vacatures die Pallet Control Tower internationaal en Europees heeft uitstaan om de groei te faciliteren.\" \/>\n<meta name=\"robots\" content=\"index, follow, max-snippet:-1, max-image-preview:large, max-video-preview:-1\" \/>\n<link rel=\"canonical\" href=\"https:\/\/www.palletcontroltower.eu\/sl\/prosta-delovna-mesta\/\" \/>\n<meta property=\"og:locale\" content=\"sl_SI\" \/>\n<meta property=\"og:type\" content=\"article\" \/>\n<meta property=\"og:title\" content=\"Vacatures - Pallet Control Tower\" \/>\n<meta property=\"og:description\" content=\"Een overzicht van de actuele vacatures die Pallet Control Tower internationaal en Europees heeft uitstaan om de groei te faciliteren.\" \/>\n<meta property=\"og:url\" content=\"https:\/\/www.palletcontroltower.eu\/sl\/prosta-delovna-mesta\/\" \/>\n<meta property=\"og:site_name\" content=\"Pallet Control Tower\" \/>\n<meta property=\"article:modified_time\" content=\"2024-01-22T12:49:45+00:00\" \/>\n<meta property=\"og:image\" content=\"http:\/\/www.palletcontroltower.eu\/wp-content\/uploads\/2024\/01\/Coworkers_hybridmeeting.jpg\" \/>\n<meta name=\"twitter:card\" content=\"summary_large_image\" \/>\n<meta name=\"twitter:label1\" content=\"Est. reading time\" \/>\n\t<meta name=\"twitter:data1\" content=\"2 minuti\" \/>\n<script type=\"application\/ld+json\" class=\"yoast-schema-graph\">{\"@context\":\"https:\\\/\\\/schema.org\",\"@graph\":[{\"@type\":\"WebPage\",\"@id\":\"https:\\\/\\\/www.palletcontroltower.eu\\\/vacatures\\\/\",\"url\":\"https:\\\/\\\/www.palletcontroltower.eu\\\/vacatures\\\/\",\"name\":\"Vacatures - Pallet Control Tower\",\"isPartOf\":{\"@id\":\"https:\\\/\\\/www.palletcontroltower.eu\\\/#website\"},\"primaryImageOfPage\":{\"@id\":\"https:\\\/\\\/www.palletcontroltower.eu\\\/vacatures\\\/#primaryimage\"},\"image\":{\"@id\":\"https:\\\/\\\/www.palletcontroltower.eu\\\/vacatures\\\/#primaryimage\"},\"thumbnailUrl\":\"http:\\\/\\\/www.palletcontroltower.eu\\\/wp-content\\\/uploads\\\/2024\\\/01\\\/Coworkers_hybridmeeting.jpg\",\"datePublished\":\"2023-11-22T08:06:06+00:00\",\"dateModified\":\"2024-01-22T12:49:45+00:00\",\"description\":\"Een overzicht van de actuele vacatures die Pallet Control Tower internationaal en Europees heeft uitstaan om de groei te faciliteren.\",\"breadcrumb\":{\"@id\":\"https:\\\/\\\/www.palletcontroltower.eu\\\/vacatures\\\/#breadcrumb\"},\"inLanguage\":\"sl-SI\",\"potentialAction\":[{\"@type\":\"ReadAction\",\"target\":[\"https:\\\/\\\/www.palletcontroltower.eu\\\/vacatures\\\/\"]}]},{\"@type\":\"ImageObject\",\"inLanguage\":\"sl-SI\",\"@id\":\"https:\\\/\\\/www.palletcontroltower.eu\\\/vacatures\\\/#primaryimage\",\"url\":\"http:\\\/\\\/www.palletcontroltower.eu\\\/wp-content\\\/uploads\\\/2024\\\/01\\\/Coworkers_hybridmeeting.jpg\",\"contentUrl\":\"http:\\\/\\\/www.palletcontroltower.eu\\\/wp-content\\\/uploads\\\/2024\\\/01\\\/Coworkers_hybridmeeting.jpg\"},{\"@type\":\"BreadcrumbList\",\"@id\":\"https:\\\/\\\/www.palletcontroltower.eu\\\/vacatures\\\/#breadcrumb\",\"itemListElement\":[{\"@type\":\"ListItem\",\"position\":1,\"name\":\"Home\",\"item\":\"https:\\\/\\\/www.palletcontroltower.eu\\\/\"},{\"@type\":\"ListItem\",\"position\":2,\"name\":\"Vacatures\"}]},{\"@type\":\"WebSite\",\"@id\":\"https:\\\/\\\/www.palletcontroltower.eu\\\/#website\",\"url\":\"https:\\\/\\\/www.palletcontroltower.eu\\\/\",\"name\":\"Pallet Control Tower\",\"description\":\"\",\"publisher\":{\"@id\":\"https:\\\/\\\/www.palletcontroltower.eu\\\/#organization\"},\"potentialAction\":[{\"@type\":\"SearchAction\",\"target\":{\"@type\":\"EntryPoint\",\"urlTemplate\":\"https:\\\/\\\/www.palletcontroltower.eu\\\/?s={search_term_string}\"},\"query-input\":{\"@type\":\"PropertyValueSpecification\",\"valueRequired\":true,\"valueName\":\"search_term_string\"}}],\"inLanguage\":\"sl-SI\"},{\"@type\":\"Organization\",\"@id\":\"https:\\\/\\\/www.palletcontroltower.eu\\\/#organization\",\"name\":\"Pallet Control Tower\",\"url\":\"https:\\\/\\\/www.palletcontroltower.eu\\\/\",\"logo\":{\"@type\":\"ImageObject\",\"inLanguage\":\"sl-SI\",\"@id\":\"https:\\\/\\\/www.palletcontroltower.eu\\\/#\\\/schema\\\/logo\\\/image\\\/\",\"url\":\"https:\\\/\\\/www.palletcontroltower.eu\\\/wp-content\\\/uploads\\\/2023\\\/10\\\/logo.svg\",\"contentUrl\":\"https:\\\/\\\/www.palletcontroltower.eu\\\/wp-content\\\/uploads\\\/2023\\\/10\\\/logo.svg\",\"width\":290,\"height\":87,\"caption\":\"Pallet Control Tower\"},\"image\":{\"@id\":\"https:\\\/\\\/www.palletcontroltower.eu\\\/#\\\/schema\\\/logo\\\/image\\\/\"}}]}<\/script>\n<!-- \/ Yoast SEO plugin. -->","yoast_head_json":{"title":"Prosta delovna mesta - nadzorni stolp za palete","description":"Pregled aktualnih prostih delovnih mest Pallet Control Tower, ki so ostala odprta na mednarodni ravni in v Evropi, da bi omogo\u010dili rast.","robots":{"index":"index","follow":"follow","max-snippet":"max-snippet:-1","max-image-preview":"max-image-preview:large","max-video-preview":"max-video-preview:-1"},"canonical":"https:\/\/www.palletcontroltower.eu\/sl\/prosta-delovna-mesta\/","og_locale":"sl_SI","og_type":"article","og_title":"Vacatures - Pallet Control Tower","og_description":"Een overzicht van de actuele vacatures die Pallet Control Tower internationaal en Europees heeft uitstaan om de groei te faciliteren.","og_url":"https:\/\/www.palletcontroltower.eu\/sl\/prosta-delovna-mesta\/","og_site_name":"Pallet Control Tower","article_modified_time":"2024-01-22T12:49:45+00:00","og_image":[{"url":"http:\/\/www.palletcontroltower.eu\/wp-content\/uploads\/2024\/01\/Coworkers_hybridmeeting.jpg","type":"","width":"","height":""}],"twitter_card":"summary_large_image","twitter_misc":{"Est. reading time":"2 minuti"},"schema":{"@context":"https:\/\/schema.org","@graph":[{"@type":"WebPage","@id":"https:\/\/www.palletcontroltower.eu\/vacatures\/","url":"https:\/\/www.palletcontroltower.eu\/vacatures\/","name":"Prosta delovna mesta - nadzorni stolp za palete","isPartOf":{"@id":"https:\/\/www.palletcontroltower.eu\/#website"},"primaryImageOfPage":{"@id":"https:\/\/www.palletcontroltower.eu\/vacatures\/#primaryimage"},"image":{"@id":"https:\/\/www.palletcontroltower.eu\/vacatures\/#primaryimage"},"thumbnailUrl":"http:\/\/www.palletcontroltower.eu\/wp-content\/uploads\/2024\/01\/Coworkers_hybridmeeting.jpg","datePublished":"2023-11-22T08:06:06+00:00","dateModified":"2024-01-22T12:49:45+00:00","description":"Pregled aktualnih prostih delovnih mest Pallet Control Tower, ki so ostala odprta na mednarodni ravni in v Evropi, da bi omogo\u010dili rast.","breadcrumb":{"@id":"https:\/\/www.palletcontroltower.eu\/vacatures\/#breadcrumb"},"inLanguage":"sl-SI","potentialAction":[{"@type":"ReadAction","target":["https:\/\/www.palletcontroltower.eu\/vacatures\/"]}]},{"@type":"ImageObject","inLanguage":"sl-SI","@id":"https:\/\/www.palletcontroltower.eu\/vacatures\/#primaryimage","url":"http:\/\/www.palletcontroltower.eu\/wp-content\/uploads\/2024\/01\/Coworkers_hybridmeeting.jpg","contentUrl":"http:\/\/www.palletcontroltower.eu\/wp-content\/uploads\/2024\/01\/Coworkers_hybridmeeting.jpg"},{"@type":"BreadcrumbList","@id":"https:\/\/www.palletcontroltower.eu\/vacatures\/#breadcrumb","itemListElement":[{"@type":"ListItem","position":1,"name":"Home","item":"https:\/\/www.palletcontroltower.eu\/"},{"@type":"ListItem","position":2,"name":"Vacatures"}]},{"@type":"WebSite","@id":"https:\/\/www.palletcontroltower.eu\/#website","url":"https:\/\/www.palletcontroltower.eu\/","name":"Nadzorni stolp za palete","description":"","publisher":{"@id":"https:\/\/www.palletcontroltower.eu\/#organization"},"potentialAction":[{"@type":"SearchAction","target":{"@type":"EntryPoint","urlTemplate":"https:\/\/www.palletcontroltower.eu\/?s={search_term_string}"},"query-input":{"@type":"PropertyValueSpecification","valueRequired":true,"valueName":"search_term_string"}}],"inLanguage":"sl-SI"},{"@type":"Organization","@id":"https:\/\/www.palletcontroltower.eu\/#organization","name":"Nadzorni stolp za palete","url":"https:\/\/www.palletcontroltower.eu\/","logo":{"@type":"ImageObject","inLanguage":"sl-SI","@id":"https:\/\/www.palletcontroltower.eu\/#\/schema\/logo\/image\/","url":"https:\/\/www.palletcontroltower.eu\/wp-content\/uploads\/2023\/10\/logo.svg","contentUrl":"https:\/\/www.palletcontroltower.eu\/wp-content\/uploads\/2023\/10\/logo.svg","width":290,"height":87,"caption":"Pallet Control Tower"},"image":{"@id":"https:\/\/www.palletcontroltower.eu\/#\/schema\/logo\/image\/"}}]}},"_links":{"self":[{"href":"https:\/\/www.palletcontroltower.eu\/sl\/wp-json\/wp\/v2\/pages\/70","targetHints":{"allow":["GET"]}}],"collection":[{"href":"https:\/\/www.palletcontroltower.eu\/sl\/wp-json\/wp\/v2\/pages"}],"about":[{"href":"https:\/\/www.palletcontroltower.eu\/sl\/wp-json\/wp\/v2\/types\/page"}],"author":[{"embeddable":true,"href":"https:\/\/www.palletcontroltower.eu\/sl\/wp-json\/wp\/v2\/users\/1"}],"replies":[{"embeddable":true,"href":"https:\/\/www.palletcontroltower.eu\/sl\/wp-json\/wp\/v2\/comments?post=70"}],"version-history":[{"count":14,"href":"https:\/\/www.palletcontroltower.eu\/sl\/wp-json\/wp\/v2\/pages\/70\/revisions"}],"predecessor-version":[{"id":1191,"href":"https:\/\/www.palletcontroltower.eu\/sl\/wp-json\/wp\/v2\/pages\/70\/revisions\/1191"}],"wp:attachment":[{"href":"https:\/\/www.palletcontroltower.eu\/sl\/wp-json\/wp\/v2\/media?parent=70"}],"curies":[{"name":"wp","href":"https:\/\/api.w.org\/{rel}","templated":true}]}}