{"id":1175,"date":"2024-01-17T07:59:51","date_gmt":"2024-01-17T07:59:51","guid":{"rendered":"https:\/\/www.palletcontroltower.eu\/?page_id=1175"},"modified":"2024-01-22T12:59:29","modified_gmt":"2024-01-22T12:59:29","slug":"kundansvarig","status":"publish","type":"page","link":"https:\/\/www.palletcontroltower.eu\/sv\/vacatures\/accountmanager\/","title":{"rendered":"Account manager i olika europeiska l\u00e4nder - heltid\/deltid"},"content":{"rendered":"<p><strong>Har du flera \u00e5rs erfarenhet av logistik och\/eller internationell handel och vill ta n\u00e4sta steg i din karri\u00e4r?<\/strong><\/p>\n\n\n\n<p>Ta d\u00e5 chansen nu att v\u00e4xa vidare med oss som account manager i en av v\u00e5ra europeiska regioner:<\/p>\n\n\n\n<ul class=\"wp-block-list\">\n<li>Nederl\u00e4nderna, Belgien, Luxemburg,<\/li>\n\n\n\n<li>Tyskland, \u00d6sterrike, Schweiz,<\/li>\n\n\n\n<li>Storbritannien<\/li>\n\n\n\n<li>Frankrike<\/li>\n\n\n\n<li>Spanien och Portugal<\/li>\n\n\n\n<li>Italien<\/li>\n\n\n\n<li>Danmark, Norge, Sverige, Finland<\/li>\n\n\n\n<li>Estland, Lettland, Litauen, Polen,<\/li>\n\n\n\n<li>Tjeckien, Slovakien, Ungern, Rum\u00e4nien,<\/li>\n\n\n\n<li>Serbien, Montenegro, Bulgarien, Grekland<\/li>\n<\/ul>\n\n\n\n<h3 class=\"wp-block-heading\"><strong>Vem \u00e4r Pallet Control Tower (PCT)?<\/strong><\/h3>\n\n\n\n<p>Vi \u00e4r ett internationellt f\u00f6retag som arbetar inom Europaletten och andra \"Returtransportartiklar\". Vi har utvecklat en 24\/7 online-plattform d\u00e4r k\u00f6p och f\u00f6rs\u00e4ljning av Europaletter sker snabbare, enklare, smartare och mer h\u00e5llbart \u00e4n med traditionella metoder. V\u00e5ra kunder finns i s\u00e5v\u00e4l Europa som Amerika\/Kanada och Asien. Du kan r\u00e4kna med ett omv\u00e4xlande och utmanande jobb.<\/p>\n\n\n\n<p>I rollen som account manager kommer du att arbeta n\u00e4ra v\u00e5r VD, de andra europeiska account managers och v\u00e5ra kunder. Internationell logistik och pallhandel \u00e4r en dynamisk och utmanande bransch. Det vet du b\u00e4ttre \u00e4n n\u00e5gon annan. D\u00e4rf\u00f6r kommer du att resa mycket f\u00f6r att bes\u00f6ka v\u00e5ra kunder och potentiella kunder. Du \u00e4r l\u00f6sningsorienterad och har ett starkt kommersiellt sinne. Om du \u00e4r entusiastisk och nyfiken p\u00e5 denna position, l\u00e4s vidare snabbt!<\/p>\n\n\n\n<h3 class=\"wp-block-heading\"><strong>Vad kan vi erbjuda dig?<\/strong><\/h3>\n\n\n\n<ul class=\"wp-block-list\">\n<li>Ett utmanande jobb med ett v\u00e4nligt och fortfarande v\u00e4xande f\u00f6retag<\/li>\n\n\n\n<li>Sj\u00e4lvst\u00e4ndighet med stort utrymme f\u00f6r att g\u00f6ra din egen dagliga planering<\/li>\n\n\n\n<li>Komplett uppbyggnad av ett hemmakontor<\/li>\n\n\n\n<li>Konkurrenskraftig l\u00f6n, d\u00e4r relevant erfarenhet \u00e4r en viktig faktor<\/li>\n\n\n\n<li>Leasa bil, IPad och mobiltelefon<\/li>\n\n\n\n<li>25 lediga dagar och m\u00f6jlighet att k\u00f6pa ytterligare dagar<\/li>\n\n\n\n<li>Bonusprogram<\/li>\n<\/ul>\n\n\n\n<h3 class=\"wp-block-heading\"><strong>Vem \u00e4r det vi s\u00f6ker?<\/strong><\/h3>\n\n\n\n<p>Du \u00e4r praktiskt lagd, full av energi och gillar att ta ledningen. Du \u00e4r aktiv, engagerad och har en entrepren\u00f6rsanda. Du tar telefonsamtal och direkt kundkontakt f\u00f6r givet. Att arbeta sj\u00e4lvst\u00e4ndigt \u00e4r inget problem, men du kan ocks\u00e5 fungera bra i ett team och \u00e4r social.<\/p>\n\n\n\n<ul class=\"wp-block-list\">\n<li>Du bor i ett av l\u00e4nderna och \u00e4r beredd att resa en betydande del (&gt; 50%) av din tid.<\/li>\n\n\n\n<li>Du kommer att arbeta hemifr\u00e5n och med j\u00e4mna mellanrum kommer vi att tr\u00e4ffa dig p\u00e5 huvudkontoret i Nederl\u00e4nderna<\/li>\n\n\n\n<li>Pragmatism, proaktivitet och l\u00f6sningsorientering<\/li>\n\n\n\n<li>Bakgrund inom internationell handel och\/eller logistik<\/li>\n\n\n\n<li>Utbildning p\u00e5 MBO+\/HBO-niv\u00e5<\/li>\n\n\n\n<li>Du talar och skriver engelska och ditt eget spr\u00e5k p\u00e5 professionell niv\u00e5<\/li>\n\n\n\n<li>Kunskaper i andra spr\u00e5k \u00e4r en f\u00f6rdel<\/li>\n\n\n\n<li>Vi arbetar bland annat med HubSpot och Office 365<\/li>\n<\/ul>\n\n\n\n<p>Tj\u00e4nsten \u00e4r p\u00e5 heltid (40 timmar per vecka), deltid \u00e4r m\u00f6jligt efter \u00f6verenskommelse.<\/p>\n\n\n\n<h3 class=\"wp-block-heading\"><strong>Till\u00e4mpning<\/strong><\/h3>\n\n\n\n<p>Fortfarande upphetsad! Vi f\u00f6rst\u00e5r! Skriv d\u00e5 ditt personliga brev och<br>Skicka detta tillsammans med ditt CV till Bart Meijnen \uf0e0 info@palletcontroltower.eu. Du kan ocks\u00e5 skicka e-post eller ringa honom f\u00f6r fr\u00e5gor eller mer information: +31 620530869.<\/p>\n\n\n\n<p><em>F\u00f6rv\u00e4rv som svar p\u00e5 denna position uppskattas inte.<\/em><\/p>","protected":false},"excerpt":{"rendered":"<p>U heeft meerdere jaren ervaring in de logistieke sector en\/of internationale handel en u zou graag een volgende stap in uw carri\u00e8re willen zetten? Grijp dan nu uw kans om verder te groeien bij ons als account manager in een van onze Europese werkgebieden: Wie is Pallet Control Tower (PCT)? Wij zijn een internationaal bedrijf [&hellip;]<\/p>\n","protected":false},"author":3,"featured_media":0,"parent":70,"menu_order":0,"comment_status":"closed","ping_status":"closed","template":"","meta":{"footnotes":""},"class_list":["post-1175","page","type-page","status-publish","hentry"],"yoast_head":"<!-- This site is optimized with the Yoast SEO plugin v27.3 - https:\/\/yoast.com\/product\/yoast-seo-wordpress\/ -->\n<title>Account manager diverse Europese landen \u2013 fulltime \/ parttime - Pallet Control Tower<\/title>\n<meta name=\"description\" content=\"Pallet Control Tower is op zoek naar een ervaren account manager, internationale handel of supply chain, voor een van onze werkgebieden\" \/>\n<meta name=\"robots\" content=\"index, follow, max-snippet:-1, max-image-preview:large, max-video-preview:-1\" \/>\n<link rel=\"canonical\" href=\"https:\/\/www.palletcontroltower.eu\/sv\/lediga-tjanster\/exempel-ledig-tjanst-1\/\" \/>\n<meta property=\"og:locale\" content=\"sv_SE\" \/>\n<meta property=\"og:type\" content=\"article\" \/>\n<meta property=\"og:title\" content=\"Account manager diverse Europese landen \u2013 fulltime \/ parttime - Pallet Control Tower\" \/>\n<meta property=\"og:description\" content=\"Pallet Control Tower is op zoek naar een ervaren account manager, internationale handel of supply chain, voor een van onze werkgebieden\" \/>\n<meta property=\"og:url\" content=\"https:\/\/www.palletcontroltower.eu\/sv\/lediga-tjanster\/exempel-ledig-tjanst-1\/\" \/>\n<meta property=\"og:site_name\" content=\"Pallet Control Tower\" \/>\n<meta property=\"article:modified_time\" content=\"2024-01-22T12:59:29+00:00\" \/>\n<meta name=\"twitter:card\" content=\"summary_large_image\" \/>\n<meta name=\"twitter:label1\" content=\"Ber\u00e4knad l\u00e4stid\" \/>\n\t<meta name=\"twitter:data1\" content=\"3 minuter\" \/>\n<script type=\"application\/ld+json\" class=\"yoast-schema-graph\">{\"@context\":\"https:\\\/\\\/schema.org\",\"@graph\":[{\"@type\":\"WebPage\",\"@id\":\"https:\\\/\\\/www.palletcontroltower.eu\\\/hu\\\/allasajanlatok\\\/pelda-ures-allashely-1\\\/\",\"url\":\"https:\\\/\\\/www.palletcontroltower.eu\\\/hu\\\/allasajanlatok\\\/pelda-ures-allashely-1\\\/\",\"name\":\"Account manager diverse Europese landen \u2013 fulltime \\\/ parttime - Pallet Control Tower\",\"isPartOf\":{\"@id\":\"https:\\\/\\\/www.palletcontroltower.eu\\\/#website\"},\"datePublished\":\"2024-01-17T07:59:51+00:00\",\"dateModified\":\"2024-01-22T12:59:29+00:00\",\"description\":\"Pallet Control Tower is op zoek naar een ervaren account manager, internationale handel of supply chain, voor een van onze werkgebieden\",\"breadcrumb\":{\"@id\":\"https:\\\/\\\/www.palletcontroltower.eu\\\/hu\\\/allasajanlatok\\\/pelda-ures-allashely-1\\\/#breadcrumb\"},\"inLanguage\":\"sv-SE\",\"potentialAction\":[{\"@type\":\"ReadAction\",\"target\":[\"https:\\\/\\\/www.palletcontroltower.eu\\\/hu\\\/allasajanlatok\\\/pelda-ures-allashely-1\\\/\"]}]},{\"@type\":\"BreadcrumbList\",\"@id\":\"https:\\\/\\\/www.palletcontroltower.eu\\\/hu\\\/allasajanlatok\\\/pelda-ures-allashely-1\\\/#breadcrumb\",\"itemListElement\":[{\"@type\":\"ListItem\",\"position\":1,\"name\":\"Home\",\"item\":\"https:\\\/\\\/www.palletcontroltower.eu\\\/\"},{\"@type\":\"ListItem\",\"position\":2,\"name\":\"Vacatures\",\"item\":\"https:\\\/\\\/www.palletcontroltower.eu\\\/vacatures\\\/\"},{\"@type\":\"ListItem\",\"position\":3,\"name\":\"Account manager diverse Europese landen \u2013 fulltime \\\/ parttime\"}]},{\"@type\":\"WebSite\",\"@id\":\"https:\\\/\\\/www.palletcontroltower.eu\\\/#website\",\"url\":\"https:\\\/\\\/www.palletcontroltower.eu\\\/\",\"name\":\"Pallet Control Tower\",\"description\":\"\",\"publisher\":{\"@id\":\"https:\\\/\\\/www.palletcontroltower.eu\\\/#organization\"},\"potentialAction\":[{\"@type\":\"SearchAction\",\"target\":{\"@type\":\"EntryPoint\",\"urlTemplate\":\"https:\\\/\\\/www.palletcontroltower.eu\\\/?s={search_term_string}\"},\"query-input\":{\"@type\":\"PropertyValueSpecification\",\"valueRequired\":true,\"valueName\":\"search_term_string\"}}],\"inLanguage\":\"sv-SE\"},{\"@type\":\"Organization\",\"@id\":\"https:\\\/\\\/www.palletcontroltower.eu\\\/#organization\",\"name\":\"Pallet Control Tower\",\"url\":\"https:\\\/\\\/www.palletcontroltower.eu\\\/\",\"logo\":{\"@type\":\"ImageObject\",\"inLanguage\":\"sv-SE\",\"@id\":\"https:\\\/\\\/www.palletcontroltower.eu\\\/#\\\/schema\\\/logo\\\/image\\\/\",\"url\":\"https:\\\/\\\/www.palletcontroltower.eu\\\/wp-content\\\/uploads\\\/2023\\\/10\\\/logo.svg\",\"contentUrl\":\"https:\\\/\\\/www.palletcontroltower.eu\\\/wp-content\\\/uploads\\\/2023\\\/10\\\/logo.svg\",\"width\":290,\"height\":87,\"caption\":\"Pallet Control Tower\"},\"image\":{\"@id\":\"https:\\\/\\\/www.palletcontroltower.eu\\\/#\\\/schema\\\/logo\\\/image\\\/\"}}]}<\/script>\n<!-- \/ Yoast SEO plugin. -->","yoast_head_json":{"title":"Account manager i olika europeiska l\u00e4nder - heltid\/deltid - Pallet Control Tower","description":"Pallet Control Tower s\u00f6ker en erfaren account manager, internationell handel eller supply chain, till ett av v\u00e5ra verksamhetsomr\u00e5den","robots":{"index":"index","follow":"follow","max-snippet":"max-snippet:-1","max-image-preview":"max-image-preview:large","max-video-preview":"max-video-preview:-1"},"canonical":"https:\/\/www.palletcontroltower.eu\/sv\/lediga-tjanster\/exempel-ledig-tjanst-1\/","og_locale":"sv_SE","og_type":"article","og_title":"Account manager diverse Europese landen \u2013 fulltime \/ parttime - Pallet Control Tower","og_description":"Pallet Control Tower is op zoek naar een ervaren account manager, internationale handel of supply chain, voor een van onze werkgebieden","og_url":"https:\/\/www.palletcontroltower.eu\/sv\/lediga-tjanster\/exempel-ledig-tjanst-1\/","og_site_name":"Pallet Control Tower","article_modified_time":"2024-01-22T12:59:29+00:00","twitter_card":"summary_large_image","twitter_misc":{"Ber\u00e4knad l\u00e4stid":"3 minuter"},"schema":{"@context":"https:\/\/schema.org","@graph":[{"@type":"WebPage","@id":"https:\/\/www.palletcontroltower.eu\/hu\/allasajanlatok\/pelda-ures-allashely-1\/","url":"https:\/\/www.palletcontroltower.eu\/hu\/allasajanlatok\/pelda-ures-allashely-1\/","name":"Account manager i olika europeiska l\u00e4nder - heltid\/deltid - Pallet Control Tower","isPartOf":{"@id":"https:\/\/www.palletcontroltower.eu\/#website"},"datePublished":"2024-01-17T07:59:51+00:00","dateModified":"2024-01-22T12:59:29+00:00","description":"Pallet Control Tower s\u00f6ker en erfaren account manager, internationell handel eller supply chain, till ett av v\u00e5ra verksamhetsomr\u00e5den","breadcrumb":{"@id":"https:\/\/www.palletcontroltower.eu\/hu\/allasajanlatok\/pelda-ures-allashely-1\/#breadcrumb"},"inLanguage":"sv-SE","potentialAction":[{"@type":"ReadAction","target":["https:\/\/www.palletcontroltower.eu\/hu\/allasajanlatok\/pelda-ures-allashely-1\/"]}]},{"@type":"BreadcrumbList","@id":"https:\/\/www.palletcontroltower.eu\/hu\/allasajanlatok\/pelda-ures-allashely-1\/#breadcrumb","itemListElement":[{"@type":"ListItem","position":1,"name":"Home","item":"https:\/\/www.palletcontroltower.eu\/"},{"@type":"ListItem","position":2,"name":"Vacatures","item":"https:\/\/www.palletcontroltower.eu\/vacatures\/"},{"@type":"ListItem","position":3,"name":"Account manager diverse Europese landen \u2013 fulltime \/ parttime"}]},{"@type":"WebSite","@id":"https:\/\/www.palletcontroltower.eu\/#website","url":"https:\/\/www.palletcontroltower.eu\/","name":"Torn f\u00f6r pallkontroll","description":"","publisher":{"@id":"https:\/\/www.palletcontroltower.eu\/#organization"},"potentialAction":[{"@type":"SearchAction","target":{"@type":"EntryPoint","urlTemplate":"https:\/\/www.palletcontroltower.eu\/?s={search_term_string}"},"query-input":{"@type":"PropertyValueSpecification","valueRequired":true,"valueName":"search_term_string"}}],"inLanguage":"sv-SE"},{"@type":"Organization","@id":"https:\/\/www.palletcontroltower.eu\/#organization","name":"Torn f\u00f6r pallkontroll","url":"https:\/\/www.palletcontroltower.eu\/","logo":{"@type":"ImageObject","inLanguage":"sv-SE","@id":"https:\/\/www.palletcontroltower.eu\/#\/schema\/logo\/image\/","url":"https:\/\/www.palletcontroltower.eu\/wp-content\/uploads\/2023\/10\/logo.svg","contentUrl":"https:\/\/www.palletcontroltower.eu\/wp-content\/uploads\/2023\/10\/logo.svg","width":290,"height":87,"caption":"Pallet Control Tower"},"image":{"@id":"https:\/\/www.palletcontroltower.eu\/#\/schema\/logo\/image\/"}}]}},"_links":{"self":[{"href":"https:\/\/www.palletcontroltower.eu\/sv\/wp-json\/wp\/v2\/pages\/1175","targetHints":{"allow":["GET"]}}],"collection":[{"href":"https:\/\/www.palletcontroltower.eu\/sv\/wp-json\/wp\/v2\/pages"}],"about":[{"href":"https:\/\/www.palletcontroltower.eu\/sv\/wp-json\/wp\/v2\/types\/page"}],"author":[{"embeddable":true,"href":"https:\/\/www.palletcontroltower.eu\/sv\/wp-json\/wp\/v2\/users\/3"}],"replies":[{"embeddable":true,"href":"https:\/\/www.palletcontroltower.eu\/sv\/wp-json\/wp\/v2\/comments?post=1175"}],"version-history":[{"count":3,"href":"https:\/\/www.palletcontroltower.eu\/sv\/wp-json\/wp\/v2\/pages\/1175\/revisions"}],"predecessor-version":[{"id":1196,"href":"https:\/\/www.palletcontroltower.eu\/sv\/wp-json\/wp\/v2\/pages\/1175\/revisions\/1196"}],"up":[{"embeddable":true,"href":"https:\/\/www.palletcontroltower.eu\/sv\/wp-json\/wp\/v2\/pages\/70"}],"wp:attachment":[{"href":"https:\/\/www.palletcontroltower.eu\/sv\/wp-json\/wp\/v2\/media?parent=1175"}],"curies":[{"name":"wp","href":"https:\/\/api.w.org\/{rel}","templated":true}]}}