{"id":19,"date":"2023-11-22T07:58:45","date_gmt":"2023-11-22T07:58:45","guid":{"rendered":"http:\/\/www.palletcontroltower.eu\/?page_id=19"},"modified":"2024-01-08T14:09:55","modified_gmt":"2024-01-08T14:09:55","slug":"vad-vi-gor","status":"publish","type":"page","link":"https:\/\/www.palletcontroltower.eu\/sv\/hoe-werkt-het\/wat-wij-doen\/","title":{"rendered":"Vad vi g\u00f6r"},"content":{"rendered":"<figure class=\"wp-block-embed is-type-video is-provider-youtube wp-block-embed-youtube wp-embed-aspect-16-9 wp-has-aspect-ratio\"><div class=\"wp-block-embed__wrapper\">\n<iframe title=\"Pallet Control Tower - hur fungerar det?\" width=\"800\" height=\"450\" src=\"https:\/\/www.youtube.com\/embed\/C0PJ3iyygi4?feature=oembed\" frameborder=\"0\" allow=\"accelerometer; autoplay; clipboard-write; encrypted-media; gyroscope; picture-in-picture; web-share\" allowfullscreen><\/iframe>\n<\/div><\/figure>\n\n\n\n<div class=\"wp-block-columns is-layout-flex wp-container-core-columns-is-layout-28f84493 wp-block-columns-is-layout-flex\">\n<div class=\"wp-block-column is-layout-flow wp-block-column-is-layout-flow\">\n<h2 class=\"wp-block-heading\"><strong>Hur PCT Online fungerar<\/strong><\/h2>\n\n\n\n<p>I onlineportalen kan du enkelt logga in och vidta alla \u00e5tg\u00e4rder f\u00f6r Europallets \"Collection\"- och \"Delivery\"-order. F\u00f6rutom dessa tv\u00e5 moduler, som endast \u00e4r tillg\u00e4ngliga f\u00f6r transport\u00f6rer och DC:s, finns \u00e4ven modulen \"Current Account\" tillg\u00e4nglig h\u00e4r.<\/p>\n\n\n\n<p>Processen f\u00f6r \"matchning\" kan sp\u00e5ras fullst\u00e4ndigt. All historik bevaras, s\u00e5 det \u00e4r alltid transparent vem som initierade vad och n\u00e4r.<\/p>\n\n\n\n<p>PCT Online \u00e4r tillg\u00e4ngligt p\u00e5 PC, surfplatta och mobil och kompatibelt med de flesta logistiska ERP-, WMS- och VMS-system.<\/p>\n\n\n\n<h2 class=\"wp-block-heading\"><strong>Samling<\/strong>&nbsp;<\/h2>\n\n\n\n<p>Det har aldrig varit enklare att l\u00e4mna in pallar. Efter registrering i PCT Online f\u00f6ljer matchningsprocessen, som ger den b\u00e4sta matchningen med en deposition. Efter insamling, sortering och v\u00e4rdering krediteras v\u00e4rdet till ditt saldo av e-Credits.&nbsp;<\/p>\n\n\n\n<p>F\u00f6rutom alla typer av pallar kan du l\u00e4mna in alla returfraktsedlar (RTI) till dep\u00e5erna och f\u00e5 dem v\u00e4rderade. V\u00e4rdet betalas ut i v\u00e5ra e-krediter.&nbsp;<\/p>\n\n\n\n<h2 class=\"wp-block-heading\"><strong>Leverans<\/strong>&nbsp;<\/h2>\n\n\n\n<p>Ange behovet av pallar i PCT Online. Matchningsprocessen inleds sedan f\u00f6r att matcha dep\u00e5n med de b\u00e4sta villkoren. Du kan ocks\u00e5 anv\u00e4nda din egen betrodda dep\u00e5. Bekr\u00e4fta matchningen i PCT Online och ordern kommer att verkst\u00e4llas.&nbsp;<\/p>\n\n\n\n<p>Leveransen debiteras i e-Credits och historiken kan f\u00f6ljas via din instrumentpanel i PCT Online. <\/p>\n\n\n\n<h2 class=\"wp-block-heading\"><strong>e-po\u00e4ng<\/strong>&nbsp;<\/h2>\n\n\n\n<p>En e-kredit \u00e4r v\u00e5rt virtuella betalningsmedel och motsvarar v\u00e4rdet av 1 begagnad europapall i A-kvalitet. V\u00e4rdet i euro \u00e4r kopplat till det oberoende indexet f\u00f6r den tyska <a href=\"https:\/\/www.euwid-holz.de\/\" data-type=\"link\" data-id=\"https:\/\/www.euwid-holz.de\/\" target=\"_blank\" rel=\"noreferrer noopener\">EUWID - Tr\u00e4 och m\u00f6bler<\/a>.&nbsp;<\/p>\n\n\n\n<p>e-Credits \u00e4r fritt \u00f6verf\u00f6rbara mellan saldon f\u00f6r alla PCT Online-anv\u00e4ndare. De krediteras saldot efter insamling och debiteras vid leverans. Dessutom kan e-Credits k\u00f6pas separat fr\u00e5n PCT.&nbsp;<\/p>\n\n\n\n<p>e-Credits \u00e4r inte momspliktiga (!) och l\u00f6ser \u00e4ven den internationella momsfr\u00e5gan som \u00e4r kopplad till Collection &amp; Delivery. Det enkla s\u00e4ttet!&nbsp;<\/p>\n\n\n\n<h2 class=\"wp-block-heading\"><strong>Bytesbalans<\/strong>&nbsp;<\/h2>\n\n\n\n<p>Speciellt f\u00f6r transport\u00f6rer finns modulen Current Account. H\u00e5ll enkelt reda p\u00e5 saldon mellan avs\u00e4ndare, transport\u00f6rer och godsmottagare i f\u00f6rh\u00e5llande till pallfl\u00f6den.&nbsp;<\/p>\n\n\n\n<p>L\u00f6pande konto fungerar med BlockChain-teknik och kan inte \u00e4ndras i efterhand. Det skapar transparens och s\u00e4kerhet f\u00f6r alla inblandade. I PCT Online kan alla f\u00f6lja utvecklingen.&nbsp;<\/p>\n\n\n\n<p><strong>Redo f\u00f6r framtiden inom pallpooler?<\/strong>&nbsp;<\/p>\n<\/div>\n<\/div>\n\n\n\n<hr class=\"wp-block-separator has-alpha-channel-opacity\"\/>\n\n\n\n<div class=\"wp-block-buttons is-content-justification-center is-layout-flex wp-container-core-buttons-is-layout-a89b3969 wp-block-buttons-is-layout-flex\">\n<div class=\"wp-block-button is-style-fill\"><a class=\"wp-block-button__link has-white-color has-green-background-color has-text-color has-background has-link-color wp-element-button\" href=\"https:\/\/portal.pct-online.eu\/register\" target=\"_blank\" rel=\"noreferrer noopener\">Aktivera ditt konto<\/a><\/div>\n<\/div>\n\n\n\n<hr class=\"wp-block-separator has-alpha-channel-opacity\"\/>\n\n\n\n<blockquote class=\"wp-block-quote is-layout-flow wp-block-quote-is-layout-flow\">\n<p class=\"has-text-align-center\">F\u00f6rhindra stress p\u00e5 pallen! Pallet Control Tower \u00e4r den europeiska standarden och plattformen f\u00f6r Collection &amp; Delivery by Matching f\u00f6r europapallar och andra RTI:er. Vi underl\u00e4ttar \u00f6ppen pooling fr\u00e5n A till \u00d6. Och g\u00f6r pall-logistiken hanterbar igen. &nbsp;<\/p>\n<\/blockquote>\n\n\n\n<hr class=\"wp-block-separator has-alpha-channel-opacity\"\/>\n\n\n\n<figure class=\"wp-block-image size-full is-style-default\"><img fetchpriority=\"high\" decoding=\"async\" width=\"1600\" height=\"1066\" src=\"http:\/\/www.palletcontroltower.eu\/wp-content\/uploads\/2023\/11\/palletcontroltower-2.jpg\" alt=\"\" class=\"wp-image-207\" style=\"aspect-ratio:16\/9;object-fit:cover\" srcset=\"https:\/\/www.palletcontroltower.eu\/wp-content\/uploads\/2023\/11\/palletcontroltower-2.jpg 1600w, https:\/\/www.palletcontroltower.eu\/wp-content\/uploads\/2023\/11\/palletcontroltower-2-300x200.jpg 300w, https:\/\/www.palletcontroltower.eu\/wp-content\/uploads\/2023\/11\/palletcontroltower-2-1024x682.jpg 1024w, https:\/\/www.palletcontroltower.eu\/wp-content\/uploads\/2023\/11\/palletcontroltower-2-768x512.jpg 768w, https:\/\/www.palletcontroltower.eu\/wp-content\/uploads\/2023\/11\/palletcontroltower-2-1536x1023.jpg 1536w\" sizes=\"(max-width: 1600px) 100vw, 1600px\" \/><\/figure>\n\n\n\n<hr class=\"wp-block-separator has-alpha-channel-opacity\"\/>\n\n\n\n<div class=\"wp-block-columns is-layout-flex wp-container-core-columns-is-layout-28f84493 wp-block-columns-is-layout-flex\">\n<div class=\"wp-block-column is-layout-flow wp-block-column-is-layout-flow\"><\/div>\n<\/div>","protected":false},"excerpt":{"rendered":"<p>Zo werkt PCT Online In het online portal kunt u eenvoudig inloggen en alle stappen zetten voor de \u201cCollection\u201d en \u201cDelivery\u201d opdrachten van europallets. Naast deze twee modules staat hier, enkel voor transporteurs en DC&#8217;s, ook de \u201cRekening Courant\u201d module. Het proces van \u201cmatching\u201d is volledig te volgen. Alle historie blijft bewaard, zodat altijd transparant [&hellip;]<\/p>\n","protected":false},"author":1,"featured_media":0,"parent":17,"menu_order":0,"comment_status":"closed","ping_status":"closed","template":"","meta":{"footnotes":""},"class_list":["post-19","page","type-page","status-publish","hentry"],"yoast_head":"<!-- This site is optimized with the Yoast SEO plugin v27.6 - https:\/\/yoast.com\/product\/yoast-seo-wordpress\/ -->\n<title>Wat wij doen - Pallet Control Tower<\/title>\n<meta name=\"description\" content=\"Hoe functioneert Pallet Control Tower Online: Collection, Delivery, e-Credits en Rekening-Courant, speciaal voor vervoerders\/DC&#039;s.\" \/>\n<meta name=\"robots\" content=\"index, follow, max-snippet:-1, max-image-preview:large, max-video-preview:-1\" \/>\n<link rel=\"canonical\" href=\"https:\/\/www.palletcontroltower.eu\/sv\/hur-det-fungerar\/vad-vi-gor\/\" \/>\n<meta property=\"og:locale\" content=\"sv_SE\" \/>\n<meta property=\"og:type\" content=\"article\" \/>\n<meta property=\"og:title\" content=\"Wat wij doen - Pallet Control Tower\" \/>\n<meta property=\"og:description\" content=\"Hoe functioneert Pallet Control Tower Online: Collection, Delivery, e-Credits en Rekening-Courant, speciaal voor vervoerders\/DC&#039;s.\" \/>\n<meta property=\"og:url\" content=\"https:\/\/www.palletcontroltower.eu\/sv\/hur-det-fungerar\/vad-vi-gor\/\" \/>\n<meta property=\"og:site_name\" content=\"Pallet Control Tower\" \/>\n<meta property=\"article:modified_time\" content=\"2024-01-08T14:09:55+00:00\" \/>\n<meta property=\"og:image\" content=\"http:\/\/www.palletcontroltower.eu\/wp-content\/uploads\/2023\/11\/palletcontroltower-2.jpg\" \/>\n<meta name=\"twitter:card\" content=\"summary_large_image\" \/>\n<meta name=\"twitter:label1\" content=\"Ber\u00e4knad l\u00e4stid\" \/>\n\t<meta name=\"twitter:data1\" content=\"3 minuter\" \/>\n<script type=\"application\/ld+json\" class=\"yoast-schema-graph\">{\"@context\":\"https:\\\/\\\/schema.org\",\"@graph\":[{\"@type\":\"WebPage\",\"@id\":\"https:\\\/\\\/www.palletcontroltower.eu\\\/hoe-werkt-het\\\/wat-wij-doen\\\/\",\"url\":\"https:\\\/\\\/www.palletcontroltower.eu\\\/hoe-werkt-het\\\/wat-wij-doen\\\/\",\"name\":\"Wat wij doen - Pallet Control Tower\",\"isPartOf\":{\"@id\":\"https:\\\/\\\/www.palletcontroltower.eu\\\/#website\"},\"primaryImageOfPage\":{\"@id\":\"https:\\\/\\\/www.palletcontroltower.eu\\\/hoe-werkt-het\\\/wat-wij-doen\\\/#primaryimage\"},\"image\":{\"@id\":\"https:\\\/\\\/www.palletcontroltower.eu\\\/hoe-werkt-het\\\/wat-wij-doen\\\/#primaryimage\"},\"thumbnailUrl\":\"http:\\\/\\\/www.palletcontroltower.eu\\\/wp-content\\\/uploads\\\/2023\\\/11\\\/palletcontroltower-2.jpg\",\"datePublished\":\"2023-11-22T07:58:45+00:00\",\"dateModified\":\"2024-01-08T14:09:55+00:00\",\"description\":\"Hoe functioneert Pallet Control Tower Online: Collection, Delivery, e-Credits en Rekening-Courant, speciaal voor vervoerders\\\/DC's.\",\"breadcrumb\":{\"@id\":\"https:\\\/\\\/www.palletcontroltower.eu\\\/hoe-werkt-het\\\/wat-wij-doen\\\/#breadcrumb\"},\"inLanguage\":\"sv-SE\",\"potentialAction\":[{\"@type\":\"ReadAction\",\"target\":[\"https:\\\/\\\/www.palletcontroltower.eu\\\/hoe-werkt-het\\\/wat-wij-doen\\\/\"]}]},{\"@type\":\"ImageObject\",\"inLanguage\":\"sv-SE\",\"@id\":\"https:\\\/\\\/www.palletcontroltower.eu\\\/hoe-werkt-het\\\/wat-wij-doen\\\/#primaryimage\",\"url\":\"http:\\\/\\\/www.palletcontroltower.eu\\\/wp-content\\\/uploads\\\/2023\\\/11\\\/palletcontroltower-2.jpg\",\"contentUrl\":\"http:\\\/\\\/www.palletcontroltower.eu\\\/wp-content\\\/uploads\\\/2023\\\/11\\\/palletcontroltower-2.jpg\"},{\"@type\":\"BreadcrumbList\",\"@id\":\"https:\\\/\\\/www.palletcontroltower.eu\\\/hoe-werkt-het\\\/wat-wij-doen\\\/#breadcrumb\",\"itemListElement\":[{\"@type\":\"ListItem\",\"position\":1,\"name\":\"Home\",\"item\":\"https:\\\/\\\/www.palletcontroltower.eu\\\/\"},{\"@type\":\"ListItem\",\"position\":2,\"name\":\"Hoe werkt het\",\"item\":\"https:\\\/\\\/www.palletcontroltower.eu\\\/hoe-werkt-het\\\/\"},{\"@type\":\"ListItem\",\"position\":3,\"name\":\"Wat wij doen\"}]},{\"@type\":\"WebSite\",\"@id\":\"https:\\\/\\\/www.palletcontroltower.eu\\\/#website\",\"url\":\"https:\\\/\\\/www.palletcontroltower.eu\\\/\",\"name\":\"Pallet Control Tower\",\"description\":\"\",\"publisher\":{\"@id\":\"https:\\\/\\\/www.palletcontroltower.eu\\\/#organization\"},\"potentialAction\":[{\"@type\":\"SearchAction\",\"target\":{\"@type\":\"EntryPoint\",\"urlTemplate\":\"https:\\\/\\\/www.palletcontroltower.eu\\\/?s={search_term_string}\"},\"query-input\":{\"@type\":\"PropertyValueSpecification\",\"valueRequired\":true,\"valueName\":\"search_term_string\"}}],\"inLanguage\":\"sv-SE\"},{\"@type\":\"Organization\",\"@id\":\"https:\\\/\\\/www.palletcontroltower.eu\\\/#organization\",\"name\":\"Pallet Control Tower\",\"url\":\"https:\\\/\\\/www.palletcontroltower.eu\\\/\",\"logo\":{\"@type\":\"ImageObject\",\"inLanguage\":\"sv-SE\",\"@id\":\"https:\\\/\\\/www.palletcontroltower.eu\\\/#\\\/schema\\\/logo\\\/image\\\/\",\"url\":\"https:\\\/\\\/www.palletcontroltower.eu\\\/wp-content\\\/uploads\\\/2023\\\/10\\\/logo.svg\",\"contentUrl\":\"https:\\\/\\\/www.palletcontroltower.eu\\\/wp-content\\\/uploads\\\/2023\\\/10\\\/logo.svg\",\"width\":290,\"height\":87,\"caption\":\"Pallet Control Tower\"},\"image\":{\"@id\":\"https:\\\/\\\/www.palletcontroltower.eu\\\/#\\\/schema\\\/logo\\\/image\\\/\"}}]}<\/script>\n<!-- \/ Yoast SEO plugin. -->","yoast_head_json":{"title":"Vad vi g\u00f6r - Pallet Control Tower","description":"Hur Pallet Control Tower Online fungerar: Collection, Delivery, e-Credits och Current Account, s\u00e4rskilt f\u00f6r transport\u00f6rer\/DC.","robots":{"index":"index","follow":"follow","max-snippet":"max-snippet:-1","max-image-preview":"max-image-preview:large","max-video-preview":"max-video-preview:-1"},"canonical":"https:\/\/www.palletcontroltower.eu\/sv\/hur-det-fungerar\/vad-vi-gor\/","og_locale":"sv_SE","og_type":"article","og_title":"Wat wij doen - Pallet Control Tower","og_description":"Hoe functioneert Pallet Control Tower Online: Collection, Delivery, e-Credits en Rekening-Courant, speciaal voor vervoerders\/DC's.","og_url":"https:\/\/www.palletcontroltower.eu\/sv\/hur-det-fungerar\/vad-vi-gor\/","og_site_name":"Pallet Control Tower","article_modified_time":"2024-01-08T14:09:55+00:00","og_image":[{"url":"http:\/\/www.palletcontroltower.eu\/wp-content\/uploads\/2023\/11\/palletcontroltower-2.jpg","type":"","width":"","height":""}],"twitter_card":"summary_large_image","twitter_misc":{"Ber\u00e4knad l\u00e4stid":"3 minuter"},"schema":{"@context":"https:\/\/schema.org","@graph":[{"@type":"WebPage","@id":"https:\/\/www.palletcontroltower.eu\/hoe-werkt-het\/wat-wij-doen\/","url":"https:\/\/www.palletcontroltower.eu\/hoe-werkt-het\/wat-wij-doen\/","name":"Vad vi g\u00f6r - Pallet Control Tower","isPartOf":{"@id":"https:\/\/www.palletcontroltower.eu\/#website"},"primaryImageOfPage":{"@id":"https:\/\/www.palletcontroltower.eu\/hoe-werkt-het\/wat-wij-doen\/#primaryimage"},"image":{"@id":"https:\/\/www.palletcontroltower.eu\/hoe-werkt-het\/wat-wij-doen\/#primaryimage"},"thumbnailUrl":"http:\/\/www.palletcontroltower.eu\/wp-content\/uploads\/2023\/11\/palletcontroltower-2.jpg","datePublished":"2023-11-22T07:58:45+00:00","dateModified":"2024-01-08T14:09:55+00:00","description":"Hur Pallet Control Tower Online fungerar: Collection, Delivery, e-Credits och Current Account, s\u00e4rskilt f\u00f6r transport\u00f6rer\/DC.","breadcrumb":{"@id":"https:\/\/www.palletcontroltower.eu\/hoe-werkt-het\/wat-wij-doen\/#breadcrumb"},"inLanguage":"sv-SE","potentialAction":[{"@type":"ReadAction","target":["https:\/\/www.palletcontroltower.eu\/hoe-werkt-het\/wat-wij-doen\/"]}]},{"@type":"ImageObject","inLanguage":"sv-SE","@id":"https:\/\/www.palletcontroltower.eu\/hoe-werkt-het\/wat-wij-doen\/#primaryimage","url":"http:\/\/www.palletcontroltower.eu\/wp-content\/uploads\/2023\/11\/palletcontroltower-2.jpg","contentUrl":"http:\/\/www.palletcontroltower.eu\/wp-content\/uploads\/2023\/11\/palletcontroltower-2.jpg"},{"@type":"BreadcrumbList","@id":"https:\/\/www.palletcontroltower.eu\/hoe-werkt-het\/wat-wij-doen\/#breadcrumb","itemListElement":[{"@type":"ListItem","position":1,"name":"Home","item":"https:\/\/www.palletcontroltower.eu\/"},{"@type":"ListItem","position":2,"name":"Hoe werkt het","item":"https:\/\/www.palletcontroltower.eu\/hoe-werkt-het\/"},{"@type":"ListItem","position":3,"name":"Wat wij doen"}]},{"@type":"WebSite","@id":"https:\/\/www.palletcontroltower.eu\/#website","url":"https:\/\/www.palletcontroltower.eu\/","name":"Torn f\u00f6r pallkontroll","description":"","publisher":{"@id":"https:\/\/www.palletcontroltower.eu\/#organization"},"potentialAction":[{"@type":"SearchAction","target":{"@type":"EntryPoint","urlTemplate":"https:\/\/www.palletcontroltower.eu\/?s={search_term_string}"},"query-input":{"@type":"PropertyValueSpecification","valueRequired":true,"valueName":"search_term_string"}}],"inLanguage":"sv-SE"},{"@type":"Organization","@id":"https:\/\/www.palletcontroltower.eu\/#organization","name":"Torn f\u00f6r pallkontroll","url":"https:\/\/www.palletcontroltower.eu\/","logo":{"@type":"ImageObject","inLanguage":"sv-SE","@id":"https:\/\/www.palletcontroltower.eu\/#\/schema\/logo\/image\/","url":"https:\/\/www.palletcontroltower.eu\/wp-content\/uploads\/2023\/10\/logo.svg","contentUrl":"https:\/\/www.palletcontroltower.eu\/wp-content\/uploads\/2023\/10\/logo.svg","width":290,"height":87,"caption":"Pallet Control Tower"},"image":{"@id":"https:\/\/www.palletcontroltower.eu\/#\/schema\/logo\/image\/"}}]}},"_links":{"self":[{"href":"https:\/\/www.palletcontroltower.eu\/sv\/wp-json\/wp\/v2\/pages\/19","targetHints":{"allow":["GET"]}}],"collection":[{"href":"https:\/\/www.palletcontroltower.eu\/sv\/wp-json\/wp\/v2\/pages"}],"about":[{"href":"https:\/\/www.palletcontroltower.eu\/sv\/wp-json\/wp\/v2\/types\/page"}],"author":[{"embeddable":true,"href":"https:\/\/www.palletcontroltower.eu\/sv\/wp-json\/wp\/v2\/users\/1"}],"replies":[{"embeddable":true,"href":"https:\/\/www.palletcontroltower.eu\/sv\/wp-json\/wp\/v2\/comments?post=19"}],"version-history":[{"count":32,"href":"https:\/\/www.palletcontroltower.eu\/sv\/wp-json\/wp\/v2\/pages\/19\/revisions"}],"predecessor-version":[{"id":1020,"href":"https:\/\/www.palletcontroltower.eu\/sv\/wp-json\/wp\/v2\/pages\/19\/revisions\/1020"}],"up":[{"embeddable":true,"href":"https:\/\/www.palletcontroltower.eu\/sv\/wp-json\/wp\/v2\/pages\/17"}],"wp:attachment":[{"href":"https:\/\/www.palletcontroltower.eu\/sv\/wp-json\/wp\/v2\/media?parent=19"}],"curies":[{"name":"wp","href":"https:\/\/api.w.org\/{rel}","templated":true}]}}