{"id":27,"date":"2023-11-22T08:00:10","date_gmt":"2023-11-22T08:00:10","guid":{"rendered":"http:\/\/www.palletcontroltower.eu\/?page_id=27"},"modified":"2026-02-12T12:55:03","modified_gmt":"2026-02-12T12:55:03","slug":"okar-effektiviteten","status":"publish","type":"page","link":"https:\/\/www.palletcontroltower.eu\/sv\/mijn-voordeel\/vergroot-de-efficientie\/","title":{"rendered":"Undvik stress p\u00e5 lastpallen"},"content":{"rendered":"<div class=\"wp-block-columns is-layout-flex wp-container-core-columns-is-layout-28f84493 wp-block-columns-is-layout-flex\">\n<div class=\"wp-block-column is-layout-flow wp-block-column-is-layout-flow\">\n<h2 class=\"wp-block-heading\">Online, sp\u00e5rbar, kostnadseffektiv<\/h2>\n\n\n\n<p>PCT Online - den europeiska standarden och plattformen f\u00f6r \u00f6ppen pooling. Collection, Delivery &amp; Matching f\u00f6r Europallets (UIC\/EUR - EPAL) europallets och andra RTI-transport\u00f6rer f\u00f6rhindrar pallstress. En automatiserad 24\/7-plattform f\u00f6r k\u00f6p, f\u00f6rs\u00e4ljning och virtuell swapping, kopplad till EUWID, som s\u00e4kerst\u00e4ller r\u00e4ttvis materialisering av pallfl\u00f6den mellan k\u00f6pare och leverant\u00f6rer. Molnsystemet, som baseras p\u00e5 f\u00f6retagskonton, \u00e4r \u00f6ppet och l\u00e4ttillg\u00e4ngligt f\u00f6r alla ber\u00f6rda logistikparter. Det kan kopplas till de vanligaste ERP-, VMS- och WMS-systemen. Best\u00e4llningar av nya eller begagnade pallar l\u00e4ggs hos flera palldep\u00e5er eller f\u00f6redragna leverant\u00f6rer. V\u00e4lj helt enkelt den mest ekonomiska eller mest h\u00e5llbara l\u00f6sningen. Avr\u00e4kning sker via den momsfria e-Credit; v\u00e5r avr\u00e4kningsenhet f\u00f6r Europa och v\u00e4rlden. Det \u00e4r effektiv pallhantering! Det enkla s\u00e4ttet.<\/p>\n\n\n\n<p>Systemet har godk\u00e4nts av alla st\u00f6rre europeiska branschorganisationer och majoriteten av de europeiska palldep\u00e5erna \u00e4r anslutna. Ett \u00f6kande antal asiatiska, amerikanska och kanadensiska parter ansluter sig ocks\u00e5. <\/p>\n\n\n\n<div class=\"wp-block-buttons is-layout-flex wp-block-buttons-is-layout-flex\">\n<div class=\"wp-block-button\"><a class=\"wp-block-button__link has-white-color has-green-background-color has-text-color has-background has-link-color wp-element-button\" href=\"https:\/\/portal.pct-online.eu\/register\" target=\"_blank\" rel=\"noreferrer noopener\">Aktivera ditt konto<\/a><\/div>\n<\/div>\n<\/div>\n<\/div>\n\n\n\n<div class=\"wp-block-columns are-vertically-aligned-top is-layout-flex wp-container-core-columns-is-layout-28f84493 wp-block-columns-is-layout-flex\">\n<div class=\"wp-block-column is-vertically-aligned-top is-layout-flow wp-block-column-is-layout-flow\">\n<blockquote class=\"wp-block-quote is-layout-flow wp-block-quote-is-layout-flow\">\n<h2 class=\"wp-block-heading\">Vad levererar den? <\/h2>\n\n\n\n<ul class=\"wp-block-list\">\n<li>R\u00e4tt pall p\u00e5 r\u00e4tt plats<\/li>\n\n\n\n<li>Reducering av fel och konflikter&nbsp;<\/li>\n\n\n\n<li>Tids- och kvalitetsvinster&nbsp;<\/li>\n\n\n\n<li>Det optimala priset - utbud och efterfr\u00e5gan&nbsp;<\/li>\n\n\n\n<li>B\u00e4ttre marginal f\u00f6r pallanv\u00e4ndare&nbsp;<\/li>\n\n\n\n<li>H\u00e5llbar\/milj\u00f6m\u00e4ssigt ansvarsfull<\/li>\n\n\n\n<li>Optimerad logistik pallkedja<\/li>\n<\/ul>\n<\/blockquote>\n<\/div>\n\n\n\n<div class=\"wp-block-column is-vertically-aligned-top is-layout-flow wp-block-column-is-layout-flow\">\n<h2 class=\"wp-block-heading\">De 7 grundpelarna f\u00f6r PCT Online<\/h2>\n\n\n\n<ul class=\"wp-block-list\">\n<li>K\u00f6p, s\u00e4lj och byt virtuellt med ett klick<\/li>\n\n\n\n<li>Tydliga avtal registrerade tack vare \"loggning<\/li>\n\n\n\n<li>L\u00e4nk EUWID-garantier verkligt v\u00e4rde<\/li>\n\n\n\n<li>Fr\u00e5n enkelriktad till flerriktad &gt; 100% cirkul\u00e4r<\/li>\n\n\n\n<li>Inga fler v\u00e4ntetider f\u00f6r f\u00f6rare<\/li>\n\n\n\n<li>En avr\u00e4kningsenhet f\u00f6r alla parter <\/li>\n\n\n\n<li>Kompatibel med alla vanliga system<\/li>\n<\/ul>\n<\/div>\n<\/div>\n\n\n\n<hr class=\"wp-block-separator has-alpha-channel-opacity\"\/>\n\n\n\n<blockquote class=\"wp-block-quote is-layout-flow wp-block-quote-is-layout-flow\">\n<p class=\"has-text-align-center\">F\u00f6rhindra stress p\u00e5 pallen! Pallet Control Tower \u00e4r den europeiska standarden och plattformen f\u00f6r Collection &amp; Delivery by Matching f\u00f6r europapallar och andra RTI:er. Vi underl\u00e4ttar \u00f6ppen pooling fr\u00e5n A till \u00d6. Och g\u00f6r pall-logistiken hanterbar igen. &nbsp;<\/p>\n<\/blockquote>\n\n\n\n<hr class=\"wp-block-separator has-alpha-channel-opacity\"\/>\n\n\n\n<figure class=\"wp-block-image size-full is-style-default\"><img fetchpriority=\"high\" decoding=\"async\" width=\"1600\" height=\"1066\" src=\"http:\/\/www.palletcontroltower.eu\/wp-content\/uploads\/2023\/11\/palletcontroltower-2.jpg\" alt=\"\" class=\"wp-image-207\" style=\"aspect-ratio:16\/9;object-fit:cover\" srcset=\"https:\/\/www.palletcontroltower.eu\/wp-content\/uploads\/2023\/11\/palletcontroltower-2.jpg 1600w, https:\/\/www.palletcontroltower.eu\/wp-content\/uploads\/2023\/11\/palletcontroltower-2-300x200.jpg 300w, https:\/\/www.palletcontroltower.eu\/wp-content\/uploads\/2023\/11\/palletcontroltower-2-1024x682.jpg 1024w, https:\/\/www.palletcontroltower.eu\/wp-content\/uploads\/2023\/11\/palletcontroltower-2-768x512.jpg 768w, https:\/\/www.palletcontroltower.eu\/wp-content\/uploads\/2023\/11\/palletcontroltower-2-1536x1023.jpg 1536w\" sizes=\"(max-width: 1600px) 100vw, 1600px\" \/><\/figure>\n\n\n\n<hr class=\"wp-block-separator has-alpha-channel-opacity\"\/>\n\n\n\n<div class=\"wp-block-columns is-layout-flex wp-container-core-columns-is-layout-28f84493 wp-block-columns-is-layout-flex\"><\/div>","protected":false},"excerpt":{"rendered":"<p>Online, traceerbaar, kosteneffectief PCT Online &#8211; de Europese standaard &amp; platform in open pooling. Collection, Delivery &amp; Matching voor Europallets (UIC\/EUR &#8211; EPAL) europallets en andere RTI-dragers voorkomt palletstress. Een geautomatiseerd 24\/7 platform voor koop, verkoop en virtueel ruilen, gekoppeld aan de EUWID, dat zorgt voor een eerlijke materialisatie van palletstromen tussen afnemers en leveranciers. [&hellip;]<\/p>\n","protected":false},"author":1,"featured_media":0,"parent":25,"menu_order":1,"comment_status":"closed","ping_status":"closed","template":"","meta":{"footnotes":""},"class_list":["post-27","page","type-page","status-publish","hentry"],"yoast_head":"<!-- This site is optimized with the Yoast SEO plugin v27.3 - https:\/\/yoast.com\/product\/yoast-seo-wordpress\/ -->\n<title>Voorkom palletstress - Pallet Control Tower<\/title>\n<meta name=\"description\" content=\"Met PCT Online voorkomt u palletstress. Met het geautomatiseerd proces van Collection, Delivery &amp; Matching van pallets, bent u in control\" \/>\n<meta name=\"robots\" content=\"index, follow, max-snippet:-1, max-image-preview:large, max-video-preview:-1\" \/>\n<link rel=\"canonical\" href=\"https:\/\/www.palletcontroltower.eu\/sv\/min-fordel\/okar-effektiviteten\/\" \/>\n<meta property=\"og:locale\" content=\"sv_SE\" \/>\n<meta property=\"og:type\" content=\"article\" \/>\n<meta property=\"og:title\" content=\"Voorkom palletstress - Pallet Control Tower\" \/>\n<meta property=\"og:description\" content=\"Met PCT Online voorkomt u palletstress. Met het geautomatiseerd proces van Collection, Delivery &amp; Matching van pallets, bent u in control\" \/>\n<meta property=\"og:url\" content=\"https:\/\/www.palletcontroltower.eu\/sv\/min-fordel\/okar-effektiviteten\/\" \/>\n<meta property=\"og:site_name\" content=\"Pallet Control Tower\" \/>\n<meta property=\"article:modified_time\" content=\"2026-02-12T12:55:03+00:00\" \/>\n<meta property=\"og:image\" content=\"https:\/\/www.palletcontroltower.eu\/wp-content\/uploads\/2023\/11\/palletcontroltower-2.jpg\" \/>\n\t<meta property=\"og:image:width\" content=\"1600\" \/>\n\t<meta property=\"og:image:height\" content=\"1066\" \/>\n\t<meta property=\"og:image:type\" content=\"image\/jpeg\" \/>\n<meta name=\"twitter:card\" content=\"summary_large_image\" \/>\n<meta name=\"twitter:label1\" content=\"Ber\u00e4knad l\u00e4stid\" \/>\n\t<meta name=\"twitter:data1\" content=\"2 minuter\" \/>\n<script type=\"application\/ld+json\" class=\"yoast-schema-graph\">{\"@context\":\"https:\\\/\\\/schema.org\",\"@graph\":[{\"@type\":\"WebPage\",\"@id\":\"https:\\\/\\\/www.palletcontroltower.eu\\\/mijn-voordeel\\\/vergroot-de-efficientie\\\/\",\"url\":\"https:\\\/\\\/www.palletcontroltower.eu\\\/mijn-voordeel\\\/vergroot-de-efficientie\\\/\",\"name\":\"Voorkom palletstress - Pallet Control Tower\",\"isPartOf\":{\"@id\":\"https:\\\/\\\/www.palletcontroltower.eu\\\/#website\"},\"primaryImageOfPage\":{\"@id\":\"https:\\\/\\\/www.palletcontroltower.eu\\\/mijn-voordeel\\\/vergroot-de-efficientie\\\/#primaryimage\"},\"image\":{\"@id\":\"https:\\\/\\\/www.palletcontroltower.eu\\\/mijn-voordeel\\\/vergroot-de-efficientie\\\/#primaryimage\"},\"thumbnailUrl\":\"http:\\\/\\\/www.palletcontroltower.eu\\\/wp-content\\\/uploads\\\/2023\\\/11\\\/palletcontroltower-2.jpg\",\"datePublished\":\"2023-11-22T08:00:10+00:00\",\"dateModified\":\"2026-02-12T12:55:03+00:00\",\"description\":\"Met PCT Online voorkomt u palletstress. Met het geautomatiseerd proces van Collection, Delivery & Matching van pallets, bent u in control\",\"breadcrumb\":{\"@id\":\"https:\\\/\\\/www.palletcontroltower.eu\\\/mijn-voordeel\\\/vergroot-de-efficientie\\\/#breadcrumb\"},\"inLanguage\":\"sv-SE\",\"potentialAction\":[{\"@type\":\"ReadAction\",\"target\":[\"https:\\\/\\\/www.palletcontroltower.eu\\\/mijn-voordeel\\\/vergroot-de-efficientie\\\/\"]}]},{\"@type\":\"ImageObject\",\"inLanguage\":\"sv-SE\",\"@id\":\"https:\\\/\\\/www.palletcontroltower.eu\\\/mijn-voordeel\\\/vergroot-de-efficientie\\\/#primaryimage\",\"url\":\"http:\\\/\\\/www.palletcontroltower.eu\\\/wp-content\\\/uploads\\\/2023\\\/11\\\/palletcontroltower-2.jpg\",\"contentUrl\":\"http:\\\/\\\/www.palletcontroltower.eu\\\/wp-content\\\/uploads\\\/2023\\\/11\\\/palletcontroltower-2.jpg\"},{\"@type\":\"BreadcrumbList\",\"@id\":\"https:\\\/\\\/www.palletcontroltower.eu\\\/mijn-voordeel\\\/vergroot-de-efficientie\\\/#breadcrumb\",\"itemListElement\":[{\"@type\":\"ListItem\",\"position\":1,\"name\":\"Home\",\"item\":\"https:\\\/\\\/www.palletcontroltower.eu\\\/\"},{\"@type\":\"ListItem\",\"position\":2,\"name\":\"Mijn voordeel\",\"item\":\"https:\\\/\\\/www.palletcontroltower.eu\\\/pl\\\/mijn-voordeel\\\/\"},{\"@type\":\"ListItem\",\"position\":3,\"name\":\"Voorkom palletstress\"}]},{\"@type\":\"WebSite\",\"@id\":\"https:\\\/\\\/www.palletcontroltower.eu\\\/#website\",\"url\":\"https:\\\/\\\/www.palletcontroltower.eu\\\/\",\"name\":\"Pallet Control Tower\",\"description\":\"\",\"publisher\":{\"@id\":\"https:\\\/\\\/www.palletcontroltower.eu\\\/#organization\"},\"potentialAction\":[{\"@type\":\"SearchAction\",\"target\":{\"@type\":\"EntryPoint\",\"urlTemplate\":\"https:\\\/\\\/www.palletcontroltower.eu\\\/?s={search_term_string}\"},\"query-input\":{\"@type\":\"PropertyValueSpecification\",\"valueRequired\":true,\"valueName\":\"search_term_string\"}}],\"inLanguage\":\"sv-SE\"},{\"@type\":\"Organization\",\"@id\":\"https:\\\/\\\/www.palletcontroltower.eu\\\/#organization\",\"name\":\"Pallet Control Tower\",\"url\":\"https:\\\/\\\/www.palletcontroltower.eu\\\/\",\"logo\":{\"@type\":\"ImageObject\",\"inLanguage\":\"sv-SE\",\"@id\":\"https:\\\/\\\/www.palletcontroltower.eu\\\/#\\\/schema\\\/logo\\\/image\\\/\",\"url\":\"https:\\\/\\\/www.palletcontroltower.eu\\\/wp-content\\\/uploads\\\/2023\\\/10\\\/logo.svg\",\"contentUrl\":\"https:\\\/\\\/www.palletcontroltower.eu\\\/wp-content\\\/uploads\\\/2023\\\/10\\\/logo.svg\",\"width\":290,\"height\":87,\"caption\":\"Pallet Control Tower\"},\"image\":{\"@id\":\"https:\\\/\\\/www.palletcontroltower.eu\\\/#\\\/schema\\\/logo\\\/image\\\/\"}}]}<\/script>\n<!-- \/ Yoast SEO plugin. -->","yoast_head_json":{"title":"F\u00f6rebygg stress p\u00e5 lastpallar - Pallet Control Tower","description":"Med PCT Online undviker du pallstress. Med den automatiserade processen f\u00f6r insamling, leverans och matchning av pallar har du full kontroll","robots":{"index":"index","follow":"follow","max-snippet":"max-snippet:-1","max-image-preview":"max-image-preview:large","max-video-preview":"max-video-preview:-1"},"canonical":"https:\/\/www.palletcontroltower.eu\/sv\/min-fordel\/okar-effektiviteten\/","og_locale":"sv_SE","og_type":"article","og_title":"Voorkom palletstress - Pallet Control Tower","og_description":"Met PCT Online voorkomt u palletstress. Met het geautomatiseerd proces van Collection, Delivery & Matching van pallets, bent u in control","og_url":"https:\/\/www.palletcontroltower.eu\/sv\/min-fordel\/okar-effektiviteten\/","og_site_name":"Pallet Control Tower","article_modified_time":"2026-02-12T12:55:03+00:00","og_image":[{"width":1600,"height":1066,"url":"https:\/\/www.palletcontroltower.eu\/wp-content\/uploads\/2023\/11\/palletcontroltower-2.jpg","type":"image\/jpeg"}],"twitter_card":"summary_large_image","twitter_misc":{"Ber\u00e4knad l\u00e4stid":"2 minuter"},"schema":{"@context":"https:\/\/schema.org","@graph":[{"@type":"WebPage","@id":"https:\/\/www.palletcontroltower.eu\/mijn-voordeel\/vergroot-de-efficientie\/","url":"https:\/\/www.palletcontroltower.eu\/mijn-voordeel\/vergroot-de-efficientie\/","name":"F\u00f6rebygg stress p\u00e5 lastpallar - Pallet Control Tower","isPartOf":{"@id":"https:\/\/www.palletcontroltower.eu\/#website"},"primaryImageOfPage":{"@id":"https:\/\/www.palletcontroltower.eu\/mijn-voordeel\/vergroot-de-efficientie\/#primaryimage"},"image":{"@id":"https:\/\/www.palletcontroltower.eu\/mijn-voordeel\/vergroot-de-efficientie\/#primaryimage"},"thumbnailUrl":"http:\/\/www.palletcontroltower.eu\/wp-content\/uploads\/2023\/11\/palletcontroltower-2.jpg","datePublished":"2023-11-22T08:00:10+00:00","dateModified":"2026-02-12T12:55:03+00:00","description":"Med PCT Online undviker du pallstress. Med den automatiserade processen f\u00f6r insamling, leverans och matchning av pallar har du full kontroll","breadcrumb":{"@id":"https:\/\/www.palletcontroltower.eu\/mijn-voordeel\/vergroot-de-efficientie\/#breadcrumb"},"inLanguage":"sv-SE","potentialAction":[{"@type":"ReadAction","target":["https:\/\/www.palletcontroltower.eu\/mijn-voordeel\/vergroot-de-efficientie\/"]}]},{"@type":"ImageObject","inLanguage":"sv-SE","@id":"https:\/\/www.palletcontroltower.eu\/mijn-voordeel\/vergroot-de-efficientie\/#primaryimage","url":"http:\/\/www.palletcontroltower.eu\/wp-content\/uploads\/2023\/11\/palletcontroltower-2.jpg","contentUrl":"http:\/\/www.palletcontroltower.eu\/wp-content\/uploads\/2023\/11\/palletcontroltower-2.jpg"},{"@type":"BreadcrumbList","@id":"https:\/\/www.palletcontroltower.eu\/mijn-voordeel\/vergroot-de-efficientie\/#breadcrumb","itemListElement":[{"@type":"ListItem","position":1,"name":"Home","item":"https:\/\/www.palletcontroltower.eu\/"},{"@type":"ListItem","position":2,"name":"Mijn voordeel","item":"https:\/\/www.palletcontroltower.eu\/pl\/mijn-voordeel\/"},{"@type":"ListItem","position":3,"name":"Voorkom palletstress"}]},{"@type":"WebSite","@id":"https:\/\/www.palletcontroltower.eu\/#website","url":"https:\/\/www.palletcontroltower.eu\/","name":"Torn f\u00f6r pallkontroll","description":"","publisher":{"@id":"https:\/\/www.palletcontroltower.eu\/#organization"},"potentialAction":[{"@type":"SearchAction","target":{"@type":"EntryPoint","urlTemplate":"https:\/\/www.palletcontroltower.eu\/?s={search_term_string}"},"query-input":{"@type":"PropertyValueSpecification","valueRequired":true,"valueName":"search_term_string"}}],"inLanguage":"sv-SE"},{"@type":"Organization","@id":"https:\/\/www.palletcontroltower.eu\/#organization","name":"Torn f\u00f6r pallkontroll","url":"https:\/\/www.palletcontroltower.eu\/","logo":{"@type":"ImageObject","inLanguage":"sv-SE","@id":"https:\/\/www.palletcontroltower.eu\/#\/schema\/logo\/image\/","url":"https:\/\/www.palletcontroltower.eu\/wp-content\/uploads\/2023\/10\/logo.svg","contentUrl":"https:\/\/www.palletcontroltower.eu\/wp-content\/uploads\/2023\/10\/logo.svg","width":290,"height":87,"caption":"Pallet Control Tower"},"image":{"@id":"https:\/\/www.palletcontroltower.eu\/#\/schema\/logo\/image\/"}}]}},"_links":{"self":[{"href":"https:\/\/www.palletcontroltower.eu\/sv\/wp-json\/wp\/v2\/pages\/27","targetHints":{"allow":["GET"]}}],"collection":[{"href":"https:\/\/www.palletcontroltower.eu\/sv\/wp-json\/wp\/v2\/pages"}],"about":[{"href":"https:\/\/www.palletcontroltower.eu\/sv\/wp-json\/wp\/v2\/types\/page"}],"author":[{"embeddable":true,"href":"https:\/\/www.palletcontroltower.eu\/sv\/wp-json\/wp\/v2\/users\/1"}],"replies":[{"embeddable":true,"href":"https:\/\/www.palletcontroltower.eu\/sv\/wp-json\/wp\/v2\/comments?post=27"}],"version-history":[{"count":26,"href":"https:\/\/www.palletcontroltower.eu\/sv\/wp-json\/wp\/v2\/pages\/27\/revisions"}],"predecessor-version":[{"id":1243,"href":"https:\/\/www.palletcontroltower.eu\/sv\/wp-json\/wp\/v2\/pages\/27\/revisions\/1243"}],"up":[{"embeddable":true,"href":"https:\/\/www.palletcontroltower.eu\/sv\/wp-json\/wp\/v2\/pages\/25"}],"wp:attachment":[{"href":"https:\/\/www.palletcontroltower.eu\/sv\/wp-json\/wp\/v2\/media?parent=27"}],"curies":[{"name":"wp","href":"https:\/\/api.w.org\/{rel}","templated":true}]}}