{"id":44,"date":"2023-11-22T08:02:17","date_gmt":"2023-11-22T08:02:17","guid":{"rendered":"http:\/\/www.palletcontroltower.eu\/?page_id=44"},"modified":"2024-01-08T14:00:38","modified_gmt":"2024-01-08T14:00:38","slug":"varldsnaturfonden","status":"publish","type":"page","link":"https:\/\/www.palletcontroltower.eu\/sv\/duurzaamheid\/wereld-natuur-fonds\/","title":{"rendered":"V\u00e4rldsnaturfonden"},"content":{"rendered":"<div class=\"wp-block-columns is-layout-flex wp-container-core-columns-is-layout-28f84493 wp-block-columns-is-layout-flex\">\n<div class=\"wp-block-column is-layout-flow wp-block-column-is-layout-flow\">\n<h2 class=\"wp-block-heading\">Vi ger skogen tillbaka till jorden<\/h2>\n\n\n\n<p>Pallet Control Tower \u00e4r en Business Supporter av V\u00e4rldsnaturfonden (WWF). Och det \u00e4r du ocks\u00e5, om du anv\u00e4nder PCT online.&nbsp;&nbsp;<\/p>\n\n\n\n<p>Med hj\u00e4lp av v\u00e5rt st\u00f6d ger WWF skogen tillbaka till jorden. En skog \u00e4r mer \u00e4n en summa tr\u00e4d. En skog \u00e4r ett balanserat ekosystem av tr\u00e4d, v\u00e4xter och djur. \u00c4ven f\u00f6r oss m\u00e4nniskor \u00e4r skogen livsviktig. Den f\u00f6rser oss med mat, tar hand om v\u00e5r vattenbalans och \u00e4r en viktig partner i kampen mot klimatf\u00f6r\u00e4ndringarna.&nbsp;<\/p>\n\n\n\n<p>Skogar \u00e4r otroligt viktiga, men vi f\u00f6rlorar dem i en alarmerande takt. Tillsammans med WWF ger vi skogarna tillbaka till jorden. P\u00e5 s\u00e5 s\u00e4tt bidrar vi positivt till klimatet och den biologiska m\u00e5ngfalden.&nbsp;<\/p>\n\n\n\n<p>F\u00f6r varje 10 000 e-krediter p\u00e5 ditt konto planterar vi ett tr\u00e4d tillsammans med WWF. Vi planterar det f\u00f6rsta tr\u00e4det p\u00e5 ditt f\u00f6retag \ud83d\ude09.<\/p>\n\n\n\n<div class=\"wp-block-buttons is-layout-flex wp-block-buttons-is-layout-flex\">\n<div class=\"wp-block-button\"><a class=\"wp-block-button__link has-white-color has-green-background-color has-text-color has-background has-link-color wp-element-button\" href=\"https:\/\/portal.pct-online.eu\/register\" target=\"_blank\" rel=\"noreferrer noopener\">Aktivera ditt konto<\/a><\/div>\n<\/div>\n\n\n\n<hr class=\"wp-block-separator has-alpha-channel-opacity\"\/>\n\n\n\n<div class=\"wp-block-columns is-layout-flex wp-container-core-columns-is-layout-28f84493 wp-block-columns-is-layout-flex\">\n<div class=\"wp-block-column is-layout-flow wp-block-column-is-layout-flow\">\n<h3 class=\"wp-block-heading\"><\/h3>\n\n\n\n<figure class=\"wp-block-image size-large\"><img fetchpriority=\"high\" decoding=\"async\" width=\"1024\" height=\"1024\" src=\"http:\/\/www.palletcontroltower.eu\/wp-content\/uploads\/2023\/12\/WWF-Business-Supporter-bos-social-3-1-1024x1024.jpg\" alt=\"\" class=\"wp-image-783\" srcset=\"https:\/\/www.palletcontroltower.eu\/wp-content\/uploads\/2023\/12\/WWF-Business-Supporter-bos-social-3-1-1024x1024.jpg 1024w, https:\/\/www.palletcontroltower.eu\/wp-content\/uploads\/2023\/12\/WWF-Business-Supporter-bos-social-3-1-300x300.jpg 300w, https:\/\/www.palletcontroltower.eu\/wp-content\/uploads\/2023\/12\/WWF-Business-Supporter-bos-social-3-1-150x150.jpg 150w, https:\/\/www.palletcontroltower.eu\/wp-content\/uploads\/2023\/12\/WWF-Business-Supporter-bos-social-3-1-768x768.jpg 768w, https:\/\/www.palletcontroltower.eu\/wp-content\/uploads\/2023\/12\/WWF-Business-Supporter-bos-social-3-1-12x12.jpg 12w, https:\/\/www.palletcontroltower.eu\/wp-content\/uploads\/2023\/12\/WWF-Business-Supporter-bos-social-3-1.jpg 1200w\" sizes=\"(max-width: 1024px) 100vw, 1024px\" \/><\/figure>\n\n\n\n<p> <\/p>\n<\/div>\n\n\n\n<div class=\"wp-block-column is-layout-flow wp-block-column-is-layout-flow\">\n<h3 class=\"wp-block-heading\"><\/h3>\n\n\n\n<figure class=\"wp-block-image size-large\"><img decoding=\"async\" width=\"1024\" height=\"1024\" src=\"http:\/\/www.palletcontroltower.eu\/wp-content\/uploads\/2023\/12\/WWF-Business-Supporter-bos-social-2-1-1024x1024.jpg\" alt=\"\" class=\"wp-image-782\" srcset=\"https:\/\/www.palletcontroltower.eu\/wp-content\/uploads\/2023\/12\/WWF-Business-Supporter-bos-social-2-1-1024x1024.jpg 1024w, https:\/\/www.palletcontroltower.eu\/wp-content\/uploads\/2023\/12\/WWF-Business-Supporter-bos-social-2-1-300x300.jpg 300w, https:\/\/www.palletcontroltower.eu\/wp-content\/uploads\/2023\/12\/WWF-Business-Supporter-bos-social-2-1-150x150.jpg 150w, https:\/\/www.palletcontroltower.eu\/wp-content\/uploads\/2023\/12\/WWF-Business-Supporter-bos-social-2-1-768x768.jpg 768w, https:\/\/www.palletcontroltower.eu\/wp-content\/uploads\/2023\/12\/WWF-Business-Supporter-bos-social-2-1-12x12.jpg 12w, https:\/\/www.palletcontroltower.eu\/wp-content\/uploads\/2023\/12\/WWF-Business-Supporter-bos-social-2-1.jpg 1200w\" sizes=\"(max-width: 1024px) 100vw, 1024px\" \/><\/figure>\n\n\n\n<p><\/p>\n<\/div>\n<\/div>\n<\/div>\n<\/div>\n\n\n\n<hr class=\"wp-block-separator has-alpha-channel-opacity\"\/>\n\n\n\n<blockquote class=\"wp-block-quote is-layout-flow wp-block-quote-is-layout-flow\">\n<p class=\"has-text-align-center\">F\u00f6rhindra stress p\u00e5 pallen! Pallet Control Tower \u00e4r den europeiska standarden och plattformen f\u00f6r Collection &amp; Delivery by Matching f\u00f6r europapallar och andra RTI:er. Vi underl\u00e4ttar \u00f6ppen pooling fr\u00e5n A till \u00d6. Och g\u00f6r pall-logistiken hanterbar igen. &nbsp;<\/p>\n<\/blockquote>\n\n\n\n<hr class=\"wp-block-separator has-alpha-channel-opacity\"\/>\n\n\n\n<figure class=\"wp-block-image size-full\"><img decoding=\"async\" width=\"1600\" height=\"1066\" src=\"http:\/\/www.palletcontroltower.eu\/wp-content\/uploads\/2023\/11\/palletcontroltower-2.jpg\" alt=\"\" class=\"wp-image-207\" style=\"aspect-ratio:16\/9;object-fit:cover\" srcset=\"https:\/\/www.palletcontroltower.eu\/wp-content\/uploads\/2023\/11\/palletcontroltower-2.jpg 1600w, https:\/\/www.palletcontroltower.eu\/wp-content\/uploads\/2023\/11\/palletcontroltower-2-300x200.jpg 300w, https:\/\/www.palletcontroltower.eu\/wp-content\/uploads\/2023\/11\/palletcontroltower-2-1024x682.jpg 1024w, https:\/\/www.palletcontroltower.eu\/wp-content\/uploads\/2023\/11\/palletcontroltower-2-768x512.jpg 768w, https:\/\/www.palletcontroltower.eu\/wp-content\/uploads\/2023\/11\/palletcontroltower-2-1536x1023.jpg 1536w\" sizes=\"(max-width: 1600px) 100vw, 1600px\" \/><\/figure>","protected":false},"excerpt":{"rendered":"<p>We geven bos terug aan de aarde Pallet Control Tower is Business Supporter van het Wereld Natuur Fonds (WNF). En u ook, als u gebruik maakt van PCT online.&nbsp;&nbsp; Met behulp van onze steun geeft WNF bos terug aan de aarde. Een bos is meer dan een optelsom van bomen. Een bos is een uitgebalanceerd [&hellip;]<\/p>\n","protected":false},"author":1,"featured_media":0,"parent":40,"menu_order":0,"comment_status":"closed","ping_status":"closed","template":"","meta":{"footnotes":""},"class_list":["post-44","page","type-page","status-publish","hentry"],"yoast_head":"<!-- This site is optimized with the Yoast SEO plugin v27.6 - https:\/\/yoast.com\/product\/yoast-seo-wordpress\/ -->\n<title>Wereld Natuur Fonds - Pallet Control Tower<\/title>\n<meta name=\"description\" content=\"PCT is supporter van het WNF-programma: geef bos terug aan de aarde. Voor elke 10.000 e-Credits planten we een boom in een bos.\" \/>\n<meta name=\"robots\" content=\"index, follow, max-snippet:-1, max-image-preview:large, max-video-preview:-1\" \/>\n<link rel=\"canonical\" href=\"https:\/\/www.palletcontroltower.eu\/sv\/hallbarhet\/varldsnaturfonden\/\" \/>\n<meta property=\"og:locale\" content=\"sv_SE\" \/>\n<meta property=\"og:type\" content=\"article\" \/>\n<meta property=\"og:title\" content=\"Wereld Natuur Fonds - Pallet Control Tower\" \/>\n<meta property=\"og:description\" content=\"PCT is supporter van het WNF-programma: geef bos terug aan de aarde. Voor elke 10.000 e-Credits planten we een boom in een bos.\" \/>\n<meta property=\"og:url\" content=\"https:\/\/www.palletcontroltower.eu\/sv\/hallbarhet\/varldsnaturfonden\/\" \/>\n<meta property=\"og:site_name\" content=\"Pallet Control Tower\" \/>\n<meta property=\"article:modified_time\" content=\"2024-01-08T14:00:38+00:00\" \/>\n<meta property=\"og:image\" content=\"http:\/\/www.palletcontroltower.eu\/wp-content\/uploads\/2023\/12\/WWF-Business-Supporter-bos-social-3-1-1024x1024.jpg\" \/>\n<meta name=\"twitter:card\" content=\"summary_large_image\" \/>\n<meta name=\"twitter:label1\" content=\"Ber\u00e4knad l\u00e4stid\" \/>\n\t<meta name=\"twitter:data1\" content=\"2 minuter\" \/>\n<script type=\"application\/ld+json\" class=\"yoast-schema-graph\">{\"@context\":\"https:\\\/\\\/schema.org\",\"@graph\":[{\"@type\":\"WebPage\",\"@id\":\"https:\\\/\\\/www.palletcontroltower.eu\\\/cs\\\/duurzaamheid\\\/svetovy-fond-na-ochranu-prirody\\\/\",\"url\":\"https:\\\/\\\/www.palletcontroltower.eu\\\/cs\\\/duurzaamheid\\\/svetovy-fond-na-ochranu-prirody\\\/\",\"name\":\"Wereld Natuur Fonds - Pallet Control Tower\",\"isPartOf\":{\"@id\":\"https:\\\/\\\/www.palletcontroltower.eu\\\/#website\"},\"primaryImageOfPage\":{\"@id\":\"https:\\\/\\\/www.palletcontroltower.eu\\\/cs\\\/duurzaamheid\\\/svetovy-fond-na-ochranu-prirody\\\/#primaryimage\"},\"image\":{\"@id\":\"https:\\\/\\\/www.palletcontroltower.eu\\\/cs\\\/duurzaamheid\\\/svetovy-fond-na-ochranu-prirody\\\/#primaryimage\"},\"thumbnailUrl\":\"http:\\\/\\\/www.palletcontroltower.eu\\\/wp-content\\\/uploads\\\/2023\\\/12\\\/WWF-Business-Supporter-bos-social-3-1-1024x1024.jpg\",\"datePublished\":\"2023-11-22T08:02:17+00:00\",\"dateModified\":\"2024-01-08T14:00:38+00:00\",\"description\":\"PCT is supporter van het WNF-programma: geef bos terug aan de aarde. Voor elke 10.000 e-Credits planten we een boom in een bos.\",\"breadcrumb\":{\"@id\":\"https:\\\/\\\/www.palletcontroltower.eu\\\/cs\\\/duurzaamheid\\\/svetovy-fond-na-ochranu-prirody\\\/#breadcrumb\"},\"inLanguage\":\"sv-SE\",\"potentialAction\":[{\"@type\":\"ReadAction\",\"target\":[\"https:\\\/\\\/www.palletcontroltower.eu\\\/cs\\\/duurzaamheid\\\/svetovy-fond-na-ochranu-prirody\\\/\"]}]},{\"@type\":\"ImageObject\",\"inLanguage\":\"sv-SE\",\"@id\":\"https:\\\/\\\/www.palletcontroltower.eu\\\/cs\\\/duurzaamheid\\\/svetovy-fond-na-ochranu-prirody\\\/#primaryimage\",\"url\":\"http:\\\/\\\/www.palletcontroltower.eu\\\/wp-content\\\/uploads\\\/2023\\\/12\\\/WWF-Business-Supporter-bos-social-3-1-1024x1024.jpg\",\"contentUrl\":\"http:\\\/\\\/www.palletcontroltower.eu\\\/wp-content\\\/uploads\\\/2023\\\/12\\\/WWF-Business-Supporter-bos-social-3-1-1024x1024.jpg\"},{\"@type\":\"BreadcrumbList\",\"@id\":\"https:\\\/\\\/www.palletcontroltower.eu\\\/cs\\\/duurzaamheid\\\/svetovy-fond-na-ochranu-prirody\\\/#breadcrumb\",\"itemListElement\":[{\"@type\":\"ListItem\",\"position\":1,\"name\":\"Home\",\"item\":\"https:\\\/\\\/www.palletcontroltower.eu\\\/\"},{\"@type\":\"ListItem\",\"position\":2,\"name\":\"Duurzaamheid\",\"item\":\"https:\\\/\\\/www.palletcontroltower.eu\\\/pl\\\/duurzaamheid\\\/\"},{\"@type\":\"ListItem\",\"position\":3,\"name\":\"Wereld Natuur Fonds\"}]},{\"@type\":\"WebSite\",\"@id\":\"https:\\\/\\\/www.palletcontroltower.eu\\\/#website\",\"url\":\"https:\\\/\\\/www.palletcontroltower.eu\\\/\",\"name\":\"Pallet Control Tower\",\"description\":\"\",\"publisher\":{\"@id\":\"https:\\\/\\\/www.palletcontroltower.eu\\\/#organization\"},\"potentialAction\":[{\"@type\":\"SearchAction\",\"target\":{\"@type\":\"EntryPoint\",\"urlTemplate\":\"https:\\\/\\\/www.palletcontroltower.eu\\\/?s={search_term_string}\"},\"query-input\":{\"@type\":\"PropertyValueSpecification\",\"valueRequired\":true,\"valueName\":\"search_term_string\"}}],\"inLanguage\":\"sv-SE\"},{\"@type\":\"Organization\",\"@id\":\"https:\\\/\\\/www.palletcontroltower.eu\\\/#organization\",\"name\":\"Pallet Control Tower\",\"url\":\"https:\\\/\\\/www.palletcontroltower.eu\\\/\",\"logo\":{\"@type\":\"ImageObject\",\"inLanguage\":\"sv-SE\",\"@id\":\"https:\\\/\\\/www.palletcontroltower.eu\\\/#\\\/schema\\\/logo\\\/image\\\/\",\"url\":\"https:\\\/\\\/www.palletcontroltower.eu\\\/wp-content\\\/uploads\\\/2023\\\/10\\\/logo.svg\",\"contentUrl\":\"https:\\\/\\\/www.palletcontroltower.eu\\\/wp-content\\\/uploads\\\/2023\\\/10\\\/logo.svg\",\"width\":290,\"height\":87,\"caption\":\"Pallet Control Tower\"},\"image\":{\"@id\":\"https:\\\/\\\/www.palletcontroltower.eu\\\/#\\\/schema\\\/logo\\\/image\\\/\"}}]}<\/script>\n<!-- \/ Yoast SEO plugin. -->","yoast_head_json":{"title":"V\u00e4rldsnaturfonden - Pallkontrolltorn","description":"PCT st\u00f6der WWF:s program: ge skogen tillbaka till jorden. F\u00f6r varje 10 000 e-Credits planterar vi ett tr\u00e4d i en skog.","robots":{"index":"index","follow":"follow","max-snippet":"max-snippet:-1","max-image-preview":"max-image-preview:large","max-video-preview":"max-video-preview:-1"},"canonical":"https:\/\/www.palletcontroltower.eu\/sv\/hallbarhet\/varldsnaturfonden\/","og_locale":"sv_SE","og_type":"article","og_title":"Wereld Natuur Fonds - Pallet Control Tower","og_description":"PCT is supporter van het WNF-programma: geef bos terug aan de aarde. Voor elke 10.000 e-Credits planten we een boom in een bos.","og_url":"https:\/\/www.palletcontroltower.eu\/sv\/hallbarhet\/varldsnaturfonden\/","og_site_name":"Pallet Control Tower","article_modified_time":"2024-01-08T14:00:38+00:00","og_image":[{"url":"http:\/\/www.palletcontroltower.eu\/wp-content\/uploads\/2023\/12\/WWF-Business-Supporter-bos-social-3-1-1024x1024.jpg","type":"","width":"","height":""}],"twitter_card":"summary_large_image","twitter_misc":{"Ber\u00e4knad l\u00e4stid":"2 minuter"},"schema":{"@context":"https:\/\/schema.org","@graph":[{"@type":"WebPage","@id":"https:\/\/www.palletcontroltower.eu\/cs\/duurzaamheid\/svetovy-fond-na-ochranu-prirody\/","url":"https:\/\/www.palletcontroltower.eu\/cs\/duurzaamheid\/svetovy-fond-na-ochranu-prirody\/","name":"V\u00e4rldsnaturfonden - Pallkontrolltorn","isPartOf":{"@id":"https:\/\/www.palletcontroltower.eu\/#website"},"primaryImageOfPage":{"@id":"https:\/\/www.palletcontroltower.eu\/cs\/duurzaamheid\/svetovy-fond-na-ochranu-prirody\/#primaryimage"},"image":{"@id":"https:\/\/www.palletcontroltower.eu\/cs\/duurzaamheid\/svetovy-fond-na-ochranu-prirody\/#primaryimage"},"thumbnailUrl":"http:\/\/www.palletcontroltower.eu\/wp-content\/uploads\/2023\/12\/WWF-Business-Supporter-bos-social-3-1-1024x1024.jpg","datePublished":"2023-11-22T08:02:17+00:00","dateModified":"2024-01-08T14:00:38+00:00","description":"PCT st\u00f6der WWF:s program: ge skogen tillbaka till jorden. F\u00f6r varje 10 000 e-Credits planterar vi ett tr\u00e4d i en skog.","breadcrumb":{"@id":"https:\/\/www.palletcontroltower.eu\/cs\/duurzaamheid\/svetovy-fond-na-ochranu-prirody\/#breadcrumb"},"inLanguage":"sv-SE","potentialAction":[{"@type":"ReadAction","target":["https:\/\/www.palletcontroltower.eu\/cs\/duurzaamheid\/svetovy-fond-na-ochranu-prirody\/"]}]},{"@type":"ImageObject","inLanguage":"sv-SE","@id":"https:\/\/www.palletcontroltower.eu\/cs\/duurzaamheid\/svetovy-fond-na-ochranu-prirody\/#primaryimage","url":"http:\/\/www.palletcontroltower.eu\/wp-content\/uploads\/2023\/12\/WWF-Business-Supporter-bos-social-3-1-1024x1024.jpg","contentUrl":"http:\/\/www.palletcontroltower.eu\/wp-content\/uploads\/2023\/12\/WWF-Business-Supporter-bos-social-3-1-1024x1024.jpg"},{"@type":"BreadcrumbList","@id":"https:\/\/www.palletcontroltower.eu\/cs\/duurzaamheid\/svetovy-fond-na-ochranu-prirody\/#breadcrumb","itemListElement":[{"@type":"ListItem","position":1,"name":"Home","item":"https:\/\/www.palletcontroltower.eu\/"},{"@type":"ListItem","position":2,"name":"Duurzaamheid","item":"https:\/\/www.palletcontroltower.eu\/pl\/duurzaamheid\/"},{"@type":"ListItem","position":3,"name":"Wereld Natuur Fonds"}]},{"@type":"WebSite","@id":"https:\/\/www.palletcontroltower.eu\/#website","url":"https:\/\/www.palletcontroltower.eu\/","name":"Torn f\u00f6r pallkontroll","description":"","publisher":{"@id":"https:\/\/www.palletcontroltower.eu\/#organization"},"potentialAction":[{"@type":"SearchAction","target":{"@type":"EntryPoint","urlTemplate":"https:\/\/www.palletcontroltower.eu\/?s={search_term_string}"},"query-input":{"@type":"PropertyValueSpecification","valueRequired":true,"valueName":"search_term_string"}}],"inLanguage":"sv-SE"},{"@type":"Organization","@id":"https:\/\/www.palletcontroltower.eu\/#organization","name":"Torn f\u00f6r pallkontroll","url":"https:\/\/www.palletcontroltower.eu\/","logo":{"@type":"ImageObject","inLanguage":"sv-SE","@id":"https:\/\/www.palletcontroltower.eu\/#\/schema\/logo\/image\/","url":"https:\/\/www.palletcontroltower.eu\/wp-content\/uploads\/2023\/10\/logo.svg","contentUrl":"https:\/\/www.palletcontroltower.eu\/wp-content\/uploads\/2023\/10\/logo.svg","width":290,"height":87,"caption":"Pallet Control Tower"},"image":{"@id":"https:\/\/www.palletcontroltower.eu\/#\/schema\/logo\/image\/"}}]}},"_links":{"self":[{"href":"https:\/\/www.palletcontroltower.eu\/sv\/wp-json\/wp\/v2\/pages\/44","targetHints":{"allow":["GET"]}}],"collection":[{"href":"https:\/\/www.palletcontroltower.eu\/sv\/wp-json\/wp\/v2\/pages"}],"about":[{"href":"https:\/\/www.palletcontroltower.eu\/sv\/wp-json\/wp\/v2\/types\/page"}],"author":[{"embeddable":true,"href":"https:\/\/www.palletcontroltower.eu\/sv\/wp-json\/wp\/v2\/users\/1"}],"replies":[{"embeddable":true,"href":"https:\/\/www.palletcontroltower.eu\/sv\/wp-json\/wp\/v2\/comments?post=44"}],"version-history":[{"count":14,"href":"https:\/\/www.palletcontroltower.eu\/sv\/wp-json\/wp\/v2\/pages\/44\/revisions"}],"predecessor-version":[{"id":993,"href":"https:\/\/www.palletcontroltower.eu\/sv\/wp-json\/wp\/v2\/pages\/44\/revisions\/993"}],"up":[{"embeddable":true,"href":"https:\/\/www.palletcontroltower.eu\/sv\/wp-json\/wp\/v2\/pages\/40"}],"wp:attachment":[{"href":"https:\/\/www.palletcontroltower.eu\/sv\/wp-json\/wp\/v2\/media?parent=44"}],"curies":[{"name":"wp","href":"https:\/\/api.w.org\/{rel}","templated":true}]}}