{"id":66,"date":"2023-11-22T08:05:50","date_gmt":"2023-11-22T08:05:50","guid":{"rendered":"http:\/\/www.palletcontroltower.eu\/?page_id=66"},"modified":"2026-02-12T13:02:54","modified_gmt":"2026-02-12T13:02:54","slug":"vem-ar-pct","status":"publish","type":"page","link":"https:\/\/www.palletcontroltower.eu\/sv\/over-ons\/wie-is-pct\/","title":{"rendered":"Vem \u00e4r PCT?"},"content":{"rendered":"<div class=\"wp-block-columns is-layout-flex wp-container-core-columns-is-layout-28f84493 wp-block-columns-is-layout-flex\">\n<div class=\"wp-block-column is-layout-flow wp-block-column-is-layout-flow\">\n<h2 class=\"wp-block-heading\">Vad vi g\u00f6r<\/h2>\n\n\n\n<p>PCT har sett hur poolning av pallar och andra Returable Transport Items (RTI\u00ebn) har \u00f6kat och f\u00f6r\u00e4ndrats under de senaste decennierna. Vi har sett m\u00e5nga problem och fel uppst\u00e5. Och vi vet att de inte, eller bara delvis, blir l\u00f6sta. Det leder till frustration och or\u00e4kneliga (dolda) kostnader.&nbsp;&nbsp;<\/p>\n\n\n\n<p>Med v\u00e5r nya standard \u00e4r vi \u00f6vertygade om att vi ger ett viktigt bidrag till optimeringen av poolningsystem, som det finns m\u00e5nga av i Europa och v\u00e4rlden.&nbsp;&nbsp;<\/p>\n\n\n\n<div class=\"wp-block-buttons is-layout-flex wp-block-buttons-is-layout-flex\">\n<div class=\"wp-block-button\"><a class=\"wp-block-button__link has-white-color has-green-background-color has-text-color has-background has-link-color wp-element-button\" href=\"http:\/\/www.palletcontroltower.eu\/sv\/hur-det-fungerar\/vad-vi-gor\/\" target=\"_blank\" rel=\"noreferrer noopener\">Se hur vi g\u00f6r det h\u00e4r<\/a><\/div>\n<\/div>\n<\/div>\n<\/div>\n\n\n\n<hr class=\"wp-block-separator has-alpha-channel-opacity\"\/>\n\n\n\n<div class=\"wp-block-columns are-vertically-aligned-center is-layout-flex wp-container-core-columns-is-layout-28f84493 wp-block-columns-is-layout-flex\">\n<div class=\"wp-block-column is-vertically-aligned-center is-layout-flow wp-block-column-is-layout-flow\">\n<figure class=\"wp-block-image size-full\"><img fetchpriority=\"high\" decoding=\"async\" width=\"1800\" height=\"380\" src=\"http:\/\/www.palletcontroltower.eu\/wp-content\/uploads\/2023\/12\/headerbeeld_0011_PalletControlTower_EPAL_forklift_handling_europallets.jpg\" alt=\"\" class=\"wp-image-646\" style=\"aspect-ratio:4\/3;object-fit:cover\" srcset=\"https:\/\/www.palletcontroltower.eu\/wp-content\/uploads\/2023\/12\/headerbeeld_0011_PalletControlTower_EPAL_forklift_handling_europallets.jpg 1800w, https:\/\/www.palletcontroltower.eu\/wp-content\/uploads\/2023\/12\/headerbeeld_0011_PalletControlTower_EPAL_forklift_handling_europallets-300x63.jpg 300w, https:\/\/www.palletcontroltower.eu\/wp-content\/uploads\/2023\/12\/headerbeeld_0011_PalletControlTower_EPAL_forklift_handling_europallets-1024x216.jpg 1024w, https:\/\/www.palletcontroltower.eu\/wp-content\/uploads\/2023\/12\/headerbeeld_0011_PalletControlTower_EPAL_forklift_handling_europallets-768x162.jpg 768w, https:\/\/www.palletcontroltower.eu\/wp-content\/uploads\/2023\/12\/headerbeeld_0011_PalletControlTower_EPAL_forklift_handling_europallets-1536x324.jpg 1536w, https:\/\/www.palletcontroltower.eu\/wp-content\/uploads\/2023\/12\/headerbeeld_0011_PalletControlTower_EPAL_forklift_handling_europallets-18x4.jpg 18w\" sizes=\"(max-width: 1800px) 100vw, 1800px\" \/><\/figure>\n<\/div>\n\n\n\n<div class=\"wp-block-column is-vertically-aligned-center is-layout-flow wp-block-column-is-layout-flow\">\n<h2 class=\"wp-block-heading\">Matching, Collection in och Delivery.<\/h2>\n\n\n\n<p>PCTO l\u00f6ser problemet med pallar. Genom Matching reglerar v\u00e5r onlineplattform Collection- och Delivery processen f\u00f6r europapallar och andra RTI:er i Europa, Asien och Amerika\/Kanada. Detta g\u00f6r vi bland annat med v\u00e5rt e-kreditsystem och genom att f\u00f6lja det oberoende EUWID-indexet f\u00f6r den mest aktuella prisutvecklingen.<\/p>\n\n\n\n<p>Vi har ocks\u00e5 ett n\u00e4tverk av account- och quality managers i Europa som l\u00f6ser problem vid eventuella tvister. De kontrollerar pallkvaliteten p\u00e5 plats hos b\u00e5de dep\u00e5er och mottagare.<\/p>\n\n\n\n<p>Med e-Credits kan v\u00e5ra deltagare p\u00e5 ett optimalt s\u00e4tt anv\u00e4nda Europallets (UIC\/EUR - EPAL) och andra RTI:er. Allt detta f\u00f6r att f\u00e5 en mer h\u00e5llbar leveranskedja.<\/p>\n\n\n\n<div class=\"wp-block-buttons is-layout-flex wp-block-buttons-is-layout-flex\">\n<div class=\"wp-block-button\"><a class=\"wp-block-button__link has-white-color has-green-background-color has-text-color has-background has-link-color wp-element-button\" href=\"https:\/\/portal.pct-online.eu\/register\" target=\"_blank\" rel=\"noreferrer noopener\">Aktivera ditt konto<\/a><\/div>\n<\/div>\n<\/div>\n<\/div>\n\n\n\n<hr class=\"wp-block-separator has-alpha-channel-opacity\"\/>\n\n\n\n<blockquote class=\"wp-block-quote is-layout-flow wp-block-quote-is-layout-flow\">\n<p class=\"has-text-align-center\">F\u00f6rhindra stress p\u00e5 pallen! Pallet Control Tower \u00e4r den europeiska standarden och plattformen f\u00f6r Collection &amp; Delivery by Matching f\u00f6r Europallets och andra RTI:er. Vi underl\u00e4ttar \u00f6ppen pooling fr\u00e5n A till \u00d6. Och g\u00f6r pall-logistiken hanterbar igen.<\/p>\n<\/blockquote>\n\n\n\n<hr class=\"wp-block-separator has-alpha-channel-opacity\"\/>\n\n\n\n<figure class=\"wp-block-image size-full\"><img decoding=\"async\" width=\"1600\" height=\"1066\" src=\"http:\/\/www.palletcontroltower.eu\/wp-content\/uploads\/2023\/11\/palletcontroltower-2.jpg\" alt=\"\" class=\"wp-image-207\" style=\"aspect-ratio:16\/9;object-fit:cover\" srcset=\"https:\/\/www.palletcontroltower.eu\/wp-content\/uploads\/2023\/11\/palletcontroltower-2.jpg 1600w, https:\/\/www.palletcontroltower.eu\/wp-content\/uploads\/2023\/11\/palletcontroltower-2-300x200.jpg 300w, https:\/\/www.palletcontroltower.eu\/wp-content\/uploads\/2023\/11\/palletcontroltower-2-1024x682.jpg 1024w, https:\/\/www.palletcontroltower.eu\/wp-content\/uploads\/2023\/11\/palletcontroltower-2-768x512.jpg 768w, https:\/\/www.palletcontroltower.eu\/wp-content\/uploads\/2023\/11\/palletcontroltower-2-1536x1023.jpg 1536w\" sizes=\"(max-width: 1600px) 100vw, 1600px\" \/><\/figure>\n\n\n\n<hr class=\"wp-block-separator has-alpha-channel-opacity\"\/>\n\n\n\n<div class=\"wp-block-columns is-layout-flex wp-container-core-columns-is-layout-28f84493 wp-block-columns-is-layout-flex\">\n<div class=\"wp-block-column is-layout-flow wp-block-column-is-layout-flow\">\n<h3 class=\"wp-block-heading\">F\u00f6r vem och varf\u00f6r? <\/h3>\n\n\n\n<p>Med PCTO kommer alla f\u00f6retag, eller \u00e4nnu hellre ett n\u00e4tverk av f\u00f6retag - leveranskedjan - att ha m\u00f6jlighet att g\u00e5 fr\u00e5n eng\u00e5ngspallar och andra RTI till flerg\u00e5ngs europapallar och andra RTI. <\/p>\n\n\n\n<p>PCTO-plattformen \u00e4r till f\u00f6r alla industri-, tillverknings- eller handelsf\u00f6retag som anv\u00e4nder Europallar och RTI f\u00f6r att transportera produkter i stor skala. Men \u00e4ven f\u00f6r transport\u00f6rer och distributionscentraler samt pall\u00e5terf\u00f6rs\u00e4ljare\/lager\/tillverkare. <\/p>\n\n\n\n<div class=\"wp-block-buttons is-layout-flex wp-block-buttons-is-layout-flex\">\n<div class=\"wp-block-button\"><a class=\"wp-block-button__link has-white-color has-blue-background-color has-text-color has-background has-link-color wp-element-button\" href=\"https:\/\/portal.pct-online.eu\/register\" target=\"_blank\" rel=\"noreferrer noopener\">Aktivera ditt konto<\/a><\/div>\n<\/div>\n<\/div>\n\n\n\n<div class=\"wp-block-column is-layout-flow wp-block-column-is-layout-flow\">\n<h3 class=\"wp-block-heading\">Hur g\u00f6r vi det? <\/h3>\n\n\n\n<p>PCTO erbjuder ett enkelt s\u00e4tt att g\u00e5 fr\u00e5n eng\u00e5ngsbruk till flerg\u00e5ngsbruk. Med Collection &amp; Delivery - Matching - order och e-Credit kan alla i logistikkedjan dra nytta av detta. <\/p>\n\n\n\n<p>Hanteringen av transaktioner blir enklare och transparensen inneb\u00e4r f\u00e4rre diskussioner med alla inblandade parter. \u00d6msesidiga saldon kan enkelt regleras med e-krediter. Om det uppst\u00e5r diskussioner kan v\u00e5ra regionala konto- och kvalitetschefer erbjuda en l\u00f6sning.<\/p>\n\n\n\n<div class=\"wp-block-buttons is-layout-flex wp-block-buttons-is-layout-flex\">\n<div class=\"wp-block-button\"><a class=\"wp-block-button__link has-white-color has-mint-background-color has-text-color has-background has-link-color wp-element-button\" href=\"https:\/\/portal.pct-online.eu\/register\" target=\"_blank\" rel=\"noreferrer noopener\">Aktivera ditt konto<\/a><\/div>\n<\/div>\n<\/div>\n<\/div>","protected":false},"excerpt":{"rendered":"<p>Wat wij doen PCT heeft de afgelopen decennia de pooling van pallets en andere Returnable Transport Items (RTI) zien opkomen en veranderen. We hebben tal van problemen en fouten zien ontstaan. En we weten dat ze niet, of maar deels, worden opgelost. Met frustratie en onoverzichtelijke (verborgen) kosten tot gevolg.&nbsp;&nbsp; Met onze nieuwe standaard zijn [&hellip;]<\/p>\n","protected":false},"author":1,"featured_media":0,"parent":64,"menu_order":0,"comment_status":"closed","ping_status":"closed","template":"","meta":{"footnotes":""},"class_list":["post-66","page","type-page","status-publish","hentry"],"yoast_head":"<!-- This site is optimized with the Yoast SEO plugin v27.3 - https:\/\/yoast.com\/product\/yoast-seo-wordpress\/ -->\n<title>Wie is PCT? - Pallet Control Tower<\/title>\n<meta name=\"robots\" content=\"index, follow, max-snippet:-1, max-image-preview:large, max-video-preview:-1\" \/>\n<link rel=\"canonical\" href=\"https:\/\/www.palletcontroltower.eu\/sv\/om-oss\/vem-ar-pct\/\" \/>\n<meta property=\"og:locale\" content=\"sv_SE\" \/>\n<meta property=\"og:type\" content=\"article\" \/>\n<meta property=\"og:title\" content=\"Wie is PCT? - Pallet Control Tower\" \/>\n<meta property=\"og:description\" content=\"Wat wij doen PCT heeft de afgelopen decennia de pooling van pallets en andere Returnable Transport Items (RTI) zien opkomen en veranderen. We hebben tal van problemen en fouten zien ontstaan. En we weten dat ze niet, of maar deels, worden opgelost. Met frustratie en onoverzichtelijke (verborgen) kosten tot gevolg.&nbsp;&nbsp; Met onze nieuwe standaard zijn [&hellip;]\" \/>\n<meta property=\"og:url\" content=\"https:\/\/www.palletcontroltower.eu\/sv\/om-oss\/vem-ar-pct\/\" \/>\n<meta property=\"og:site_name\" content=\"Pallet Control Tower\" \/>\n<meta property=\"article:modified_time\" content=\"2026-02-12T13:02:54+00:00\" \/>\n<meta property=\"og:image\" content=\"https:\/\/www.palletcontroltower.eu\/wp-content\/uploads\/2023\/12\/headerbeeld_0011_PalletControlTower_EPAL_forklift_handling_europallets.jpg\" \/>\n\t<meta property=\"og:image:width\" content=\"1800\" \/>\n\t<meta property=\"og:image:height\" content=\"380\" \/>\n\t<meta property=\"og:image:type\" content=\"image\/jpeg\" \/>\n<meta name=\"twitter:card\" content=\"summary_large_image\" \/>\n<meta name=\"twitter:label1\" content=\"Ber\u00e4knad l\u00e4stid\" \/>\n\t<meta name=\"twitter:data1\" content=\"3 minuter\" \/>\n<script type=\"application\/ld+json\" class=\"yoast-schema-graph\">{\"@context\":\"https:\\\/\\\/schema.org\",\"@graph\":[{\"@type\":\"WebPage\",\"@id\":\"https:\\\/\\\/www.palletcontroltower.eu\\\/over-ons\\\/wie-is-pct\\\/\",\"url\":\"https:\\\/\\\/www.palletcontroltower.eu\\\/over-ons\\\/wie-is-pct\\\/\",\"name\":\"Wie is PCT? - Pallet Control Tower\",\"isPartOf\":{\"@id\":\"https:\\\/\\\/www.palletcontroltower.eu\\\/#website\"},\"primaryImageOfPage\":{\"@id\":\"https:\\\/\\\/www.palletcontroltower.eu\\\/over-ons\\\/wie-is-pct\\\/#primaryimage\"},\"image\":{\"@id\":\"https:\\\/\\\/www.palletcontroltower.eu\\\/over-ons\\\/wie-is-pct\\\/#primaryimage\"},\"thumbnailUrl\":\"http:\\\/\\\/www.palletcontroltower.eu\\\/wp-content\\\/uploads\\\/2023\\\/12\\\/headerbeeld_0011_PalletControlTower_EPAL_forklift_handling_europallets.jpg\",\"datePublished\":\"2023-11-22T08:05:50+00:00\",\"dateModified\":\"2026-02-12T13:02:54+00:00\",\"breadcrumb\":{\"@id\":\"https:\\\/\\\/www.palletcontroltower.eu\\\/over-ons\\\/wie-is-pct\\\/#breadcrumb\"},\"inLanguage\":\"sv-SE\",\"potentialAction\":[{\"@type\":\"ReadAction\",\"target\":[\"https:\\\/\\\/www.palletcontroltower.eu\\\/over-ons\\\/wie-is-pct\\\/\"]}]},{\"@type\":\"ImageObject\",\"inLanguage\":\"sv-SE\",\"@id\":\"https:\\\/\\\/www.palletcontroltower.eu\\\/over-ons\\\/wie-is-pct\\\/#primaryimage\",\"url\":\"http:\\\/\\\/www.palletcontroltower.eu\\\/wp-content\\\/uploads\\\/2023\\\/12\\\/headerbeeld_0011_PalletControlTower_EPAL_forklift_handling_europallets.jpg\",\"contentUrl\":\"http:\\\/\\\/www.palletcontroltower.eu\\\/wp-content\\\/uploads\\\/2023\\\/12\\\/headerbeeld_0011_PalletControlTower_EPAL_forklift_handling_europallets.jpg\"},{\"@type\":\"BreadcrumbList\",\"@id\":\"https:\\\/\\\/www.palletcontroltower.eu\\\/over-ons\\\/wie-is-pct\\\/#breadcrumb\",\"itemListElement\":[{\"@type\":\"ListItem\",\"position\":1,\"name\":\"Home\",\"item\":\"https:\\\/\\\/www.palletcontroltower.eu\\\/\"},{\"@type\":\"ListItem\",\"position\":2,\"name\":\"Over ons\",\"item\":\"https:\\\/\\\/www.palletcontroltower.eu\\\/over-ons\\\/\"},{\"@type\":\"ListItem\",\"position\":3,\"name\":\"Wie is PCT?\"}]},{\"@type\":\"WebSite\",\"@id\":\"https:\\\/\\\/www.palletcontroltower.eu\\\/#website\",\"url\":\"https:\\\/\\\/www.palletcontroltower.eu\\\/\",\"name\":\"Pallet Control Tower\",\"description\":\"\",\"publisher\":{\"@id\":\"https:\\\/\\\/www.palletcontroltower.eu\\\/#organization\"},\"potentialAction\":[{\"@type\":\"SearchAction\",\"target\":{\"@type\":\"EntryPoint\",\"urlTemplate\":\"https:\\\/\\\/www.palletcontroltower.eu\\\/?s={search_term_string}\"},\"query-input\":{\"@type\":\"PropertyValueSpecification\",\"valueRequired\":true,\"valueName\":\"search_term_string\"}}],\"inLanguage\":\"sv-SE\"},{\"@type\":\"Organization\",\"@id\":\"https:\\\/\\\/www.palletcontroltower.eu\\\/#organization\",\"name\":\"Pallet Control Tower\",\"url\":\"https:\\\/\\\/www.palletcontroltower.eu\\\/\",\"logo\":{\"@type\":\"ImageObject\",\"inLanguage\":\"sv-SE\",\"@id\":\"https:\\\/\\\/www.palletcontroltower.eu\\\/#\\\/schema\\\/logo\\\/image\\\/\",\"url\":\"https:\\\/\\\/www.palletcontroltower.eu\\\/wp-content\\\/uploads\\\/2023\\\/10\\\/logo.svg\",\"contentUrl\":\"https:\\\/\\\/www.palletcontroltower.eu\\\/wp-content\\\/uploads\\\/2023\\\/10\\\/logo.svg\",\"width\":290,\"height\":87,\"caption\":\"Pallet Control Tower\"},\"image\":{\"@id\":\"https:\\\/\\\/www.palletcontroltower.eu\\\/#\\\/schema\\\/logo\\\/image\\\/\"}}]}<\/script>\n<!-- \/ Yoast SEO plugin. -->","yoast_head_json":{"title":"Vem \u00e4r PCT? - Pallet Control Tower","robots":{"index":"index","follow":"follow","max-snippet":"max-snippet:-1","max-image-preview":"max-image-preview:large","max-video-preview":"max-video-preview:-1"},"canonical":"https:\/\/www.palletcontroltower.eu\/sv\/om-oss\/vem-ar-pct\/","og_locale":"sv_SE","og_type":"article","og_title":"Wie is PCT? - Pallet Control Tower","og_description":"Wat wij doen PCT heeft de afgelopen decennia de pooling van pallets en andere Returnable Transport Items (RTI) zien opkomen en veranderen. We hebben tal van problemen en fouten zien ontstaan. En we weten dat ze niet, of maar deels, worden opgelost. Met frustratie en onoverzichtelijke (verborgen) kosten tot gevolg.&nbsp;&nbsp; Met onze nieuwe standaard zijn [&hellip;]","og_url":"https:\/\/www.palletcontroltower.eu\/sv\/om-oss\/vem-ar-pct\/","og_site_name":"Pallet Control Tower","article_modified_time":"2026-02-12T13:02:54+00:00","og_image":[{"width":1800,"height":380,"url":"https:\/\/www.palletcontroltower.eu\/wp-content\/uploads\/2023\/12\/headerbeeld_0011_PalletControlTower_EPAL_forklift_handling_europallets.jpg","type":"image\/jpeg"}],"twitter_card":"summary_large_image","twitter_misc":{"Ber\u00e4knad l\u00e4stid":"3 minuter"},"schema":{"@context":"https:\/\/schema.org","@graph":[{"@type":"WebPage","@id":"https:\/\/www.palletcontroltower.eu\/over-ons\/wie-is-pct\/","url":"https:\/\/www.palletcontroltower.eu\/over-ons\/wie-is-pct\/","name":"Vem \u00e4r PCT? - Pallet Control Tower","isPartOf":{"@id":"https:\/\/www.palletcontroltower.eu\/#website"},"primaryImageOfPage":{"@id":"https:\/\/www.palletcontroltower.eu\/over-ons\/wie-is-pct\/#primaryimage"},"image":{"@id":"https:\/\/www.palletcontroltower.eu\/over-ons\/wie-is-pct\/#primaryimage"},"thumbnailUrl":"http:\/\/www.palletcontroltower.eu\/wp-content\/uploads\/2023\/12\/headerbeeld_0011_PalletControlTower_EPAL_forklift_handling_europallets.jpg","datePublished":"2023-11-22T08:05:50+00:00","dateModified":"2026-02-12T13:02:54+00:00","breadcrumb":{"@id":"https:\/\/www.palletcontroltower.eu\/over-ons\/wie-is-pct\/#breadcrumb"},"inLanguage":"sv-SE","potentialAction":[{"@type":"ReadAction","target":["https:\/\/www.palletcontroltower.eu\/over-ons\/wie-is-pct\/"]}]},{"@type":"ImageObject","inLanguage":"sv-SE","@id":"https:\/\/www.palletcontroltower.eu\/over-ons\/wie-is-pct\/#primaryimage","url":"http:\/\/www.palletcontroltower.eu\/wp-content\/uploads\/2023\/12\/headerbeeld_0011_PalletControlTower_EPAL_forklift_handling_europallets.jpg","contentUrl":"http:\/\/www.palletcontroltower.eu\/wp-content\/uploads\/2023\/12\/headerbeeld_0011_PalletControlTower_EPAL_forklift_handling_europallets.jpg"},{"@type":"BreadcrumbList","@id":"https:\/\/www.palletcontroltower.eu\/over-ons\/wie-is-pct\/#breadcrumb","itemListElement":[{"@type":"ListItem","position":1,"name":"Home","item":"https:\/\/www.palletcontroltower.eu\/"},{"@type":"ListItem","position":2,"name":"Over ons","item":"https:\/\/www.palletcontroltower.eu\/over-ons\/"},{"@type":"ListItem","position":3,"name":"Wie is PCT?"}]},{"@type":"WebSite","@id":"https:\/\/www.palletcontroltower.eu\/#website","url":"https:\/\/www.palletcontroltower.eu\/","name":"Torn f\u00f6r pallkontroll","description":"","publisher":{"@id":"https:\/\/www.palletcontroltower.eu\/#organization"},"potentialAction":[{"@type":"SearchAction","target":{"@type":"EntryPoint","urlTemplate":"https:\/\/www.palletcontroltower.eu\/?s={search_term_string}"},"query-input":{"@type":"PropertyValueSpecification","valueRequired":true,"valueName":"search_term_string"}}],"inLanguage":"sv-SE"},{"@type":"Organization","@id":"https:\/\/www.palletcontroltower.eu\/#organization","name":"Torn f\u00f6r pallkontroll","url":"https:\/\/www.palletcontroltower.eu\/","logo":{"@type":"ImageObject","inLanguage":"sv-SE","@id":"https:\/\/www.palletcontroltower.eu\/#\/schema\/logo\/image\/","url":"https:\/\/www.palletcontroltower.eu\/wp-content\/uploads\/2023\/10\/logo.svg","contentUrl":"https:\/\/www.palletcontroltower.eu\/wp-content\/uploads\/2023\/10\/logo.svg","width":290,"height":87,"caption":"Pallet Control Tower"},"image":{"@id":"https:\/\/www.palletcontroltower.eu\/#\/schema\/logo\/image\/"}}]}},"_links":{"self":[{"href":"https:\/\/www.palletcontroltower.eu\/sv\/wp-json\/wp\/v2\/pages\/66","targetHints":{"allow":["GET"]}}],"collection":[{"href":"https:\/\/www.palletcontroltower.eu\/sv\/wp-json\/wp\/v2\/pages"}],"about":[{"href":"https:\/\/www.palletcontroltower.eu\/sv\/wp-json\/wp\/v2\/types\/page"}],"author":[{"embeddable":true,"href":"https:\/\/www.palletcontroltower.eu\/sv\/wp-json\/wp\/v2\/users\/1"}],"replies":[{"embeddable":true,"href":"https:\/\/www.palletcontroltower.eu\/sv\/wp-json\/wp\/v2\/comments?post=66"}],"version-history":[{"count":25,"href":"https:\/\/www.palletcontroltower.eu\/sv\/wp-json\/wp\/v2\/pages\/66\/revisions"}],"predecessor-version":[{"id":1245,"href":"https:\/\/www.palletcontroltower.eu\/sv\/wp-json\/wp\/v2\/pages\/66\/revisions\/1245"}],"up":[{"embeddable":true,"href":"https:\/\/www.palletcontroltower.eu\/sv\/wp-json\/wp\/v2\/pages\/64"}],"wp:attachment":[{"href":"https:\/\/www.palletcontroltower.eu\/sv\/wp-json\/wp\/v2\/media?parent=66"}],"curies":[{"name":"wp","href":"https:\/\/api.w.org\/{rel}","templated":true}]}}