{"id":68,"date":"2023-11-22T08:05:58","date_gmt":"2023-11-22T08:05:58","guid":{"rendered":"http:\/\/www.palletcontroltower.eu\/?page_id=68"},"modified":"2026-01-30T09:52:36","modified_gmt":"2026-01-30T09:52:36","slug":"uppdrag-och-vision","status":"publish","type":"page","link":"https:\/\/www.palletcontroltower.eu\/sv\/over-ons\/missie-en-visie\/","title":{"rendered":"Uppdrag och vision"},"content":{"rendered":"<div class=\"wp-block-columns is-layout-flex wp-container-core-columns-is-layout-28f84493 wp-block-columns-is-layout-flex\">\n<div class=\"wp-block-column is-layout-flow wp-block-column-is-layout-flow\">\n<h2 class=\"wp-block-heading\">Vision: vi tar ansvar<\/h2>\n\n\n\n<p>Automatisering, kostnader men framf\u00f6r allt h\u00e5llbarhet har tagit fart p\u00e5 alla omr\u00e5den under de senaste \u00e5ren. Pallar och andra returtransportartiklar (RTI) m\u00e5ste ocks\u00e5 h\u00e4nga med i sv\u00e4ngarna f\u00f6r att inte tappa kontakten. \u00c5teranv\u00e4ndning, \u00e5tervinning och reparation \u00e4r nyckelorden. <\/p>\n\n\n\n<p>Genom att anv\u00e4nda PCT Online kan f\u00f6retag g\u00f6ra skillnad f\u00f6r dagens samh\u00e4lle p\u00e5 flera omr\u00e5den. T\u00e4nk p\u00e5 h\u00e5llbart f\u00f6retagande, CO2-reduktion, kostnadsmedvetenhet, effektivitetsoptimering och att bryta ny mark inom logistik.<\/p>\n\n\n\n<h2 class=\"wp-block-heading\">Uppdrag: the Easy Way&nbsp;<\/h2>\n\n\n\n<p>Vi hj\u00e4lper f\u00f6retag att ta steget fr\u00e5n eng\u00e5ngsbetalning till flerg\u00e5ngsbetalning p\u00e5 ett enkelt s\u00e4tt. Vi erbjuder alla steg som kr\u00e4vs f\u00f6r detta p\u00e5 ett tydligt s\u00e4tt inom PCT Online-plattformen. Ett viktigt f\u00f6rsta steg \u00e4r att l\u00e4mna in icke-standardiserade pallar och andra RTI:er och ers\u00e4tta dem med flerg\u00e5ngsvarianten, inklusive EUR europall. Ett andra viktigt steg \u00e4r \u2018loggning\u2019: att veta vilka pallar som finns var och till vilka prisavtal.\u00a0\u00a0<\/p>\n\n\n\n<p>\u00d6verg\u00e5ngen fr\u00e5n eng\u00e5ngsbruk till flerg\u00e5ngsbruk kommer att skapa ekonomiska f\u00f6rdelar f\u00f6r hela logistikkedjan - f\u00f6rutom h\u00e5llbarhet - p\u00e5 kort sikt, men definitivt p\u00e5 l\u00e4ngre sikt.&nbsp;<\/p>\n\n\n\n<p><strong>\u00c4r du redo f\u00f6r framtiden inom pallpooler?<\/strong>&nbsp;<\/p>\n\n\n\n<div class=\"wp-block-buttons is-layout-flex wp-block-buttons-is-layout-flex\">\n<div class=\"wp-block-button\"><a class=\"wp-block-button__link has-white-color has-green-background-color has-text-color has-background has-link-color wp-element-button\" href=\"https:\/\/portal.pct-online.eu\/register\" target=\"_blank\" rel=\"noreferrer noopener\">Aktivera ditt konto<\/a><\/div>\n<\/div>\n<\/div>\n<\/div>\n\n\n\n<hr class=\"wp-block-separator has-alpha-channel-opacity\"\/>\n\n\n\n<figure class=\"wp-block-image size-large\"><img fetchpriority=\"high\" decoding=\"async\" width=\"1024\" height=\"216\" src=\"http:\/\/www.palletcontroltower.eu\/wp-content\/uploads\/2023\/12\/headerbeeld_0007_PalletControlTower_Large_distribution_center-1024x216.jpg\" alt=\"\" class=\"wp-image-642\" srcset=\"https:\/\/www.palletcontroltower.eu\/wp-content\/uploads\/2023\/12\/headerbeeld_0007_PalletControlTower_Large_distribution_center-1024x216.jpg 1024w, https:\/\/www.palletcontroltower.eu\/wp-content\/uploads\/2023\/12\/headerbeeld_0007_PalletControlTower_Large_distribution_center-300x63.jpg 300w, https:\/\/www.palletcontroltower.eu\/wp-content\/uploads\/2023\/12\/headerbeeld_0007_PalletControlTower_Large_distribution_center-768x162.jpg 768w, https:\/\/www.palletcontroltower.eu\/wp-content\/uploads\/2023\/12\/headerbeeld_0007_PalletControlTower_Large_distribution_center-1536x324.jpg 1536w, https:\/\/www.palletcontroltower.eu\/wp-content\/uploads\/2023\/12\/headerbeeld_0007_PalletControlTower_Large_distribution_center-18x4.jpg 18w, https:\/\/www.palletcontroltower.eu\/wp-content\/uploads\/2023\/12\/headerbeeld_0007_PalletControlTower_Large_distribution_center.jpg 1800w\" sizes=\"(max-width: 1024px) 100vw, 1024px\" \/><\/figure>\n\n\n\n<hr class=\"wp-block-separator has-alpha-channel-opacity\"\/>\n\n\n\n<blockquote class=\"wp-block-quote is-layout-flow wp-block-quote-is-layout-flow\">\n<p class=\"has-text-align-center\">Undvik pallstress! Pallet Control Tower \u00e4r den europeiska standarden och plattformen f\u00f6r insamling och leverans genom matchning f\u00f6r Europallar och andra returtransportartiklar. Vi underl\u00e4ttar \u00f6ppen pooling fr\u00e5n A till \u00d6. Och g\u00f6r pall-logistiken hanterbar igen.<\/p>\n<\/blockquote>\n\n\n\n<hr class=\"wp-block-separator has-alpha-channel-opacity\"\/>\n\n\n\n<div class=\"wp-block-columns is-layout-flex wp-container-core-columns-is-layout-28f84493 wp-block-columns-is-layout-flex\"><\/div>","protected":false},"excerpt":{"rendered":"<p>Visie: we nemen onze verantwoordelijkheid Automatisering, kosten maar vooral duurzaamheid hebben de laatste jaren op alle vlakken een vlucht genomen. Ook de wereld van pallets en andere Returnable Transport Items (RTI\u2019s) moet hierin mee om niet de aansluiting te verliezen. Re-use, recycle en repair zijn de kernwoorden. Door gebruik te maken van PCT Online zijn [&hellip;]<\/p>\n","protected":false},"author":1,"featured_media":0,"parent":64,"menu_order":0,"comment_status":"closed","ping_status":"closed","template":"","meta":{"footnotes":""},"class_list":["post-68","page","type-page","status-publish","hentry"],"yoast_head":"<!-- This site is optimized with the Yoast SEO plugin v27.3 - https:\/\/yoast.com\/product\/yoast-seo-wordpress\/ -->\n<title>Missie en visie - Pallet Control Tower<\/title>\n<meta name=\"description\" content=\"De missie en visie van Pallet Control Tower: een meer duurzame manier van pallet logistiek - op een zo eenvoudige wijze geoperationaliseerd\" \/>\n<meta name=\"robots\" content=\"index, follow, max-snippet:-1, max-image-preview:large, max-video-preview:-1\" \/>\n<link rel=\"canonical\" href=\"https:\/\/www.palletcontroltower.eu\/sv\/om-oss\/uppdrag-och-vision\/\" \/>\n<meta property=\"og:locale\" content=\"sv_SE\" \/>\n<meta property=\"og:type\" content=\"article\" \/>\n<meta property=\"og:title\" content=\"Missie en visie - Pallet Control Tower\" \/>\n<meta property=\"og:description\" content=\"De missie en visie van Pallet Control Tower: een meer duurzame manier van pallet logistiek - op een zo eenvoudige wijze geoperationaliseerd\" \/>\n<meta property=\"og:url\" content=\"https:\/\/www.palletcontroltower.eu\/sv\/om-oss\/uppdrag-och-vision\/\" \/>\n<meta property=\"og:site_name\" content=\"Pallet Control Tower\" \/>\n<meta property=\"article:modified_time\" content=\"2026-01-30T09:52:36+00:00\" \/>\n<meta property=\"og:image\" content=\"https:\/\/www.palletcontroltower.eu\/wp-content\/uploads\/2023\/12\/headerbeeld_0007_PalletControlTower_Large_distribution_center.jpg\" \/>\n\t<meta property=\"og:image:width\" content=\"1800\" \/>\n\t<meta property=\"og:image:height\" content=\"380\" \/>\n\t<meta property=\"og:image:type\" content=\"image\/jpeg\" \/>\n<meta name=\"twitter:card\" content=\"summary_large_image\" \/>\n<meta name=\"twitter:label1\" content=\"Ber\u00e4knad l\u00e4stid\" \/>\n\t<meta name=\"twitter:data1\" content=\"2 minuter\" \/>\n<script type=\"application\/ld+json\" class=\"yoast-schema-graph\">{\"@context\":\"https:\\\/\\\/schema.org\",\"@graph\":[{\"@type\":\"WebPage\",\"@id\":\"https:\\\/\\\/www.palletcontroltower.eu\\\/over-ons\\\/missie-en-visie\\\/\",\"url\":\"https:\\\/\\\/www.palletcontroltower.eu\\\/over-ons\\\/missie-en-visie\\\/\",\"name\":\"Missie en visie - Pallet Control Tower\",\"isPartOf\":{\"@id\":\"https:\\\/\\\/www.palletcontroltower.eu\\\/#website\"},\"primaryImageOfPage\":{\"@id\":\"https:\\\/\\\/www.palletcontroltower.eu\\\/over-ons\\\/missie-en-visie\\\/#primaryimage\"},\"image\":{\"@id\":\"https:\\\/\\\/www.palletcontroltower.eu\\\/over-ons\\\/missie-en-visie\\\/#primaryimage\"},\"thumbnailUrl\":\"http:\\\/\\\/www.palletcontroltower.eu\\\/wp-content\\\/uploads\\\/2023\\\/12\\\/headerbeeld_0007_PalletControlTower_Large_distribution_center-1024x216.jpg\",\"datePublished\":\"2023-11-22T08:05:58+00:00\",\"dateModified\":\"2026-01-30T09:52:36+00:00\",\"description\":\"De missie en visie van Pallet Control Tower: een meer duurzame manier van pallet logistiek - op een zo eenvoudige wijze geoperationaliseerd\",\"breadcrumb\":{\"@id\":\"https:\\\/\\\/www.palletcontroltower.eu\\\/over-ons\\\/missie-en-visie\\\/#breadcrumb\"},\"inLanguage\":\"sv-SE\",\"potentialAction\":[{\"@type\":\"ReadAction\",\"target\":[\"https:\\\/\\\/www.palletcontroltower.eu\\\/over-ons\\\/missie-en-visie\\\/\"]}]},{\"@type\":\"ImageObject\",\"inLanguage\":\"sv-SE\",\"@id\":\"https:\\\/\\\/www.palletcontroltower.eu\\\/over-ons\\\/missie-en-visie\\\/#primaryimage\",\"url\":\"http:\\\/\\\/www.palletcontroltower.eu\\\/wp-content\\\/uploads\\\/2023\\\/12\\\/headerbeeld_0007_PalletControlTower_Large_distribution_center-1024x216.jpg\",\"contentUrl\":\"http:\\\/\\\/www.palletcontroltower.eu\\\/wp-content\\\/uploads\\\/2023\\\/12\\\/headerbeeld_0007_PalletControlTower_Large_distribution_center-1024x216.jpg\"},{\"@type\":\"BreadcrumbList\",\"@id\":\"https:\\\/\\\/www.palletcontroltower.eu\\\/over-ons\\\/missie-en-visie\\\/#breadcrumb\",\"itemListElement\":[{\"@type\":\"ListItem\",\"position\":1,\"name\":\"Home\",\"item\":\"https:\\\/\\\/www.palletcontroltower.eu\\\/\"},{\"@type\":\"ListItem\",\"position\":2,\"name\":\"Over ons\",\"item\":\"https:\\\/\\\/www.palletcontroltower.eu\\\/over-ons\\\/\"},{\"@type\":\"ListItem\",\"position\":3,\"name\":\"Missie en visie\"}]},{\"@type\":\"WebSite\",\"@id\":\"https:\\\/\\\/www.palletcontroltower.eu\\\/#website\",\"url\":\"https:\\\/\\\/www.palletcontroltower.eu\\\/\",\"name\":\"Pallet Control Tower\",\"description\":\"\",\"publisher\":{\"@id\":\"https:\\\/\\\/www.palletcontroltower.eu\\\/#organization\"},\"potentialAction\":[{\"@type\":\"SearchAction\",\"target\":{\"@type\":\"EntryPoint\",\"urlTemplate\":\"https:\\\/\\\/www.palletcontroltower.eu\\\/?s={search_term_string}\"},\"query-input\":{\"@type\":\"PropertyValueSpecification\",\"valueRequired\":true,\"valueName\":\"search_term_string\"}}],\"inLanguage\":\"sv-SE\"},{\"@type\":\"Organization\",\"@id\":\"https:\\\/\\\/www.palletcontroltower.eu\\\/#organization\",\"name\":\"Pallet Control Tower\",\"url\":\"https:\\\/\\\/www.palletcontroltower.eu\\\/\",\"logo\":{\"@type\":\"ImageObject\",\"inLanguage\":\"sv-SE\",\"@id\":\"https:\\\/\\\/www.palletcontroltower.eu\\\/#\\\/schema\\\/logo\\\/image\\\/\",\"url\":\"https:\\\/\\\/www.palletcontroltower.eu\\\/wp-content\\\/uploads\\\/2023\\\/10\\\/logo.svg\",\"contentUrl\":\"https:\\\/\\\/www.palletcontroltower.eu\\\/wp-content\\\/uploads\\\/2023\\\/10\\\/logo.svg\",\"width\":290,\"height\":87,\"caption\":\"Pallet Control Tower\"},\"image\":{\"@id\":\"https:\\\/\\\/www.palletcontroltower.eu\\\/#\\\/schema\\\/logo\\\/image\\\/\"}}]}<\/script>\n<!-- \/ Yoast SEO plugin. -->","yoast_head_json":{"title":"Uppdrag och vision - Pallet Control Tower","description":"Pallet Control Towers uppdrag och vision: en mer h\u00e5llbar pall-logistik - som fungerar p\u00e5 enklast m\u00f6jliga s\u00e4tt","robots":{"index":"index","follow":"follow","max-snippet":"max-snippet:-1","max-image-preview":"max-image-preview:large","max-video-preview":"max-video-preview:-1"},"canonical":"https:\/\/www.palletcontroltower.eu\/sv\/om-oss\/uppdrag-och-vision\/","og_locale":"sv_SE","og_type":"article","og_title":"Missie en visie - Pallet Control Tower","og_description":"De missie en visie van Pallet Control Tower: een meer duurzame manier van pallet logistiek - op een zo eenvoudige wijze geoperationaliseerd","og_url":"https:\/\/www.palletcontroltower.eu\/sv\/om-oss\/uppdrag-och-vision\/","og_site_name":"Pallet Control Tower","article_modified_time":"2026-01-30T09:52:36+00:00","og_image":[{"width":1800,"height":380,"url":"https:\/\/www.palletcontroltower.eu\/wp-content\/uploads\/2023\/12\/headerbeeld_0007_PalletControlTower_Large_distribution_center.jpg","type":"image\/jpeg"}],"twitter_card":"summary_large_image","twitter_misc":{"Ber\u00e4knad l\u00e4stid":"2 minuter"},"schema":{"@context":"https:\/\/schema.org","@graph":[{"@type":"WebPage","@id":"https:\/\/www.palletcontroltower.eu\/over-ons\/missie-en-visie\/","url":"https:\/\/www.palletcontroltower.eu\/over-ons\/missie-en-visie\/","name":"Uppdrag och vision - Pallet Control Tower","isPartOf":{"@id":"https:\/\/www.palletcontroltower.eu\/#website"},"primaryImageOfPage":{"@id":"https:\/\/www.palletcontroltower.eu\/over-ons\/missie-en-visie\/#primaryimage"},"image":{"@id":"https:\/\/www.palletcontroltower.eu\/over-ons\/missie-en-visie\/#primaryimage"},"thumbnailUrl":"http:\/\/www.palletcontroltower.eu\/wp-content\/uploads\/2023\/12\/headerbeeld_0007_PalletControlTower_Large_distribution_center-1024x216.jpg","datePublished":"2023-11-22T08:05:58+00:00","dateModified":"2026-01-30T09:52:36+00:00","description":"Pallet Control Towers uppdrag och vision: en mer h\u00e5llbar pall-logistik - som fungerar p\u00e5 enklast m\u00f6jliga s\u00e4tt","breadcrumb":{"@id":"https:\/\/www.palletcontroltower.eu\/over-ons\/missie-en-visie\/#breadcrumb"},"inLanguage":"sv-SE","potentialAction":[{"@type":"ReadAction","target":["https:\/\/www.palletcontroltower.eu\/over-ons\/missie-en-visie\/"]}]},{"@type":"ImageObject","inLanguage":"sv-SE","@id":"https:\/\/www.palletcontroltower.eu\/over-ons\/missie-en-visie\/#primaryimage","url":"http:\/\/www.palletcontroltower.eu\/wp-content\/uploads\/2023\/12\/headerbeeld_0007_PalletControlTower_Large_distribution_center-1024x216.jpg","contentUrl":"http:\/\/www.palletcontroltower.eu\/wp-content\/uploads\/2023\/12\/headerbeeld_0007_PalletControlTower_Large_distribution_center-1024x216.jpg"},{"@type":"BreadcrumbList","@id":"https:\/\/www.palletcontroltower.eu\/over-ons\/missie-en-visie\/#breadcrumb","itemListElement":[{"@type":"ListItem","position":1,"name":"Home","item":"https:\/\/www.palletcontroltower.eu\/"},{"@type":"ListItem","position":2,"name":"Over ons","item":"https:\/\/www.palletcontroltower.eu\/over-ons\/"},{"@type":"ListItem","position":3,"name":"Missie en visie"}]},{"@type":"WebSite","@id":"https:\/\/www.palletcontroltower.eu\/#website","url":"https:\/\/www.palletcontroltower.eu\/","name":"Torn f\u00f6r pallkontroll","description":"","publisher":{"@id":"https:\/\/www.palletcontroltower.eu\/#organization"},"potentialAction":[{"@type":"SearchAction","target":{"@type":"EntryPoint","urlTemplate":"https:\/\/www.palletcontroltower.eu\/?s={search_term_string}"},"query-input":{"@type":"PropertyValueSpecification","valueRequired":true,"valueName":"search_term_string"}}],"inLanguage":"sv-SE"},{"@type":"Organization","@id":"https:\/\/www.palletcontroltower.eu\/#organization","name":"Torn f\u00f6r pallkontroll","url":"https:\/\/www.palletcontroltower.eu\/","logo":{"@type":"ImageObject","inLanguage":"sv-SE","@id":"https:\/\/www.palletcontroltower.eu\/#\/schema\/logo\/image\/","url":"https:\/\/www.palletcontroltower.eu\/wp-content\/uploads\/2023\/10\/logo.svg","contentUrl":"https:\/\/www.palletcontroltower.eu\/wp-content\/uploads\/2023\/10\/logo.svg","width":290,"height":87,"caption":"Pallet Control Tower"},"image":{"@id":"https:\/\/www.palletcontroltower.eu\/#\/schema\/logo\/image\/"}}]}},"_links":{"self":[{"href":"https:\/\/www.palletcontroltower.eu\/sv\/wp-json\/wp\/v2\/pages\/68","targetHints":{"allow":["GET"]}}],"collection":[{"href":"https:\/\/www.palletcontroltower.eu\/sv\/wp-json\/wp\/v2\/pages"}],"about":[{"href":"https:\/\/www.palletcontroltower.eu\/sv\/wp-json\/wp\/v2\/types\/page"}],"author":[{"embeddable":true,"href":"https:\/\/www.palletcontroltower.eu\/sv\/wp-json\/wp\/v2\/users\/1"}],"replies":[{"embeddable":true,"href":"https:\/\/www.palletcontroltower.eu\/sv\/wp-json\/wp\/v2\/comments?post=68"}],"version-history":[{"count":20,"href":"https:\/\/www.palletcontroltower.eu\/sv\/wp-json\/wp\/v2\/pages\/68\/revisions"}],"predecessor-version":[{"id":1235,"href":"https:\/\/www.palletcontroltower.eu\/sv\/wp-json\/wp\/v2\/pages\/68\/revisions\/1235"}],"up":[{"embeddable":true,"href":"https:\/\/www.palletcontroltower.eu\/sv\/wp-json\/wp\/v2\/pages\/64"}],"wp:attachment":[{"href":"https:\/\/www.palletcontroltower.eu\/sv\/wp-json\/wp\/v2\/media?parent=68"}],"curies":[{"name":"wp","href":"https:\/\/api.w.org\/{rel}","templated":true}]}}