{"id":755,"date":"2023-12-27T14:57:05","date_gmt":"2023-12-27T14:57:05","guid":{"rendered":"http:\/\/www.palletcontroltower.eu\/over-ons\/wie-is-pct-copy\/"},"modified":"2026-01-30T09:53:28","modified_gmt":"2026-01-30T09:53:28","slug":"smartare-pallhantering","status":"publish","type":"page","link":"https:\/\/www.palletcontroltower.eu\/sv\/over-ons\/slimmer-palletmanagement\/","title":{"rendered":"Smartare hantering av pallar"},"content":{"rendered":"<div class=\"wp-block-columns is-layout-flex wp-container-core-columns-is-layout-28f84493 wp-block-columns-is-layout-flex\">\n<div class=\"wp-block-column is-layout-flow wp-block-column-is-layout-flow\">\n<h2 class=\"wp-block-heading\">Enkelt som 1-2-3<\/h2>\n\n\n\n<p>Sluta sl\u00f6sa bort din tid. Vi k\u00e4nner till problemen i den \u00f6ppna poolen eftersom vi alla upplever dem. PCT Online l\u00f6ser dem \u00e5t dig!&nbsp;<\/p>\n\n\n\n<p>Pallet Control Tower (PCT) \u00e4r den europeiska standarden och plattformen f\u00f6r \u00f6ppen pooling av EUR Europallets och andra RTI:er. PCTO-plattformen utvecklades f\u00f6r att s\u00e4kerst\u00e4lla s\u00e4kra, kostnadseffektiva och h\u00f6gkvalitativa pallutbyten f\u00f6r alla logistikparter som \u00e4r involverade i pallpooler. PCT Online hj\u00e4lper dig att bli mer h\u00e5llbar, f\u00f6regriper Bryssels nya PPWD och bidrar till FN:s m\u00e5l f\u00f6r h\u00e5llbar utveckling (SDG).<\/p>\n\n\n\n<div class=\"wp-block-buttons is-layout-flex wp-block-buttons-is-layout-flex\">\n<div class=\"wp-block-button\"><a class=\"wp-block-button__link has-white-color has-green-background-color has-text-color has-background has-link-color wp-element-button\" href=\"http:\/\/www.palletcontroltower.eu\/sv\/hur-det-fungerar\/vad-vi-gor\/\" target=\"_blank\" rel=\"noreferrer noopener\">Se hur det fungerar h\u00e4r<\/a><\/div>\n<\/div>\n<\/div>\n<\/div>\n\n\n\n<hr class=\"wp-block-separator has-alpha-channel-opacity\"\/>\n\n\n\n<div class=\"wp-block-columns are-vertically-aligned-center is-layout-flex wp-container-core-columns-is-layout-28f84493 wp-block-columns-is-layout-flex\">\n<div class=\"wp-block-column is-vertically-aligned-center is-layout-flow wp-block-column-is-layout-flow\">\n<figure class=\"wp-block-image size-full\"><img fetchpriority=\"high\" decoding=\"async\" width=\"1800\" height=\"380\" src=\"http:\/\/www.palletcontroltower.eu\/wp-content\/uploads\/2023\/12\/headerbeeld_0003_PalletControlTower_Transport_delivery_warehouse.jpg\" alt=\"\" class=\"wp-image-638\" style=\"aspect-ratio:1;object-fit:cover\" srcset=\"https:\/\/www.palletcontroltower.eu\/wp-content\/uploads\/2023\/12\/headerbeeld_0003_PalletControlTower_Transport_delivery_warehouse.jpg 1800w, https:\/\/www.palletcontroltower.eu\/wp-content\/uploads\/2023\/12\/headerbeeld_0003_PalletControlTower_Transport_delivery_warehouse-300x63.jpg 300w, https:\/\/www.palletcontroltower.eu\/wp-content\/uploads\/2023\/12\/headerbeeld_0003_PalletControlTower_Transport_delivery_warehouse-1024x216.jpg 1024w, https:\/\/www.palletcontroltower.eu\/wp-content\/uploads\/2023\/12\/headerbeeld_0003_PalletControlTower_Transport_delivery_warehouse-768x162.jpg 768w, https:\/\/www.palletcontroltower.eu\/wp-content\/uploads\/2023\/12\/headerbeeld_0003_PalletControlTower_Transport_delivery_warehouse-1536x324.jpg 1536w, https:\/\/www.palletcontroltower.eu\/wp-content\/uploads\/2023\/12\/headerbeeld_0003_PalletControlTower_Transport_delivery_warehouse-18x4.jpg 18w\" sizes=\"(max-width: 1800px) 100vw, 1800px\" \/><\/figure>\n<\/div>\n\n\n\n<div class=\"wp-block-column is-vertically-aligned-center is-layout-flow wp-block-column-is-layout-flow\">\n<h2 class=\"wp-block-heading\">Verksam inom olika branscher<\/h2>\n\n\n\n<p>PCT finns i alla typer av f\u00f6retag och \u00e4r d\u00e4rf\u00f6r hemma p\u00e5 alla marknader. Om du \u00e4ger europapallarna eller andra RTI:er eller inte \u00e4r irrelevant h\u00e4r. Du vill ha en l\u00f6sning, transparens i kedjan och en mer h\u00e5llbar anv\u00e4ndning av alla lastb\u00e4rare som anv\u00e4nds.&nbsp;<\/p>\n\n\n\n<ul class=\"wp-block-list\">\n<li>F\u00f6retag inom industri, tillverkning eller handel som anv\u00e4nder europapallar och RTI i stor skala f\u00f6r att transportera produkter.&nbsp;<\/li>\n\n\n\n<li>Alla europeiska transport- och logistikf\u00f6retag, inklusive distributionscentraler.&nbsp;&nbsp;<\/li>\n\n\n\n<li>Pallhandlare, palltillverkare och palldep\u00e5er f\u00f6r europapallar. <\/li>\n<\/ul>\n\n\n\n<div style=\"height:30px\" aria-hidden=\"true\" class=\"wp-block-spacer\"><\/div>\n\n\n\n<h3 class=\"wp-block-heading\">Konto- och kvalitetsansvariga<\/h3>\n\n\n\n<p>V\u00e5ra egna kund- och kvalitetsansvariga, som arbetar i de olika europeiska regionerna, kontrollerar pallarna p\u00e5 plats hos dep\u00e5er och leverant\u00f6rer, men l\u00f6ser \u00e4ven tvister.<\/p>\n<\/div>\n<\/div>\n\n\n\n<hr class=\"wp-block-separator has-alpha-channel-opacity\"\/>\n\n\n\n<div class=\"wp-block-columns is-layout-flex wp-container-core-columns-is-layout-28f84493 wp-block-columns-is-layout-flex\">\n<div class=\"wp-block-column is-vertically-aligned-center is-layout-flow wp-block-column-is-layout-flow\">\n<h3 class=\"wp-block-heading\">Indelad i 7 verksamhetsomr\u00e5den<\/h3>\n\n\n\n<ol start=\"1\" class=\"wp-block-list\">\n<li>Nederl\u00e4nderna, Belgien, Luxemburg, Tyskland, \u00d6sterrike, Schweiz, Danmark&nbsp;<\/li>\n<\/ol>\n\n\n\n<ol start=\"2\" class=\"wp-block-list\">\n<li>Storbritannien&nbsp;<\/li>\n<\/ol>\n\n\n\n<ol start=\"3\" class=\"wp-block-list\">\n<li>Frankrike&nbsp;<\/li>\n<\/ol>\n\n\n\n<ol start=\"4\" class=\"wp-block-list\">\n<li>Spanien och Portugal&nbsp;<\/li>\n<\/ol>\n\n\n\n<ol start=\"5\" class=\"wp-block-list\">\n<li>Italien&nbsp;<\/li>\n<\/ol>\n\n\n\n<ol start=\"6\" class=\"wp-block-list\">\n<li>Norge, Sverige, Finland&nbsp;<\/li>\n<\/ol>\n\n\n\n<ol start=\"7\" class=\"wp-block-list\">\n<li>Estland, Lettland, Litauen, Polen, Tjeckien, Slovakien, Ungern, Serbien och Montenegro, Rum\u00e4nien, Bulgarien, Grekland<\/li>\n<\/ol>\n\n\n\n<div style=\"height:30px\" aria-hidden=\"true\" class=\"wp-block-spacer\"><\/div>\n\n\n\n<div class=\"wp-block-buttons is-layout-flex wp-block-buttons-is-layout-flex\">\n<div class=\"wp-block-button\"><a class=\"wp-block-button__link has-white-color has-green-background-color has-text-color has-background has-link-color wp-element-button\" href=\"https:\/\/portal.pct-online.eu\/register\" target=\"_blank\" rel=\"noreferrer noopener\">Aktivera ditt konto<\/a><\/div>\n<\/div>\n<\/div>\n\n\n\n<div class=\"wp-block-column is-vertically-aligned-center is-layout-flow wp-block-column-is-layout-flow\">\n<figure class=\"wp-block-image size-full\"><img decoding=\"async\" width=\"800\" height=\"800\" src=\"http:\/\/www.palletcontroltower.eu\/wp-content\/uploads\/2024\/01\/pct-kaart.jpg\" alt=\"\" class=\"wp-image-1024\" srcset=\"https:\/\/www.palletcontroltower.eu\/wp-content\/uploads\/2024\/01\/pct-kaart.jpg 800w, https:\/\/www.palletcontroltower.eu\/wp-content\/uploads\/2024\/01\/pct-kaart-300x300.jpg 300w, https:\/\/www.palletcontroltower.eu\/wp-content\/uploads\/2024\/01\/pct-kaart-150x150.jpg 150w, https:\/\/www.palletcontroltower.eu\/wp-content\/uploads\/2024\/01\/pct-kaart-768x768.jpg 768w, https:\/\/www.palletcontroltower.eu\/wp-content\/uploads\/2024\/01\/pct-kaart-12x12.jpg 12w\" sizes=\"(max-width: 800px) 100vw, 800px\" \/><\/figure>\n<\/div>\n<\/div>\n\n\n\n<hr class=\"wp-block-separator has-alpha-channel-opacity\"\/>\n\n\n\n<blockquote class=\"wp-block-quote is-layout-flow wp-block-quote-is-layout-flow\">\n<p class=\"has-text-align-center\">Undvik pallstress! Pallet Control Tower \u00e4r den europeiska standarden och plattformen f\u00f6r insamling och leverans genom matchning f\u00f6r Europallar och andra returtransportartiklar. Vi underl\u00e4ttar \u00f6ppen pooling fr\u00e5n A till \u00d6. Och g\u00f6r pall-logistiken hanterbar igen.<\/p>\n<\/blockquote>\n\n\n\n<hr class=\"wp-block-separator has-alpha-channel-opacity\"\/>\n\n\n\n<figure class=\"wp-block-image size-full\"><img decoding=\"async\" width=\"1600\" height=\"1066\" src=\"http:\/\/www.palletcontroltower.eu\/wp-content\/uploads\/2023\/11\/palletcontroltower-2.jpg\" alt=\"\" class=\"wp-image-207\" style=\"aspect-ratio:16\/9;object-fit:cover\" srcset=\"https:\/\/www.palletcontroltower.eu\/wp-content\/uploads\/2023\/11\/palletcontroltower-2.jpg 1600w, https:\/\/www.palletcontroltower.eu\/wp-content\/uploads\/2023\/11\/palletcontroltower-2-300x200.jpg 300w, https:\/\/www.palletcontroltower.eu\/wp-content\/uploads\/2023\/11\/palletcontroltower-2-1024x682.jpg 1024w, https:\/\/www.palletcontroltower.eu\/wp-content\/uploads\/2023\/11\/palletcontroltower-2-768x512.jpg 768w, https:\/\/www.palletcontroltower.eu\/wp-content\/uploads\/2023\/11\/palletcontroltower-2-1536x1023.jpg 1536w\" sizes=\"(max-width: 1600px) 100vw, 1600px\" \/><\/figure>\n\n\n\n<hr class=\"wp-block-separator has-alpha-channel-opacity\"\/>\n\n\n\n<div class=\"wp-block-columns is-layout-flex wp-container-core-columns-is-layout-28f84493 wp-block-columns-is-layout-flex\">\n<div class=\"wp-block-column is-layout-flow wp-block-column-is-layout-flow\">\n<h3 class=\"wp-block-heading\">F\u00f6r vem och varf\u00f6r? <\/h3>\n\n\n\n<p>Med PCTO kommer alla f\u00f6retag, eller \u00e4nnu hellre ett n\u00e4tverk av f\u00f6retag - leveranskedjan - att ha m\u00f6jlighet att g\u00e5 fr\u00e5n eng\u00e5ngspallar och andra RTI till flerg\u00e5ngs europapallar och andra RTI. <\/p>\n\n\n\n<p>PCTO-plattformen \u00e4r till f\u00f6r alla industri-, tillverknings- eller handelsf\u00f6retag som anv\u00e4nder Europallar och RTI f\u00f6r att transportera produkter i stor skala. Men \u00e4ven f\u00f6r transport\u00f6rer och distributionscentraler samt pall\u00e5terf\u00f6rs\u00e4ljare\/lager\/tillverkare. <\/p>\n\n\n\n<div class=\"wp-block-buttons is-layout-flex wp-block-buttons-is-layout-flex\">\n<div class=\"wp-block-button\"><a class=\"wp-block-button__link has-white-color has-blue-background-color has-text-color has-background has-link-color wp-element-button\" href=\"https:\/\/portal.pct-online.eu\/register\" target=\"_blank\" rel=\"noreferrer noopener\">Aktivera ditt konto<\/a><\/div>\n<\/div>\n<\/div>\n\n\n\n<div class=\"wp-block-column is-layout-flow wp-block-column-is-layout-flow\">\n<h3 class=\"wp-block-heading\">Hur g\u00f6r vi det? <\/h3>\n\n\n\n<p>PCTO erbjuder ett enkelt s\u00e4tt att g\u00e5 fr\u00e5n eng\u00e5ngsbruk till flerg\u00e5ngsbruk. Med Collection &amp; Delivery - Matching - order och v\u00e5r e-Credit kan alla i logistikkedjan dra nytta av detta. <\/p>\n\n\n\n<p>Hanteringen av transaktioner blir enklare och transparensen inneb\u00e4r f\u00e4rre diskussioner med alla inblandade parter. \u00d6msesidiga saldon kan enkelt regleras med e-krediter. Om det uppst\u00e5r diskussioner kan v\u00e5ra regionala konto- och kvalitetschefer erbjuda en l\u00f6sning.<\/p>\n\n\n\n<div class=\"wp-block-buttons is-layout-flex wp-block-buttons-is-layout-flex\">\n<div class=\"wp-block-button\"><a class=\"wp-block-button__link has-white-color has-mint-background-color has-text-color has-background has-link-color wp-element-button\" href=\"https:\/\/portal.pct-online.eu\/register\" target=\"_blank\" rel=\"noreferrer noopener\">Aktivera ditt konto<\/a><\/div>\n<\/div>\n<\/div>\n<\/div>","protected":false},"excerpt":{"rendered":"<p>Easy as 1-2-3 Stop met het verspillen van uw tijd. We kennen de problemen in de open pool zoals we die allemaal ervaren. PCT Online lost ze voor u op!&nbsp; Pallet Control Tower (PCT) is de Europese standaard &amp; h\u00e9t platform in open pooling voor EUR Europallets en andere RTI&#8217;s. Het PCTO-platform is ontwikkeld om [&hellip;]<\/p>\n","protected":false},"author":3,"featured_media":0,"parent":64,"menu_order":0,"comment_status":"closed","ping_status":"closed","template":"","meta":{"footnotes":""},"class_list":["post-755","page","type-page","status-publish","hentry"],"yoast_head":"<!-- This site is optimized with the Yoast SEO plugin v27.3 - https:\/\/yoast.com\/product\/yoast-seo-wordpress\/ -->\n<title>Slimmer palletmanagement - Pallet Control Tower<\/title>\n<meta name=\"description\" content=\"De basis van PCT Online is slimmer palletmanagement voor iedere logistieke dienstverlener en\/of supply chain afdeling\" \/>\n<meta name=\"robots\" content=\"index, follow, max-snippet:-1, max-image-preview:large, max-video-preview:-1\" \/>\n<link rel=\"canonical\" href=\"https:\/\/www.palletcontroltower.eu\/sv\/om-oss\/smartare-pallhantering\/\" \/>\n<meta property=\"og:locale\" content=\"sv_SE\" \/>\n<meta property=\"og:type\" content=\"article\" \/>\n<meta property=\"og:title\" content=\"Slimmer palletmanagement - Pallet Control Tower\" \/>\n<meta property=\"og:description\" content=\"De basis van PCT Online is slimmer palletmanagement voor iedere logistieke dienstverlener en\/of supply chain afdeling\" \/>\n<meta property=\"og:url\" content=\"https:\/\/www.palletcontroltower.eu\/sv\/om-oss\/smartare-pallhantering\/\" \/>\n<meta property=\"og:site_name\" content=\"Pallet Control Tower\" \/>\n<meta property=\"article:modified_time\" content=\"2026-01-30T09:53:28+00:00\" \/>\n<meta property=\"og:image\" content=\"https:\/\/www.palletcontroltower.eu\/wp-content\/uploads\/2023\/12\/headerbeeld_0003_PalletControlTower_Transport_delivery_warehouse.jpg\" \/>\n\t<meta property=\"og:image:width\" content=\"1800\" \/>\n\t<meta property=\"og:image:height\" content=\"380\" \/>\n\t<meta property=\"og:image:type\" content=\"image\/jpeg\" \/>\n<meta name=\"twitter:card\" content=\"summary_large_image\" \/>\n<meta name=\"twitter:label1\" content=\"Ber\u00e4knad l\u00e4stid\" \/>\n\t<meta name=\"twitter:data1\" content=\"3 minuter\" \/>\n<script type=\"application\/ld+json\" class=\"yoast-schema-graph\">{\"@context\":\"https:\\\/\\\/schema.org\",\"@graph\":[{\"@type\":\"WebPage\",\"@id\":\"https:\\\/\\\/www.palletcontroltower.eu\\\/over-ons\\\/slimmer-palletmanagement\\\/\",\"url\":\"https:\\\/\\\/www.palletcontroltower.eu\\\/over-ons\\\/slimmer-palletmanagement\\\/\",\"name\":\"Slimmer palletmanagement - Pallet Control Tower\",\"isPartOf\":{\"@id\":\"https:\\\/\\\/www.palletcontroltower.eu\\\/#website\"},\"primaryImageOfPage\":{\"@id\":\"https:\\\/\\\/www.palletcontroltower.eu\\\/over-ons\\\/slimmer-palletmanagement\\\/#primaryimage\"},\"image\":{\"@id\":\"https:\\\/\\\/www.palletcontroltower.eu\\\/over-ons\\\/slimmer-palletmanagement\\\/#primaryimage\"},\"thumbnailUrl\":\"http:\\\/\\\/www.palletcontroltower.eu\\\/wp-content\\\/uploads\\\/2023\\\/12\\\/headerbeeld_0003_PalletControlTower_Transport_delivery_warehouse.jpg\",\"datePublished\":\"2023-12-27T14:57:05+00:00\",\"dateModified\":\"2026-01-30T09:53:28+00:00\",\"description\":\"De basis van PCT Online is slimmer palletmanagement voor iedere logistieke dienstverlener en\\\/of supply chain afdeling\",\"breadcrumb\":{\"@id\":\"https:\\\/\\\/www.palletcontroltower.eu\\\/over-ons\\\/slimmer-palletmanagement\\\/#breadcrumb\"},\"inLanguage\":\"sv-SE\",\"potentialAction\":[{\"@type\":\"ReadAction\",\"target\":[\"https:\\\/\\\/www.palletcontroltower.eu\\\/over-ons\\\/slimmer-palletmanagement\\\/\"]}]},{\"@type\":\"ImageObject\",\"inLanguage\":\"sv-SE\",\"@id\":\"https:\\\/\\\/www.palletcontroltower.eu\\\/over-ons\\\/slimmer-palletmanagement\\\/#primaryimage\",\"url\":\"http:\\\/\\\/www.palletcontroltower.eu\\\/wp-content\\\/uploads\\\/2023\\\/12\\\/headerbeeld_0003_PalletControlTower_Transport_delivery_warehouse.jpg\",\"contentUrl\":\"http:\\\/\\\/www.palletcontroltower.eu\\\/wp-content\\\/uploads\\\/2023\\\/12\\\/headerbeeld_0003_PalletControlTower_Transport_delivery_warehouse.jpg\"},{\"@type\":\"BreadcrumbList\",\"@id\":\"https:\\\/\\\/www.palletcontroltower.eu\\\/over-ons\\\/slimmer-palletmanagement\\\/#breadcrumb\",\"itemListElement\":[{\"@type\":\"ListItem\",\"position\":1,\"name\":\"Home\",\"item\":\"https:\\\/\\\/www.palletcontroltower.eu\\\/\"},{\"@type\":\"ListItem\",\"position\":2,\"name\":\"Over ons\",\"item\":\"https:\\\/\\\/www.palletcontroltower.eu\\\/over-ons\\\/\"},{\"@type\":\"ListItem\",\"position\":3,\"name\":\"Slimmer palletmanagement\"}]},{\"@type\":\"WebSite\",\"@id\":\"https:\\\/\\\/www.palletcontroltower.eu\\\/#website\",\"url\":\"https:\\\/\\\/www.palletcontroltower.eu\\\/\",\"name\":\"Pallet Control Tower\",\"description\":\"\",\"publisher\":{\"@id\":\"https:\\\/\\\/www.palletcontroltower.eu\\\/#organization\"},\"potentialAction\":[{\"@type\":\"SearchAction\",\"target\":{\"@type\":\"EntryPoint\",\"urlTemplate\":\"https:\\\/\\\/www.palletcontroltower.eu\\\/?s={search_term_string}\"},\"query-input\":{\"@type\":\"PropertyValueSpecification\",\"valueRequired\":true,\"valueName\":\"search_term_string\"}}],\"inLanguage\":\"sv-SE\"},{\"@type\":\"Organization\",\"@id\":\"https:\\\/\\\/www.palletcontroltower.eu\\\/#organization\",\"name\":\"Pallet Control Tower\",\"url\":\"https:\\\/\\\/www.palletcontroltower.eu\\\/\",\"logo\":{\"@type\":\"ImageObject\",\"inLanguage\":\"sv-SE\",\"@id\":\"https:\\\/\\\/www.palletcontroltower.eu\\\/#\\\/schema\\\/logo\\\/image\\\/\",\"url\":\"https:\\\/\\\/www.palletcontroltower.eu\\\/wp-content\\\/uploads\\\/2023\\\/10\\\/logo.svg\",\"contentUrl\":\"https:\\\/\\\/www.palletcontroltower.eu\\\/wp-content\\\/uploads\\\/2023\\\/10\\\/logo.svg\",\"width\":290,\"height\":87,\"caption\":\"Pallet Control Tower\"},\"image\":{\"@id\":\"https:\\\/\\\/www.palletcontroltower.eu\\\/#\\\/schema\\\/logo\\\/image\\\/\"}}]}<\/script>\n<!-- \/ Yoast SEO plugin. -->","yoast_head_json":{"title":"Smartare hantering av lastpallar - Pallet Control Tower","description":"Grunden f\u00f6r PCT Online \u00e4r smartare pallhantering f\u00f6r alla leverant\u00f6rer av logistiktj\u00e4nster och\/eller supply chain-avdelningar","robots":{"index":"index","follow":"follow","max-snippet":"max-snippet:-1","max-image-preview":"max-image-preview:large","max-video-preview":"max-video-preview:-1"},"canonical":"https:\/\/www.palletcontroltower.eu\/sv\/om-oss\/smartare-pallhantering\/","og_locale":"sv_SE","og_type":"article","og_title":"Slimmer palletmanagement - Pallet Control Tower","og_description":"De basis van PCT Online is slimmer palletmanagement voor iedere logistieke dienstverlener en\/of supply chain afdeling","og_url":"https:\/\/www.palletcontroltower.eu\/sv\/om-oss\/smartare-pallhantering\/","og_site_name":"Pallet Control Tower","article_modified_time":"2026-01-30T09:53:28+00:00","og_image":[{"width":1800,"height":380,"url":"https:\/\/www.palletcontroltower.eu\/wp-content\/uploads\/2023\/12\/headerbeeld_0003_PalletControlTower_Transport_delivery_warehouse.jpg","type":"image\/jpeg"}],"twitter_card":"summary_large_image","twitter_misc":{"Ber\u00e4knad l\u00e4stid":"3 minuter"},"schema":{"@context":"https:\/\/schema.org","@graph":[{"@type":"WebPage","@id":"https:\/\/www.palletcontroltower.eu\/over-ons\/slimmer-palletmanagement\/","url":"https:\/\/www.palletcontroltower.eu\/over-ons\/slimmer-palletmanagement\/","name":"Smartare hantering av lastpallar - Pallet Control Tower","isPartOf":{"@id":"https:\/\/www.palletcontroltower.eu\/#website"},"primaryImageOfPage":{"@id":"https:\/\/www.palletcontroltower.eu\/over-ons\/slimmer-palletmanagement\/#primaryimage"},"image":{"@id":"https:\/\/www.palletcontroltower.eu\/over-ons\/slimmer-palletmanagement\/#primaryimage"},"thumbnailUrl":"http:\/\/www.palletcontroltower.eu\/wp-content\/uploads\/2023\/12\/headerbeeld_0003_PalletControlTower_Transport_delivery_warehouse.jpg","datePublished":"2023-12-27T14:57:05+00:00","dateModified":"2026-01-30T09:53:28+00:00","description":"Grunden f\u00f6r PCT Online \u00e4r smartare pallhantering f\u00f6r alla leverant\u00f6rer av logistiktj\u00e4nster och\/eller supply chain-avdelningar","breadcrumb":{"@id":"https:\/\/www.palletcontroltower.eu\/over-ons\/slimmer-palletmanagement\/#breadcrumb"},"inLanguage":"sv-SE","potentialAction":[{"@type":"ReadAction","target":["https:\/\/www.palletcontroltower.eu\/over-ons\/slimmer-palletmanagement\/"]}]},{"@type":"ImageObject","inLanguage":"sv-SE","@id":"https:\/\/www.palletcontroltower.eu\/over-ons\/slimmer-palletmanagement\/#primaryimage","url":"http:\/\/www.palletcontroltower.eu\/wp-content\/uploads\/2023\/12\/headerbeeld_0003_PalletControlTower_Transport_delivery_warehouse.jpg","contentUrl":"http:\/\/www.palletcontroltower.eu\/wp-content\/uploads\/2023\/12\/headerbeeld_0003_PalletControlTower_Transport_delivery_warehouse.jpg"},{"@type":"BreadcrumbList","@id":"https:\/\/www.palletcontroltower.eu\/over-ons\/slimmer-palletmanagement\/#breadcrumb","itemListElement":[{"@type":"ListItem","position":1,"name":"Home","item":"https:\/\/www.palletcontroltower.eu\/"},{"@type":"ListItem","position":2,"name":"Over ons","item":"https:\/\/www.palletcontroltower.eu\/over-ons\/"},{"@type":"ListItem","position":3,"name":"Slimmer palletmanagement"}]},{"@type":"WebSite","@id":"https:\/\/www.palletcontroltower.eu\/#website","url":"https:\/\/www.palletcontroltower.eu\/","name":"Torn f\u00f6r pallkontroll","description":"","publisher":{"@id":"https:\/\/www.palletcontroltower.eu\/#organization"},"potentialAction":[{"@type":"SearchAction","target":{"@type":"EntryPoint","urlTemplate":"https:\/\/www.palletcontroltower.eu\/?s={search_term_string}"},"query-input":{"@type":"PropertyValueSpecification","valueRequired":true,"valueName":"search_term_string"}}],"inLanguage":"sv-SE"},{"@type":"Organization","@id":"https:\/\/www.palletcontroltower.eu\/#organization","name":"Torn f\u00f6r pallkontroll","url":"https:\/\/www.palletcontroltower.eu\/","logo":{"@type":"ImageObject","inLanguage":"sv-SE","@id":"https:\/\/www.palletcontroltower.eu\/#\/schema\/logo\/image\/","url":"https:\/\/www.palletcontroltower.eu\/wp-content\/uploads\/2023\/10\/logo.svg","contentUrl":"https:\/\/www.palletcontroltower.eu\/wp-content\/uploads\/2023\/10\/logo.svg","width":290,"height":87,"caption":"Pallet Control Tower"},"image":{"@id":"https:\/\/www.palletcontroltower.eu\/#\/schema\/logo\/image\/"}}]}},"_links":{"self":[{"href":"https:\/\/www.palletcontroltower.eu\/sv\/wp-json\/wp\/v2\/pages\/755","targetHints":{"allow":["GET"]}}],"collection":[{"href":"https:\/\/www.palletcontroltower.eu\/sv\/wp-json\/wp\/v2\/pages"}],"about":[{"href":"https:\/\/www.palletcontroltower.eu\/sv\/wp-json\/wp\/v2\/types\/page"}],"author":[{"embeddable":true,"href":"https:\/\/www.palletcontroltower.eu\/sv\/wp-json\/wp\/v2\/users\/3"}],"replies":[{"embeddable":true,"href":"https:\/\/www.palletcontroltower.eu\/sv\/wp-json\/wp\/v2\/comments?post=755"}],"version-history":[{"count":31,"href":"https:\/\/www.palletcontroltower.eu\/sv\/wp-json\/wp\/v2\/pages\/755\/revisions"}],"predecessor-version":[{"id":1236,"href":"https:\/\/www.palletcontroltower.eu\/sv\/wp-json\/wp\/v2\/pages\/755\/revisions\/1236"}],"up":[{"embeddable":true,"href":"https:\/\/www.palletcontroltower.eu\/sv\/wp-json\/wp\/v2\/pages\/64"}],"wp:attachment":[{"href":"https:\/\/www.palletcontroltower.eu\/sv\/wp-json\/wp\/v2\/media?parent=755"}],"curies":[{"name":"wp","href":"https:\/\/api.w.org\/{rel}","templated":true}]}}